{"id":26406,"date":"2021-11-17T14:51:27","date_gmt":"2021-11-17T13:51:27","guid":{"rendered":"https:\/\/staging.lucky-hunter.com\/?post_type=product&#038;p=26406"},"modified":"2025-10-02T03:53:18","modified_gmt":"2025-10-02T01:53:18","slug":"lucky-duck-floater-mallard-drake","status":"publish","type":"product","link":"https:\/\/staging.lucky-hunter.com\/hu\/product\/lucky-duck-floater-mallard-drake\/","title":{"rendered":"Lucky Duck Floater &#8211; Mallard Drake"},"content":{"rendered":"<h2><strong>New Spinning Wing Duck Decoy for the passionate duck hunter<\/strong><\/h2>\n<p>Leave the spinner poles at home, the Lucky Duck HD Floater is your spinning wing solution for deep water and high current situations.<\/p>\n<p>Featuring an oversized mallard floater design with a weighted keel and corrugated wings to generate a large flash.<\/p>\n<p>New module slides into the top of the decoy.<\/p>\n<p><strong>It is &#8220;splash proof&#8221; and not waterproof, so be aware that the mechanical module must not come under water.<\/strong><\/p>\n<p>The Lucky HD Floater runs for 12-14 hours on 4 x quality AA batteries.<\/p>\n<p>HD Remote Kit 2.0 ready (sold separately).<\/p>\n<p><strong>Features:<\/strong><\/p>\n<ul>\n<li>Oversized decoy carving that will withstand years of use<\/li>\n<li>Floater design with weighted throat<\/li>\n<li>Includes magnetic corrugated wings<\/li>\n<li>Mechanical unit slides into the top of the decoy<\/li>\n<li>Requires 4 x AA batteries<\/li>\n<li>Will run for 12-14 hours.<\/li>\n<\/ul>\n","protected":false},"excerpt":{"rendered":"<p>Leave the spinner poles at home, the Lucky Duck HD Floater is your spinning wing solution for deep water and high current situations.<\/p>\n","protected":false},"featured_media":56230,"template":"","meta":[],"product_brand":[76],"product_cat":[8024,9732],"product_tag":[9147],"yoast_head":"<!-- This site is optimized with the Yoast SEO plugin v24.3 - https:\/\/yoast.com\/wordpress\/plugins\/seo\/ -->\n<title>Lucky Duck Mallard Drake - Oversized carving and weighted keel<\/title>\n<meta name=\"description\" content=\"Leave the spinner poles at home, the Lucky Duck HD Floater is your spinning wing solution for deep water and high current situations.\" \/>\n<meta name=\"robots\" content=\"noindex, follow, max-snippet:-1, max-image-preview:large, max-video-preview:-1\" \/>\n<meta property=\"og:locale\" content=\"hu_HU\" \/>\n<meta property=\"og:type\" content=\"article\" \/>\n<meta property=\"og:title\" content=\"Lucky Duck Mallard Drake - Oversized carving and weighted keel\" \/>\n<meta property=\"og:description\" content=\"Leave the spinner poles at home, the Lucky Duck HD Floater is your spinning wing solution for deep water and high current situations.\" \/>\n<meta property=\"og:url\" content=\"https:\/\/staging.lucky-hunter.com\/ro\/product\/lucky-duck-floater-mallard-drake\/\" \/>\n<meta property=\"og:site_name\" content=\"Lucky-Hunter\" \/>\n<meta property=\"article:modified_time\" content=\"2025-10-02T01:53:18+00:00\" \/>\n<meta property=\"og:image\" content=\"https:\/\/staging.lucky-hunter.com\/wp-content\/uploads\/2021\/11\/LF-286.png\" \/>\n\t<meta property=\"og:image:width\" content=\"1000\" \/>\n\t<meta property=\"og:image:height\" content=\"1000\" \/>\n\t<meta property=\"og:image:type\" content=\"image\/png\" \/>\n<meta name=\"twitter:card\" content=\"summary_large_image\" \/>\n<meta name=\"twitter:label1\" content=\"Becs\u00fclt olvas\u00e1si id\u0151\" \/>\n\t<meta name=\"twitter:data1\" content=\"1 perc\" \/>\n<script type=\"application\/ld+json\" class=\"yoast-schema-graph\">{\"@context\":\"https:\/\/schema.org\",\"@graph\":[{\"@type\":\"WebPage\",\"@id\":\"https:\/\/staging.lucky-hunter.com\/ro\/product\/lucky-duck-floater-mallard-drake\/\",\"url\":\"https:\/\/staging.lucky-hunter.com\/ro\/product\/lucky-duck-floater-mallard-drake\/\",\"name\":\"Lucky Duck Mallard Drake - Oversized carving and weighted keel\",\"isPartOf\":{\"@id\":\"https:\/\/staging.lucky-hunter.com\/#website\"},\"primaryImageOfPage\":{\"@id\":\"https:\/\/staging.lucky-hunter.com\/ro\/product\/lucky-duck-floater-mallard-drake\/#primaryimage\"},\"image\":{\"@id\":\"https:\/\/staging.lucky-hunter.com\/ro\/product\/lucky-duck-floater-mallard-drake\/#primaryimage\"},\"thumbnailUrl\":\"https:\/\/staging.lucky-hunter.com\/wp-content\/uploads\/2021\/11\/LF-286.png\",\"datePublished\":\"2021-11-17T13:51:27+00:00\",\"dateModified\":\"2025-10-02T01:53:18+00:00\",\"description\":\"Leave the spinner poles at home, the Lucky Duck HD Floater is your spinning wing solution for deep water and high current situations.\",\"breadcrumb\":{\"@id\":\"https:\/\/staging.lucky-hunter.com\/ro\/product\/lucky-duck-floater-mallard-drake\/#breadcrumb\"},\"inLanguage\":\"hu\",\"potentialAction\":[{\"@type\":\"ReadAction\",\"target\":[\"https:\/\/staging.lucky-hunter.com\/ro\/product\/lucky-duck-floater-mallard-drake\/\"]}]},{\"@type\":\"ImageObject\",\"inLanguage\":\"hu\",\"@id\":\"https:\/\/staging.lucky-hunter.com\/ro\/product\/lucky-duck-floater-mallard-drake\/#primaryimage\",\"url\":\"https:\/\/staging.lucky-hunter.com\/wp-content\/uploads\/2021\/11\/LF-286.png\",\"contentUrl\":\"https:\/\/staging.lucky-hunter.com\/wp-content\/uploads\/2021\/11\/LF-286.png\",\"width\":1000,\"height\":1000,\"caption\":\"Lucky Duck Floater\"},{\"@type\":\"BreadcrumbList\",\"@id\":\"https:\/\/staging.lucky-hunter.com\/ro\/product\/lucky-duck-floater-mallard-drake\/#breadcrumb\",\"itemListElement\":[{\"@type\":\"ListItem\",\"position\":1,\"name\":\"Home\",\"item\":\"https:\/\/staging.lucky-hunter.com\/hu\/\"},{\"@type\":\"ListItem\",\"position\":2,\"name\":\"Shop\",\"item\":\"https:\/\/staging.lucky-hunter.com\/hu\/shop\/\"},{\"@type\":\"ListItem\",\"position\":3,\"name\":\"Lucky Duck Floater &#8211; Mallard Drake\"}]},{\"@type\":\"WebSite\",\"@id\":\"https:\/\/staging.lucky-hunter.com\/#website\",\"url\":\"https:\/\/staging.lucky-hunter.com\/\",\"name\":\"Lucky-Hunter\",\"description\":\"Gear Up or Give Up\",\"potentialAction\":[{\"@type\":\"SearchAction\",\"target\":{\"@type\":\"EntryPoint\",\"urlTemplate\":\"https:\/\/staging.lucky-hunter.com\/?s={search_term_string}\"},\"query-input\":{\"@type\":\"PropertyValueSpecification\",\"valueRequired\":true,\"valueName\":\"search_term_string\"}}],\"inLanguage\":\"hu\"}]}<\/script>\n<!-- \/ Yoast SEO plugin. -->","yoast_head_json":{"title":"Lucky Duck Mallard Drake - Oversized carving and weighted keel","description":"Leave the spinner poles at home, the Lucky Duck HD Floater is your spinning wing solution for deep water and high current situations.","robots":{"index":"noindex","follow":"follow","max-snippet":"max-snippet:-1","max-image-preview":"max-image-preview:large","max-video-preview":"max-video-preview:-1"},"og_locale":"hu_HU","og_type":"article","og_title":"Lucky Duck Mallard Drake - Oversized carving and weighted keel","og_description":"Leave the spinner poles at home, the Lucky Duck HD Floater is your spinning wing solution for deep water and high current situations.","og_url":"https:\/\/staging.lucky-hunter.com\/ro\/product\/lucky-duck-floater-mallard-drake\/","og_site_name":"Lucky-Hunter","article_modified_time":"2025-10-02T01:53:18+00:00","og_image":[{"width":1000,"height":1000,"url":"https:\/\/staging.lucky-hunter.com\/wp-content\/uploads\/2021\/11\/LF-286.png","type":"image\/png"}],"twitter_card":"summary_large_image","twitter_misc":{"Becs\u00fclt olvas\u00e1si id\u0151":"1 perc"},"schema":{"@context":"https:\/\/schema.org","@graph":[{"@type":"WebPage","@id":"https:\/\/staging.lucky-hunter.com\/ro\/product\/lucky-duck-floater-mallard-drake\/","url":"https:\/\/staging.lucky-hunter.com\/ro\/product\/lucky-duck-floater-mallard-drake\/","name":"Lucky Duck Mallard Drake - Oversized carving and weighted keel","isPartOf":{"@id":"https:\/\/staging.lucky-hunter.com\/#website"},"primaryImageOfPage":{"@id":"https:\/\/staging.lucky-hunter.com\/ro\/product\/lucky-duck-floater-mallard-drake\/#primaryimage"},"image":{"@id":"https:\/\/staging.lucky-hunter.com\/ro\/product\/lucky-duck-floater-mallard-drake\/#primaryimage"},"thumbnailUrl":"https:\/\/staging.lucky-hunter.com\/wp-content\/uploads\/2021\/11\/LF-286.png","datePublished":"2021-11-17T13:51:27+00:00","dateModified":"2025-10-02T01:53:18+00:00","description":"Leave the spinner poles at home, the Lucky Duck HD Floater is your spinning wing solution for deep water and high current situations.","breadcrumb":{"@id":"https:\/\/staging.lucky-hunter.com\/ro\/product\/lucky-duck-floater-mallard-drake\/#breadcrumb"},"inLanguage":"hu","potentialAction":[{"@type":"ReadAction","target":["https:\/\/staging.lucky-hunter.com\/ro\/product\/lucky-duck-floater-mallard-drake\/"]}]},{"@type":"ImageObject","inLanguage":"hu","@id":"https:\/\/staging.lucky-hunter.com\/ro\/product\/lucky-duck-floater-mallard-drake\/#primaryimage","url":"https:\/\/staging.lucky-hunter.com\/wp-content\/uploads\/2021\/11\/LF-286.png","contentUrl":"https:\/\/staging.lucky-hunter.com\/wp-content\/uploads\/2021\/11\/LF-286.png","width":1000,"height":1000,"caption":"Lucky Duck Floater"},{"@type":"BreadcrumbList","@id":"https:\/\/staging.lucky-hunter.com\/ro\/product\/lucky-duck-floater-mallard-drake\/#breadcrumb","itemListElement":[{"@type":"ListItem","position":1,"name":"Home","item":"https:\/\/staging.lucky-hunter.com\/hu\/"},{"@type":"ListItem","position":2,"name":"Shop","item":"https:\/\/staging.lucky-hunter.com\/hu\/shop\/"},{"@type":"ListItem","position":3,"name":"Lucky Duck Floater &#8211; Mallard Drake"}]},{"@type":"WebSite","@id":"https:\/\/staging.lucky-hunter.com\/#website","url":"https:\/\/staging.lucky-hunter.com\/","name":"Lucky-Hunter","description":"Gear Up or Give Up","potentialAction":[{"@type":"SearchAction","target":{"@type":"EntryPoint","urlTemplate":"https:\/\/staging.lucky-hunter.com\/?s={search_term_string}"},"query-input":{"@type":"PropertyValueSpecification","valueRequired":true,"valueName":"search_term_string"}}],"inLanguage":"hu"}]}},"_links":{"self":[{"href":"https:\/\/staging.lucky-hunter.com\/hu\/wp-json\/wp\/v2\/product\/26406"}],"collection":[{"href":"https:\/\/staging.lucky-hunter.com\/hu\/wp-json\/wp\/v2\/product"}],"about":[{"href":"https:\/\/staging.lucky-hunter.com\/hu\/wp-json\/wp\/v2\/types\/product"}],"wp:featuredmedia":[{"embeddable":true,"href":"https:\/\/staging.lucky-hunter.com\/hu\/wp-json\/wp\/v2\/media\/56230"}],"wp:attachment":[{"href":"https:\/\/staging.lucky-hunter.com\/hu\/wp-json\/wp\/v2\/media?parent=26406"}],"wp:term":[{"taxonomy":"product_brand","embeddable":true,"href":"https:\/\/staging.lucky-hunter.com\/hu\/wp-json\/wp\/v2\/product_brand?post=26406"},{"taxonomy":"product_cat","embeddable":true,"href":"https:\/\/staging.lucky-hunter.com\/hu\/wp-json\/wp\/v2\/product_cat?post=26406"},{"taxonomy":"product_tag","embeddable":true,"href":"https:\/\/staging.lucky-hunter.com\/hu\/wp-json\/wp\/v2\/product_tag?post=26406"}],"curies":[{"name":"wp","href":"https:\/\/api.w.org\/{rel}","templated":true}]}}