{"id":25945,"date":"2021-10-04T11:55:58","date_gmt":"2021-10-04T09:55:58","guid":{"rendered":"https:\/\/staging.lucky-hunter.com\/?post_type=product&#038;p=25945"},"modified":"2025-10-02T04:02:44","modified_gmt":"2025-10-02T02:02:44","slug":"big-als-silhouette-wood-pigeons-x12","status":"publish","type":"product","link":"https:\/\/staging.lucky-hunter.com\/hu\/product\/big-als-silhouette-wood-pigeons-x12\/","title":{"rendered":"Big Al&#8217;s Silhouette Wood Pigeons &#8211; x12 in a Pack"},"content":{"rendered":"<h2><strong>Big Al&#8217;s Silhouette Wood Pigeons<\/strong><\/h2>\n<p>Big Al&#8217;s Decoys USA are one of the industry&#8217;s leading producers of decoys for duck and goose hunting.<\/p>\n<p>The big advantage with silhouette decoys is the same as with Sillosocks &#8211; you can recreate a large spread of feeding and resting birds without carrying a lot of bags loaded with full body decoys.<\/p>\n<p>Place the Big Al&#8217;s silhouettes in a varied setup along with full body decoys, shells and Sillosocks. This is a very effective way to blur your blind, as the pigeons will be focused on the number of pigeons that have landed to eat.<\/p>\n<p>Make sure to vary the angle of the silhouettes so that the pigeons see them from all directions.<\/p>\n<p><strong>In the package:<\/strong><\/p>\n<ul>\n<li>x6 Upright<\/li>\n<li>x6 Feeders<\/li>\n<li>x12 mounting sticks.<\/li>\n<\/ul>\n<p>Made of heavy duty material, the silhouettes still may crease or bend if not handled properly. We suggest that you transport and store them in a carrying bag.<\/p>\n<p><strong>About the manufacturer: <\/strong><\/p>\n<p>Big Al grew up in Ohio in a family of dedicated waterfowlers. Since the early 1970&#8217;s he has hunted and studied the beautiful birds and gradually the development of lifelike decoys became his great passion. Since then, with the company name Big Al&#8217;s Decoys, he has become a big name in decoys in the United States, where his silhouette decoys are known for their very high quality in materials, details, colours and prints.<\/p>\n<p>Big Al is still the main figure in the design and printing process.<\/p>\n","protected":false},"excerpt":{"rendered":"<p>With Big Al\u00b4s silhouette decoys, you can recreate a large number of pigeons resting and eating on the field.<\/p>\n","protected":false},"featured_media":26866,"template":"","meta":[],"product_brand":[9567],"product_cat":[8744],"product_tag":[9462],"yoast_head":"<!-- This site is optimized with the Yoast SEO plugin v24.3 - https:\/\/yoast.com\/wordpress\/plugins\/seo\/ -->\n<title>Big Al&#039;s Silhouette Wood Pigeons - | Lucky Hunter<\/title>\n<meta name=\"description\" content=\"With Big Al\u00b4s silhouette decoys, you can recreate a large number of pigeons resting and eating on the field. Super easy transportation.\" \/>\n<meta name=\"robots\" content=\"noindex, follow, max-snippet:-1, max-image-preview:large, max-video-preview:-1\" \/>\n<meta property=\"og:locale\" content=\"hu_HU\" \/>\n<meta property=\"og:type\" content=\"article\" \/>\n<meta property=\"og:title\" content=\"Big Al&#039;s Silhouette Mallards - BIG News for 2019 Wildfowl Season | Lucky Hunter\" \/>\n<meta property=\"og:description\" content=\"Big Al&#039;s Silhouette Mallards are coming for the 2019 wildfowl season! Big Al&#039;s Silhouette decoys are ideal for all wildfowl situations.\" \/>\n<meta property=\"og:url\" content=\"https:\/\/staging.lucky-hunter.com\/product\/big-als-silhouette-wood-pigeons-x12\/\" \/>\n<meta property=\"og:site_name\" content=\"Lucky-Hunter\" \/>\n<meta property=\"article:modified_time\" content=\"2025-10-02T02:02:44+00:00\" \/>\n<meta property=\"og:image\" content=\"https:\/\/staging.lucky-hunter.com\/wp-content\/uploads\/2021\/10\/LF-690.png\" \/>\n\t<meta property=\"og:image:width\" content=\"1000\" \/>\n\t<meta property=\"og:image:height\" content=\"1000\" \/>\n\t<meta property=\"og:image:type\" content=\"image\/png\" \/>\n<meta name=\"twitter:card\" content=\"summary_large_image\" \/>\n<meta name=\"twitter:title\" content=\"Big Al&#039;s Silhouette Mallards - BIG News for 2019 Wildfowl Season | Lucky Hunter\" \/>\n<meta name=\"twitter:description\" content=\"Big Al&#039;s Silhouette Mallards are coming for the 2019 wildfowl season! Big Al&#039;s Silhouette decoys are ideal for all wildfowl situations.\" \/>\n<meta name=\"twitter:label1\" content=\"Becs\u00fclt olvas\u00e1si id\u0151\" \/>\n\t<meta name=\"twitter:data1\" content=\"2 perc\" \/>\n<script type=\"application\/ld+json\" class=\"yoast-schema-graph\">{\"@context\":\"https:\/\/schema.org\",\"@graph\":[{\"@type\":\"WebPage\",\"@id\":\"https:\/\/staging.lucky-hunter.com\/product\/big-als-silhouette-wood-pigeons-x12\/\",\"url\":\"https:\/\/staging.lucky-hunter.com\/product\/big-als-silhouette-wood-pigeons-x12\/\",\"name\":\"Big Al's Silhouette Wood Pigeons - | Lucky Hunter\",\"isPartOf\":{\"@id\":\"https:\/\/staging.lucky-hunter.com\/#website\"},\"primaryImageOfPage\":{\"@id\":\"https:\/\/staging.lucky-hunter.com\/product\/big-als-silhouette-wood-pigeons-x12\/#primaryimage\"},\"image\":{\"@id\":\"https:\/\/staging.lucky-hunter.com\/product\/big-als-silhouette-wood-pigeons-x12\/#primaryimage\"},\"thumbnailUrl\":\"https:\/\/staging.lucky-hunter.com\/wp-content\/uploads\/2021\/10\/LF-690.png\",\"datePublished\":\"2021-10-04T09:55:58+00:00\",\"dateModified\":\"2025-10-02T02:02:44+00:00\",\"description\":\"With Big Al\u00b4s silhouette decoys, you can recreate a large number of pigeons resting and eating on the field. Super easy transportation.\",\"breadcrumb\":{\"@id\":\"https:\/\/staging.lucky-hunter.com\/product\/big-als-silhouette-wood-pigeons-x12\/#breadcrumb\"},\"inLanguage\":\"hu\",\"potentialAction\":[{\"@type\":\"ReadAction\",\"target\":[\"https:\/\/staging.lucky-hunter.com\/product\/big-als-silhouette-wood-pigeons-x12\/\"]}]},{\"@type\":\"ImageObject\",\"inLanguage\":\"hu\",\"@id\":\"https:\/\/staging.lucky-hunter.com\/product\/big-als-silhouette-wood-pigeons-x12\/#primaryimage\",\"url\":\"https:\/\/staging.lucky-hunter.com\/wp-content\/uploads\/2021\/10\/LF-690.png\",\"contentUrl\":\"https:\/\/staging.lucky-hunter.com\/wp-content\/uploads\/2021\/10\/LF-690.png\",\"width\":1000,\"height\":1000},{\"@type\":\"BreadcrumbList\",\"@id\":\"https:\/\/staging.lucky-hunter.com\/product\/big-als-silhouette-wood-pigeons-x12\/#breadcrumb\",\"itemListElement\":[{\"@type\":\"ListItem\",\"position\":1,\"name\":\"Home\",\"item\":\"https:\/\/staging.lucky-hunter.com\/hu\/\"},{\"@type\":\"ListItem\",\"position\":2,\"name\":\"Shop\",\"item\":\"https:\/\/staging.lucky-hunter.com\/hu\/shop\/\"},{\"@type\":\"ListItem\",\"position\":3,\"name\":\"Big Al&#8217;s Silhouette Wood Pigeons &#8211; x12 in a Pack\"}]},{\"@type\":\"WebSite\",\"@id\":\"https:\/\/staging.lucky-hunter.com\/#website\",\"url\":\"https:\/\/staging.lucky-hunter.com\/\",\"name\":\"Lucky-Hunter\",\"description\":\"Gear Up or Give Up\",\"potentialAction\":[{\"@type\":\"SearchAction\",\"target\":{\"@type\":\"EntryPoint\",\"urlTemplate\":\"https:\/\/staging.lucky-hunter.com\/?s={search_term_string}\"},\"query-input\":{\"@type\":\"PropertyValueSpecification\",\"valueRequired\":true,\"valueName\":\"search_term_string\"}}],\"inLanguage\":\"hu\"}]}<\/script>\n<!-- \/ Yoast SEO plugin. -->","yoast_head_json":{"title":"Big Al's Silhouette Wood Pigeons - | Lucky Hunter","description":"With Big Al\u00b4s silhouette decoys, you can recreate a large number of pigeons resting and eating on the field. Super easy transportation.","robots":{"index":"noindex","follow":"follow","max-snippet":"max-snippet:-1","max-image-preview":"max-image-preview:large","max-video-preview":"max-video-preview:-1"},"og_locale":"hu_HU","og_type":"article","og_title":"Big Al's Silhouette Mallards - BIG News for 2019 Wildfowl Season | Lucky Hunter","og_description":"Big Al's Silhouette Mallards are coming for the 2019 wildfowl season! Big Al's Silhouette decoys are ideal for all wildfowl situations.","og_url":"https:\/\/staging.lucky-hunter.com\/product\/big-als-silhouette-wood-pigeons-x12\/","og_site_name":"Lucky-Hunter","article_modified_time":"2025-10-02T02:02:44+00:00","og_image":[{"width":1000,"height":1000,"url":"https:\/\/staging.lucky-hunter.com\/wp-content\/uploads\/2021\/10\/LF-690.png","type":"image\/png"}],"twitter_card":"summary_large_image","twitter_title":"Big Al's Silhouette Mallards - BIG News for 2019 Wildfowl Season | Lucky Hunter","twitter_description":"Big Al's Silhouette Mallards are coming for the 2019 wildfowl season! Big Al's Silhouette decoys are ideal for all wildfowl situations.","twitter_misc":{"Becs\u00fclt olvas\u00e1si id\u0151":"2 perc"},"schema":{"@context":"https:\/\/schema.org","@graph":[{"@type":"WebPage","@id":"https:\/\/staging.lucky-hunter.com\/product\/big-als-silhouette-wood-pigeons-x12\/","url":"https:\/\/staging.lucky-hunter.com\/product\/big-als-silhouette-wood-pigeons-x12\/","name":"Big Al's Silhouette Wood Pigeons - | Lucky Hunter","isPartOf":{"@id":"https:\/\/staging.lucky-hunter.com\/#website"},"primaryImageOfPage":{"@id":"https:\/\/staging.lucky-hunter.com\/product\/big-als-silhouette-wood-pigeons-x12\/#primaryimage"},"image":{"@id":"https:\/\/staging.lucky-hunter.com\/product\/big-als-silhouette-wood-pigeons-x12\/#primaryimage"},"thumbnailUrl":"https:\/\/staging.lucky-hunter.com\/wp-content\/uploads\/2021\/10\/LF-690.png","datePublished":"2021-10-04T09:55:58+00:00","dateModified":"2025-10-02T02:02:44+00:00","description":"With Big Al\u00b4s silhouette decoys, you can recreate a large number of pigeons resting and eating on the field. Super easy transportation.","breadcrumb":{"@id":"https:\/\/staging.lucky-hunter.com\/product\/big-als-silhouette-wood-pigeons-x12\/#breadcrumb"},"inLanguage":"hu","potentialAction":[{"@type":"ReadAction","target":["https:\/\/staging.lucky-hunter.com\/product\/big-als-silhouette-wood-pigeons-x12\/"]}]},{"@type":"ImageObject","inLanguage":"hu","@id":"https:\/\/staging.lucky-hunter.com\/product\/big-als-silhouette-wood-pigeons-x12\/#primaryimage","url":"https:\/\/staging.lucky-hunter.com\/wp-content\/uploads\/2021\/10\/LF-690.png","contentUrl":"https:\/\/staging.lucky-hunter.com\/wp-content\/uploads\/2021\/10\/LF-690.png","width":1000,"height":1000},{"@type":"BreadcrumbList","@id":"https:\/\/staging.lucky-hunter.com\/product\/big-als-silhouette-wood-pigeons-x12\/#breadcrumb","itemListElement":[{"@type":"ListItem","position":1,"name":"Home","item":"https:\/\/staging.lucky-hunter.com\/hu\/"},{"@type":"ListItem","position":2,"name":"Shop","item":"https:\/\/staging.lucky-hunter.com\/hu\/shop\/"},{"@type":"ListItem","position":3,"name":"Big Al&#8217;s Silhouette Wood Pigeons &#8211; x12 in a Pack"}]},{"@type":"WebSite","@id":"https:\/\/staging.lucky-hunter.com\/#website","url":"https:\/\/staging.lucky-hunter.com\/","name":"Lucky-Hunter","description":"Gear Up or Give Up","potentialAction":[{"@type":"SearchAction","target":{"@type":"EntryPoint","urlTemplate":"https:\/\/staging.lucky-hunter.com\/?s={search_term_string}"},"query-input":{"@type":"PropertyValueSpecification","valueRequired":true,"valueName":"search_term_string"}}],"inLanguage":"hu"}]}},"_links":{"self":[{"href":"https:\/\/staging.lucky-hunter.com\/hu\/wp-json\/wp\/v2\/product\/25945"}],"collection":[{"href":"https:\/\/staging.lucky-hunter.com\/hu\/wp-json\/wp\/v2\/product"}],"about":[{"href":"https:\/\/staging.lucky-hunter.com\/hu\/wp-json\/wp\/v2\/types\/product"}],"wp:featuredmedia":[{"embeddable":true,"href":"https:\/\/staging.lucky-hunter.com\/hu\/wp-json\/wp\/v2\/media\/26866"}],"wp:attachment":[{"href":"https:\/\/staging.lucky-hunter.com\/hu\/wp-json\/wp\/v2\/media?parent=25945"}],"wp:term":[{"taxonomy":"product_brand","embeddable":true,"href":"https:\/\/staging.lucky-hunter.com\/hu\/wp-json\/wp\/v2\/product_brand?post=25945"},{"taxonomy":"product_cat","embeddable":true,"href":"https:\/\/staging.lucky-hunter.com\/hu\/wp-json\/wp\/v2\/product_cat?post=25945"},{"taxonomy":"product_tag","embeddable":true,"href":"https:\/\/staging.lucky-hunter.com\/hu\/wp-json\/wp\/v2\/product_tag?post=25945"}],"curies":[{"name":"wp","href":"https:\/\/api.w.org\/{rel}","templated":true}]}}