{"id":25510,"date":"2021-08-11T10:45:36","date_gmt":"2021-08-11T08:45:36","guid":{"rendered":"https:\/\/staging.lucky-hunter.com\/?post_type=product&#038;p=25510"},"modified":"2025-10-02T04:13:13","modified_gmt":"2025-10-02T02:13:13","slug":"carbon-speck","status":"publish","type":"product","link":"https:\/\/staging.lucky-hunter.com\/hu\/product\/carbon-speck\/","title":{"rendered":"Haydel\u00b4s Carbon Speck | Specklebelly Call | CS-10"},"content":{"rendered":"<p><iframe title=\"Haydel&#039;s Game Calls Carbon Specklebelly Call for whitefront geese CS-10\" width=\"1020\" height=\"574\" src=\"https:\/\/www.youtube.com\/embed\/Ns1-RMjFBAA?wmode=transparent&amp;rel=0&amp;feature=oembed&#038;enablejsapi=1&#038;origin=https:\/\/staging.lucky-hunter.com\" frameborder=\"0\" allow=\"accelerometer; autoplay; clipboard-write; encrypted-media; gyroscope; picture-in-picture\" allowfullscreen><\/iframe><\/p>\n<h2><strong>Specklebelly Goose Call from Haydel\u00b4s Game Calls<\/strong><\/h2>\n<p>Haydel\u00b4s Carbon Speck Goose Call is special tuned on &#8220;the high side&#8221; for notes that really pop ! With this call you can increase the tones in range on your 2 note yodels. Clucks easily for close in work and includes double o-rings.<\/p>\n<p>This call requires Back Pressure technique to get that perfect sound.<\/p>\n<p><strong>Calling instruction:<\/strong><\/p>\n<ul>\n<li>Place the call between the thumb and index finger forming a loose fist.<\/li>\n<li>Blow 2 notes rapidly into the call so that you get a yodel effect.<\/li>\n<li>Do not move your hands while blowing into the call.<\/li>\n<li>If you can not make it break into a yodel, relax your hand some and try again.<\/li>\n<li>Continue to do so until you get a break over into the yodel.<\/li>\n<li>No matter what the specks are saying try to call them in all the way with the 2 notes.<\/li>\n<\/ul>\n<p><strong>Features:<\/strong><\/p>\n<ul>\n<li>Reproduces the sound of a Specklebelly Goose<\/li>\n<li>Can be used in wet condition<\/li>\n<li>Color: Black Carbon<\/li>\n<li>Model CS-10<\/li>\n<li>Weight about 45 grams.<\/li>\n<\/ul>\n","protected":false},"excerpt":{"rendered":"<p>Haydel\u00b4s Wide Bore Speck call is a unique hybrid design combining an acrylic big bore tone with a narrow air channel that creates a lot of volume.<\/p>\n","protected":false},"featured_media":25516,"template":"","meta":[],"product_brand":[8018],"product_cat":[89],"product_tag":[9147],"yoast_head":"<!-- This site is optimized with the Yoast SEO plugin v24.3 - https:\/\/yoast.com\/wordpress\/plugins\/seo\/ -->\n<title>Haydel\u00b4s Carbon Speck Call | CS-10 | Now on Lucky-Hunter.com<\/title>\n<meta name=\"description\" content=\"Haydel\u00b4s Carbon Speck Goose Call is special tuned on &quot;the high side&quot; for notes that really pop!\" \/>\n<meta name=\"robots\" content=\"noindex, follow, max-snippet:-1, max-image-preview:large, max-video-preview:-1\" \/>\n<meta property=\"og:locale\" content=\"hu_HU\" \/>\n<meta property=\"og:type\" content=\"article\" \/>\n<meta property=\"og:title\" content=\"Haydel\u00b4s Carbon Speck Call | CS-10 | Now on Lucky-Hunter.com\" \/>\n<meta property=\"og:description\" content=\"Haydel\u00b4s Carbon Speck Goose Call is special tuned on &quot;the high side&quot; for notes that really pop!\" \/>\n<meta property=\"og:url\" content=\"https:\/\/staging.lucky-hunter.com\/product\/carbon-speck\/\" \/>\n<meta property=\"og:site_name\" content=\"Lucky-Hunter\" \/>\n<meta property=\"article:modified_time\" content=\"2025-10-02T02:13:13+00:00\" \/>\n<meta property=\"og:image\" content=\"https:\/\/staging.lucky-hunter.com\/wp-content\/uploads\/2021\/08\/cs-10.png\" \/>\n\t<meta property=\"og:image:width\" content=\"1000\" \/>\n\t<meta property=\"og:image:height\" content=\"1000\" \/>\n\t<meta property=\"og:image:type\" content=\"image\/png\" \/>\n<meta name=\"twitter:card\" content=\"summary_large_image\" \/>\n<meta name=\"twitter:label1\" content=\"Becs\u00fclt olvas\u00e1si id\u0151\" \/>\n\t<meta name=\"twitter:data1\" content=\"1 perc\" \/>\n<script type=\"application\/ld+json\" class=\"yoast-schema-graph\">{\"@context\":\"https:\/\/schema.org\",\"@graph\":[{\"@type\":\"WebPage\",\"@id\":\"https:\/\/staging.lucky-hunter.com\/product\/carbon-speck\/\",\"url\":\"https:\/\/staging.lucky-hunter.com\/product\/carbon-speck\/\",\"name\":\"Haydel\u00b4s Carbon Speck Call | CS-10 | Now on Lucky-Hunter.com\",\"isPartOf\":{\"@id\":\"https:\/\/staging.lucky-hunter.com\/#website\"},\"primaryImageOfPage\":{\"@id\":\"https:\/\/staging.lucky-hunter.com\/product\/carbon-speck\/#primaryimage\"},\"image\":{\"@id\":\"https:\/\/staging.lucky-hunter.com\/product\/carbon-speck\/#primaryimage\"},\"thumbnailUrl\":\"https:\/\/staging.lucky-hunter.com\/wp-content\/uploads\/2021\/08\/cs-10.png\",\"datePublished\":\"2021-08-11T08:45:36+00:00\",\"dateModified\":\"2025-10-02T02:13:13+00:00\",\"description\":\"Haydel\u00b4s Carbon Speck Goose Call is special tuned on \\\"the high side\\\" for notes that really pop!\",\"breadcrumb\":{\"@id\":\"https:\/\/staging.lucky-hunter.com\/product\/carbon-speck\/#breadcrumb\"},\"inLanguage\":\"hu\",\"potentialAction\":[{\"@type\":\"ReadAction\",\"target\":[\"https:\/\/staging.lucky-hunter.com\/product\/carbon-speck\/\"]}]},{\"@type\":\"ImageObject\",\"inLanguage\":\"hu\",\"@id\":\"https:\/\/staging.lucky-hunter.com\/product\/carbon-speck\/#primaryimage\",\"url\":\"https:\/\/staging.lucky-hunter.com\/wp-content\/uploads\/2021\/08\/cs-10.png\",\"contentUrl\":\"https:\/\/staging.lucky-hunter.com\/wp-content\/uploads\/2021\/08\/cs-10.png\",\"width\":1000,\"height\":1000},{\"@type\":\"BreadcrumbList\",\"@id\":\"https:\/\/staging.lucky-hunter.com\/product\/carbon-speck\/#breadcrumb\",\"itemListElement\":[{\"@type\":\"ListItem\",\"position\":1,\"name\":\"Home\",\"item\":\"https:\/\/staging.lucky-hunter.com\/hu\/\"},{\"@type\":\"ListItem\",\"position\":2,\"name\":\"Shop\",\"item\":\"https:\/\/staging.lucky-hunter.com\/hu\/shop\/\"},{\"@type\":\"ListItem\",\"position\":3,\"name\":\"Haydel\u00b4s Carbon Speck | Specklebelly Call | CS-10\"}]},{\"@type\":\"WebSite\",\"@id\":\"https:\/\/staging.lucky-hunter.com\/#website\",\"url\":\"https:\/\/staging.lucky-hunter.com\/\",\"name\":\"Lucky-Hunter\",\"description\":\"Gear Up or Give Up\",\"potentialAction\":[{\"@type\":\"SearchAction\",\"target\":{\"@type\":\"EntryPoint\",\"urlTemplate\":\"https:\/\/staging.lucky-hunter.com\/?s={search_term_string}\"},\"query-input\":{\"@type\":\"PropertyValueSpecification\",\"valueRequired\":true,\"valueName\":\"search_term_string\"}}],\"inLanguage\":\"hu\"}]}<\/script>\n<!-- \/ Yoast SEO plugin. -->","yoast_head_json":{"title":"Haydel\u00b4s Carbon Speck Call | CS-10 | Now on Lucky-Hunter.com","description":"Haydel\u00b4s Carbon Speck Goose Call is special tuned on \"the high side\" for notes that really pop!","robots":{"index":"noindex","follow":"follow","max-snippet":"max-snippet:-1","max-image-preview":"max-image-preview:large","max-video-preview":"max-video-preview:-1"},"og_locale":"hu_HU","og_type":"article","og_title":"Haydel\u00b4s Carbon Speck Call | CS-10 | Now on Lucky-Hunter.com","og_description":"Haydel\u00b4s Carbon Speck Goose Call is special tuned on \"the high side\" for notes that really pop!","og_url":"https:\/\/staging.lucky-hunter.com\/product\/carbon-speck\/","og_site_name":"Lucky-Hunter","article_modified_time":"2025-10-02T02:13:13+00:00","og_image":[{"width":1000,"height":1000,"url":"https:\/\/staging.lucky-hunter.com\/wp-content\/uploads\/2021\/08\/cs-10.png","type":"image\/png"}],"twitter_card":"summary_large_image","twitter_misc":{"Becs\u00fclt olvas\u00e1si id\u0151":"1 perc"},"schema":{"@context":"https:\/\/schema.org","@graph":[{"@type":"WebPage","@id":"https:\/\/staging.lucky-hunter.com\/product\/carbon-speck\/","url":"https:\/\/staging.lucky-hunter.com\/product\/carbon-speck\/","name":"Haydel\u00b4s Carbon Speck Call | CS-10 | Now on Lucky-Hunter.com","isPartOf":{"@id":"https:\/\/staging.lucky-hunter.com\/#website"},"primaryImageOfPage":{"@id":"https:\/\/staging.lucky-hunter.com\/product\/carbon-speck\/#primaryimage"},"image":{"@id":"https:\/\/staging.lucky-hunter.com\/product\/carbon-speck\/#primaryimage"},"thumbnailUrl":"https:\/\/staging.lucky-hunter.com\/wp-content\/uploads\/2021\/08\/cs-10.png","datePublished":"2021-08-11T08:45:36+00:00","dateModified":"2025-10-02T02:13:13+00:00","description":"Haydel\u00b4s Carbon Speck Goose Call is special tuned on \"the high side\" for notes that really pop!","breadcrumb":{"@id":"https:\/\/staging.lucky-hunter.com\/product\/carbon-speck\/#breadcrumb"},"inLanguage":"hu","potentialAction":[{"@type":"ReadAction","target":["https:\/\/staging.lucky-hunter.com\/product\/carbon-speck\/"]}]},{"@type":"ImageObject","inLanguage":"hu","@id":"https:\/\/staging.lucky-hunter.com\/product\/carbon-speck\/#primaryimage","url":"https:\/\/staging.lucky-hunter.com\/wp-content\/uploads\/2021\/08\/cs-10.png","contentUrl":"https:\/\/staging.lucky-hunter.com\/wp-content\/uploads\/2021\/08\/cs-10.png","width":1000,"height":1000},{"@type":"BreadcrumbList","@id":"https:\/\/staging.lucky-hunter.com\/product\/carbon-speck\/#breadcrumb","itemListElement":[{"@type":"ListItem","position":1,"name":"Home","item":"https:\/\/staging.lucky-hunter.com\/hu\/"},{"@type":"ListItem","position":2,"name":"Shop","item":"https:\/\/staging.lucky-hunter.com\/hu\/shop\/"},{"@type":"ListItem","position":3,"name":"Haydel\u00b4s Carbon Speck | Specklebelly Call | CS-10"}]},{"@type":"WebSite","@id":"https:\/\/staging.lucky-hunter.com\/#website","url":"https:\/\/staging.lucky-hunter.com\/","name":"Lucky-Hunter","description":"Gear Up or Give Up","potentialAction":[{"@type":"SearchAction","target":{"@type":"EntryPoint","urlTemplate":"https:\/\/staging.lucky-hunter.com\/?s={search_term_string}"},"query-input":{"@type":"PropertyValueSpecification","valueRequired":true,"valueName":"search_term_string"}}],"inLanguage":"hu"}]}},"_links":{"self":[{"href":"https:\/\/staging.lucky-hunter.com\/hu\/wp-json\/wp\/v2\/product\/25510"}],"collection":[{"href":"https:\/\/staging.lucky-hunter.com\/hu\/wp-json\/wp\/v2\/product"}],"about":[{"href":"https:\/\/staging.lucky-hunter.com\/hu\/wp-json\/wp\/v2\/types\/product"}],"wp:featuredmedia":[{"embeddable":true,"href":"https:\/\/staging.lucky-hunter.com\/hu\/wp-json\/wp\/v2\/media\/25516"}],"wp:attachment":[{"href":"https:\/\/staging.lucky-hunter.com\/hu\/wp-json\/wp\/v2\/media?parent=25510"}],"wp:term":[{"taxonomy":"product_brand","embeddable":true,"href":"https:\/\/staging.lucky-hunter.com\/hu\/wp-json\/wp\/v2\/product_brand?post=25510"},{"taxonomy":"product_cat","embeddable":true,"href":"https:\/\/staging.lucky-hunter.com\/hu\/wp-json\/wp\/v2\/product_cat?post=25510"},{"taxonomy":"product_tag","embeddable":true,"href":"https:\/\/staging.lucky-hunter.com\/hu\/wp-json\/wp\/v2\/product_tag?post=25510"}],"curies":[{"name":"wp","href":"https:\/\/api.w.org\/{rel}","templated":true}]}}