{"id":25507,"date":"2021-08-11T08:22:38","date_gmt":"2021-08-11T06:22:38","guid":{"rendered":"https:\/\/staging.lucky-hunter.com\/?post_type=product&#038;p=25507"},"modified":"2025-10-02T04:13:19","modified_gmt":"2025-10-02T02:13:19","slug":"honker","status":"publish","type":"product","link":"https:\/\/staging.lucky-hunter.com\/hu\/product\/honker\/","title":{"rendered":"Haydel\u00b4s Honker | Canada Goose Call | H-81"},"content":{"rendered":"<p><iframe title=\"H 81 Honker\" width=\"1020\" height=\"574\" src=\"https:\/\/www.youtube.com\/embed\/zFcCMaCh7Rc?wmode=transparent&amp;rel=0&amp;feature=oembed&#038;enablejsapi=1&#038;origin=https:\/\/staging.lucky-hunter.com\" frameborder=\"0\" allow=\"accelerometer; autoplay; clipboard-write; encrypted-media; gyroscope; picture-in-picture\" allowfullscreen><\/iframe><\/p>\n<h2><strong>Canada Goose Call from Haydel\u00b4s Game Calls<\/strong><\/h2>\n<p>Haydel\u00b4s Honker Call is an old fashioned long reed goose call that produces deep gutteral tones. It is very easy to use and has an excellent cluck and crying comeback call.<\/p>\n<p><strong>Calling instruction:<\/strong><\/p>\n<ul>\n<li>Place the call between your thumb and index finger.<\/li>\n<li>Cup your hand and simply blow into the call while puffing your cheeks.<\/li>\n<li>Sound the word &#8220;A w w w w&#8221; for long honks when geese are at a distance. As they get closer shorten the honks.<\/li>\n<li>To do the feed call at a close range say &#8220;ho ho ho ho&#8221; into the call.<\/li>\n<li>If you are not getting a clear tone you are probably blowing too hard.<\/li>\n<\/ul>\n<p><strong>Features:<\/strong><\/p>\n<ul>\n<li>Reproduces the sound of a Canada Goose<\/li>\n<li>Can be used in wet condition<\/li>\n<li>Color: Clear<\/li>\n<li>Model H-81<\/li>\n<li>Weight about 45 grams.<\/li>\n<\/ul>\n","protected":false},"excerpt":{"rendered":"<p>Haydel\u00b4s Honker Call is an old fashioned long reed goose call that produces deep gutteral tones. It is very easy to use and has an excellent cluck and crying comeback call.<\/p>\n","protected":false},"featured_media":25514,"template":"","meta":[],"product_brand":[8018],"product_cat":[89],"product_tag":[],"yoast_head":"<!-- This site is optimized with the Yoast SEO plugin v24.3 - https:\/\/yoast.com\/wordpress\/plugins\/seo\/ -->\n<title>Haydel\u00b4s Honker Call | H-81 | Now on Lucky-Hunter.com<\/title>\n<meta name=\"description\" content=\"Haydel\u00b4s Honker Call is an old fashioned long reed Canada goose call that produces deep gutteral tones.\" \/>\n<meta name=\"robots\" content=\"noindex, follow, max-snippet:-1, max-image-preview:large, max-video-preview:-1\" \/>\n<meta property=\"og:locale\" content=\"hu_HU\" \/>\n<meta property=\"og:type\" content=\"article\" \/>\n<meta property=\"og:title\" content=\"Haydel\u00b4s Honker Call | H-81 | Now on Lucky-Hunter.com\" \/>\n<meta property=\"og:description\" content=\"Haydel\u00b4s Honker Call is an old fashioned long reed Canada goose call that produces deep gutteral tones.\" \/>\n<meta property=\"og:url\" content=\"https:\/\/staging.lucky-hunter.com\/product\/honker\/\" \/>\n<meta property=\"og:site_name\" content=\"Lucky-Hunter\" \/>\n<meta property=\"article:modified_time\" content=\"2025-10-02T02:13:19+00:00\" \/>\n<meta property=\"og:image\" content=\"https:\/\/staging.lucky-hunter.com\/wp-content\/uploads\/2021\/08\/H-81.png\" \/>\n\t<meta property=\"og:image:width\" content=\"1000\" \/>\n\t<meta property=\"og:image:height\" content=\"1000\" \/>\n\t<meta property=\"og:image:type\" content=\"image\/png\" \/>\n<meta name=\"twitter:card\" content=\"summary_large_image\" \/>\n<meta name=\"twitter:label1\" content=\"Becs\u00fclt olvas\u00e1si id\u0151\" \/>\n\t<meta name=\"twitter:data1\" content=\"1 perc\" \/>\n<script type=\"application\/ld+json\" class=\"yoast-schema-graph\">{\"@context\":\"https:\/\/schema.org\",\"@graph\":[{\"@type\":\"WebPage\",\"@id\":\"https:\/\/staging.lucky-hunter.com\/product\/honker\/\",\"url\":\"https:\/\/staging.lucky-hunter.com\/product\/honker\/\",\"name\":\"Haydel\u00b4s Honker Call | H-81 | Now on Lucky-Hunter.com\",\"isPartOf\":{\"@id\":\"https:\/\/staging.lucky-hunter.com\/#website\"},\"primaryImageOfPage\":{\"@id\":\"https:\/\/staging.lucky-hunter.com\/product\/honker\/#primaryimage\"},\"image\":{\"@id\":\"https:\/\/staging.lucky-hunter.com\/product\/honker\/#primaryimage\"},\"thumbnailUrl\":\"https:\/\/staging.lucky-hunter.com\/wp-content\/uploads\/2021\/08\/H-81.png\",\"datePublished\":\"2021-08-11T06:22:38+00:00\",\"dateModified\":\"2025-10-02T02:13:19+00:00\",\"description\":\"Haydel\u00b4s Honker Call is an old fashioned long reed Canada goose call that produces deep gutteral tones.\",\"breadcrumb\":{\"@id\":\"https:\/\/staging.lucky-hunter.com\/product\/honker\/#breadcrumb\"},\"inLanguage\":\"hu\",\"potentialAction\":[{\"@type\":\"ReadAction\",\"target\":[\"https:\/\/staging.lucky-hunter.com\/product\/honker\/\"]}]},{\"@type\":\"ImageObject\",\"inLanguage\":\"hu\",\"@id\":\"https:\/\/staging.lucky-hunter.com\/product\/honker\/#primaryimage\",\"url\":\"https:\/\/staging.lucky-hunter.com\/wp-content\/uploads\/2021\/08\/H-81.png\",\"contentUrl\":\"https:\/\/staging.lucky-hunter.com\/wp-content\/uploads\/2021\/08\/H-81.png\",\"width\":1000,\"height\":1000},{\"@type\":\"BreadcrumbList\",\"@id\":\"https:\/\/staging.lucky-hunter.com\/product\/honker\/#breadcrumb\",\"itemListElement\":[{\"@type\":\"ListItem\",\"position\":1,\"name\":\"Home\",\"item\":\"https:\/\/staging.lucky-hunter.com\/hu\/\"},{\"@type\":\"ListItem\",\"position\":2,\"name\":\"Shop\",\"item\":\"https:\/\/staging.lucky-hunter.com\/hu\/shop\/\"},{\"@type\":\"ListItem\",\"position\":3,\"name\":\"Haydel\u00b4s Honker | Canada Goose Call | H-81\"}]},{\"@type\":\"WebSite\",\"@id\":\"https:\/\/staging.lucky-hunter.com\/#website\",\"url\":\"https:\/\/staging.lucky-hunter.com\/\",\"name\":\"Lucky-Hunter\",\"description\":\"Gear Up or Give Up\",\"potentialAction\":[{\"@type\":\"SearchAction\",\"target\":{\"@type\":\"EntryPoint\",\"urlTemplate\":\"https:\/\/staging.lucky-hunter.com\/?s={search_term_string}\"},\"query-input\":{\"@type\":\"PropertyValueSpecification\",\"valueRequired\":true,\"valueName\":\"search_term_string\"}}],\"inLanguage\":\"hu\"}]}<\/script>\n<!-- \/ Yoast SEO plugin. -->","yoast_head_json":{"title":"Haydel\u00b4s Honker Call | H-81 | Now on Lucky-Hunter.com","description":"Haydel\u00b4s Honker Call is an old fashioned long reed Canada goose call that produces deep gutteral tones.","robots":{"index":"noindex","follow":"follow","max-snippet":"max-snippet:-1","max-image-preview":"max-image-preview:large","max-video-preview":"max-video-preview:-1"},"og_locale":"hu_HU","og_type":"article","og_title":"Haydel\u00b4s Honker Call | H-81 | Now on Lucky-Hunter.com","og_description":"Haydel\u00b4s Honker Call is an old fashioned long reed Canada goose call that produces deep gutteral tones.","og_url":"https:\/\/staging.lucky-hunter.com\/product\/honker\/","og_site_name":"Lucky-Hunter","article_modified_time":"2025-10-02T02:13:19+00:00","og_image":[{"width":1000,"height":1000,"url":"https:\/\/staging.lucky-hunter.com\/wp-content\/uploads\/2021\/08\/H-81.png","type":"image\/png"}],"twitter_card":"summary_large_image","twitter_misc":{"Becs\u00fclt olvas\u00e1si id\u0151":"1 perc"},"schema":{"@context":"https:\/\/schema.org","@graph":[{"@type":"WebPage","@id":"https:\/\/staging.lucky-hunter.com\/product\/honker\/","url":"https:\/\/staging.lucky-hunter.com\/product\/honker\/","name":"Haydel\u00b4s Honker Call | H-81 | Now on Lucky-Hunter.com","isPartOf":{"@id":"https:\/\/staging.lucky-hunter.com\/#website"},"primaryImageOfPage":{"@id":"https:\/\/staging.lucky-hunter.com\/product\/honker\/#primaryimage"},"image":{"@id":"https:\/\/staging.lucky-hunter.com\/product\/honker\/#primaryimage"},"thumbnailUrl":"https:\/\/staging.lucky-hunter.com\/wp-content\/uploads\/2021\/08\/H-81.png","datePublished":"2021-08-11T06:22:38+00:00","dateModified":"2025-10-02T02:13:19+00:00","description":"Haydel\u00b4s Honker Call is an old fashioned long reed Canada goose call that produces deep gutteral tones.","breadcrumb":{"@id":"https:\/\/staging.lucky-hunter.com\/product\/honker\/#breadcrumb"},"inLanguage":"hu","potentialAction":[{"@type":"ReadAction","target":["https:\/\/staging.lucky-hunter.com\/product\/honker\/"]}]},{"@type":"ImageObject","inLanguage":"hu","@id":"https:\/\/staging.lucky-hunter.com\/product\/honker\/#primaryimage","url":"https:\/\/staging.lucky-hunter.com\/wp-content\/uploads\/2021\/08\/H-81.png","contentUrl":"https:\/\/staging.lucky-hunter.com\/wp-content\/uploads\/2021\/08\/H-81.png","width":1000,"height":1000},{"@type":"BreadcrumbList","@id":"https:\/\/staging.lucky-hunter.com\/product\/honker\/#breadcrumb","itemListElement":[{"@type":"ListItem","position":1,"name":"Home","item":"https:\/\/staging.lucky-hunter.com\/hu\/"},{"@type":"ListItem","position":2,"name":"Shop","item":"https:\/\/staging.lucky-hunter.com\/hu\/shop\/"},{"@type":"ListItem","position":3,"name":"Haydel\u00b4s Honker | Canada Goose Call | H-81"}]},{"@type":"WebSite","@id":"https:\/\/staging.lucky-hunter.com\/#website","url":"https:\/\/staging.lucky-hunter.com\/","name":"Lucky-Hunter","description":"Gear Up or Give Up","potentialAction":[{"@type":"SearchAction","target":{"@type":"EntryPoint","urlTemplate":"https:\/\/staging.lucky-hunter.com\/?s={search_term_string}"},"query-input":{"@type":"PropertyValueSpecification","valueRequired":true,"valueName":"search_term_string"}}],"inLanguage":"hu"}]}},"_links":{"self":[{"href":"https:\/\/staging.lucky-hunter.com\/hu\/wp-json\/wp\/v2\/product\/25507"}],"collection":[{"href":"https:\/\/staging.lucky-hunter.com\/hu\/wp-json\/wp\/v2\/product"}],"about":[{"href":"https:\/\/staging.lucky-hunter.com\/hu\/wp-json\/wp\/v2\/types\/product"}],"wp:featuredmedia":[{"embeddable":true,"href":"https:\/\/staging.lucky-hunter.com\/hu\/wp-json\/wp\/v2\/media\/25514"}],"wp:attachment":[{"href":"https:\/\/staging.lucky-hunter.com\/hu\/wp-json\/wp\/v2\/media?parent=25507"}],"wp:term":[{"taxonomy":"product_brand","embeddable":true,"href":"https:\/\/staging.lucky-hunter.com\/hu\/wp-json\/wp\/v2\/product_brand?post=25507"},{"taxonomy":"product_cat","embeddable":true,"href":"https:\/\/staging.lucky-hunter.com\/hu\/wp-json\/wp\/v2\/product_cat?post=25507"},{"taxonomy":"product_tag","embeddable":true,"href":"https:\/\/staging.lucky-hunter.com\/hu\/wp-json\/wp\/v2\/product_tag?post=25507"}],"curies":[{"name":"wp","href":"https:\/\/api.w.org\/{rel}","templated":true}]}}