{"id":25456,"date":"2021-08-05T08:45:24","date_gmt":"2021-08-05T06:45:24","guid":{"rendered":"https:\/\/staging.lucky-hunter.com\/?post_type=product&#038;p=25456"},"modified":"2025-10-02T04:12:31","modified_gmt":"2025-10-02T02:12:31","slug":"diver-duck","status":"publish","type":"product","link":"https:\/\/staging.lucky-hunter.com\/hu\/product\/diver-duck\/","title":{"rendered":"Haydel\u00b4s Diver Duck | Duck Call | DC-14"},"content":{"rendered":"<p><iframe title=\"Haydel&#039;s DC-14 Diver Call\" width=\"1020\" height=\"574\" src=\"https:\/\/www.youtube.com\/embed\/RYU5DCbLT2E?wmode=transparent&amp;rel=0&amp;feature=oembed&#038;enablejsapi=1&#038;origin=https:\/\/staging.lucky-hunter.com\" frameborder=\"0\" allow=\"accelerometer; autoplay; clipboard-write; encrypted-media; gyroscope; picture-in-picture\" allowfullscreen><\/iframe><\/p>\n<h2><strong>Specially Developed Single Reed Duck Call<\/strong><\/h2>\n<p>With Haydel\u00b4s Diver Duck Call DC14 you can recreate the \u201cBrrrrr\u201d sound that many dive ducks use to communicate, including Redheads, Bluebills, Scaup, Canvasbacks etc.<\/p>\n<p>In the past, many duck hunters have used a traditional mallard call, but now you as a dedicated duck hunter can get a call specially developed to lure dive ducks into shooting ranges.<\/p>\n<p>Haydel\u00b4s Diver Duck Call has an orange plug in the exhaust barrel which can be easily removed if extra volume is needed on windy days.<\/p>\n<p>As Rod Haydel tells in the video below, pronounce &#8220;Brrrrr&#8221; while blowing in the call.<\/p>\n<p><strong>Calling instruction:<\/strong><\/p>\n<p>To create the sounds in this call you simply roll your tongue almost like you do when you gargle your throat. Short burst of air needed at the same time to create the &#8220;Brrrr&#8221; sound they make. Each burst should last approximately a half second in length. Of course you may wish to vary this up sound like several different birds. Also by opening and closing your hand or blowing harder or softer also adds to the illusion og multiple birds. The small orange plug can also be removed to achieve more volume if you wish. Stagger the timing on these calls for added realism.<\/p>\n<p>Like all Haydel\u00b4s calls, the Big Barreled Duck Call is unique as you can keep calling even if the call gets wet by your breath or if dropped in the water.<\/p>\n<p><strong>Features:<\/strong><\/p>\n<ul>\n<li>Reproduces the sound of various diving ducks<\/li>\n<li>Single reed<\/li>\n<li>Easy to use<\/li>\n<li>Can be used in wet condition<\/li>\n<li>Colour: Black<\/li>\n<li>Model DC14<\/li>\n<li>Weight about 45 grams<\/li>\n<\/ul>\n","protected":false},"excerpt":{"rendered":"<p>With Haydel\u00b4s Diver Duck Call BC14 you can recreate the \u201cBrrrrr\u201d sound that many dive ducks use to communicate, including Redheads, Bluebills, Scaup, Canvasbacks etc.<\/p>\n","protected":false},"featured_media":25481,"template":"","meta":[],"product_brand":[9609],"product_cat":[8544],"product_tag":[9452],"yoast_head":"<!-- This site is optimized with the Yoast SEO plugin v24.3 - https:\/\/yoast.com\/wordpress\/plugins\/seo\/ -->\n<title>Haydel\u00b4s Diver Duck Call - Specially developed Single Reed Call<\/title>\n<meta name=\"description\" content=\"With Haydel\u00b4s Diver unique Duck Call BC14 you can recreate the \u201cBrrrrr\u201d sound that dive ducks use to communicate\" \/>\n<meta name=\"robots\" content=\"noindex, follow, max-snippet:-1, max-image-preview:large, max-video-preview:-1\" \/>\n<meta property=\"og:locale\" content=\"hu_HU\" \/>\n<meta property=\"og:type\" content=\"article\" \/>\n<meta property=\"og:title\" content=\"Haydel\u00b4s Diver Duck Call - Specially developed Single Reed Call\" \/>\n<meta property=\"og:description\" content=\"With Haydel\u00b4s Diver unique Duck Call BC14 you can recreate the \u201cBrrrrr\u201d sound that dive ducks use to communicate\" \/>\n<meta property=\"og:url\" content=\"https:\/\/staging.lucky-hunter.com\/de\/product\/diver-duck\/\" \/>\n<meta property=\"og:site_name\" content=\"Lucky-Hunter\" \/>\n<meta property=\"article:modified_time\" content=\"2025-10-02T02:12:31+00:00\" \/>\n<meta property=\"og:image\" content=\"https:\/\/staging.lucky-hunter.com\/wp-content\/uploads\/2021\/08\/DC-14.png\" \/>\n\t<meta property=\"og:image:width\" content=\"1000\" \/>\n\t<meta property=\"og:image:height\" content=\"1000\" \/>\n\t<meta property=\"og:image:type\" content=\"image\/png\" \/>\n<meta name=\"twitter:card\" content=\"summary_large_image\" \/>\n<meta name=\"twitter:label1\" content=\"Becs\u00fclt olvas\u00e1si id\u0151\" \/>\n\t<meta name=\"twitter:data1\" content=\"2 perc\" \/>\n<script type=\"application\/ld+json\" class=\"yoast-schema-graph\">{\"@context\":\"https:\/\/schema.org\",\"@graph\":[{\"@type\":\"WebPage\",\"@id\":\"https:\/\/staging.lucky-hunter.com\/de\/product\/diver-duck\/\",\"url\":\"https:\/\/staging.lucky-hunter.com\/de\/product\/diver-duck\/\",\"name\":\"Haydel\u00b4s Diver Duck Call - Specially developed Single Reed Call\",\"isPartOf\":{\"@id\":\"https:\/\/staging.lucky-hunter.com\/#website\"},\"primaryImageOfPage\":{\"@id\":\"https:\/\/staging.lucky-hunter.com\/de\/product\/diver-duck\/#primaryimage\"},\"image\":{\"@id\":\"https:\/\/staging.lucky-hunter.com\/de\/product\/diver-duck\/#primaryimage\"},\"thumbnailUrl\":\"https:\/\/staging.lucky-hunter.com\/wp-content\/uploads\/2021\/08\/DC-14.png\",\"datePublished\":\"2021-08-05T06:45:24+00:00\",\"dateModified\":\"2025-10-02T02:12:31+00:00\",\"description\":\"With Haydel\u00b4s Diver unique Duck Call BC14 you can recreate the \u201cBrrrrr\u201d sound that dive ducks use to communicate\",\"breadcrumb\":{\"@id\":\"https:\/\/staging.lucky-hunter.com\/de\/product\/diver-duck\/#breadcrumb\"},\"inLanguage\":\"hu\",\"potentialAction\":[{\"@type\":\"ReadAction\",\"target\":[\"https:\/\/staging.lucky-hunter.com\/de\/product\/diver-duck\/\"]}]},{\"@type\":\"ImageObject\",\"inLanguage\":\"hu\",\"@id\":\"https:\/\/staging.lucky-hunter.com\/de\/product\/diver-duck\/#primaryimage\",\"url\":\"https:\/\/staging.lucky-hunter.com\/wp-content\/uploads\/2021\/08\/DC-14.png\",\"contentUrl\":\"https:\/\/staging.lucky-hunter.com\/wp-content\/uploads\/2021\/08\/DC-14.png\",\"width\":1000,\"height\":1000},{\"@type\":\"BreadcrumbList\",\"@id\":\"https:\/\/staging.lucky-hunter.com\/de\/product\/diver-duck\/#breadcrumb\",\"itemListElement\":[{\"@type\":\"ListItem\",\"position\":1,\"name\":\"Home\",\"item\":\"https:\/\/staging.lucky-hunter.com\/hu\/\"},{\"@type\":\"ListItem\",\"position\":2,\"name\":\"Shop\",\"item\":\"https:\/\/staging.lucky-hunter.com\/hu\/shop\/\"},{\"@type\":\"ListItem\",\"position\":3,\"name\":\"Haydel\u00b4s Diver Duck | Duck Call | DC-14\"}]},{\"@type\":\"WebSite\",\"@id\":\"https:\/\/staging.lucky-hunter.com\/#website\",\"url\":\"https:\/\/staging.lucky-hunter.com\/\",\"name\":\"Lucky-Hunter\",\"description\":\"Gear Up or Give Up\",\"potentialAction\":[{\"@type\":\"SearchAction\",\"target\":{\"@type\":\"EntryPoint\",\"urlTemplate\":\"https:\/\/staging.lucky-hunter.com\/?s={search_term_string}\"},\"query-input\":{\"@type\":\"PropertyValueSpecification\",\"valueRequired\":true,\"valueName\":\"search_term_string\"}}],\"inLanguage\":\"hu\"}]}<\/script>\n<!-- \/ Yoast SEO plugin. -->","yoast_head_json":{"title":"Haydel\u00b4s Diver Duck Call - Specially developed Single Reed Call","description":"With Haydel\u00b4s Diver unique Duck Call BC14 you can recreate the \u201cBrrrrr\u201d sound that dive ducks use to communicate","robots":{"index":"noindex","follow":"follow","max-snippet":"max-snippet:-1","max-image-preview":"max-image-preview:large","max-video-preview":"max-video-preview:-1"},"og_locale":"hu_HU","og_type":"article","og_title":"Haydel\u00b4s Diver Duck Call - Specially developed Single Reed Call","og_description":"With Haydel\u00b4s Diver unique Duck Call BC14 you can recreate the \u201cBrrrrr\u201d sound that dive ducks use to communicate","og_url":"https:\/\/staging.lucky-hunter.com\/de\/product\/diver-duck\/","og_site_name":"Lucky-Hunter","article_modified_time":"2025-10-02T02:12:31+00:00","og_image":[{"width":1000,"height":1000,"url":"https:\/\/staging.lucky-hunter.com\/wp-content\/uploads\/2021\/08\/DC-14.png","type":"image\/png"}],"twitter_card":"summary_large_image","twitter_misc":{"Becs\u00fclt olvas\u00e1si id\u0151":"2 perc"},"schema":{"@context":"https:\/\/schema.org","@graph":[{"@type":"WebPage","@id":"https:\/\/staging.lucky-hunter.com\/de\/product\/diver-duck\/","url":"https:\/\/staging.lucky-hunter.com\/de\/product\/diver-duck\/","name":"Haydel\u00b4s Diver Duck Call - Specially developed Single Reed Call","isPartOf":{"@id":"https:\/\/staging.lucky-hunter.com\/#website"},"primaryImageOfPage":{"@id":"https:\/\/staging.lucky-hunter.com\/de\/product\/diver-duck\/#primaryimage"},"image":{"@id":"https:\/\/staging.lucky-hunter.com\/de\/product\/diver-duck\/#primaryimage"},"thumbnailUrl":"https:\/\/staging.lucky-hunter.com\/wp-content\/uploads\/2021\/08\/DC-14.png","datePublished":"2021-08-05T06:45:24+00:00","dateModified":"2025-10-02T02:12:31+00:00","description":"With Haydel\u00b4s Diver unique Duck Call BC14 you can recreate the \u201cBrrrrr\u201d sound that dive ducks use to communicate","breadcrumb":{"@id":"https:\/\/staging.lucky-hunter.com\/de\/product\/diver-duck\/#breadcrumb"},"inLanguage":"hu","potentialAction":[{"@type":"ReadAction","target":["https:\/\/staging.lucky-hunter.com\/de\/product\/diver-duck\/"]}]},{"@type":"ImageObject","inLanguage":"hu","@id":"https:\/\/staging.lucky-hunter.com\/de\/product\/diver-duck\/#primaryimage","url":"https:\/\/staging.lucky-hunter.com\/wp-content\/uploads\/2021\/08\/DC-14.png","contentUrl":"https:\/\/staging.lucky-hunter.com\/wp-content\/uploads\/2021\/08\/DC-14.png","width":1000,"height":1000},{"@type":"BreadcrumbList","@id":"https:\/\/staging.lucky-hunter.com\/de\/product\/diver-duck\/#breadcrumb","itemListElement":[{"@type":"ListItem","position":1,"name":"Home","item":"https:\/\/staging.lucky-hunter.com\/hu\/"},{"@type":"ListItem","position":2,"name":"Shop","item":"https:\/\/staging.lucky-hunter.com\/hu\/shop\/"},{"@type":"ListItem","position":3,"name":"Haydel\u00b4s Diver Duck | Duck Call | DC-14"}]},{"@type":"WebSite","@id":"https:\/\/staging.lucky-hunter.com\/#website","url":"https:\/\/staging.lucky-hunter.com\/","name":"Lucky-Hunter","description":"Gear Up or Give Up","potentialAction":[{"@type":"SearchAction","target":{"@type":"EntryPoint","urlTemplate":"https:\/\/staging.lucky-hunter.com\/?s={search_term_string}"},"query-input":{"@type":"PropertyValueSpecification","valueRequired":true,"valueName":"search_term_string"}}],"inLanguage":"hu"}]}},"_links":{"self":[{"href":"https:\/\/staging.lucky-hunter.com\/hu\/wp-json\/wp\/v2\/product\/25456"}],"collection":[{"href":"https:\/\/staging.lucky-hunter.com\/hu\/wp-json\/wp\/v2\/product"}],"about":[{"href":"https:\/\/staging.lucky-hunter.com\/hu\/wp-json\/wp\/v2\/types\/product"}],"wp:featuredmedia":[{"embeddable":true,"href":"https:\/\/staging.lucky-hunter.com\/hu\/wp-json\/wp\/v2\/media\/25481"}],"wp:attachment":[{"href":"https:\/\/staging.lucky-hunter.com\/hu\/wp-json\/wp\/v2\/media?parent=25456"}],"wp:term":[{"taxonomy":"product_brand","embeddable":true,"href":"https:\/\/staging.lucky-hunter.com\/hu\/wp-json\/wp\/v2\/product_brand?post=25456"},{"taxonomy":"product_cat","embeddable":true,"href":"https:\/\/staging.lucky-hunter.com\/hu\/wp-json\/wp\/v2\/product_cat?post=25456"},{"taxonomy":"product_tag","embeddable":true,"href":"https:\/\/staging.lucky-hunter.com\/hu\/wp-json\/wp\/v2\/product_tag?post=25456"}],"curies":[{"name":"wp","href":"https:\/\/api.w.org\/{rel}","templated":true}]}}