{"id":25174,"date":"2021-05-16T16:21:50","date_gmt":"2021-05-16T14:21:50","guid":{"rendered":"https:\/\/staging.lucky-hunter.com\/?post_type=product&#038;p=25174"},"modified":"2025-10-02T03:59:49","modified_gmt":"2025-10-02T01:59:49","slug":"rigem-right-decoy-line-depth-adjusters-12-pack","status":"publish","type":"product","link":"https:\/\/staging.lucky-hunter.com\/hu\/product\/rigem-right-decoy-line-depth-adjusters-12-pack\/","title":{"rendered":"Rig\u00b4Em Right Decoy Line Depth Adjusters &#8211; 12 pack"},"content":{"rendered":"<h2><strong>Texas Rig accessories for decoys<\/strong><\/h2>\n<p>Whether you hunt in deep or shallow water these Rig\u00b4Em Right spring loaded crimps will enable you to shorten your decoy line to fit your hunting spot.<\/p>\n<p>The spring loaded adjusters have no metal to rust or corrode and are sized for use with standard PVC decoy line<\/p>\n<p>12 adjusters per pack.<\/p>\n<p>&nbsp;<\/p>\n<p><iframe title=\"DIY Rigging Kit For Your Decoys\" width=\"1020\" height=\"574\" src=\"https:\/\/www.youtube.com\/embed\/qAGZcPUakp8?wmode=transparent&amp;rel=0&amp;feature=oembed&#038;enablejsapi=1&#038;origin=https:\/\/staging.lucky-hunter.com\" frameborder=\"0\" allow=\"accelerometer; autoplay; clipboard-write; encrypted-media; gyroscope; picture-in-picture\" allowfullscreen><\/iframe><\/p>\n","protected":false},"excerpt":{"rendered":"<p>Whether you hunt in deep or shallow water these Rig\u00b4Em Right spring loaded crimps will enable you to shorten your decoy line to fit your hunting spot.<\/p>\n<p>&nbsp;<\/p>\n","protected":false},"featured_media":25209,"template":"","meta":[],"product_brand":[9607],"product_cat":[8800],"product_tag":[9488],"yoast_head":"<!-- This site is optimized with the Yoast SEO plugin v24.3 - https:\/\/yoast.com\/wordpress\/plugins\/seo\/ -->\n<title>Rig\u00b4Em Right Decoy Line Depth Adjusters - 12 pack<\/title>\n<meta name=\"description\" content=\"Whether you hunt in deep or shallow water these spring loaded crimps will enable you to shorten your decoy line to fit your hunting spot.\" \/>\n<meta name=\"robots\" content=\"noindex, follow, max-snippet:-1, max-image-preview:large, max-video-preview:-1\" \/>\n<meta property=\"og:locale\" content=\"hu_HU\" \/>\n<meta property=\"og:type\" content=\"article\" \/>\n<meta property=\"og:title\" content=\"Rig\u00b4Em Right Decoy Line Depth Adjusters - 12 pack\" \/>\n<meta property=\"og:description\" content=\"Whether you hunt in deep or shallow water these spring loaded crimps will enable you to shorten your decoy line to fit your hunting spot.\" \/>\n<meta property=\"og:url\" content=\"https:\/\/staging.lucky-hunter.com\/product\/rigem-right-decoy-line-depth-adjusters-12-pack\/\" \/>\n<meta property=\"og:site_name\" content=\"Lucky-Hunter\" \/>\n<meta property=\"article:modified_time\" content=\"2025-10-02T01:59:49+00:00\" \/>\n<meta property=\"og:image\" content=\"https:\/\/staging.lucky-hunter.com\/wp-content\/uploads\/2021\/05\/LF-429-1.png\" \/>\n\t<meta property=\"og:image:width\" content=\"1000\" \/>\n\t<meta property=\"og:image:height\" content=\"1000\" \/>\n\t<meta property=\"og:image:type\" content=\"image\/png\" \/>\n<meta name=\"twitter:card\" content=\"summary_large_image\" \/>\n<meta name=\"twitter:label1\" content=\"Becs\u00fclt olvas\u00e1si id\u0151\" \/>\n\t<meta name=\"twitter:data1\" content=\"1 perc\" \/>\n<script type=\"application\/ld+json\" class=\"yoast-schema-graph\">{\"@context\":\"https:\/\/schema.org\",\"@graph\":[{\"@type\":\"WebPage\",\"@id\":\"https:\/\/staging.lucky-hunter.com\/product\/rigem-right-decoy-line-depth-adjusters-12-pack\/\",\"url\":\"https:\/\/staging.lucky-hunter.com\/product\/rigem-right-decoy-line-depth-adjusters-12-pack\/\",\"name\":\"Rig\u00b4Em Right Decoy Line Depth Adjusters - 12 pack\",\"isPartOf\":{\"@id\":\"https:\/\/staging.lucky-hunter.com\/#website\"},\"primaryImageOfPage\":{\"@id\":\"https:\/\/staging.lucky-hunter.com\/product\/rigem-right-decoy-line-depth-adjusters-12-pack\/#primaryimage\"},\"image\":{\"@id\":\"https:\/\/staging.lucky-hunter.com\/product\/rigem-right-decoy-line-depth-adjusters-12-pack\/#primaryimage\"},\"thumbnailUrl\":\"https:\/\/staging.lucky-hunter.com\/wp-content\/uploads\/2021\/05\/LF-429-1.png\",\"datePublished\":\"2021-05-16T14:21:50+00:00\",\"dateModified\":\"2025-10-02T01:59:49+00:00\",\"description\":\"Whether you hunt in deep or shallow water these spring loaded crimps will enable you to shorten your decoy line to fit your hunting spot.\",\"breadcrumb\":{\"@id\":\"https:\/\/staging.lucky-hunter.com\/product\/rigem-right-decoy-line-depth-adjusters-12-pack\/#breadcrumb\"},\"inLanguage\":\"hu\",\"potentialAction\":[{\"@type\":\"ReadAction\",\"target\":[\"https:\/\/staging.lucky-hunter.com\/product\/rigem-right-decoy-line-depth-adjusters-12-pack\/\"]}]},{\"@type\":\"ImageObject\",\"inLanguage\":\"hu\",\"@id\":\"https:\/\/staging.lucky-hunter.com\/product\/rigem-right-decoy-line-depth-adjusters-12-pack\/#primaryimage\",\"url\":\"https:\/\/staging.lucky-hunter.com\/wp-content\/uploads\/2021\/05\/LF-429-1.png\",\"contentUrl\":\"https:\/\/staging.lucky-hunter.com\/wp-content\/uploads\/2021\/05\/LF-429-1.png\",\"width\":1000,\"height\":1000},{\"@type\":\"BreadcrumbList\",\"@id\":\"https:\/\/staging.lucky-hunter.com\/product\/rigem-right-decoy-line-depth-adjusters-12-pack\/#breadcrumb\",\"itemListElement\":[{\"@type\":\"ListItem\",\"position\":1,\"name\":\"Home\",\"item\":\"https:\/\/staging.lucky-hunter.com\/hu\/\"},{\"@type\":\"ListItem\",\"position\":2,\"name\":\"Shop\",\"item\":\"https:\/\/staging.lucky-hunter.com\/hu\/shop\/\"},{\"@type\":\"ListItem\",\"position\":3,\"name\":\"Rig\u00b4Em Right Decoy Line Depth Adjusters &#8211; 12 pack\"}]},{\"@type\":\"WebSite\",\"@id\":\"https:\/\/staging.lucky-hunter.com\/#website\",\"url\":\"https:\/\/staging.lucky-hunter.com\/\",\"name\":\"Lucky-Hunter\",\"description\":\"Gear Up or Give Up\",\"potentialAction\":[{\"@type\":\"SearchAction\",\"target\":{\"@type\":\"EntryPoint\",\"urlTemplate\":\"https:\/\/staging.lucky-hunter.com\/?s={search_term_string}\"},\"query-input\":{\"@type\":\"PropertyValueSpecification\",\"valueRequired\":true,\"valueName\":\"search_term_string\"}}],\"inLanguage\":\"hu\"}]}<\/script>\n<!-- \/ Yoast SEO plugin. -->","yoast_head_json":{"title":"Rig\u00b4Em Right Decoy Line Depth Adjusters - 12 pack","description":"Whether you hunt in deep or shallow water these spring loaded crimps will enable you to shorten your decoy line to fit your hunting spot.","robots":{"index":"noindex","follow":"follow","max-snippet":"max-snippet:-1","max-image-preview":"max-image-preview:large","max-video-preview":"max-video-preview:-1"},"og_locale":"hu_HU","og_type":"article","og_title":"Rig\u00b4Em Right Decoy Line Depth Adjusters - 12 pack","og_description":"Whether you hunt in deep or shallow water these spring loaded crimps will enable you to shorten your decoy line to fit your hunting spot.","og_url":"https:\/\/staging.lucky-hunter.com\/product\/rigem-right-decoy-line-depth-adjusters-12-pack\/","og_site_name":"Lucky-Hunter","article_modified_time":"2025-10-02T01:59:49+00:00","og_image":[{"width":1000,"height":1000,"url":"https:\/\/staging.lucky-hunter.com\/wp-content\/uploads\/2021\/05\/LF-429-1.png","type":"image\/png"}],"twitter_card":"summary_large_image","twitter_misc":{"Becs\u00fclt olvas\u00e1si id\u0151":"1 perc"},"schema":{"@context":"https:\/\/schema.org","@graph":[{"@type":"WebPage","@id":"https:\/\/staging.lucky-hunter.com\/product\/rigem-right-decoy-line-depth-adjusters-12-pack\/","url":"https:\/\/staging.lucky-hunter.com\/product\/rigem-right-decoy-line-depth-adjusters-12-pack\/","name":"Rig\u00b4Em Right Decoy Line Depth Adjusters - 12 pack","isPartOf":{"@id":"https:\/\/staging.lucky-hunter.com\/#website"},"primaryImageOfPage":{"@id":"https:\/\/staging.lucky-hunter.com\/product\/rigem-right-decoy-line-depth-adjusters-12-pack\/#primaryimage"},"image":{"@id":"https:\/\/staging.lucky-hunter.com\/product\/rigem-right-decoy-line-depth-adjusters-12-pack\/#primaryimage"},"thumbnailUrl":"https:\/\/staging.lucky-hunter.com\/wp-content\/uploads\/2021\/05\/LF-429-1.png","datePublished":"2021-05-16T14:21:50+00:00","dateModified":"2025-10-02T01:59:49+00:00","description":"Whether you hunt in deep or shallow water these spring loaded crimps will enable you to shorten your decoy line to fit your hunting spot.","breadcrumb":{"@id":"https:\/\/staging.lucky-hunter.com\/product\/rigem-right-decoy-line-depth-adjusters-12-pack\/#breadcrumb"},"inLanguage":"hu","potentialAction":[{"@type":"ReadAction","target":["https:\/\/staging.lucky-hunter.com\/product\/rigem-right-decoy-line-depth-adjusters-12-pack\/"]}]},{"@type":"ImageObject","inLanguage":"hu","@id":"https:\/\/staging.lucky-hunter.com\/product\/rigem-right-decoy-line-depth-adjusters-12-pack\/#primaryimage","url":"https:\/\/staging.lucky-hunter.com\/wp-content\/uploads\/2021\/05\/LF-429-1.png","contentUrl":"https:\/\/staging.lucky-hunter.com\/wp-content\/uploads\/2021\/05\/LF-429-1.png","width":1000,"height":1000},{"@type":"BreadcrumbList","@id":"https:\/\/staging.lucky-hunter.com\/product\/rigem-right-decoy-line-depth-adjusters-12-pack\/#breadcrumb","itemListElement":[{"@type":"ListItem","position":1,"name":"Home","item":"https:\/\/staging.lucky-hunter.com\/hu\/"},{"@type":"ListItem","position":2,"name":"Shop","item":"https:\/\/staging.lucky-hunter.com\/hu\/shop\/"},{"@type":"ListItem","position":3,"name":"Rig\u00b4Em Right Decoy Line Depth Adjusters &#8211; 12 pack"}]},{"@type":"WebSite","@id":"https:\/\/staging.lucky-hunter.com\/#website","url":"https:\/\/staging.lucky-hunter.com\/","name":"Lucky-Hunter","description":"Gear Up or Give Up","potentialAction":[{"@type":"SearchAction","target":{"@type":"EntryPoint","urlTemplate":"https:\/\/staging.lucky-hunter.com\/?s={search_term_string}"},"query-input":{"@type":"PropertyValueSpecification","valueRequired":true,"valueName":"search_term_string"}}],"inLanguage":"hu"}]}},"_links":{"self":[{"href":"https:\/\/staging.lucky-hunter.com\/hu\/wp-json\/wp\/v2\/product\/25174"}],"collection":[{"href":"https:\/\/staging.lucky-hunter.com\/hu\/wp-json\/wp\/v2\/product"}],"about":[{"href":"https:\/\/staging.lucky-hunter.com\/hu\/wp-json\/wp\/v2\/types\/product"}],"wp:featuredmedia":[{"embeddable":true,"href":"https:\/\/staging.lucky-hunter.com\/hu\/wp-json\/wp\/v2\/media\/25209"}],"wp:attachment":[{"href":"https:\/\/staging.lucky-hunter.com\/hu\/wp-json\/wp\/v2\/media?parent=25174"}],"wp:term":[{"taxonomy":"product_brand","embeddable":true,"href":"https:\/\/staging.lucky-hunter.com\/hu\/wp-json\/wp\/v2\/product_brand?post=25174"},{"taxonomy":"product_cat","embeddable":true,"href":"https:\/\/staging.lucky-hunter.com\/hu\/wp-json\/wp\/v2\/product_cat?post=25174"},{"taxonomy":"product_tag","embeddable":true,"href":"https:\/\/staging.lucky-hunter.com\/hu\/wp-json\/wp\/v2\/product_tag?post=25174"}],"curies":[{"name":"wp","href":"https:\/\/api.w.org\/{rel}","templated":true}]}}