{"id":25075,"date":"2021-04-30T20:45:39","date_gmt":"2021-04-30T18:45:39","guid":{"rendered":"https:\/\/staging.lucky-hunter.com\/?post_type=product&#038;p=25075"},"modified":"2025-10-02T03:58:00","modified_gmt":"2025-10-02T01:58:00","slug":"final-approach-flocked-specklebelly-decoys","status":"publish","type":"product","link":"https:\/\/staging.lucky-hunter.com\/hu\/product\/final-approach-flocked-specklebelly-decoys\/","title":{"rendered":"Final Approach Specklebelly Decoys &#8211; Flocked"},"content":{"rendered":"<p><iframe title=\"Final Approach Flocked Specklebelly Decoys | Full body\" width=\"1020\" height=\"574\" src=\"https:\/\/www.youtube.com\/embed\/9qPcBNrW-uM?wmode=transparent&amp;rel=0&amp;feature=oembed&#038;enablejsapi=1&#038;origin=https:\/\/staging.lucky-hunter.com\" frameborder=\"0\" allow=\"accelerometer; autoplay; clipboard-write; encrypted-media; gyroscope; picture-in-picture; web-share\" referrerpolicy=\"strict-origin-when-cross-origin\" allowfullscreen><\/iframe><\/p>\n<h1><strong>Great price on Final Approach Specklebelly full body decoys<\/strong><\/h1>\n<p>American Final Approach Waterfowl (FA) is the manufacturer behind these fine full body specklebelly goose decoys that we can offer at a really competitive price.<\/p>\n<p>The decoys are made of a softer plastic material, that AvianX has also chosen, to make the paint under the flock more durable.<\/p>\n<p>In the box are 6 x full body Specklebelly flocked decoys with 2 different head positions &#8211; 2 x sentry and 4 x feeders.<\/p>\n<p>Mounting stakes included.<\/p>\n<p>They own passion for waterfowl hunting and their commitment to making tougher gear for equally obsessed waterfowl hunters can be found in every Final Approach blind, decoy, bag and accessory.<\/p>\n","protected":false},"excerpt":{"rendered":"<p>American Final Approach Waterfowl (FA) is the manufacturer behind these fine full body Specklebelly Goose decoys that we can offer at a really competitive price.<\/p>\n","protected":false},"featured_media":70093,"template":"","meta":[],"product_brand":[9637],"product_cat":[8697],"product_tag":[9523,9496],"yoast_head":"<!-- This site is optimized with the Yoast SEO plugin v24.3 - https:\/\/yoast.com\/wordpress\/plugins\/seo\/ -->\n<title>Great price on Final Approach flocked Specklebelly decoys<\/title>\n<meta name=\"description\" content=\"American Final Approach Waterfowl (FA) is the manufacturer behind these fine full body Specklebelly Goose decoys\" \/>\n<meta name=\"robots\" content=\"noindex, follow, max-snippet:-1, max-image-preview:large, max-video-preview:-1\" \/>\n<meta property=\"og:locale\" content=\"hu_HU\" \/>\n<meta property=\"og:type\" content=\"article\" \/>\n<meta property=\"og:title\" content=\"Great price on Final Approach flocked Specklebelly decoys\" \/>\n<meta property=\"og:description\" content=\"American Final Approach Waterfowl (FA) is the manufacturer behind these fine full body Specklebelly Goose decoys\" \/>\n<meta property=\"og:url\" content=\"https:\/\/staging.lucky-hunter.com\/product\/final-approach-flocked-specklebelly-decoys\/\" \/>\n<meta property=\"og:site_name\" content=\"Lucky-Hunter\" \/>\n<meta property=\"article:modified_time\" content=\"2025-10-02T01:58:00+00:00\" \/>\n<meta property=\"og:image\" content=\"https:\/\/staging.lucky-hunter.com\/wp-content\/uploads\/2021\/04\/LF-391-1-1.png\" \/>\n\t<meta property=\"og:image:width\" content=\"1000\" \/>\n\t<meta property=\"og:image:height\" content=\"1000\" \/>\n\t<meta property=\"og:image:type\" content=\"image\/png\" \/>\n<meta name=\"twitter:card\" content=\"summary_large_image\" \/>\n<meta name=\"twitter:label1\" content=\"Becs\u00fclt olvas\u00e1si id\u0151\" \/>\n\t<meta name=\"twitter:data1\" content=\"1 perc\" \/>\n<script type=\"application\/ld+json\" class=\"yoast-schema-graph\">{\"@context\":\"https:\/\/schema.org\",\"@graph\":[{\"@type\":\"WebPage\",\"@id\":\"https:\/\/staging.lucky-hunter.com\/product\/final-approach-flocked-specklebelly-decoys\/\",\"url\":\"https:\/\/staging.lucky-hunter.com\/product\/final-approach-flocked-specklebelly-decoys\/\",\"name\":\"Great price on Final Approach flocked Specklebelly decoys\",\"isPartOf\":{\"@id\":\"https:\/\/staging.lucky-hunter.com\/#website\"},\"primaryImageOfPage\":{\"@id\":\"https:\/\/staging.lucky-hunter.com\/product\/final-approach-flocked-specklebelly-decoys\/#primaryimage\"},\"image\":{\"@id\":\"https:\/\/staging.lucky-hunter.com\/product\/final-approach-flocked-specklebelly-decoys\/#primaryimage\"},\"thumbnailUrl\":\"https:\/\/staging.lucky-hunter.com\/wp-content\/uploads\/2021\/04\/LF-391-1-1.png\",\"datePublished\":\"2021-04-30T18:45:39+00:00\",\"dateModified\":\"2025-10-02T01:58:00+00:00\",\"description\":\"American Final Approach Waterfowl (FA) is the manufacturer behind these fine full body Specklebelly Goose decoys\",\"breadcrumb\":{\"@id\":\"https:\/\/staging.lucky-hunter.com\/product\/final-approach-flocked-specklebelly-decoys\/#breadcrumb\"},\"inLanguage\":\"hu\",\"potentialAction\":[{\"@type\":\"ReadAction\",\"target\":[\"https:\/\/staging.lucky-hunter.com\/product\/final-approach-flocked-specklebelly-decoys\/\"]}]},{\"@type\":\"ImageObject\",\"inLanguage\":\"hu\",\"@id\":\"https:\/\/staging.lucky-hunter.com\/product\/final-approach-flocked-specklebelly-decoys\/#primaryimage\",\"url\":\"https:\/\/staging.lucky-hunter.com\/wp-content\/uploads\/2021\/04\/LF-391-1-1.png\",\"contentUrl\":\"https:\/\/staging.lucky-hunter.com\/wp-content\/uploads\/2021\/04\/LF-391-1-1.png\",\"width\":1000,\"height\":1000},{\"@type\":\"BreadcrumbList\",\"@id\":\"https:\/\/staging.lucky-hunter.com\/product\/final-approach-flocked-specklebelly-decoys\/#breadcrumb\",\"itemListElement\":[{\"@type\":\"ListItem\",\"position\":1,\"name\":\"Home\",\"item\":\"https:\/\/staging.lucky-hunter.com\/hu\/\"},{\"@type\":\"ListItem\",\"position\":2,\"name\":\"Shop\",\"item\":\"https:\/\/staging.lucky-hunter.com\/hu\/shop\/\"},{\"@type\":\"ListItem\",\"position\":3,\"name\":\"Final Approach Specklebelly Decoys &#8211; Flocked\"}]},{\"@type\":\"WebSite\",\"@id\":\"https:\/\/staging.lucky-hunter.com\/#website\",\"url\":\"https:\/\/staging.lucky-hunter.com\/\",\"name\":\"Lucky-Hunter\",\"description\":\"Gear Up or Give Up\",\"potentialAction\":[{\"@type\":\"SearchAction\",\"target\":{\"@type\":\"EntryPoint\",\"urlTemplate\":\"https:\/\/staging.lucky-hunter.com\/?s={search_term_string}\"},\"query-input\":{\"@type\":\"PropertyValueSpecification\",\"valueRequired\":true,\"valueName\":\"search_term_string\"}}],\"inLanguage\":\"hu\"}]}<\/script>\n<!-- \/ Yoast SEO plugin. -->","yoast_head_json":{"title":"Great price on Final Approach flocked Specklebelly decoys","description":"American Final Approach Waterfowl (FA) is the manufacturer behind these fine full body Specklebelly Goose decoys","robots":{"index":"noindex","follow":"follow","max-snippet":"max-snippet:-1","max-image-preview":"max-image-preview:large","max-video-preview":"max-video-preview:-1"},"og_locale":"hu_HU","og_type":"article","og_title":"Great price on Final Approach flocked Specklebelly decoys","og_description":"American Final Approach Waterfowl (FA) is the manufacturer behind these fine full body Specklebelly Goose decoys","og_url":"https:\/\/staging.lucky-hunter.com\/product\/final-approach-flocked-specklebelly-decoys\/","og_site_name":"Lucky-Hunter","article_modified_time":"2025-10-02T01:58:00+00:00","og_image":[{"width":1000,"height":1000,"url":"https:\/\/staging.lucky-hunter.com\/wp-content\/uploads\/2021\/04\/LF-391-1-1.png","type":"image\/png"}],"twitter_card":"summary_large_image","twitter_misc":{"Becs\u00fclt olvas\u00e1si id\u0151":"1 perc"},"schema":{"@context":"https:\/\/schema.org","@graph":[{"@type":"WebPage","@id":"https:\/\/staging.lucky-hunter.com\/product\/final-approach-flocked-specklebelly-decoys\/","url":"https:\/\/staging.lucky-hunter.com\/product\/final-approach-flocked-specklebelly-decoys\/","name":"Great price on Final Approach flocked Specklebelly decoys","isPartOf":{"@id":"https:\/\/staging.lucky-hunter.com\/#website"},"primaryImageOfPage":{"@id":"https:\/\/staging.lucky-hunter.com\/product\/final-approach-flocked-specklebelly-decoys\/#primaryimage"},"image":{"@id":"https:\/\/staging.lucky-hunter.com\/product\/final-approach-flocked-specklebelly-decoys\/#primaryimage"},"thumbnailUrl":"https:\/\/staging.lucky-hunter.com\/wp-content\/uploads\/2021\/04\/LF-391-1-1.png","datePublished":"2021-04-30T18:45:39+00:00","dateModified":"2025-10-02T01:58:00+00:00","description":"American Final Approach Waterfowl (FA) is the manufacturer behind these fine full body Specklebelly Goose decoys","breadcrumb":{"@id":"https:\/\/staging.lucky-hunter.com\/product\/final-approach-flocked-specklebelly-decoys\/#breadcrumb"},"inLanguage":"hu","potentialAction":[{"@type":"ReadAction","target":["https:\/\/staging.lucky-hunter.com\/product\/final-approach-flocked-specklebelly-decoys\/"]}]},{"@type":"ImageObject","inLanguage":"hu","@id":"https:\/\/staging.lucky-hunter.com\/product\/final-approach-flocked-specklebelly-decoys\/#primaryimage","url":"https:\/\/staging.lucky-hunter.com\/wp-content\/uploads\/2021\/04\/LF-391-1-1.png","contentUrl":"https:\/\/staging.lucky-hunter.com\/wp-content\/uploads\/2021\/04\/LF-391-1-1.png","width":1000,"height":1000},{"@type":"BreadcrumbList","@id":"https:\/\/staging.lucky-hunter.com\/product\/final-approach-flocked-specklebelly-decoys\/#breadcrumb","itemListElement":[{"@type":"ListItem","position":1,"name":"Home","item":"https:\/\/staging.lucky-hunter.com\/hu\/"},{"@type":"ListItem","position":2,"name":"Shop","item":"https:\/\/staging.lucky-hunter.com\/hu\/shop\/"},{"@type":"ListItem","position":3,"name":"Final Approach Specklebelly Decoys &#8211; Flocked"}]},{"@type":"WebSite","@id":"https:\/\/staging.lucky-hunter.com\/#website","url":"https:\/\/staging.lucky-hunter.com\/","name":"Lucky-Hunter","description":"Gear Up or Give Up","potentialAction":[{"@type":"SearchAction","target":{"@type":"EntryPoint","urlTemplate":"https:\/\/staging.lucky-hunter.com\/?s={search_term_string}"},"query-input":{"@type":"PropertyValueSpecification","valueRequired":true,"valueName":"search_term_string"}}],"inLanguage":"hu"}]}},"_links":{"self":[{"href":"https:\/\/staging.lucky-hunter.com\/hu\/wp-json\/wp\/v2\/product\/25075"}],"collection":[{"href":"https:\/\/staging.lucky-hunter.com\/hu\/wp-json\/wp\/v2\/product"}],"about":[{"href":"https:\/\/staging.lucky-hunter.com\/hu\/wp-json\/wp\/v2\/types\/product"}],"wp:featuredmedia":[{"embeddable":true,"href":"https:\/\/staging.lucky-hunter.com\/hu\/wp-json\/wp\/v2\/media\/70093"}],"wp:attachment":[{"href":"https:\/\/staging.lucky-hunter.com\/hu\/wp-json\/wp\/v2\/media?parent=25075"}],"wp:term":[{"taxonomy":"product_brand","embeddable":true,"href":"https:\/\/staging.lucky-hunter.com\/hu\/wp-json\/wp\/v2\/product_brand?post=25075"},{"taxonomy":"product_cat","embeddable":true,"href":"https:\/\/staging.lucky-hunter.com\/hu\/wp-json\/wp\/v2\/product_cat?post=25075"},{"taxonomy":"product_tag","embeddable":true,"href":"https:\/\/staging.lucky-hunter.com\/hu\/wp-json\/wp\/v2\/product_tag?post=25075"}],"curies":[{"name":"wp","href":"https:\/\/api.w.org\/{rel}","templated":true}]}}