{"id":24924,"date":"2021-02-20T13:51:55","date_gmt":"2021-02-20T12:51:55","guid":{"rendered":"https:\/\/staging.lucky-hunter.com\/?post_type=product&#038;p=24924"},"modified":"2025-10-02T02:19:08","modified_gmt":"2025-10-02T00:19:08","slug":"crow-decoy-fully-flocked","status":"publish","type":"product","link":"https:\/\/staging.lucky-hunter.com\/hu\/product\/crow-decoy-fully-flocked\/","title":{"rendered":"Flocked Hooded Crow Decoy"},"content":{"rendered":"<h2><strong><span class=\"VIiyi\" lang=\"en\"><span class=\"JLqJ4b ChMk0b\" data-language-for-alternatives=\"en\" data-language-to-translate-into=\"da\" data-phrase-index=\"0\">Flocked hooded crow decoy &#8211; great for drawing in the crows!<\/span><\/span><\/strong><\/h2>\n<p><span class=\"VIiyi\" lang=\"en\"><span class=\"JLqJ4b ChMk0b\" data-language-for-alternatives=\"en\" data-language-to-translate-into=\"da\" data-phrase-index=\"2\">Crows are cunning and alert birds, and they are in every way a worthy hunting object.<\/span> <\/span><\/p>\n<p><span class=\"VIiyi\" lang=\"en\"><span class=\"JLqJ4b ChMk0b\" data-language-for-alternatives=\"en\" data-language-to-translate-into=\"da\" data-phrase-index=\"3\">More and more hunters are opening their eyes to the excellence of the crow hunt, and if you do it properly, many fantastic hours and experiences await out there.<\/span><\/span><\/p>\n<p><span class=\"VIiyi\" lang=\"en\"> <span class=\"JLqJ4b ChMk0b\" data-language-for-alternatives=\"en\" data-language-to-translate-into=\"da\" data-phrase-index=\"5\">In order to outsmart the alert crows, it is important to have a lifelike setup of decoy crows.<\/span> <\/span><\/p>\n<p>With a great decoy set up, you can set the illusion that where these decoys are is a great place to be. Maybe there is a fresh kill or another food source. Either way, you can use a flocked hooded crow decoy to convince the crows that they should take a look. By using a few of these in the area, other crows will think it is a safe spot.<\/p>\n<p>Great when used in conjunction with a crow call from behind a panel blind.<\/p>\n<p><span class=\"VIiyi\" lang=\"en\"><span class=\"JLqJ4b ChMk0b\" data-language-for-alternatives=\"en\" data-language-to-translate-into=\"da\" data-phrase-index=\"6\">Here you get a life-size crow decoy fully flocked.<\/span> <\/span><\/p>\n<p><span class=\"VIiyi\" lang=\"en\"><span class=\"JLqJ4b ChMk0b\" data-language-for-alternatives=\"en\" data-language-to-translate-into=\"da\" data-phrase-index=\"8\">The decoy comes with both a mounting stick and a base.<\/span> <\/span><\/p>\n<p>The crow is approx 40cm in length.<\/p>\n<p><span class=\"VIiyi\" lang=\"en\"><span class=\"JLqJ4b ChMk0b\" data-language-for-alternatives=\"en\" data-language-to-translate-into=\"da\" data-phrase-index=\"10\">Sold individually.<\/span><\/span><\/p>\n","protected":false},"excerpt":{"rendered":"<p>Outsmart the alert crows with this flocked crow decoy. It&#8217;s life-size and perfect for your next crow hunt<\/p>\n","protected":false},"featured_media":26296,"template":"","meta":[],"product_brand":[9564],"product_cat":[8742],"product_tag":[9459],"yoast_head":"<!-- This site is optimized with the Yoast SEO plugin v24.3 - https:\/\/yoast.com\/wordpress\/plugins\/seo\/ -->\n<title>Flocked Hooded Crow Decoy - Fully Flocked Hunting Decoy | Lucky Hunter<\/title>\n<meta name=\"description\" content=\"Flocked hooded crow decoy - ideal for your next hunt! Comes complete with a mounting stick and base for easy use. Approx. 40 cm in length.\" \/>\n<meta name=\"robots\" content=\"noindex, follow, max-snippet:-1, max-image-preview:large, max-video-preview:-1\" \/>\n<meta property=\"og:locale\" content=\"hu_HU\" \/>\n<meta property=\"og:type\" content=\"article\" \/>\n<meta property=\"og:title\" content=\"Flocked Hooded Crow Decoy - Fully Flocked Hunting Decoy | Lucky Hunter\" \/>\n<meta property=\"og:description\" content=\"Flocked hooded crow decoy - ideal for your next hunt! Comes complete with a mounting stick and base for easy use. Approx. 40 cm in length.\" \/>\n<meta property=\"og:url\" content=\"https:\/\/staging.lucky-hunter.com\/product\/crow-decoy-fully-flocked\/\" \/>\n<meta property=\"og:site_name\" content=\"Lucky-Hunter\" \/>\n<meta property=\"article:modified_time\" content=\"2025-10-02T00:19:08+00:00\" \/>\n<meta property=\"og:image\" content=\"https:\/\/staging.lucky-hunter.com\/wp-content\/uploads\/2021\/02\/510066.png.webp\" \/>\n\t<meta property=\"og:image:width\" content=\"960\" \/>\n\t<meta property=\"og:image:height\" content=\"960\" \/>\n\t<meta property=\"og:image:type\" content=\"image\/webp\" \/>\n<meta name=\"twitter:card\" content=\"summary_large_image\" \/>\n<meta name=\"twitter:title\" content=\"Flocked Hooded Crow Decoy - Fully Flocked Hunting Decoy | Lucky Hunter\" \/>\n<meta name=\"twitter:description\" content=\"Flocked hooded crow decoy - ideal for your next hunt! Comes complete with a mounting stick and base for easy use. Approx. 40 cm in length.\" \/>\n<meta name=\"twitter:label1\" content=\"Becs\u00fclt olvas\u00e1si id\u0151\" \/>\n\t<meta name=\"twitter:data1\" content=\"1 perc\" \/>\n<script type=\"application\/ld+json\" class=\"yoast-schema-graph\">{\"@context\":\"https:\/\/schema.org\",\"@graph\":[{\"@type\":\"WebPage\",\"@id\":\"https:\/\/staging.lucky-hunter.com\/product\/crow-decoy-fully-flocked\/\",\"url\":\"https:\/\/staging.lucky-hunter.com\/product\/crow-decoy-fully-flocked\/\",\"name\":\"Flocked Hooded Crow Decoy - Fully Flocked Hunting Decoy | Lucky Hunter\",\"isPartOf\":{\"@id\":\"https:\/\/staging.lucky-hunter.com\/#website\"},\"primaryImageOfPage\":{\"@id\":\"https:\/\/staging.lucky-hunter.com\/product\/crow-decoy-fully-flocked\/#primaryimage\"},\"image\":{\"@id\":\"https:\/\/staging.lucky-hunter.com\/product\/crow-decoy-fully-flocked\/#primaryimage\"},\"thumbnailUrl\":\"https:\/\/staging.lucky-hunter.com\/wp-content\/uploads\/2021\/02\/510066.png.webp\",\"datePublished\":\"2021-02-20T12:51:55+00:00\",\"dateModified\":\"2025-10-02T00:19:08+00:00\",\"description\":\"Flocked hooded crow decoy - ideal for your next hunt! Comes complete with a mounting stick and base for easy use. Approx. 40 cm in length.\",\"breadcrumb\":{\"@id\":\"https:\/\/staging.lucky-hunter.com\/product\/crow-decoy-fully-flocked\/#breadcrumb\"},\"inLanguage\":\"hu\",\"potentialAction\":[{\"@type\":\"ReadAction\",\"target\":[\"https:\/\/staging.lucky-hunter.com\/product\/crow-decoy-fully-flocked\/\"]}]},{\"@type\":\"ImageObject\",\"inLanguage\":\"hu\",\"@id\":\"https:\/\/staging.lucky-hunter.com\/product\/crow-decoy-fully-flocked\/#primaryimage\",\"url\":\"https:\/\/staging.lucky-hunter.com\/wp-content\/uploads\/2021\/02\/510066.png.webp\",\"contentUrl\":\"https:\/\/staging.lucky-hunter.com\/wp-content\/uploads\/2021\/02\/510066.png.webp\",\"width\":960,\"height\":960},{\"@type\":\"BreadcrumbList\",\"@id\":\"https:\/\/staging.lucky-hunter.com\/product\/crow-decoy-fully-flocked\/#breadcrumb\",\"itemListElement\":[{\"@type\":\"ListItem\",\"position\":1,\"name\":\"Home\",\"item\":\"https:\/\/staging.lucky-hunter.com\/hu\/\"},{\"@type\":\"ListItem\",\"position\":2,\"name\":\"Shop\",\"item\":\"https:\/\/staging.lucky-hunter.com\/hu\/shop\/\"},{\"@type\":\"ListItem\",\"position\":3,\"name\":\"Flocked Hooded Crow Decoy\"}]},{\"@type\":\"WebSite\",\"@id\":\"https:\/\/staging.lucky-hunter.com\/#website\",\"url\":\"https:\/\/staging.lucky-hunter.com\/\",\"name\":\"Lucky-Hunter\",\"description\":\"Gear Up or Give Up\",\"potentialAction\":[{\"@type\":\"SearchAction\",\"target\":{\"@type\":\"EntryPoint\",\"urlTemplate\":\"https:\/\/staging.lucky-hunter.com\/?s={search_term_string}\"},\"query-input\":{\"@type\":\"PropertyValueSpecification\",\"valueRequired\":true,\"valueName\":\"search_term_string\"}}],\"inLanguage\":\"hu\"}]}<\/script>\n<!-- \/ Yoast SEO plugin. -->","yoast_head_json":{"title":"Flocked Hooded Crow Decoy - Fully Flocked Hunting Decoy | Lucky Hunter","description":"Flocked hooded crow decoy - ideal for your next hunt! Comes complete with a mounting stick and base for easy use. Approx. 40 cm in length.","robots":{"index":"noindex","follow":"follow","max-snippet":"max-snippet:-1","max-image-preview":"max-image-preview:large","max-video-preview":"max-video-preview:-1"},"og_locale":"hu_HU","og_type":"article","og_title":"Flocked Hooded Crow Decoy - Fully Flocked Hunting Decoy | Lucky Hunter","og_description":"Flocked hooded crow decoy - ideal for your next hunt! Comes complete with a mounting stick and base for easy use. Approx. 40 cm in length.","og_url":"https:\/\/staging.lucky-hunter.com\/product\/crow-decoy-fully-flocked\/","og_site_name":"Lucky-Hunter","article_modified_time":"2025-10-02T00:19:08+00:00","og_image":[{"width":960,"height":960,"url":"https:\/\/staging.lucky-hunter.com\/wp-content\/uploads\/2021\/02\/510066.png.webp","type":"image\/webp"}],"twitter_card":"summary_large_image","twitter_title":"Flocked Hooded Crow Decoy - Fully Flocked Hunting Decoy | Lucky Hunter","twitter_description":"Flocked hooded crow decoy - ideal for your next hunt! Comes complete with a mounting stick and base for easy use. Approx. 40 cm in length.","twitter_misc":{"Becs\u00fclt olvas\u00e1si id\u0151":"1 perc"},"schema":{"@context":"https:\/\/schema.org","@graph":[{"@type":"WebPage","@id":"https:\/\/staging.lucky-hunter.com\/product\/crow-decoy-fully-flocked\/","url":"https:\/\/staging.lucky-hunter.com\/product\/crow-decoy-fully-flocked\/","name":"Flocked Hooded Crow Decoy - Fully Flocked Hunting Decoy | Lucky Hunter","isPartOf":{"@id":"https:\/\/staging.lucky-hunter.com\/#website"},"primaryImageOfPage":{"@id":"https:\/\/staging.lucky-hunter.com\/product\/crow-decoy-fully-flocked\/#primaryimage"},"image":{"@id":"https:\/\/staging.lucky-hunter.com\/product\/crow-decoy-fully-flocked\/#primaryimage"},"thumbnailUrl":"https:\/\/staging.lucky-hunter.com\/wp-content\/uploads\/2021\/02\/510066.png.webp","datePublished":"2021-02-20T12:51:55+00:00","dateModified":"2025-10-02T00:19:08+00:00","description":"Flocked hooded crow decoy - ideal for your next hunt! Comes complete with a mounting stick and base for easy use. Approx. 40 cm in length.","breadcrumb":{"@id":"https:\/\/staging.lucky-hunter.com\/product\/crow-decoy-fully-flocked\/#breadcrumb"},"inLanguage":"hu","potentialAction":[{"@type":"ReadAction","target":["https:\/\/staging.lucky-hunter.com\/product\/crow-decoy-fully-flocked\/"]}]},{"@type":"ImageObject","inLanguage":"hu","@id":"https:\/\/staging.lucky-hunter.com\/product\/crow-decoy-fully-flocked\/#primaryimage","url":"https:\/\/staging.lucky-hunter.com\/wp-content\/uploads\/2021\/02\/510066.png.webp","contentUrl":"https:\/\/staging.lucky-hunter.com\/wp-content\/uploads\/2021\/02\/510066.png.webp","width":960,"height":960},{"@type":"BreadcrumbList","@id":"https:\/\/staging.lucky-hunter.com\/product\/crow-decoy-fully-flocked\/#breadcrumb","itemListElement":[{"@type":"ListItem","position":1,"name":"Home","item":"https:\/\/staging.lucky-hunter.com\/hu\/"},{"@type":"ListItem","position":2,"name":"Shop","item":"https:\/\/staging.lucky-hunter.com\/hu\/shop\/"},{"@type":"ListItem","position":3,"name":"Flocked Hooded Crow Decoy"}]},{"@type":"WebSite","@id":"https:\/\/staging.lucky-hunter.com\/#website","url":"https:\/\/staging.lucky-hunter.com\/","name":"Lucky-Hunter","description":"Gear Up or Give Up","potentialAction":[{"@type":"SearchAction","target":{"@type":"EntryPoint","urlTemplate":"https:\/\/staging.lucky-hunter.com\/?s={search_term_string}"},"query-input":{"@type":"PropertyValueSpecification","valueRequired":true,"valueName":"search_term_string"}}],"inLanguage":"hu"}]}},"_links":{"self":[{"href":"https:\/\/staging.lucky-hunter.com\/hu\/wp-json\/wp\/v2\/product\/24924"}],"collection":[{"href":"https:\/\/staging.lucky-hunter.com\/hu\/wp-json\/wp\/v2\/product"}],"about":[{"href":"https:\/\/staging.lucky-hunter.com\/hu\/wp-json\/wp\/v2\/types\/product"}],"wp:featuredmedia":[{"embeddable":true,"href":"https:\/\/staging.lucky-hunter.com\/hu\/wp-json\/wp\/v2\/media\/26296"}],"wp:attachment":[{"href":"https:\/\/staging.lucky-hunter.com\/hu\/wp-json\/wp\/v2\/media?parent=24924"}],"wp:term":[{"taxonomy":"product_brand","embeddable":true,"href":"https:\/\/staging.lucky-hunter.com\/hu\/wp-json\/wp\/v2\/product_brand?post=24924"},{"taxonomy":"product_cat","embeddable":true,"href":"https:\/\/staging.lucky-hunter.com\/hu\/wp-json\/wp\/v2\/product_cat?post=24924"},{"taxonomy":"product_tag","embeddable":true,"href":"https:\/\/staging.lucky-hunter.com\/hu\/wp-json\/wp\/v2\/product_tag?post=24924"}],"curies":[{"name":"wp","href":"https:\/\/api.w.org\/{rel}","templated":true}]}}