{"id":24913,"date":"2021-02-18T08:23:13","date_gmt":"2021-02-18T07:23:13","guid":{"rendered":"https:\/\/staging.lucky-hunter.com\/?post_type=product&#038;p=24913"},"modified":"2025-10-02T05:32:53","modified_gmt":"2025-10-02T03:32:53","slug":"attratec-no10-trophy-bleach","status":"publish","type":"product","link":"https:\/\/staging.lucky-hunter.com\/hu\/product\/attratec-no10-trophy-bleach\/","title":{"rendered":"AttraTec No10 &#8211; Trophy bleach"},"content":{"rendered":"<h1><strong><span class=\"VIiyi\" lang=\"en\"><span class=\"JLqJ4b ChMk0b\" data-language-for-alternatives=\"en\" data-language-to-translate-into=\"da\" data-phrase-index=\"0\">Your trophy deserves the best treatment<\/span> <\/span><\/strong><\/h1>\n<p><span class=\"VIiyi\" lang=\"en\"><span class=\"JLqJ4b ChMk0b\" data-language-for-alternatives=\"en\" data-language-to-translate-into=\"da\" data-phrase-index=\"2\">German quality trophy bleach based on stabilized hydrogen peroxide (11.94%) which ensures improved durability.<\/span> <\/span><\/p>\n<p><span class=\"VIiyi\" lang=\"en\"><span class=\"JLqJ4b ChMk0b\" data-language-for-alternatives=\"en\" data-language-to-translate-into=\"da\" data-phrase-index=\"4\">AttraTec No10 bleach is delivered in a 1 kg bottle and is particularly suitable for a beautiful bleaching of both new and older trophies, and it is easy to use if you follow these instructions:<\/span> <\/span><\/p>\n<p><span class=\"VIiyi\" lang=\"en\"><span class=\"JLqJ4b ChMk0b\" data-language-for-alternatives=\"en\" data-language-to-translate-into=\"da\" data-phrase-index=\"6\">First cook the trophy so that it is cleansed of bone tissue and fat (you can advantageously add a liquid detergent to the cooking to facilitate cleaning).<\/span><\/span><\/p>\n<p><strong><span class=\"JLqJ4b ChMk0b\" data-language-for-alternatives=\"en\" data-language-to-translate-into=\"da\" data-phrase-index=\"0\">Bleaching method 1:<\/span> <\/strong><\/p>\n<ul>\n<li><span class=\"JLqJ4b ChMk0b\" data-language-for-alternatives=\"en\" data-language-to-translate-into=\"da\" data-phrase-index=\"2\">Apply well with AttraTec No10 on the cooked skull \/ trophy and let it dry in the sun or in a dry and warm place.<\/span><\/li>\n<li><span class=\"JLqJ4b ChMk0b\" data-language-for-alternatives=\"en\" data-language-to-translate-into=\"da\" data-phrase-index=\"4\">Repeat the process 1-2 times depending on the bleaching result.<\/span> <span class=\"JLqJ4b ChMk0b\" data-language-for-alternatives=\"en\" data-language-to-translate-into=\"da\" data-phrase-index=\"6\">If necessary, apply extra bleach to individual darker areas and allow the trophy to dry again.<\/span><\/li>\n<\/ul>\n<p><strong><span class=\"VIiyi\" lang=\"en\"><span class=\"JLqJ4b ChMk0b\" data-language-for-alternatives=\"en\" data-language-to-translate-into=\"da\" data-phrase-index=\"0\">Bleaching method 2:<\/span> <\/span><\/strong><\/p>\n<ul>\n<li><span class=\"VIiyi\" lang=\"en\"><span class=\"JLqJ4b ChMk0b\" data-language-for-alternatives=\"en\" data-language-to-translate-into=\"da\" data-phrase-index=\"2\">Wrap the boiled skull \/ trophy in a cotton cloth soaked with AttraTec No10.<\/span> <\/span><\/li>\n<li><span class=\"VIiyi\" lang=\"en\"><span class=\"JLqJ4b ChMk0b\" data-language-for-alternatives=\"en\" data-language-to-translate-into=\"da\" data-phrase-index=\"4\">After 12-24 hours, remove the cloth and let the trophy dry in the sun or in a dry and warm place.<\/span> <span class=\"JLqJ4b ChMk0b\" data-language-for-alternatives=\"en\" data-language-to-translate-into=\"da\" data-phrase-index=\"6\">If necessary, apply extra bleach on individual darker areas and let it dry again.<\/span> <\/span><\/li>\n<\/ul>\n<p><span class=\"VIiyi\" lang=\"en\"><span class=\"JLqJ4b ChMk0b\" data-language-for-alternatives=\"en\" data-language-to-translate-into=\"da\" data-phrase-index=\"8\">AttraTec No10 bleach contains hydrogen peroxide, which is sensitive to light.<\/span> <span class=\"JLqJ4b ChMk0b\" data-language-for-alternatives=\"en\" data-language-to-translate-into=\"da\" data-phrase-index=\"9\">Therefore, the product is delivered in an aluminum bag, which must be closed tightly after use to protect the bleach.<\/span><\/span><\/p>\n<p><span class=\"VIiyi\" lang=\"en\"><span class=\"JLqJ4b ChMk0b\" data-language-for-alternatives=\"en\" data-language-to-translate-into=\"da\" data-phrase-index=\"0\"><strong>IMPORTANT INFORMATION<\/strong> <strong>on handling AttraTec No10:<\/strong><\/span> <\/span><\/p>\n<p><span class=\"VIiyi\" lang=\"en\"><span class=\"JLqJ4b ChMk0b\" data-language-for-alternatives=\"en\" data-language-to-translate-into=\"da\" data-phrase-index=\"2\">Pour AttraTec No10 into a clean container (eg Glass) in small quantities while processing the trophy.<\/span> <span class=\"JLqJ4b ChMk0b\" data-language-for-alternatives=\"en\" data-language-to-translate-into=\"da\" data-phrase-index=\"4\">Do not pour excess bleach back into the original bottle.<\/span> <span class=\"JLqJ4b ChMk0b\" data-language-for-alternatives=\"en\" data-language-to-translate-into=\"da\" data-phrase-index=\"6\">Store cool and preferably in the dark.<\/span> <\/span><\/p>\n<p><span class=\"VIiyi\" lang=\"en\"><span class=\"JLqJ4b ChMk0b\" data-language-for-alternatives=\"en\" data-language-to-translate-into=\"da\" data-phrase-index=\"8\">AttraTec No10 can cause serious eye damage, so wear protective gloves \/ protective clothing \/ eye protection \/ face protection.<\/span> <span class=\"JLqJ4b ChMk0b\" data-language-for-alternatives=\"en\" data-language-to-translate-into=\"da\" data-phrase-index=\"10\">In case of contact with eyes: Rinse cautiously with water for a few minutes.<\/span> <span class=\"JLqJ4b ChMk0b\" data-language-for-alternatives=\"en\" data-language-to-translate-into=\"da\" data-phrase-index=\"11\">Remove any contact lenses and continue rinsing.<\/span> <span class=\"JLqJ4b ChMk0b\" data-language-for-alternatives=\"en\" data-language-to-translate-into=\"da\" data-phrase-index=\"12\">Contact a doctor.<\/span><\/span><\/p>\n","protected":false},"excerpt":{"rendered":"<p><span class=\"VIiyi\" lang=\"en\"><span class=\"JLqJ4b ChMk0b\" data-language-for-alternatives=\"en\" data-language-to-translate-into=\"da\" data-phrase-index=\"2\">German quality trophy bleach based on stabilized hydrogen peroxide (11.94%) which ensures improved durability.<\/span> <\/span><\/p>\n<p>&nbsp;<\/p>\n","protected":false},"featured_media":24884,"template":"","meta":[],"product_brand":[8005],"product_cat":[9107],"product_tag":[9143,9144],"yoast_head":"<!-- This site is optimized with the Yoast SEO plugin v24.3 - https:\/\/yoast.com\/wordpress\/plugins\/seo\/ -->\n<title>AttraTec No10 - Trophy bleach. AttraTec No10 - Trophy bleach<\/title>\n<meta name=\"description\" content=\"German quality trophy bleach based on stabilized hydrogen peroxide (11.94%) which ensures improved durability.\" \/>\n<meta name=\"robots\" content=\"noindex, follow, max-snippet:-1, max-image-preview:large, max-video-preview:-1\" \/>\n<meta property=\"og:locale\" content=\"hu_HU\" \/>\n<meta property=\"og:type\" content=\"article\" \/>\n<meta property=\"og:title\" content=\"AttraTec No10 - Trophy bleach. AttraTec No10 - Trophy bleach\" \/>\n<meta property=\"og:description\" content=\"German quality trophy bleach based on stabilized hydrogen peroxide (11.94%) which ensures improved durability.\" \/>\n<meta property=\"og:url\" content=\"https:\/\/staging.lucky-hunter.com\/product\/attratec-no10-trophy-bleach\/\" \/>\n<meta property=\"og:site_name\" content=\"Lucky-Hunter\" \/>\n<meta property=\"article:modified_time\" content=\"2025-10-02T03:32:53+00:00\" \/>\n<meta property=\"og:image\" content=\"https:\/\/staging.lucky-hunter.com\/wp-content\/uploads\/2021\/02\/TB-0010.png\" \/>\n\t<meta property=\"og:image:width\" content=\"1000\" \/>\n\t<meta property=\"og:image:height\" content=\"1000\" \/>\n\t<meta property=\"og:image:type\" content=\"image\/png\" \/>\n<meta name=\"twitter:card\" content=\"summary_large_image\" \/>\n<meta name=\"twitter:label1\" content=\"Becs\u00fclt olvas\u00e1si id\u0151\" \/>\n\t<meta name=\"twitter:data1\" content=\"2 perc\" \/>\n<script type=\"application\/ld+json\" class=\"yoast-schema-graph\">{\"@context\":\"https:\/\/schema.org\",\"@graph\":[{\"@type\":\"WebPage\",\"@id\":\"https:\/\/staging.lucky-hunter.com\/product\/attratec-no10-trophy-bleach\/\",\"url\":\"https:\/\/staging.lucky-hunter.com\/product\/attratec-no10-trophy-bleach\/\",\"name\":\"AttraTec No10 - Trophy bleach. AttraTec No10 - Trophy bleach\",\"isPartOf\":{\"@id\":\"https:\/\/staging.lucky-hunter.com\/#website\"},\"primaryImageOfPage\":{\"@id\":\"https:\/\/staging.lucky-hunter.com\/product\/attratec-no10-trophy-bleach\/#primaryimage\"},\"image\":{\"@id\":\"https:\/\/staging.lucky-hunter.com\/product\/attratec-no10-trophy-bleach\/#primaryimage\"},\"thumbnailUrl\":\"https:\/\/staging.lucky-hunter.com\/wp-content\/uploads\/2021\/02\/TB-0010.png\",\"datePublished\":\"2021-02-18T07:23:13+00:00\",\"dateModified\":\"2025-10-02T03:32:53+00:00\",\"description\":\"German quality trophy bleach based on stabilized hydrogen peroxide (11.94%) which ensures improved durability.\",\"breadcrumb\":{\"@id\":\"https:\/\/staging.lucky-hunter.com\/product\/attratec-no10-trophy-bleach\/#breadcrumb\"},\"inLanguage\":\"hu\",\"potentialAction\":[{\"@type\":\"ReadAction\",\"target\":[\"https:\/\/staging.lucky-hunter.com\/product\/attratec-no10-trophy-bleach\/\"]}]},{\"@type\":\"ImageObject\",\"inLanguage\":\"hu\",\"@id\":\"https:\/\/staging.lucky-hunter.com\/product\/attratec-no10-trophy-bleach\/#primaryimage\",\"url\":\"https:\/\/staging.lucky-hunter.com\/wp-content\/uploads\/2021\/02\/TB-0010.png\",\"contentUrl\":\"https:\/\/staging.lucky-hunter.com\/wp-content\/uploads\/2021\/02\/TB-0010.png\",\"width\":1000,\"height\":1000},{\"@type\":\"BreadcrumbList\",\"@id\":\"https:\/\/staging.lucky-hunter.com\/product\/attratec-no10-trophy-bleach\/#breadcrumb\",\"itemListElement\":[{\"@type\":\"ListItem\",\"position\":1,\"name\":\"Home\",\"item\":\"https:\/\/staging.lucky-hunter.com\/hu\/\"},{\"@type\":\"ListItem\",\"position\":2,\"name\":\"Shop\",\"item\":\"https:\/\/staging.lucky-hunter.com\/hu\/shop\/\"},{\"@type\":\"ListItem\",\"position\":3,\"name\":\"AttraTec No10 &#8211; Trophy bleach\"}]},{\"@type\":\"WebSite\",\"@id\":\"https:\/\/staging.lucky-hunter.com\/#website\",\"url\":\"https:\/\/staging.lucky-hunter.com\/\",\"name\":\"Lucky-Hunter\",\"description\":\"Gear Up or Give Up\",\"potentialAction\":[{\"@type\":\"SearchAction\",\"target\":{\"@type\":\"EntryPoint\",\"urlTemplate\":\"https:\/\/staging.lucky-hunter.com\/?s={search_term_string}\"},\"query-input\":{\"@type\":\"PropertyValueSpecification\",\"valueRequired\":true,\"valueName\":\"search_term_string\"}}],\"inLanguage\":\"hu\"}]}<\/script>\n<!-- \/ Yoast SEO plugin. -->","yoast_head_json":{"title":"AttraTec No10 - Trophy bleach. AttraTec No10 - Trophy bleach","description":"German quality trophy bleach based on stabilized hydrogen peroxide (11.94%) which ensures improved durability.","robots":{"index":"noindex","follow":"follow","max-snippet":"max-snippet:-1","max-image-preview":"max-image-preview:large","max-video-preview":"max-video-preview:-1"},"og_locale":"hu_HU","og_type":"article","og_title":"AttraTec No10 - Trophy bleach. AttraTec No10 - Trophy bleach","og_description":"German quality trophy bleach based on stabilized hydrogen peroxide (11.94%) which ensures improved durability.","og_url":"https:\/\/staging.lucky-hunter.com\/product\/attratec-no10-trophy-bleach\/","og_site_name":"Lucky-Hunter","article_modified_time":"2025-10-02T03:32:53+00:00","og_image":[{"width":1000,"height":1000,"url":"https:\/\/staging.lucky-hunter.com\/wp-content\/uploads\/2021\/02\/TB-0010.png","type":"image\/png"}],"twitter_card":"summary_large_image","twitter_misc":{"Becs\u00fclt olvas\u00e1si id\u0151":"2 perc"},"schema":{"@context":"https:\/\/schema.org","@graph":[{"@type":"WebPage","@id":"https:\/\/staging.lucky-hunter.com\/product\/attratec-no10-trophy-bleach\/","url":"https:\/\/staging.lucky-hunter.com\/product\/attratec-no10-trophy-bleach\/","name":"AttraTec No10 - Trophy bleach. AttraTec No10 - Trophy bleach","isPartOf":{"@id":"https:\/\/staging.lucky-hunter.com\/#website"},"primaryImageOfPage":{"@id":"https:\/\/staging.lucky-hunter.com\/product\/attratec-no10-trophy-bleach\/#primaryimage"},"image":{"@id":"https:\/\/staging.lucky-hunter.com\/product\/attratec-no10-trophy-bleach\/#primaryimage"},"thumbnailUrl":"https:\/\/staging.lucky-hunter.com\/wp-content\/uploads\/2021\/02\/TB-0010.png","datePublished":"2021-02-18T07:23:13+00:00","dateModified":"2025-10-02T03:32:53+00:00","description":"German quality trophy bleach based on stabilized hydrogen peroxide (11.94%) which ensures improved durability.","breadcrumb":{"@id":"https:\/\/staging.lucky-hunter.com\/product\/attratec-no10-trophy-bleach\/#breadcrumb"},"inLanguage":"hu","potentialAction":[{"@type":"ReadAction","target":["https:\/\/staging.lucky-hunter.com\/product\/attratec-no10-trophy-bleach\/"]}]},{"@type":"ImageObject","inLanguage":"hu","@id":"https:\/\/staging.lucky-hunter.com\/product\/attratec-no10-trophy-bleach\/#primaryimage","url":"https:\/\/staging.lucky-hunter.com\/wp-content\/uploads\/2021\/02\/TB-0010.png","contentUrl":"https:\/\/staging.lucky-hunter.com\/wp-content\/uploads\/2021\/02\/TB-0010.png","width":1000,"height":1000},{"@type":"BreadcrumbList","@id":"https:\/\/staging.lucky-hunter.com\/product\/attratec-no10-trophy-bleach\/#breadcrumb","itemListElement":[{"@type":"ListItem","position":1,"name":"Home","item":"https:\/\/staging.lucky-hunter.com\/hu\/"},{"@type":"ListItem","position":2,"name":"Shop","item":"https:\/\/staging.lucky-hunter.com\/hu\/shop\/"},{"@type":"ListItem","position":3,"name":"AttraTec No10 &#8211; Trophy bleach"}]},{"@type":"WebSite","@id":"https:\/\/staging.lucky-hunter.com\/#website","url":"https:\/\/staging.lucky-hunter.com\/","name":"Lucky-Hunter","description":"Gear Up or Give Up","potentialAction":[{"@type":"SearchAction","target":{"@type":"EntryPoint","urlTemplate":"https:\/\/staging.lucky-hunter.com\/?s={search_term_string}"},"query-input":{"@type":"PropertyValueSpecification","valueRequired":true,"valueName":"search_term_string"}}],"inLanguage":"hu"}]}},"_links":{"self":[{"href":"https:\/\/staging.lucky-hunter.com\/hu\/wp-json\/wp\/v2\/product\/24913"}],"collection":[{"href":"https:\/\/staging.lucky-hunter.com\/hu\/wp-json\/wp\/v2\/product"}],"about":[{"href":"https:\/\/staging.lucky-hunter.com\/hu\/wp-json\/wp\/v2\/types\/product"}],"wp:featuredmedia":[{"embeddable":true,"href":"https:\/\/staging.lucky-hunter.com\/hu\/wp-json\/wp\/v2\/media\/24884"}],"wp:attachment":[{"href":"https:\/\/staging.lucky-hunter.com\/hu\/wp-json\/wp\/v2\/media?parent=24913"}],"wp:term":[{"taxonomy":"product_brand","embeddable":true,"href":"https:\/\/staging.lucky-hunter.com\/hu\/wp-json\/wp\/v2\/product_brand?post=24913"},{"taxonomy":"product_cat","embeddable":true,"href":"https:\/\/staging.lucky-hunter.com\/hu\/wp-json\/wp\/v2\/product_cat?post=24913"},{"taxonomy":"product_tag","embeddable":true,"href":"https:\/\/staging.lucky-hunter.com\/hu\/wp-json\/wp\/v2\/product_tag?post=24913"}],"curies":[{"name":"wp","href":"https:\/\/api.w.org\/{rel}","templated":true}]}}