{"id":245919,"date":"2024-09-27T14:52:06","date_gmt":"2024-09-27T12:52:06","guid":{"rendered":"https:\/\/staging.lucky-hunter.com\/?post_type=product&#038;p=245919"},"modified":"2025-10-02T05:52:42","modified_gmt":"2025-10-02T03:52:42","slug":"final-approach-silhouette-greylag-goose-12-pcs","status":"publish","type":"product","link":"https:\/\/staging.lucky-hunter.com\/hu\/product\/final-approach-silhouette-greylag-goose-12-pcs\/","title":{"rendered":"Final Approach Silhouette Greylag Goose &#8211; 12 pcs"},"content":{"rendered":"<h1><strong>Final Approach Silhouette Greylag Goose Decoys &#8211; Over-Size<\/strong><\/h1>\n<div>The big advantage of silhouette decoys is that you can create a large display of eating and resting birds without carrying a lot of bags full of full-body decoys.<\/div>\n<div><\/div>\n<div>Just place the silhouettes in a varied setup together with full body decoys, shells and Sillosocks. It is a very effective way of blurring your blind as the geese will be focused on the number of conspecifics that have landed in the field to feed.<\/div>\n<div><\/div>\n<div>Be sure to vary the angle of the silhouettes so that the geese see them from all directions.<\/div>\n<div><\/div>\n<div>This is a pack of 12 over-sized decoys for great visibility.<\/div>\n<div><\/div>\n<div><strong>In the package:<\/strong><\/div>\n<ul>\n<li>4 x Feeders<\/li>\n<li>4 x Walkers<\/li>\n<li>4 x Uprights<\/li>\n<li>12 mounting pins.<\/li>\n<\/ul>\n<div><\/div>\n<div>Made of strong material but the silhouettes still curl or bend if not handled properly. We therefore suggest that you transport and store them in a carrying case.<\/div>\n","protected":false},"excerpt":{"rendered":"<div>The big advantage of silhouette decoys is that you can create a large display of eating and resting birds.<\/div>\n","protected":false},"featured_media":245929,"template":"","meta":[],"product_brand":[9598],"product_cat":[8534,8538],"product_tag":[],"yoast_head":"<!-- This site is optimized with the Yoast SEO plugin v24.3 - https:\/\/yoast.com\/wordpress\/plugins\/seo\/ -->\n<title>Final Approach Silhouette Greylag Goose Decoys - Pack of 12<\/title>\n<meta name=\"description\" content=\"Create a highly visible and realistic goose spread with these silhouette greylag goose decoys. This oversized 12-pack is lightweight and easy to set up\" \/>\n<meta name=\"robots\" content=\"noindex, follow, max-snippet:-1, max-image-preview:large, max-video-preview:-1\" \/>\n<meta property=\"og:locale\" content=\"hu_HU\" \/>\n<meta property=\"og:type\" content=\"article\" \/>\n<meta property=\"og:title\" content=\"Final Approach Silhouette Greylag Goose Decoys - Pack of 12\" \/>\n<meta property=\"og:description\" content=\"Create a highly visible and realistic goose spread with these silhouette greylag goose decoys. This oversized 12-pack is lightweight and easy to set up\" \/>\n<meta property=\"og:url\" content=\"https:\/\/staging.lucky-hunter.com\/product\/final-approach-silhouette-greylag-goose-12-pcs\/\" \/>\n<meta property=\"og:site_name\" content=\"Lucky-Hunter\" \/>\n<meta property=\"article:modified_time\" content=\"2025-10-02T03:52:42+00:00\" \/>\n<meta property=\"og:image\" content=\"https:\/\/staging.lucky-hunter.com\/wp-content\/uploads\/2024\/09\/LF-434-removebg.png\" \/>\n\t<meta property=\"og:image:width\" content=\"900\" \/>\n\t<meta property=\"og:image:height\" content=\"900\" \/>\n\t<meta property=\"og:image:type\" content=\"image\/png\" \/>\n<meta name=\"twitter:card\" content=\"summary_large_image\" \/>\n<meta name=\"twitter:label1\" content=\"Becs\u00fclt olvas\u00e1si id\u0151\" \/>\n\t<meta name=\"twitter:data1\" content=\"1 perc\" \/>\n<script type=\"application\/ld+json\" class=\"yoast-schema-graph\">{\"@context\":\"https:\/\/schema.org\",\"@graph\":[{\"@type\":\"WebPage\",\"@id\":\"https:\/\/staging.lucky-hunter.com\/product\/final-approach-silhouette-greylag-goose-12-pcs\/\",\"url\":\"https:\/\/staging.lucky-hunter.com\/product\/final-approach-silhouette-greylag-goose-12-pcs\/\",\"name\":\"Final Approach Silhouette Greylag Goose Decoys - Pack of 12\",\"isPartOf\":{\"@id\":\"https:\/\/staging.lucky-hunter.com\/#website\"},\"primaryImageOfPage\":{\"@id\":\"https:\/\/staging.lucky-hunter.com\/product\/final-approach-silhouette-greylag-goose-12-pcs\/#primaryimage\"},\"image\":{\"@id\":\"https:\/\/staging.lucky-hunter.com\/product\/final-approach-silhouette-greylag-goose-12-pcs\/#primaryimage\"},\"thumbnailUrl\":\"https:\/\/staging.lucky-hunter.com\/wp-content\/uploads\/2024\/09\/LF-434-removebg.png\",\"datePublished\":\"2024-09-27T12:52:06+00:00\",\"dateModified\":\"2025-10-02T03:52:42+00:00\",\"description\":\"Create a highly visible and realistic goose spread with these silhouette greylag goose decoys. This oversized 12-pack is lightweight and easy to set up\",\"breadcrumb\":{\"@id\":\"https:\/\/staging.lucky-hunter.com\/product\/final-approach-silhouette-greylag-goose-12-pcs\/#breadcrumb\"},\"inLanguage\":\"hu\",\"potentialAction\":[{\"@type\":\"ReadAction\",\"target\":[\"https:\/\/staging.lucky-hunter.com\/product\/final-approach-silhouette-greylag-goose-12-pcs\/\"]}]},{\"@type\":\"ImageObject\",\"inLanguage\":\"hu\",\"@id\":\"https:\/\/staging.lucky-hunter.com\/product\/final-approach-silhouette-greylag-goose-12-pcs\/#primaryimage\",\"url\":\"https:\/\/staging.lucky-hunter.com\/wp-content\/uploads\/2024\/09\/LF-434-removebg.png\",\"contentUrl\":\"https:\/\/staging.lucky-hunter.com\/wp-content\/uploads\/2024\/09\/LF-434-removebg.png\",\"width\":900,\"height\":900},{\"@type\":\"BreadcrumbList\",\"@id\":\"https:\/\/staging.lucky-hunter.com\/product\/final-approach-silhouette-greylag-goose-12-pcs\/#breadcrumb\",\"itemListElement\":[{\"@type\":\"ListItem\",\"position\":1,\"name\":\"Home\",\"item\":\"https:\/\/staging.lucky-hunter.com\/hu\/\"},{\"@type\":\"ListItem\",\"position\":2,\"name\":\"Shop\",\"item\":\"https:\/\/staging.lucky-hunter.com\/hu\/shop\/\"},{\"@type\":\"ListItem\",\"position\":3,\"name\":\"Final Approach Silhouette Greylag Goose &#8211; 12 pcs\"}]},{\"@type\":\"WebSite\",\"@id\":\"https:\/\/staging.lucky-hunter.com\/#website\",\"url\":\"https:\/\/staging.lucky-hunter.com\/\",\"name\":\"Lucky-Hunter\",\"description\":\"Gear Up or Give Up\",\"potentialAction\":[{\"@type\":\"SearchAction\",\"target\":{\"@type\":\"EntryPoint\",\"urlTemplate\":\"https:\/\/staging.lucky-hunter.com\/?s={search_term_string}\"},\"query-input\":{\"@type\":\"PropertyValueSpecification\",\"valueRequired\":true,\"valueName\":\"search_term_string\"}}],\"inLanguage\":\"hu\"}]}<\/script>\n<!-- \/ Yoast SEO plugin. -->","yoast_head_json":{"title":"Final Approach Silhouette Greylag Goose Decoys - Pack of 12","description":"Create a highly visible and realistic goose spread with these silhouette greylag goose decoys. This oversized 12-pack is lightweight and easy to set up","robots":{"index":"noindex","follow":"follow","max-snippet":"max-snippet:-1","max-image-preview":"max-image-preview:large","max-video-preview":"max-video-preview:-1"},"og_locale":"hu_HU","og_type":"article","og_title":"Final Approach Silhouette Greylag Goose Decoys - Pack of 12","og_description":"Create a highly visible and realistic goose spread with these silhouette greylag goose decoys. This oversized 12-pack is lightweight and easy to set up","og_url":"https:\/\/staging.lucky-hunter.com\/product\/final-approach-silhouette-greylag-goose-12-pcs\/","og_site_name":"Lucky-Hunter","article_modified_time":"2025-10-02T03:52:42+00:00","og_image":[{"width":900,"height":900,"url":"https:\/\/staging.lucky-hunter.com\/wp-content\/uploads\/2024\/09\/LF-434-removebg.png","type":"image\/png"}],"twitter_card":"summary_large_image","twitter_misc":{"Becs\u00fclt olvas\u00e1si id\u0151":"1 perc"},"schema":{"@context":"https:\/\/schema.org","@graph":[{"@type":"WebPage","@id":"https:\/\/staging.lucky-hunter.com\/product\/final-approach-silhouette-greylag-goose-12-pcs\/","url":"https:\/\/staging.lucky-hunter.com\/product\/final-approach-silhouette-greylag-goose-12-pcs\/","name":"Final Approach Silhouette Greylag Goose Decoys - Pack of 12","isPartOf":{"@id":"https:\/\/staging.lucky-hunter.com\/#website"},"primaryImageOfPage":{"@id":"https:\/\/staging.lucky-hunter.com\/product\/final-approach-silhouette-greylag-goose-12-pcs\/#primaryimage"},"image":{"@id":"https:\/\/staging.lucky-hunter.com\/product\/final-approach-silhouette-greylag-goose-12-pcs\/#primaryimage"},"thumbnailUrl":"https:\/\/staging.lucky-hunter.com\/wp-content\/uploads\/2024\/09\/LF-434-removebg.png","datePublished":"2024-09-27T12:52:06+00:00","dateModified":"2025-10-02T03:52:42+00:00","description":"Create a highly visible and realistic goose spread with these silhouette greylag goose decoys. This oversized 12-pack is lightweight and easy to set up","breadcrumb":{"@id":"https:\/\/staging.lucky-hunter.com\/product\/final-approach-silhouette-greylag-goose-12-pcs\/#breadcrumb"},"inLanguage":"hu","potentialAction":[{"@type":"ReadAction","target":["https:\/\/staging.lucky-hunter.com\/product\/final-approach-silhouette-greylag-goose-12-pcs\/"]}]},{"@type":"ImageObject","inLanguage":"hu","@id":"https:\/\/staging.lucky-hunter.com\/product\/final-approach-silhouette-greylag-goose-12-pcs\/#primaryimage","url":"https:\/\/staging.lucky-hunter.com\/wp-content\/uploads\/2024\/09\/LF-434-removebg.png","contentUrl":"https:\/\/staging.lucky-hunter.com\/wp-content\/uploads\/2024\/09\/LF-434-removebg.png","width":900,"height":900},{"@type":"BreadcrumbList","@id":"https:\/\/staging.lucky-hunter.com\/product\/final-approach-silhouette-greylag-goose-12-pcs\/#breadcrumb","itemListElement":[{"@type":"ListItem","position":1,"name":"Home","item":"https:\/\/staging.lucky-hunter.com\/hu\/"},{"@type":"ListItem","position":2,"name":"Shop","item":"https:\/\/staging.lucky-hunter.com\/hu\/shop\/"},{"@type":"ListItem","position":3,"name":"Final Approach Silhouette Greylag Goose &#8211; 12 pcs"}]},{"@type":"WebSite","@id":"https:\/\/staging.lucky-hunter.com\/#website","url":"https:\/\/staging.lucky-hunter.com\/","name":"Lucky-Hunter","description":"Gear Up or Give Up","potentialAction":[{"@type":"SearchAction","target":{"@type":"EntryPoint","urlTemplate":"https:\/\/staging.lucky-hunter.com\/?s={search_term_string}"},"query-input":{"@type":"PropertyValueSpecification","valueRequired":true,"valueName":"search_term_string"}}],"inLanguage":"hu"}]}},"_links":{"self":[{"href":"https:\/\/staging.lucky-hunter.com\/hu\/wp-json\/wp\/v2\/product\/245919"}],"collection":[{"href":"https:\/\/staging.lucky-hunter.com\/hu\/wp-json\/wp\/v2\/product"}],"about":[{"href":"https:\/\/staging.lucky-hunter.com\/hu\/wp-json\/wp\/v2\/types\/product"}],"wp:featuredmedia":[{"embeddable":true,"href":"https:\/\/staging.lucky-hunter.com\/hu\/wp-json\/wp\/v2\/media\/245929"}],"wp:attachment":[{"href":"https:\/\/staging.lucky-hunter.com\/hu\/wp-json\/wp\/v2\/media?parent=245919"}],"wp:term":[{"taxonomy":"product_brand","embeddable":true,"href":"https:\/\/staging.lucky-hunter.com\/hu\/wp-json\/wp\/v2\/product_brand?post=245919"},{"taxonomy":"product_cat","embeddable":true,"href":"https:\/\/staging.lucky-hunter.com\/hu\/wp-json\/wp\/v2\/product_cat?post=245919"},{"taxonomy":"product_tag","embeddable":true,"href":"https:\/\/staging.lucky-hunter.com\/hu\/wp-json\/wp\/v2\/product_tag?post=245919"}],"curies":[{"name":"wp","href":"https:\/\/api.w.org\/{rel}","templated":true}]}}