{"id":24242,"date":"2020-08-24T10:31:49","date_gmt":"2020-08-24T08:31:49","guid":{"rendered":"https:\/\/staging.lucky-hunter.com\/?post_type=product&#038;p=24242"},"modified":"2025-10-02T10:42:55","modified_gmt":"2025-10-02T08:42:55","slug":"banded-5-mm-dog-parka","status":"publish","type":"product","link":"https:\/\/staging.lucky-hunter.com\/hu\/product\/banded-5-mm-dog-parka\/","title":{"rendered":"Banded 5 mm Dog Parka &#8211; Max7"},"content":{"rendered":"<p><iframe title=\"Banded 5mm dog parka\" width=\"1020\" height=\"574\" src=\"https:\/\/www.youtube.com\/embed\/wZ-gtR-Wx-A?wmode=transparent&amp;rel=0&amp;feature=oembed&#038;enablejsapi=1&#038;origin=https:\/\/staging.lucky-hunter.com\" frameborder=\"0\" allow=\"accelerometer; autoplay; clipboard-write; encrypted-media; gyroscope; picture-in-picture; web-share\" referrerpolicy=\"strict-origin-when-cross-origin\" allowfullscreen><\/iframe><\/p>\n<h1><strong>News for your best hunting buddy &#8211; Warms and protects the dog from injury<\/strong><\/h1>\n<p>American Banded has developed a new heavy duty 5 mm neoprene vest that will surely keep your hunting dog warm on cold hunting days.<\/p>\n<p>It is specially designed to also protect the dog from harmful tears when working in the field, in the woods or in the water.<\/p>\n<p>The integrated floating padding has a really good buoyancy effect when the dog has to swim and work in water. As an added feature, the vest has a lifting handle so you can easily get a grip on the dog if needed.<\/p>\n<p>Banded Dog Parka has a comfortable fit for the dog, which increases its mobility and comfort both on land and in water.<\/p>\n<p><strong>Features:<\/strong><\/p>\n<ul>\n<li>5 mm spandura neoprene construction<\/li>\n<li>Powerful zipper<\/li>\n<li>Lifting handle<\/li>\n<li>Eye for dog leash<\/li>\n<li>Flotation padding that provides extra buoyancy<\/li>\n<li>A perfect fit around neck and leg areas<\/li>\n<li>Ma7 camo<\/li>\n<\/ul>\n<p><strong>Size overview:<\/strong><\/p>\n<p>Size S: 40 cm (neck) &#8211; 61 cm (chest)<br \/>\nSize M: 43 cm (neck) &#8211; 66 cm (chest).<br \/>\nSize L: 46 cm (neck) &#8211; 71 cm (chest)<br \/>\nSize XL: 48.50 cm (neck) &#8211; 79 cm (chest).<\/p>\n<p>You measure the dog&#8217;s chest just behind the front legs.<\/p>\n<p>Make sure the vest is tight enough to hold your dog&#8217;s body heat, but not so tight that it interferes with the dog&#8217;s breathing or comfort.<\/p>\n<p><img decoding=\"async\" class=\"alignnone size-full wp-image-27803\" src=\"https:\/\/staging.lucky-hunter.com\/wp-content\/uploads\/2020\/08\/AVE03210.jpg\" alt=\"\" width=\"845\" height=\"844\" srcset=\"https:\/\/staging.lucky-hunter.com\/wp-content\/uploads\/2020\/08\/AVE03210.jpg 845w, https:\/\/staging.lucky-hunter.com\/wp-content\/uploads\/2020\/08\/AVE03210-150x150.jpg 150w, https:\/\/staging.lucky-hunter.com\/wp-content\/uploads\/2020\/08\/AVE03210-768x767.jpg 768w, https:\/\/staging.lucky-hunter.com\/wp-content\/uploads\/2020\/08\/AVE03210-300x300.jpg 300w, https:\/\/staging.lucky-hunter.com\/wp-content\/uploads\/2020\/08\/AVE03210-250x250.jpg 250w, https:\/\/staging.lucky-hunter.com\/wp-content\/uploads\/2020\/08\/AVE03210-100x100.jpg 100w\" sizes=\"(max-width: 845px) 100vw, 845px\" \/><\/p>\n","protected":false},"excerpt":{"rendered":"<p>American Banded has developed a new heavy duty 5 mm neoprene vest that will surely keep your hunting dog warm on cold hunting days.<\/p>\n","protected":false},"featured_media":24243,"template":"","meta":[],"product_brand":[6608],"product_cat":[8080],"product_tag":[],"yoast_head":"<!-- This site is optimized with the Yoast SEO plugin v24.3 - https:\/\/yoast.com\/wordpress\/plugins\/seo\/ -->\n<title>Banded 5 mm Dog Parka - Warms and protects the dog from injury. Lucky-Hunter.com<\/title>\n<meta name=\"description\" content=\"American Banded has developed a new heavy duty 5 mm neoprene vest that will surely keep your hunting dog warm on cold hunting days.\" \/>\n<meta name=\"robots\" content=\"noindex, follow, max-snippet:-1, max-image-preview:large, max-video-preview:-1\" \/>\n<meta property=\"og:locale\" content=\"hu_HU\" \/>\n<meta property=\"og:type\" content=\"article\" \/>\n<meta property=\"og:title\" content=\"Banded 5 mm Dog Parka - Warms and protects the dog from injury. Lucky-Hunter.com\" \/>\n<meta property=\"og:description\" content=\"American Banded has developed a new heavy duty 5 mm neoprene vest that will surely keep your hunting dog warm on cold hunting days.\" \/>\n<meta property=\"og:url\" content=\"https:\/\/staging.lucky-hunter.com\/es\/product\/banded-5-mm-dog-parka\/\" \/>\n<meta property=\"og:site_name\" content=\"Lucky-Hunter\" \/>\n<meta property=\"article:modified_time\" content=\"2025-10-02T08:42:55+00:00\" \/>\n<meta property=\"og:image\" content=\"https:\/\/staging.lucky-hunter.com\/wp-content\/uploads\/2020\/08\/JH-150.png\" \/>\n\t<meta property=\"og:image:width\" content=\"1000\" \/>\n\t<meta property=\"og:image:height\" content=\"1000\" \/>\n\t<meta property=\"og:image:type\" content=\"image\/png\" \/>\n<meta name=\"twitter:card\" content=\"summary_large_image\" \/>\n<meta name=\"twitter:label1\" content=\"Becs\u00fclt olvas\u00e1si id\u0151\" \/>\n\t<meta name=\"twitter:data1\" content=\"2 perc\" \/>\n<script type=\"application\/ld+json\" class=\"yoast-schema-graph\">{\"@context\":\"https:\/\/schema.org\",\"@graph\":[{\"@type\":\"WebPage\",\"@id\":\"https:\/\/staging.lucky-hunter.com\/es\/product\/banded-5-mm-dog-parka\/\",\"url\":\"https:\/\/staging.lucky-hunter.com\/es\/product\/banded-5-mm-dog-parka\/\",\"name\":\"Banded 5 mm Dog Parka - Warms and protects the dog from injury. Lucky-Hunter.com\",\"isPartOf\":{\"@id\":\"https:\/\/staging.lucky-hunter.com\/#website\"},\"primaryImageOfPage\":{\"@id\":\"https:\/\/staging.lucky-hunter.com\/es\/product\/banded-5-mm-dog-parka\/#primaryimage\"},\"image\":{\"@id\":\"https:\/\/staging.lucky-hunter.com\/es\/product\/banded-5-mm-dog-parka\/#primaryimage\"},\"thumbnailUrl\":\"https:\/\/staging.lucky-hunter.com\/wp-content\/uploads\/2020\/08\/JH-150.png\",\"datePublished\":\"2020-08-24T08:31:49+00:00\",\"dateModified\":\"2025-10-02T08:42:55+00:00\",\"description\":\"American Banded has developed a new heavy duty 5 mm neoprene vest that will surely keep your hunting dog warm on cold hunting days.\",\"breadcrumb\":{\"@id\":\"https:\/\/staging.lucky-hunter.com\/es\/product\/banded-5-mm-dog-parka\/#breadcrumb\"},\"inLanguage\":\"hu\",\"potentialAction\":[{\"@type\":\"ReadAction\",\"target\":[\"https:\/\/staging.lucky-hunter.com\/es\/product\/banded-5-mm-dog-parka\/\"]}]},{\"@type\":\"ImageObject\",\"inLanguage\":\"hu\",\"@id\":\"https:\/\/staging.lucky-hunter.com\/es\/product\/banded-5-mm-dog-parka\/#primaryimage\",\"url\":\"https:\/\/staging.lucky-hunter.com\/wp-content\/uploads\/2020\/08\/JH-150.png\",\"contentUrl\":\"https:\/\/staging.lucky-hunter.com\/wp-content\/uploads\/2020\/08\/JH-150.png\",\"width\":1000,\"height\":1000},{\"@type\":\"BreadcrumbList\",\"@id\":\"https:\/\/staging.lucky-hunter.com\/es\/product\/banded-5-mm-dog-parka\/#breadcrumb\",\"itemListElement\":[{\"@type\":\"ListItem\",\"position\":1,\"name\":\"Home\",\"item\":\"https:\/\/staging.lucky-hunter.com\/hu\/\"},{\"@type\":\"ListItem\",\"position\":2,\"name\":\"Shop\",\"item\":\"https:\/\/staging.lucky-hunter.com\/hu\/shop\/\"},{\"@type\":\"ListItem\",\"position\":3,\"name\":\"Banded 5 mm Dog Parka &#8211; Max7\"}]},{\"@type\":\"WebSite\",\"@id\":\"https:\/\/staging.lucky-hunter.com\/#website\",\"url\":\"https:\/\/staging.lucky-hunter.com\/\",\"name\":\"Lucky-Hunter\",\"description\":\"Gear Up or Give Up\",\"potentialAction\":[{\"@type\":\"SearchAction\",\"target\":{\"@type\":\"EntryPoint\",\"urlTemplate\":\"https:\/\/staging.lucky-hunter.com\/?s={search_term_string}\"},\"query-input\":{\"@type\":\"PropertyValueSpecification\",\"valueRequired\":true,\"valueName\":\"search_term_string\"}}],\"inLanguage\":\"hu\"}]}<\/script>\n<!-- \/ Yoast SEO plugin. -->","yoast_head_json":{"title":"Banded 5 mm Dog Parka - Warms and protects the dog from injury. Lucky-Hunter.com","description":"American Banded has developed a new heavy duty 5 mm neoprene vest that will surely keep your hunting dog warm on cold hunting days.","robots":{"index":"noindex","follow":"follow","max-snippet":"max-snippet:-1","max-image-preview":"max-image-preview:large","max-video-preview":"max-video-preview:-1"},"og_locale":"hu_HU","og_type":"article","og_title":"Banded 5 mm Dog Parka - Warms and protects the dog from injury. Lucky-Hunter.com","og_description":"American Banded has developed a new heavy duty 5 mm neoprene vest that will surely keep your hunting dog warm on cold hunting days.","og_url":"https:\/\/staging.lucky-hunter.com\/es\/product\/banded-5-mm-dog-parka\/","og_site_name":"Lucky-Hunter","article_modified_time":"2025-10-02T08:42:55+00:00","og_image":[{"width":1000,"height":1000,"url":"https:\/\/staging.lucky-hunter.com\/wp-content\/uploads\/2020\/08\/JH-150.png","type":"image\/png"}],"twitter_card":"summary_large_image","twitter_misc":{"Becs\u00fclt olvas\u00e1si id\u0151":"2 perc"},"schema":{"@context":"https:\/\/schema.org","@graph":[{"@type":"WebPage","@id":"https:\/\/staging.lucky-hunter.com\/es\/product\/banded-5-mm-dog-parka\/","url":"https:\/\/staging.lucky-hunter.com\/es\/product\/banded-5-mm-dog-parka\/","name":"Banded 5 mm Dog Parka - Warms and protects the dog from injury. Lucky-Hunter.com","isPartOf":{"@id":"https:\/\/staging.lucky-hunter.com\/#website"},"primaryImageOfPage":{"@id":"https:\/\/staging.lucky-hunter.com\/es\/product\/banded-5-mm-dog-parka\/#primaryimage"},"image":{"@id":"https:\/\/staging.lucky-hunter.com\/es\/product\/banded-5-mm-dog-parka\/#primaryimage"},"thumbnailUrl":"https:\/\/staging.lucky-hunter.com\/wp-content\/uploads\/2020\/08\/JH-150.png","datePublished":"2020-08-24T08:31:49+00:00","dateModified":"2025-10-02T08:42:55+00:00","description":"American Banded has developed a new heavy duty 5 mm neoprene vest that will surely keep your hunting dog warm on cold hunting days.","breadcrumb":{"@id":"https:\/\/staging.lucky-hunter.com\/es\/product\/banded-5-mm-dog-parka\/#breadcrumb"},"inLanguage":"hu","potentialAction":[{"@type":"ReadAction","target":["https:\/\/staging.lucky-hunter.com\/es\/product\/banded-5-mm-dog-parka\/"]}]},{"@type":"ImageObject","inLanguage":"hu","@id":"https:\/\/staging.lucky-hunter.com\/es\/product\/banded-5-mm-dog-parka\/#primaryimage","url":"https:\/\/staging.lucky-hunter.com\/wp-content\/uploads\/2020\/08\/JH-150.png","contentUrl":"https:\/\/staging.lucky-hunter.com\/wp-content\/uploads\/2020\/08\/JH-150.png","width":1000,"height":1000},{"@type":"BreadcrumbList","@id":"https:\/\/staging.lucky-hunter.com\/es\/product\/banded-5-mm-dog-parka\/#breadcrumb","itemListElement":[{"@type":"ListItem","position":1,"name":"Home","item":"https:\/\/staging.lucky-hunter.com\/hu\/"},{"@type":"ListItem","position":2,"name":"Shop","item":"https:\/\/staging.lucky-hunter.com\/hu\/shop\/"},{"@type":"ListItem","position":3,"name":"Banded 5 mm Dog Parka &#8211; Max7"}]},{"@type":"WebSite","@id":"https:\/\/staging.lucky-hunter.com\/#website","url":"https:\/\/staging.lucky-hunter.com\/","name":"Lucky-Hunter","description":"Gear Up or Give Up","potentialAction":[{"@type":"SearchAction","target":{"@type":"EntryPoint","urlTemplate":"https:\/\/staging.lucky-hunter.com\/?s={search_term_string}"},"query-input":{"@type":"PropertyValueSpecification","valueRequired":true,"valueName":"search_term_string"}}],"inLanguage":"hu"}]}},"_links":{"self":[{"href":"https:\/\/staging.lucky-hunter.com\/hu\/wp-json\/wp\/v2\/product\/24242"}],"collection":[{"href":"https:\/\/staging.lucky-hunter.com\/hu\/wp-json\/wp\/v2\/product"}],"about":[{"href":"https:\/\/staging.lucky-hunter.com\/hu\/wp-json\/wp\/v2\/types\/product"}],"wp:featuredmedia":[{"embeddable":true,"href":"https:\/\/staging.lucky-hunter.com\/hu\/wp-json\/wp\/v2\/media\/24243"}],"wp:attachment":[{"href":"https:\/\/staging.lucky-hunter.com\/hu\/wp-json\/wp\/v2\/media?parent=24242"}],"wp:term":[{"taxonomy":"product_brand","embeddable":true,"href":"https:\/\/staging.lucky-hunter.com\/hu\/wp-json\/wp\/v2\/product_brand?post=24242"},{"taxonomy":"product_cat","embeddable":true,"href":"https:\/\/staging.lucky-hunter.com\/hu\/wp-json\/wp\/v2\/product_cat?post=24242"},{"taxonomy":"product_tag","embeddable":true,"href":"https:\/\/staging.lucky-hunter.com\/hu\/wp-json\/wp\/v2\/product_tag?post=24242"}],"curies":[{"name":"wp","href":"https:\/\/api.w.org\/{rel}","templated":true}]}}