{"id":24038,"date":"2020-06-24T09:14:09","date_gmt":"2020-06-24T07:14:09","guid":{"rendered":"https:\/\/staging.lucky-hunter.com\/?post_type=product&#038;p=24038"},"modified":"2025-10-02T03:55:39","modified_gmt":"2025-10-02T01:55:39","slug":"avian-x-lesser-canada-decoys-feeder","status":"publish","type":"product","link":"https:\/\/staging.lucky-hunter.com\/hu\/product\/avian-x-lesser-canada-decoys-feeder\/","title":{"rendered":"Avian-X Lesser Canada Decoys &#8211; Feeder"},"content":{"rendered":"<p><iframe title=\"Avian-X Lesser Canada Decoys | Feeder Pack\" width=\"1020\" height=\"574\" src=\"https:\/\/www.youtube.com\/embed\/AEeeW1lfTQw?wmode=transparent&amp;rel=0&amp;feature=oembed&#038;enablejsapi=1&#038;origin=https:\/\/staging.lucky-hunter.com\" frameborder=\"0\" allow=\"accelerometer; autoplay; clipboard-write; encrypted-media; gyroscope; picture-in-picture\" allowfullscreen><\/iframe><\/p>\n<h2><strong>Avian-X Lesser Canada Decoys &#8211; the market&#8217;s most durable decoys, period!<\/strong><\/h2>\n<p>Avian-X AXP full-body decoys rival every production decoy out there.<\/p>\n<p>Ultra-realistic paint schemes and superior paint adhesion combine with factory-attached flocked heads for a truly lifelike look.<\/p>\n<p>Oversized, retractable motion bases make for easy setups and added durability.<\/p>\n<p>These birds are perfect for throw-and-go hunting to eliminate bagging and unbagging individual blocks. The standard has been set for Canada decoys \u2013 and this is it.<\/p>\n<p>Avian-X focuses on constant development to create the market&#8217;s best decoys for you to get success on your goose\u00a0hunting.<\/p>\n<p>Attract large groups of lessers with these high-quality decoys. Avian-X does not hold back when it comes to creating their lifelike decoys.<\/p>\n<h3>Amazing lifelike quality<\/h3>\n<p>Many hours are spent sculpting and eventually painting their models to perfection. They do not use the same copy and paste template for all species of bird compared to many cheaper brands. Due to this, their paintwork is more realistic and individual for each species.<\/p>\n<p>This sculpting and painting ensure that the finished product is very close to the appearance of the real thing- and so it will convince the real birds more easily. Avian-X decoys also feature true-to-life anatomy, main and body positions. Therefore, all of this adds to the drawing power of the decoys.<\/p>\n<p>Avian-X uses a softer and more flexible plastic than other decoy brands. These decoys can withstand freezing temperatures without the risk of cracks. Remove ice and snow quickly and easily with a light stroke or pressure.<\/p>\n<p>Painted with a revolutionary matte, ultra adhesive paint. As you&#8217;ll know from their other decoys, this paint is hyper-realistic and true to life. Another great feature is that this paint does not shine under UV light. Found in many cheap brand decoys, this is a problem. Live birds will not be attracted to a decoy spread which shines glaringly in UV light. Many goose hunters are turning to non-flocked decoys as they handling flocked decoys without velvet gloves means the flock will slide off quickly.<\/p>\n<h3>Variations:<\/h3>\n<ul>\n<li>Short-Neck Feeders x 2<\/li>\n<li>Walking Feeders x 2<\/li>\n<li>Stretch-Neck Feeders x 2<\/li>\n<\/ul>\n<p>Includes a 6 space carry case for easy transport and storage.<\/p>\n<p>There is the option of Avian-X Canada geese with flock if you still prefer this &#8211; product number LF-320 and LF-321 respectively.<\/p>\n<p>Product Name: Avian-X Lesser AXP Painted Feeder.<\/p>\n<p>&nbsp;<\/p>\n","protected":false},"excerpt":{"rendered":"<p>Avian-X AXP full-body decoys rival every production decoy out there. Ultra-realistic paint schemes and superior paint adhesion combine with factory-attached flocked heads for a truly lifelike look.<\/p>\n","protected":false},"featured_media":26236,"template":"","meta":[],"product_brand":[110],"product_cat":[8022],"product_tag":[9146],"yoast_head":"<!-- This site is optimized with the Yoast SEO plugin v24.3 - https:\/\/yoast.com\/wordpress\/plugins\/seo\/ -->\n<title>Avian-X Lesser Canada High Quality Decoys | Lucky Hunter<\/title>\n<meta name=\"description\" content=\"High quality, painted full body decoys. Avian-X Lesser Canada decoys are perfect for the goose hunters out there. Beautiful, top quality.\" \/>\n<meta name=\"robots\" content=\"noindex, follow, max-snippet:-1, max-image-preview:large, max-video-preview:-1\" \/>\n<meta property=\"og:locale\" content=\"hu_HU\" \/>\n<meta property=\"og:type\" content=\"article\" \/>\n<meta property=\"og:title\" content=\"Avian-X Lesser Canada High Quality Decoys | Lucky Hunter\" \/>\n<meta property=\"og:description\" content=\"High quality, painted full body decoys. Avian-X Lesser Canada decoys are perfect for the goose hunters out there. Beautiful, top quality.\" \/>\n<meta property=\"og:url\" content=\"https:\/\/staging.lucky-hunter.com\/product\/avian-x-lesser-canada-decoys-feeder\/\" \/>\n<meta property=\"og:site_name\" content=\"Lucky-Hunter\" \/>\n<meta property=\"article:modified_time\" content=\"2025-10-02T01:55:39+00:00\" \/>\n<meta property=\"og:image\" content=\"https:\/\/staging.lucky-hunter.com\/wp-content\/uploads\/2020\/06\/LF-327.png.webp\" \/>\n\t<meta property=\"og:image:width\" content=\"1000\" \/>\n\t<meta property=\"og:image:height\" content=\"1000\" \/>\n\t<meta property=\"og:image:type\" content=\"image\/webp\" \/>\n<meta name=\"twitter:card\" content=\"summary_large_image\" \/>\n<meta name=\"twitter:title\" content=\"Avian-X Lesser Canada High Quality Decoys | Lucky Hunter\" \/>\n<meta name=\"twitter:description\" content=\"High quality, painted full body decoys. Avian-X Lesser Canada decoys are perfect for the goose hunters out there. Beautiful, top quality.\" \/>\n<meta name=\"twitter:label1\" content=\"Becs\u00fclt olvas\u00e1si id\u0151\" \/>\n\t<meta name=\"twitter:data1\" content=\"2 perc\" \/>\n<script type=\"application\/ld+json\" class=\"yoast-schema-graph\">{\"@context\":\"https:\/\/schema.org\",\"@graph\":[{\"@type\":\"WebPage\",\"@id\":\"https:\/\/staging.lucky-hunter.com\/product\/avian-x-lesser-canada-decoys-feeder\/\",\"url\":\"https:\/\/staging.lucky-hunter.com\/product\/avian-x-lesser-canada-decoys-feeder\/\",\"name\":\"Avian-X Lesser Canada High Quality Decoys | Lucky Hunter\",\"isPartOf\":{\"@id\":\"https:\/\/staging.lucky-hunter.com\/#website\"},\"primaryImageOfPage\":{\"@id\":\"https:\/\/staging.lucky-hunter.com\/product\/avian-x-lesser-canada-decoys-feeder\/#primaryimage\"},\"image\":{\"@id\":\"https:\/\/staging.lucky-hunter.com\/product\/avian-x-lesser-canada-decoys-feeder\/#primaryimage\"},\"thumbnailUrl\":\"https:\/\/staging.lucky-hunter.com\/wp-content\/uploads\/2020\/06\/LF-327.png.webp\",\"datePublished\":\"2020-06-24T07:14:09+00:00\",\"dateModified\":\"2025-10-02T01:55:39+00:00\",\"description\":\"High quality, painted full body decoys. Avian-X Lesser Canada decoys are perfect for the goose hunters out there. Beautiful, top quality.\",\"breadcrumb\":{\"@id\":\"https:\/\/staging.lucky-hunter.com\/product\/avian-x-lesser-canada-decoys-feeder\/#breadcrumb\"},\"inLanguage\":\"hu\",\"potentialAction\":[{\"@type\":\"ReadAction\",\"target\":[\"https:\/\/staging.lucky-hunter.com\/product\/avian-x-lesser-canada-decoys-feeder\/\"]}]},{\"@type\":\"ImageObject\",\"inLanguage\":\"hu\",\"@id\":\"https:\/\/staging.lucky-hunter.com\/product\/avian-x-lesser-canada-decoys-feeder\/#primaryimage\",\"url\":\"https:\/\/staging.lucky-hunter.com\/wp-content\/uploads\/2020\/06\/LF-327.png.webp\",\"contentUrl\":\"https:\/\/staging.lucky-hunter.com\/wp-content\/uploads\/2020\/06\/LF-327.png.webp\",\"width\":1000,\"height\":1000},{\"@type\":\"BreadcrumbList\",\"@id\":\"https:\/\/staging.lucky-hunter.com\/product\/avian-x-lesser-canada-decoys-feeder\/#breadcrumb\",\"itemListElement\":[{\"@type\":\"ListItem\",\"position\":1,\"name\":\"Home\",\"item\":\"https:\/\/staging.lucky-hunter.com\/hu\/\"},{\"@type\":\"ListItem\",\"position\":2,\"name\":\"Shop\",\"item\":\"https:\/\/staging.lucky-hunter.com\/hu\/shop\/\"},{\"@type\":\"ListItem\",\"position\":3,\"name\":\"Avian-X Lesser Canada Decoys &#8211; Feeder\"}]},{\"@type\":\"WebSite\",\"@id\":\"https:\/\/staging.lucky-hunter.com\/#website\",\"url\":\"https:\/\/staging.lucky-hunter.com\/\",\"name\":\"Lucky-Hunter\",\"description\":\"Gear Up or Give Up\",\"potentialAction\":[{\"@type\":\"SearchAction\",\"target\":{\"@type\":\"EntryPoint\",\"urlTemplate\":\"https:\/\/staging.lucky-hunter.com\/?s={search_term_string}\"},\"query-input\":{\"@type\":\"PropertyValueSpecification\",\"valueRequired\":true,\"valueName\":\"search_term_string\"}}],\"inLanguage\":\"hu\"}]}<\/script>\n<!-- \/ Yoast SEO plugin. -->","yoast_head_json":{"title":"Avian-X Lesser Canada High Quality Decoys | Lucky Hunter","description":"High quality, painted full body decoys. Avian-X Lesser Canada decoys are perfect for the goose hunters out there. Beautiful, top quality.","robots":{"index":"noindex","follow":"follow","max-snippet":"max-snippet:-1","max-image-preview":"max-image-preview:large","max-video-preview":"max-video-preview:-1"},"og_locale":"hu_HU","og_type":"article","og_title":"Avian-X Lesser Canada High Quality Decoys | Lucky Hunter","og_description":"High quality, painted full body decoys. Avian-X Lesser Canada decoys are perfect for the goose hunters out there. Beautiful, top quality.","og_url":"https:\/\/staging.lucky-hunter.com\/product\/avian-x-lesser-canada-decoys-feeder\/","og_site_name":"Lucky-Hunter","article_modified_time":"2025-10-02T01:55:39+00:00","og_image":[{"width":1000,"height":1000,"url":"https:\/\/staging.lucky-hunter.com\/wp-content\/uploads\/2020\/06\/LF-327.png.webp","type":"image\/webp"}],"twitter_card":"summary_large_image","twitter_title":"Avian-X Lesser Canada High Quality Decoys | Lucky Hunter","twitter_description":"High quality, painted full body decoys. Avian-X Lesser Canada decoys are perfect for the goose hunters out there. Beautiful, top quality.","twitter_misc":{"Becs\u00fclt olvas\u00e1si id\u0151":"2 perc"},"schema":{"@context":"https:\/\/schema.org","@graph":[{"@type":"WebPage","@id":"https:\/\/staging.lucky-hunter.com\/product\/avian-x-lesser-canada-decoys-feeder\/","url":"https:\/\/staging.lucky-hunter.com\/product\/avian-x-lesser-canada-decoys-feeder\/","name":"Avian-X Lesser Canada High Quality Decoys | Lucky Hunter","isPartOf":{"@id":"https:\/\/staging.lucky-hunter.com\/#website"},"primaryImageOfPage":{"@id":"https:\/\/staging.lucky-hunter.com\/product\/avian-x-lesser-canada-decoys-feeder\/#primaryimage"},"image":{"@id":"https:\/\/staging.lucky-hunter.com\/product\/avian-x-lesser-canada-decoys-feeder\/#primaryimage"},"thumbnailUrl":"https:\/\/staging.lucky-hunter.com\/wp-content\/uploads\/2020\/06\/LF-327.png.webp","datePublished":"2020-06-24T07:14:09+00:00","dateModified":"2025-10-02T01:55:39+00:00","description":"High quality, painted full body decoys. Avian-X Lesser Canada decoys are perfect for the goose hunters out there. Beautiful, top quality.","breadcrumb":{"@id":"https:\/\/staging.lucky-hunter.com\/product\/avian-x-lesser-canada-decoys-feeder\/#breadcrumb"},"inLanguage":"hu","potentialAction":[{"@type":"ReadAction","target":["https:\/\/staging.lucky-hunter.com\/product\/avian-x-lesser-canada-decoys-feeder\/"]}]},{"@type":"ImageObject","inLanguage":"hu","@id":"https:\/\/staging.lucky-hunter.com\/product\/avian-x-lesser-canada-decoys-feeder\/#primaryimage","url":"https:\/\/staging.lucky-hunter.com\/wp-content\/uploads\/2020\/06\/LF-327.png.webp","contentUrl":"https:\/\/staging.lucky-hunter.com\/wp-content\/uploads\/2020\/06\/LF-327.png.webp","width":1000,"height":1000},{"@type":"BreadcrumbList","@id":"https:\/\/staging.lucky-hunter.com\/product\/avian-x-lesser-canada-decoys-feeder\/#breadcrumb","itemListElement":[{"@type":"ListItem","position":1,"name":"Home","item":"https:\/\/staging.lucky-hunter.com\/hu\/"},{"@type":"ListItem","position":2,"name":"Shop","item":"https:\/\/staging.lucky-hunter.com\/hu\/shop\/"},{"@type":"ListItem","position":3,"name":"Avian-X Lesser Canada Decoys &#8211; Feeder"}]},{"@type":"WebSite","@id":"https:\/\/staging.lucky-hunter.com\/#website","url":"https:\/\/staging.lucky-hunter.com\/","name":"Lucky-Hunter","description":"Gear Up or Give Up","potentialAction":[{"@type":"SearchAction","target":{"@type":"EntryPoint","urlTemplate":"https:\/\/staging.lucky-hunter.com\/?s={search_term_string}"},"query-input":{"@type":"PropertyValueSpecification","valueRequired":true,"valueName":"search_term_string"}}],"inLanguage":"hu"}]}},"_links":{"self":[{"href":"https:\/\/staging.lucky-hunter.com\/hu\/wp-json\/wp\/v2\/product\/24038"}],"collection":[{"href":"https:\/\/staging.lucky-hunter.com\/hu\/wp-json\/wp\/v2\/product"}],"about":[{"href":"https:\/\/staging.lucky-hunter.com\/hu\/wp-json\/wp\/v2\/types\/product"}],"wp:featuredmedia":[{"embeddable":true,"href":"https:\/\/staging.lucky-hunter.com\/hu\/wp-json\/wp\/v2\/media\/26236"}],"wp:attachment":[{"href":"https:\/\/staging.lucky-hunter.com\/hu\/wp-json\/wp\/v2\/media?parent=24038"}],"wp:term":[{"taxonomy":"product_brand","embeddable":true,"href":"https:\/\/staging.lucky-hunter.com\/hu\/wp-json\/wp\/v2\/product_brand?post=24038"},{"taxonomy":"product_cat","embeddable":true,"href":"https:\/\/staging.lucky-hunter.com\/hu\/wp-json\/wp\/v2\/product_cat?post=24038"},{"taxonomy":"product_tag","embeddable":true,"href":"https:\/\/staging.lucky-hunter.com\/hu\/wp-json\/wp\/v2\/product_tag?post=24038"}],"curies":[{"name":"wp","href":"https:\/\/api.w.org\/{rel}","templated":true}]}}