{"id":23981,"date":"2020-06-08T15:27:34","date_gmt":"2020-06-08T13:27:34","guid":{"rendered":"https:\/\/staging.lucky-hunter.com\/?post_type=product&#038;p=23981"},"modified":"2025-10-02T03:47:46","modified_gmt":"2025-10-02T01:47:46","slug":"sillosocks-barnacle-goose-decoys","status":"publish","type":"product","link":"https:\/\/staging.lucky-hunter.com\/hu\/product\/sillosocks-barnacle-goose-decoys\/","title":{"rendered":"Sillosocks Barnacle decoys &#8211; Feeders"},"content":{"rendered":"<p><iframe title=\"Sillosocks Barnacle decoys | Decoys for goose hunting\" width=\"1020\" height=\"574\" src=\"https:\/\/www.youtube.com\/embed\/_EfBjUK5rUk?wmode=transparent&amp;rel=0&amp;feature=oembed&#038;enablejsapi=1&#038;origin=https:\/\/staging.lucky-hunter.com\" frameborder=\"0\" allow=\"accelerometer; autoplay; clipboard-write; encrypted-media; gyroscope; picture-in-picture; web-share\" referrerpolicy=\"strict-origin-when-cross-origin\" allowfullscreen><\/iframe><\/p>\n<h2><strong>Sillosocks Barnacle Goose Sock Decoys &#8211; add great movement to your spread<\/strong><\/h2>\n<p>Sillosocks decoys have several obvious advantages. They fill and weigh nothing, and they add an incredible vividness to your set up of decoys.<\/p>\n<p>The wind will cause the Sillosocks to move and it will catch the geese&#8217;s attention at long range.<\/p>\n<p>Put them up against the wind and walk a little distance &#8211; then you will experience a very natural expression when the Sillosocks blend in between traditional decoys and silhouettes from Big Al&#8217;s Decoys.<\/p>\n<p>Another big advantage of windsocks and silhouetted decoys is that they reproduce a large flock of geese that have landed to rest and eat.<\/p>\n<p>It attracts more geese to settle at your hunting scene.<\/p>\n<p>The package comes with 12 x Sillosocks Barnacle geese feeders with associated mounting sticks.<\/p>\n<p>The mounting stick is heated at the pointed end with a lighter, after which you can easily push it through the rear head of the Barnacle goose at an angle so that the body is 90 degrees compared to the mounting stick.<\/p>\n<p>Thus, the wind can blow up the bag and give the decoy a natural expression.<\/p>\n","protected":false},"excerpt":{"rendered":"<p>Sillosocks decoys have several obvious advantages. They fill and weigh nothing, and they add an incredible vividness to your set up of decoys.<\/p>\n<p>&nbsp;<\/p>\n","protected":false},"featured_media":26249,"template":"","meta":[],"product_brand":[94],"product_cat":[8023,9733],"product_tag":[9146],"yoast_head":"<!-- This site is optimized with the Yoast SEO plugin v24.3 - https:\/\/yoast.com\/wordpress\/plugins\/seo\/ -->\n<title>Sillosocks Barnacle Goose Sock Decoys | Lucky Hunter<\/title>\n<meta name=\"description\" content=\"Sillosocks Barnacle Goose Sock Decoys - lightweight and easy to store and use. These decoys add effective movement to your decoy spread.\" \/>\n<meta name=\"robots\" content=\"noindex, follow, max-snippet:-1, max-image-preview:large, max-video-preview:-1\" \/>\n<meta property=\"og:locale\" content=\"hu_HU\" \/>\n<meta property=\"og:type\" content=\"article\" \/>\n<meta property=\"og:title\" content=\"Sillosocks Barnacle Goose Sock Decoys | Lucky Hunter\" \/>\n<meta property=\"og:description\" content=\"Sillosocks Barnacle Goose Sock Decoys - lightweight and easy to store and use. These decoys add effective movement to your decoy spread.\" \/>\n<meta property=\"og:url\" content=\"https:\/\/staging.lucky-hunter.com\/product\/sillosocks-barnacle-goose-decoys\/\" \/>\n<meta property=\"og:site_name\" content=\"Lucky-Hunter\" \/>\n<meta property=\"article:modified_time\" content=\"2025-10-02T01:47:46+00:00\" \/>\n<meta property=\"og:image\" content=\"https:\/\/staging.lucky-hunter.com\/wp-content\/uploads\/2020\/06\/LF-147.png\" \/>\n\t<meta property=\"og:image:width\" content=\"1000\" \/>\n\t<meta property=\"og:image:height\" content=\"1000\" \/>\n\t<meta property=\"og:image:type\" content=\"image\/png\" \/>\n<meta name=\"twitter:card\" content=\"summary_large_image\" \/>\n<meta name=\"twitter:title\" content=\"Sillosocks Barnacle Goose Sock Decoys | Lucky Hunter\" \/>\n<meta name=\"twitter:description\" content=\"Sillosocks Barnacle Goose Sock Decoys - lightweight and easy to store and use. These decoys add effective movement to your decoy spread.\" \/>\n<meta name=\"twitter:label1\" content=\"Becs\u00fclt olvas\u00e1si id\u0151\" \/>\n\t<meta name=\"twitter:data1\" content=\"2 perc\" \/>\n<script type=\"application\/ld+json\" class=\"yoast-schema-graph\">{\"@context\":\"https:\/\/schema.org\",\"@graph\":[{\"@type\":\"WebPage\",\"@id\":\"https:\/\/staging.lucky-hunter.com\/product\/sillosocks-barnacle-goose-decoys\/\",\"url\":\"https:\/\/staging.lucky-hunter.com\/product\/sillosocks-barnacle-goose-decoys\/\",\"name\":\"Sillosocks Barnacle Goose Sock Decoys | Lucky Hunter\",\"isPartOf\":{\"@id\":\"https:\/\/staging.lucky-hunter.com\/#website\"},\"primaryImageOfPage\":{\"@id\":\"https:\/\/staging.lucky-hunter.com\/product\/sillosocks-barnacle-goose-decoys\/#primaryimage\"},\"image\":{\"@id\":\"https:\/\/staging.lucky-hunter.com\/product\/sillosocks-barnacle-goose-decoys\/#primaryimage\"},\"thumbnailUrl\":\"https:\/\/staging.lucky-hunter.com\/wp-content\/uploads\/2020\/06\/LF-147.png\",\"datePublished\":\"2020-06-08T13:27:34+00:00\",\"dateModified\":\"2025-10-02T01:47:46+00:00\",\"description\":\"Sillosocks Barnacle Goose Sock Decoys - lightweight and easy to store and use. These decoys add effective movement to your decoy spread.\",\"breadcrumb\":{\"@id\":\"https:\/\/staging.lucky-hunter.com\/product\/sillosocks-barnacle-goose-decoys\/#breadcrumb\"},\"inLanguage\":\"hu\",\"potentialAction\":[{\"@type\":\"ReadAction\",\"target\":[\"https:\/\/staging.lucky-hunter.com\/product\/sillosocks-barnacle-goose-decoys\/\"]}]},{\"@type\":\"ImageObject\",\"inLanguage\":\"hu\",\"@id\":\"https:\/\/staging.lucky-hunter.com\/product\/sillosocks-barnacle-goose-decoys\/#primaryimage\",\"url\":\"https:\/\/staging.lucky-hunter.com\/wp-content\/uploads\/2020\/06\/LF-147.png\",\"contentUrl\":\"https:\/\/staging.lucky-hunter.com\/wp-content\/uploads\/2020\/06\/LF-147.png\",\"width\":1000,\"height\":1000},{\"@type\":\"BreadcrumbList\",\"@id\":\"https:\/\/staging.lucky-hunter.com\/product\/sillosocks-barnacle-goose-decoys\/#breadcrumb\",\"itemListElement\":[{\"@type\":\"ListItem\",\"position\":1,\"name\":\"Home\",\"item\":\"https:\/\/staging.lucky-hunter.com\/hu\/\"},{\"@type\":\"ListItem\",\"position\":2,\"name\":\"Shop\",\"item\":\"https:\/\/staging.lucky-hunter.com\/hu\/shop\/\"},{\"@type\":\"ListItem\",\"position\":3,\"name\":\"Sillosocks Barnacle decoys &#8211; Feeders\"}]},{\"@type\":\"WebSite\",\"@id\":\"https:\/\/staging.lucky-hunter.com\/#website\",\"url\":\"https:\/\/staging.lucky-hunter.com\/\",\"name\":\"Lucky-Hunter\",\"description\":\"Gear Up or Give Up\",\"potentialAction\":[{\"@type\":\"SearchAction\",\"target\":{\"@type\":\"EntryPoint\",\"urlTemplate\":\"https:\/\/staging.lucky-hunter.com\/?s={search_term_string}\"},\"query-input\":{\"@type\":\"PropertyValueSpecification\",\"valueRequired\":true,\"valueName\":\"search_term_string\"}}],\"inLanguage\":\"hu\"}]}<\/script>\n<!-- \/ Yoast SEO plugin. -->","yoast_head_json":{"title":"Sillosocks Barnacle Goose Sock Decoys | Lucky Hunter","description":"Sillosocks Barnacle Goose Sock Decoys - lightweight and easy to store and use. These decoys add effective movement to your decoy spread.","robots":{"index":"noindex","follow":"follow","max-snippet":"max-snippet:-1","max-image-preview":"max-image-preview:large","max-video-preview":"max-video-preview:-1"},"og_locale":"hu_HU","og_type":"article","og_title":"Sillosocks Barnacle Goose Sock Decoys | Lucky Hunter","og_description":"Sillosocks Barnacle Goose Sock Decoys - lightweight and easy to store and use. These decoys add effective movement to your decoy spread.","og_url":"https:\/\/staging.lucky-hunter.com\/product\/sillosocks-barnacle-goose-decoys\/","og_site_name":"Lucky-Hunter","article_modified_time":"2025-10-02T01:47:46+00:00","og_image":[{"width":1000,"height":1000,"url":"https:\/\/staging.lucky-hunter.com\/wp-content\/uploads\/2020\/06\/LF-147.png","type":"image\/png"}],"twitter_card":"summary_large_image","twitter_title":"Sillosocks Barnacle Goose Sock Decoys | Lucky Hunter","twitter_description":"Sillosocks Barnacle Goose Sock Decoys - lightweight and easy to store and use. These decoys add effective movement to your decoy spread.","twitter_misc":{"Becs\u00fclt olvas\u00e1si id\u0151":"2 perc"},"schema":{"@context":"https:\/\/schema.org","@graph":[{"@type":"WebPage","@id":"https:\/\/staging.lucky-hunter.com\/product\/sillosocks-barnacle-goose-decoys\/","url":"https:\/\/staging.lucky-hunter.com\/product\/sillosocks-barnacle-goose-decoys\/","name":"Sillosocks Barnacle Goose Sock Decoys | Lucky Hunter","isPartOf":{"@id":"https:\/\/staging.lucky-hunter.com\/#website"},"primaryImageOfPage":{"@id":"https:\/\/staging.lucky-hunter.com\/product\/sillosocks-barnacle-goose-decoys\/#primaryimage"},"image":{"@id":"https:\/\/staging.lucky-hunter.com\/product\/sillosocks-barnacle-goose-decoys\/#primaryimage"},"thumbnailUrl":"https:\/\/staging.lucky-hunter.com\/wp-content\/uploads\/2020\/06\/LF-147.png","datePublished":"2020-06-08T13:27:34+00:00","dateModified":"2025-10-02T01:47:46+00:00","description":"Sillosocks Barnacle Goose Sock Decoys - lightweight and easy to store and use. These decoys add effective movement to your decoy spread.","breadcrumb":{"@id":"https:\/\/staging.lucky-hunter.com\/product\/sillosocks-barnacle-goose-decoys\/#breadcrumb"},"inLanguage":"hu","potentialAction":[{"@type":"ReadAction","target":["https:\/\/staging.lucky-hunter.com\/product\/sillosocks-barnacle-goose-decoys\/"]}]},{"@type":"ImageObject","inLanguage":"hu","@id":"https:\/\/staging.lucky-hunter.com\/product\/sillosocks-barnacle-goose-decoys\/#primaryimage","url":"https:\/\/staging.lucky-hunter.com\/wp-content\/uploads\/2020\/06\/LF-147.png","contentUrl":"https:\/\/staging.lucky-hunter.com\/wp-content\/uploads\/2020\/06\/LF-147.png","width":1000,"height":1000},{"@type":"BreadcrumbList","@id":"https:\/\/staging.lucky-hunter.com\/product\/sillosocks-barnacle-goose-decoys\/#breadcrumb","itemListElement":[{"@type":"ListItem","position":1,"name":"Home","item":"https:\/\/staging.lucky-hunter.com\/hu\/"},{"@type":"ListItem","position":2,"name":"Shop","item":"https:\/\/staging.lucky-hunter.com\/hu\/shop\/"},{"@type":"ListItem","position":3,"name":"Sillosocks Barnacle decoys &#8211; Feeders"}]},{"@type":"WebSite","@id":"https:\/\/staging.lucky-hunter.com\/#website","url":"https:\/\/staging.lucky-hunter.com\/","name":"Lucky-Hunter","description":"Gear Up or Give Up","potentialAction":[{"@type":"SearchAction","target":{"@type":"EntryPoint","urlTemplate":"https:\/\/staging.lucky-hunter.com\/?s={search_term_string}"},"query-input":{"@type":"PropertyValueSpecification","valueRequired":true,"valueName":"search_term_string"}}],"inLanguage":"hu"}]}},"_links":{"self":[{"href":"https:\/\/staging.lucky-hunter.com\/hu\/wp-json\/wp\/v2\/product\/23981"}],"collection":[{"href":"https:\/\/staging.lucky-hunter.com\/hu\/wp-json\/wp\/v2\/product"}],"about":[{"href":"https:\/\/staging.lucky-hunter.com\/hu\/wp-json\/wp\/v2\/types\/product"}],"wp:featuredmedia":[{"embeddable":true,"href":"https:\/\/staging.lucky-hunter.com\/hu\/wp-json\/wp\/v2\/media\/26249"}],"wp:attachment":[{"href":"https:\/\/staging.lucky-hunter.com\/hu\/wp-json\/wp\/v2\/media?parent=23981"}],"wp:term":[{"taxonomy":"product_brand","embeddable":true,"href":"https:\/\/staging.lucky-hunter.com\/hu\/wp-json\/wp\/v2\/product_brand?post=23981"},{"taxonomy":"product_cat","embeddable":true,"href":"https:\/\/staging.lucky-hunter.com\/hu\/wp-json\/wp\/v2\/product_cat?post=23981"},{"taxonomy":"product_tag","embeddable":true,"href":"https:\/\/staging.lucky-hunter.com\/hu\/wp-json\/wp\/v2\/product_tag?post=23981"}],"curies":[{"name":"wp","href":"https:\/\/api.w.org\/{rel}","templated":true}]}}