{"id":23930,"date":"2020-05-27T15:25:43","date_gmt":"2020-05-27T13:25:43","guid":{"rendered":"https:\/\/staging.lucky-hunter.com\/?post_type=product&#038;p=23930"},"modified":"2025-10-02T03:53:53","modified_gmt":"2025-10-02T01:53:53","slug":"large-pigeon-carousel-remote-controlled","status":"publish","type":"product","link":"https:\/\/staging.lucky-hunter.com\/hu\/product\/large-pigeon-carousel-remote-controlled\/","title":{"rendered":"Large Pigeon Carousel &#8211; Remote Controlled"},"content":{"rendered":"<h2><strong>Large pigeon carousel &#8211; pigeon magnet and a must-have for any pigeon hunter!<\/strong><\/h2>\n<p>This new remote-controlled pigeon carousel is of great quality and has a fantastic price.<\/p>\n<p>The carousel is powered by a 12-volt 7 Ah battery (not included), which you can recharge over and over with a 12-volt battery charger. <a href=\"https:\/\/staging.lucky-hunter.com\/product\/battery-12-volt7ah\/\" target=\"_blank\" rel=\"noopener\">Find the right battery here<\/a><\/p>\n<p>Included are 2 flocked pigeon decoys with wings that rotate in the wind. It will create a natural lure effect on the pigeons flying by. Due to the realistic appearance, it will really encourage them to come and land in the area.<\/p>\n<p>A remote control is included so you can easily control the speed of the pigeon carousel from the blind.<\/p>\n<p><iframe title=\"Pigeon carrousel for efficient hunting\" width=\"563\" height=\"1000\" src=\"https:\/\/www.youtube.com\/embed\/B4Dqnv_ITAo?wmode=transparent&amp;rel=0&amp;feature=oembed&#038;enablejsapi=1&#038;origin=https:\/\/staging.lucky-hunter.com\" frameborder=\"0\" allow=\"accelerometer; autoplay; clipboard-write; encrypted-media; gyroscope; picture-in-picture; web-share\" referrerpolicy=\"strict-origin-when-cross-origin\" allowfullscreen><\/iframe><\/p>\n","protected":false},"excerpt":{"rendered":"<p>This new remote controlled pigeon carousel is made in really fine quality and the price is good. The carousel is powered by a 12 volt 7 Ah battery that you can charge over and over again.<\/p>\n","protected":false},"featured_media":26637,"template":"","meta":[],"product_brand":[9564],"product_cat":[8744],"product_tag":[9462],"yoast_head":"<!-- This site is optimized with the Yoast SEO plugin v24.3 - https:\/\/yoast.com\/wordpress\/plugins\/seo\/ -->\n<title>Large Pigeon Carousel - Remote Controlled. A must-have for the passionate pigeon hunter | Lucky Hunter<\/title>\n<meta name=\"description\" content=\"Large pigeon carousel. This is a great quality item for a fantastic price. Emulates the realistic movement of pigeons landing to feed.\" \/>\n<meta name=\"robots\" content=\"noindex, follow, max-snippet:-1, max-image-preview:large, max-video-preview:-1\" \/>\n<meta property=\"og:locale\" content=\"hu_HU\" \/>\n<meta property=\"og:type\" content=\"article\" \/>\n<meta property=\"og:title\" content=\"Large Pigeon Carousel - Remote Controlled. A must-have for the passionate pigeon hunter | Lucky Hunter\" \/>\n<meta property=\"og:description\" content=\"Large pigeon carousel. This is a great quality item for a fantastic price. Emulates the realistic movement of pigeons landing to feed.\" \/>\n<meta property=\"og:url\" content=\"https:\/\/staging.lucky-hunter.com\/product\/large-pigeon-carousel-remote-controlled\/\" \/>\n<meta property=\"og:site_name\" content=\"Lucky-Hunter\" \/>\n<meta property=\"article:modified_time\" content=\"2025-10-02T01:53:53+00:00\" \/>\n<meta property=\"og:image\" content=\"https:\/\/staging.lucky-hunter.com\/wp-content\/uploads\/2020\/05\/LF-298-1.png.webp\" \/>\n\t<meta property=\"og:image:width\" content=\"1000\" \/>\n\t<meta property=\"og:image:height\" content=\"1000\" \/>\n\t<meta property=\"og:image:type\" content=\"image\/webp\" \/>\n<meta name=\"twitter:card\" content=\"summary_large_image\" \/>\n<meta name=\"twitter:title\" content=\"Large Pigeon Carousel - Remote Controlled. A must-have for the passionate pigeon hunter | Lucky Hunter\" \/>\n<meta name=\"twitter:description\" content=\"Large pigeon carousel. This is a great quality item for a fantastic price. Emulates the realistic movement of pigeons landing to feed.\" \/>\n<meta name=\"twitter:label1\" content=\"Becs\u00fclt olvas\u00e1si id\u0151\" \/>\n\t<meta name=\"twitter:data1\" content=\"1 perc\" \/>\n<script type=\"application\/ld+json\" class=\"yoast-schema-graph\">{\"@context\":\"https:\/\/schema.org\",\"@graph\":[{\"@type\":\"WebPage\",\"@id\":\"https:\/\/staging.lucky-hunter.com\/product\/large-pigeon-carousel-remote-controlled\/\",\"url\":\"https:\/\/staging.lucky-hunter.com\/product\/large-pigeon-carousel-remote-controlled\/\",\"name\":\"Large Pigeon Carousel - Remote Controlled. A must-have for the passionate pigeon hunter | Lucky Hunter\",\"isPartOf\":{\"@id\":\"https:\/\/staging.lucky-hunter.com\/#website\"},\"primaryImageOfPage\":{\"@id\":\"https:\/\/staging.lucky-hunter.com\/product\/large-pigeon-carousel-remote-controlled\/#primaryimage\"},\"image\":{\"@id\":\"https:\/\/staging.lucky-hunter.com\/product\/large-pigeon-carousel-remote-controlled\/#primaryimage\"},\"thumbnailUrl\":\"https:\/\/staging.lucky-hunter.com\/wp-content\/uploads\/2020\/05\/LF-298-1.png.webp\",\"datePublished\":\"2020-05-27T13:25:43+00:00\",\"dateModified\":\"2025-10-02T01:53:53+00:00\",\"description\":\"Large pigeon carousel. This is a great quality item for a fantastic price. Emulates the realistic movement of pigeons landing to feed.\",\"breadcrumb\":{\"@id\":\"https:\/\/staging.lucky-hunter.com\/product\/large-pigeon-carousel-remote-controlled\/#breadcrumb\"},\"inLanguage\":\"hu\",\"potentialAction\":[{\"@type\":\"ReadAction\",\"target\":[\"https:\/\/staging.lucky-hunter.com\/product\/large-pigeon-carousel-remote-controlled\/\"]}]},{\"@type\":\"ImageObject\",\"inLanguage\":\"hu\",\"@id\":\"https:\/\/staging.lucky-hunter.com\/product\/large-pigeon-carousel-remote-controlled\/#primaryimage\",\"url\":\"https:\/\/staging.lucky-hunter.com\/wp-content\/uploads\/2020\/05\/LF-298-1.png.webp\",\"contentUrl\":\"https:\/\/staging.lucky-hunter.com\/wp-content\/uploads\/2020\/05\/LF-298-1.png.webp\",\"width\":1000,\"height\":1000},{\"@type\":\"BreadcrumbList\",\"@id\":\"https:\/\/staging.lucky-hunter.com\/product\/large-pigeon-carousel-remote-controlled\/#breadcrumb\",\"itemListElement\":[{\"@type\":\"ListItem\",\"position\":1,\"name\":\"Home\",\"item\":\"https:\/\/staging.lucky-hunter.com\/hu\/\"},{\"@type\":\"ListItem\",\"position\":2,\"name\":\"Shop\",\"item\":\"https:\/\/staging.lucky-hunter.com\/hu\/shop\/\"},{\"@type\":\"ListItem\",\"position\":3,\"name\":\"Large Pigeon Carousel &#8211; Remote Controlled\"}]},{\"@type\":\"WebSite\",\"@id\":\"https:\/\/staging.lucky-hunter.com\/#website\",\"url\":\"https:\/\/staging.lucky-hunter.com\/\",\"name\":\"Lucky-Hunter\",\"description\":\"Gear Up or Give Up\",\"potentialAction\":[{\"@type\":\"SearchAction\",\"target\":{\"@type\":\"EntryPoint\",\"urlTemplate\":\"https:\/\/staging.lucky-hunter.com\/?s={search_term_string}\"},\"query-input\":{\"@type\":\"PropertyValueSpecification\",\"valueRequired\":true,\"valueName\":\"search_term_string\"}}],\"inLanguage\":\"hu\"}]}<\/script>\n<!-- \/ Yoast SEO plugin. -->","yoast_head_json":{"title":"Large Pigeon Carousel - Remote Controlled. A must-have for the passionate pigeon hunter | Lucky Hunter","description":"Large pigeon carousel. This is a great quality item for a fantastic price. Emulates the realistic movement of pigeons landing to feed.","robots":{"index":"noindex","follow":"follow","max-snippet":"max-snippet:-1","max-image-preview":"max-image-preview:large","max-video-preview":"max-video-preview:-1"},"og_locale":"hu_HU","og_type":"article","og_title":"Large Pigeon Carousel - Remote Controlled. A must-have for the passionate pigeon hunter | Lucky Hunter","og_description":"Large pigeon carousel. This is a great quality item for a fantastic price. Emulates the realistic movement of pigeons landing to feed.","og_url":"https:\/\/staging.lucky-hunter.com\/product\/large-pigeon-carousel-remote-controlled\/","og_site_name":"Lucky-Hunter","article_modified_time":"2025-10-02T01:53:53+00:00","og_image":[{"width":1000,"height":1000,"url":"https:\/\/staging.lucky-hunter.com\/wp-content\/uploads\/2020\/05\/LF-298-1.png.webp","type":"image\/webp"}],"twitter_card":"summary_large_image","twitter_title":"Large Pigeon Carousel - Remote Controlled. A must-have for the passionate pigeon hunter | Lucky Hunter","twitter_description":"Large pigeon carousel. This is a great quality item for a fantastic price. Emulates the realistic movement of pigeons landing to feed.","twitter_misc":{"Becs\u00fclt olvas\u00e1si id\u0151":"1 perc"},"schema":{"@context":"https:\/\/schema.org","@graph":[{"@type":"WebPage","@id":"https:\/\/staging.lucky-hunter.com\/product\/large-pigeon-carousel-remote-controlled\/","url":"https:\/\/staging.lucky-hunter.com\/product\/large-pigeon-carousel-remote-controlled\/","name":"Large Pigeon Carousel - Remote Controlled. A must-have for the passionate pigeon hunter | Lucky Hunter","isPartOf":{"@id":"https:\/\/staging.lucky-hunter.com\/#website"},"primaryImageOfPage":{"@id":"https:\/\/staging.lucky-hunter.com\/product\/large-pigeon-carousel-remote-controlled\/#primaryimage"},"image":{"@id":"https:\/\/staging.lucky-hunter.com\/product\/large-pigeon-carousel-remote-controlled\/#primaryimage"},"thumbnailUrl":"https:\/\/staging.lucky-hunter.com\/wp-content\/uploads\/2020\/05\/LF-298-1.png.webp","datePublished":"2020-05-27T13:25:43+00:00","dateModified":"2025-10-02T01:53:53+00:00","description":"Large pigeon carousel. This is a great quality item for a fantastic price. Emulates the realistic movement of pigeons landing to feed.","breadcrumb":{"@id":"https:\/\/staging.lucky-hunter.com\/product\/large-pigeon-carousel-remote-controlled\/#breadcrumb"},"inLanguage":"hu","potentialAction":[{"@type":"ReadAction","target":["https:\/\/staging.lucky-hunter.com\/product\/large-pigeon-carousel-remote-controlled\/"]}]},{"@type":"ImageObject","inLanguage":"hu","@id":"https:\/\/staging.lucky-hunter.com\/product\/large-pigeon-carousel-remote-controlled\/#primaryimage","url":"https:\/\/staging.lucky-hunter.com\/wp-content\/uploads\/2020\/05\/LF-298-1.png.webp","contentUrl":"https:\/\/staging.lucky-hunter.com\/wp-content\/uploads\/2020\/05\/LF-298-1.png.webp","width":1000,"height":1000},{"@type":"BreadcrumbList","@id":"https:\/\/staging.lucky-hunter.com\/product\/large-pigeon-carousel-remote-controlled\/#breadcrumb","itemListElement":[{"@type":"ListItem","position":1,"name":"Home","item":"https:\/\/staging.lucky-hunter.com\/hu\/"},{"@type":"ListItem","position":2,"name":"Shop","item":"https:\/\/staging.lucky-hunter.com\/hu\/shop\/"},{"@type":"ListItem","position":3,"name":"Large Pigeon Carousel &#8211; Remote Controlled"}]},{"@type":"WebSite","@id":"https:\/\/staging.lucky-hunter.com\/#website","url":"https:\/\/staging.lucky-hunter.com\/","name":"Lucky-Hunter","description":"Gear Up or Give Up","potentialAction":[{"@type":"SearchAction","target":{"@type":"EntryPoint","urlTemplate":"https:\/\/staging.lucky-hunter.com\/?s={search_term_string}"},"query-input":{"@type":"PropertyValueSpecification","valueRequired":true,"valueName":"search_term_string"}}],"inLanguage":"hu"}]}},"_links":{"self":[{"href":"https:\/\/staging.lucky-hunter.com\/hu\/wp-json\/wp\/v2\/product\/23930"}],"collection":[{"href":"https:\/\/staging.lucky-hunter.com\/hu\/wp-json\/wp\/v2\/product"}],"about":[{"href":"https:\/\/staging.lucky-hunter.com\/hu\/wp-json\/wp\/v2\/types\/product"}],"wp:featuredmedia":[{"embeddable":true,"href":"https:\/\/staging.lucky-hunter.com\/hu\/wp-json\/wp\/v2\/media\/26637"}],"wp:attachment":[{"href":"https:\/\/staging.lucky-hunter.com\/hu\/wp-json\/wp\/v2\/media?parent=23930"}],"wp:term":[{"taxonomy":"product_brand","embeddable":true,"href":"https:\/\/staging.lucky-hunter.com\/hu\/wp-json\/wp\/v2\/product_brand?post=23930"},{"taxonomy":"product_cat","embeddable":true,"href":"https:\/\/staging.lucky-hunter.com\/hu\/wp-json\/wp\/v2\/product_cat?post=23930"},{"taxonomy":"product_tag","embeddable":true,"href":"https:\/\/staging.lucky-hunter.com\/hu\/wp-json\/wp\/v2\/product_tag?post=23930"}],"curies":[{"name":"wp","href":"https:\/\/api.w.org\/{rel}","templated":true}]}}