{"id":23925,"date":"2020-05-27T13:08:06","date_gmt":"2020-05-27T11:08:06","guid":{"rendered":"https:\/\/staging.lucky-hunter.com\/?post_type=product&#038;p=23925"},"modified":"2025-10-02T03:43:45","modified_gmt":"2025-10-02T01:43:45","slug":"ghg-greylag-decoys-magnum-floaters","status":"publish","type":"product","link":"https:\/\/staging.lucky-hunter.com\/hu\/product\/ghg-greylag-decoys-magnum-floaters\/","title":{"rendered":"GHG Greylag Decoys &#8211; Magnum Floaters"},"content":{"rendered":"<p><iframe title=\"GHG Greylag Decoys \u2013 Lifesize Floaters\" width=\"1020\" height=\"574\" src=\"https:\/\/www.youtube.com\/embed\/7Kt2EjPVbYM?wmode=transparent&amp;rel=0&amp;feature=oembed&#038;enablejsapi=1&#038;origin=https:\/\/staging.lucky-hunter.com\" frameborder=\"0\" allow=\"accelerometer; autoplay; clipboard-write; encrypted-media; gyroscope; picture-in-picture; web-share\" allowfullscreen><\/iframe><\/p>\n<h2><strong>GHG Greylag Decoys<\/strong><\/h2>\n<p>Beautiful floating greylag decoys from American GHG &#8211; one of the market&#8217;s most respected decoy manufacturers.<\/p>\n<p>The decoys are made life-sized for extra visibility on the water and of course with UV neutral, matte and durable paint. Due to this, the decoys are far more realistic when floating on the water.<\/p>\n<p>Details in the colours and feathers have been carefully recreated to imitate real swimming greylags. Therefore, these high-quality decoys are perfect for luring in the geese.<\/p>\n<p>Size: Approx. 62 cm from beak to tail tip. Width about 27 cm. Height from water level to back approx. 19 cm.<\/p>\n<p>Weight of 1 decoy approx. 1.3 kilos.<\/p>\n<p>Delivered with 4 decoys in the box.<\/p>\n","protected":false},"excerpt":{"rendered":"<p>Beautiful floating greylag decoys from American GHG &#8211; one of the market&#8217;s most respected decoy manufacturers. The decoys are made life-sized for extra visibility on the water.<\/p>\n","protected":false},"featured_media":26253,"template":"","meta":[],"product_brand":[9603],"product_cat":[8728],"product_tag":[9460],"yoast_head":"<!-- This site is optimized with the Yoast SEO plugin v24.3 - https:\/\/yoast.com\/wordpress\/plugins\/seo\/ -->\n<title>GHG Greylag Magnum Floaters. Lucky Hunter.com<\/title>\n<meta name=\"description\" content=\"GHG Greylag Decoys - lifesized floating decoys recreated to imitate real swimming greylags. These are life-sized to give extra visibility on the water.\" \/>\n<meta name=\"robots\" content=\"noindex, follow, max-snippet:-1, max-image-preview:large, max-video-preview:-1\" \/>\n<meta property=\"og:locale\" content=\"hu_HU\" \/>\n<meta property=\"og:type\" content=\"article\" \/>\n<meta property=\"og:title\" content=\"GHG Greylag Magnum Floaters. Lucky Hunter.com\" \/>\n<meta property=\"og:description\" content=\"GHG Greylag Decoys - lifesized floating decoys recreated to imitate real swimming greylags. These are life-sized to give extra visibility on the water.\" \/>\n<meta property=\"og:url\" content=\"https:\/\/staging.lucky-hunter.com\/product\/ghg-greylag-decoys-magnum-floaters\/\" \/>\n<meta property=\"og:site_name\" content=\"Lucky-Hunter\" \/>\n<meta property=\"article:modified_time\" content=\"2025-10-02T01:43:45+00:00\" \/>\n<meta property=\"og:image\" content=\"https:\/\/staging.lucky-hunter.com\/wp-content\/uploads\/2020\/05\/lf-104_diferenttogether.png.webp\" \/>\n\t<meta property=\"og:image:width\" content=\"1000\" \/>\n\t<meta property=\"og:image:height\" content=\"1000\" \/>\n\t<meta property=\"og:image:type\" content=\"image\/webp\" \/>\n<meta name=\"twitter:card\" content=\"summary_large_image\" \/>\n<meta name=\"twitter:label1\" content=\"Becs\u00fclt olvas\u00e1si id\u0151\" \/>\n\t<meta name=\"twitter:data1\" content=\"1 perc\" \/>\n<script type=\"application\/ld+json\" class=\"yoast-schema-graph\">{\"@context\":\"https:\/\/schema.org\",\"@graph\":[{\"@type\":\"WebPage\",\"@id\":\"https:\/\/staging.lucky-hunter.com\/product\/ghg-greylag-decoys-magnum-floaters\/\",\"url\":\"https:\/\/staging.lucky-hunter.com\/product\/ghg-greylag-decoys-magnum-floaters\/\",\"name\":\"GHG Greylag Magnum Floaters. Lucky Hunter.com\",\"isPartOf\":{\"@id\":\"https:\/\/staging.lucky-hunter.com\/#website\"},\"primaryImageOfPage\":{\"@id\":\"https:\/\/staging.lucky-hunter.com\/product\/ghg-greylag-decoys-magnum-floaters\/#primaryimage\"},\"image\":{\"@id\":\"https:\/\/staging.lucky-hunter.com\/product\/ghg-greylag-decoys-magnum-floaters\/#primaryimage\"},\"thumbnailUrl\":\"https:\/\/staging.lucky-hunter.com\/wp-content\/uploads\/2020\/05\/lf-104_diferenttogether.png.webp\",\"datePublished\":\"2020-05-27T11:08:06+00:00\",\"dateModified\":\"2025-10-02T01:43:45+00:00\",\"description\":\"GHG Greylag Decoys - lifesized floating decoys recreated to imitate real swimming greylags. These are life-sized to give extra visibility on the water.\",\"breadcrumb\":{\"@id\":\"https:\/\/staging.lucky-hunter.com\/product\/ghg-greylag-decoys-magnum-floaters\/#breadcrumb\"},\"inLanguage\":\"hu\",\"potentialAction\":[{\"@type\":\"ReadAction\",\"target\":[\"https:\/\/staging.lucky-hunter.com\/product\/ghg-greylag-decoys-magnum-floaters\/\"]}]},{\"@type\":\"ImageObject\",\"inLanguage\":\"hu\",\"@id\":\"https:\/\/staging.lucky-hunter.com\/product\/ghg-greylag-decoys-magnum-floaters\/#primaryimage\",\"url\":\"https:\/\/staging.lucky-hunter.com\/wp-content\/uploads\/2020\/05\/lf-104_diferenttogether.png.webp\",\"contentUrl\":\"https:\/\/staging.lucky-hunter.com\/wp-content\/uploads\/2020\/05\/lf-104_diferenttogether.png.webp\",\"width\":1000,\"height\":1000},{\"@type\":\"BreadcrumbList\",\"@id\":\"https:\/\/staging.lucky-hunter.com\/product\/ghg-greylag-decoys-magnum-floaters\/#breadcrumb\",\"itemListElement\":[{\"@type\":\"ListItem\",\"position\":1,\"name\":\"Home\",\"item\":\"https:\/\/staging.lucky-hunter.com\/hu\/\"},{\"@type\":\"ListItem\",\"position\":2,\"name\":\"Shop\",\"item\":\"https:\/\/staging.lucky-hunter.com\/hu\/shop\/\"},{\"@type\":\"ListItem\",\"position\":3,\"name\":\"GHG Greylag Decoys &#8211; Magnum Floaters\"}]},{\"@type\":\"WebSite\",\"@id\":\"https:\/\/staging.lucky-hunter.com\/#website\",\"url\":\"https:\/\/staging.lucky-hunter.com\/\",\"name\":\"Lucky-Hunter\",\"description\":\"Gear Up or Give Up\",\"potentialAction\":[{\"@type\":\"SearchAction\",\"target\":{\"@type\":\"EntryPoint\",\"urlTemplate\":\"https:\/\/staging.lucky-hunter.com\/?s={search_term_string}\"},\"query-input\":{\"@type\":\"PropertyValueSpecification\",\"valueRequired\":true,\"valueName\":\"search_term_string\"}}],\"inLanguage\":\"hu\"}]}<\/script>\n<!-- \/ Yoast SEO plugin. -->","yoast_head_json":{"title":"GHG Greylag Magnum Floaters. Lucky Hunter.com","description":"GHG Greylag Decoys - lifesized floating decoys recreated to imitate real swimming greylags. These are life-sized to give extra visibility on the water.","robots":{"index":"noindex","follow":"follow","max-snippet":"max-snippet:-1","max-image-preview":"max-image-preview:large","max-video-preview":"max-video-preview:-1"},"og_locale":"hu_HU","og_type":"article","og_title":"GHG Greylag Magnum Floaters. Lucky Hunter.com","og_description":"GHG Greylag Decoys - lifesized floating decoys recreated to imitate real swimming greylags. These are life-sized to give extra visibility on the water.","og_url":"https:\/\/staging.lucky-hunter.com\/product\/ghg-greylag-decoys-magnum-floaters\/","og_site_name":"Lucky-Hunter","article_modified_time":"2025-10-02T01:43:45+00:00","og_image":[{"width":1000,"height":1000,"url":"https:\/\/staging.lucky-hunter.com\/wp-content\/uploads\/2020\/05\/lf-104_diferenttogether.png.webp","type":"image\/webp"}],"twitter_card":"summary_large_image","twitter_misc":{"Becs\u00fclt olvas\u00e1si id\u0151":"1 perc"},"schema":{"@context":"https:\/\/schema.org","@graph":[{"@type":"WebPage","@id":"https:\/\/staging.lucky-hunter.com\/product\/ghg-greylag-decoys-magnum-floaters\/","url":"https:\/\/staging.lucky-hunter.com\/product\/ghg-greylag-decoys-magnum-floaters\/","name":"GHG Greylag Magnum Floaters. Lucky Hunter.com","isPartOf":{"@id":"https:\/\/staging.lucky-hunter.com\/#website"},"primaryImageOfPage":{"@id":"https:\/\/staging.lucky-hunter.com\/product\/ghg-greylag-decoys-magnum-floaters\/#primaryimage"},"image":{"@id":"https:\/\/staging.lucky-hunter.com\/product\/ghg-greylag-decoys-magnum-floaters\/#primaryimage"},"thumbnailUrl":"https:\/\/staging.lucky-hunter.com\/wp-content\/uploads\/2020\/05\/lf-104_diferenttogether.png.webp","datePublished":"2020-05-27T11:08:06+00:00","dateModified":"2025-10-02T01:43:45+00:00","description":"GHG Greylag Decoys - lifesized floating decoys recreated to imitate real swimming greylags. These are life-sized to give extra visibility on the water.","breadcrumb":{"@id":"https:\/\/staging.lucky-hunter.com\/product\/ghg-greylag-decoys-magnum-floaters\/#breadcrumb"},"inLanguage":"hu","potentialAction":[{"@type":"ReadAction","target":["https:\/\/staging.lucky-hunter.com\/product\/ghg-greylag-decoys-magnum-floaters\/"]}]},{"@type":"ImageObject","inLanguage":"hu","@id":"https:\/\/staging.lucky-hunter.com\/product\/ghg-greylag-decoys-magnum-floaters\/#primaryimage","url":"https:\/\/staging.lucky-hunter.com\/wp-content\/uploads\/2020\/05\/lf-104_diferenttogether.png.webp","contentUrl":"https:\/\/staging.lucky-hunter.com\/wp-content\/uploads\/2020\/05\/lf-104_diferenttogether.png.webp","width":1000,"height":1000},{"@type":"BreadcrumbList","@id":"https:\/\/staging.lucky-hunter.com\/product\/ghg-greylag-decoys-magnum-floaters\/#breadcrumb","itemListElement":[{"@type":"ListItem","position":1,"name":"Home","item":"https:\/\/staging.lucky-hunter.com\/hu\/"},{"@type":"ListItem","position":2,"name":"Shop","item":"https:\/\/staging.lucky-hunter.com\/hu\/shop\/"},{"@type":"ListItem","position":3,"name":"GHG Greylag Decoys &#8211; Magnum Floaters"}]},{"@type":"WebSite","@id":"https:\/\/staging.lucky-hunter.com\/#website","url":"https:\/\/staging.lucky-hunter.com\/","name":"Lucky-Hunter","description":"Gear Up or Give Up","potentialAction":[{"@type":"SearchAction","target":{"@type":"EntryPoint","urlTemplate":"https:\/\/staging.lucky-hunter.com\/?s={search_term_string}"},"query-input":{"@type":"PropertyValueSpecification","valueRequired":true,"valueName":"search_term_string"}}],"inLanguage":"hu"}]}},"_links":{"self":[{"href":"https:\/\/staging.lucky-hunter.com\/hu\/wp-json\/wp\/v2\/product\/23925"}],"collection":[{"href":"https:\/\/staging.lucky-hunter.com\/hu\/wp-json\/wp\/v2\/product"}],"about":[{"href":"https:\/\/staging.lucky-hunter.com\/hu\/wp-json\/wp\/v2\/types\/product"}],"wp:featuredmedia":[{"embeddable":true,"href":"https:\/\/staging.lucky-hunter.com\/hu\/wp-json\/wp\/v2\/media\/26253"}],"wp:attachment":[{"href":"https:\/\/staging.lucky-hunter.com\/hu\/wp-json\/wp\/v2\/media?parent=23925"}],"wp:term":[{"taxonomy":"product_brand","embeddable":true,"href":"https:\/\/staging.lucky-hunter.com\/hu\/wp-json\/wp\/v2\/product_brand?post=23925"},{"taxonomy":"product_cat","embeddable":true,"href":"https:\/\/staging.lucky-hunter.com\/hu\/wp-json\/wp\/v2\/product_cat?post=23925"},{"taxonomy":"product_tag","embeddable":true,"href":"https:\/\/staging.lucky-hunter.com\/hu\/wp-json\/wp\/v2\/product_tag?post=23925"}],"curies":[{"name":"wp","href":"https:\/\/api.w.org\/{rel}","templated":true}]}}