{"id":23896,"date":"2020-02-03T17:58:04","date_gmt":"2020-02-03T16:58:04","guid":{"rendered":"https:\/\/staging.lucky-hunter.com\/produkt\/bolyguard-bg310-18mp-vildtkamera\/"},"modified":"2025-10-02T05:58:14","modified_gmt":"2025-10-02T03:58:14","slug":"bolyguard-bg310-18mp","status":"publish","type":"product","link":"https:\/\/staging.lucky-hunter.com\/hu\/product\/bolyguard-bg310-18mp\/","title":{"rendered":"Bolyguard BG410-D | 37mp Game Camera"},"content":{"rendered":"<h2><strong>Bolyguard BG410-D is a high-quality game camera with a great price from the market&#8217;s leading producer<\/strong><\/h2>\n<p>Bolyguard has developed a brand new game camera for the hunter who wants a good and reliable quality camera at a low price. Therefore, you can get great quality at a good price.<\/p>\n<p>Bolyguard BG410-D is the successor to model BG310 and has 37 megapixels. Powered by 2 rechargeable 18650 lithium batteries (<em>Included).\u00a0<\/em><\/p>\n<p><strong>Specifications:<\/strong><\/p>\n<ul class=\"boly_detail_ul\">\n<li>37MP photo and 4K video<\/li>\n<li>Range &#8211; 30 metre<\/li>\n<li>940nm<\/li>\n<li>Trigger speed &lt;0.7 seconds<\/li>\n<li>Full sound on video<\/li>\n<li>Video length from 5-60 seconds.<\/li>\n<li>1.44&#8243; colour LCD screen<\/li>\n<li>Adjustable sensor<\/li>\n<li>2 x 18650 Lithium batteries (approx. 67 mm with raised terminal &#8211; also note that regular AA batteries can&#8217;t be used)<\/li>\n<li>Lithium batteries can be recharged via USB power or a solar panel<\/li>\n<li>Micro SD card up to\u00a0 32 GB can be used (not included)<\/li>\n<li>Weight 174 g (without batteries)<\/li>\n<li>Ultra compact 115 x 81 x 45mm.<\/li>\n<li>Languages in the menu: English, Czech, German, French, Spanish, Swedish, Finnish, Danish, Norwegian, Italian, Russian<\/li>\n<\/ul>\n<p><iframe title=\"Bolyguard BG310 | Trailcamera footage\" width=\"1020\" height=\"574\" src=\"https:\/\/www.youtube.com\/embed\/-Ppykaj3UOM?wmode=transparent&amp;rel=0&amp;feature=oembed&#038;enablejsapi=1&#038;origin=https:\/\/staging.lucky-hunter.com\" frameborder=\"0\" allow=\"accelerometer; autoplay; clipboard-write; encrypted-media; gyroscope; picture-in-picture; web-share\" referrerpolicy=\"strict-origin-when-cross-origin\" allowfullscreen><\/iframe><\/p>\n","protected":false},"excerpt":{"rendered":"<p>Bolyguard BG410-D is a high-quality game camera with a great price from the market&#8217;s leading producer.<\/p>\n","protected":false},"featured_media":336929,"template":"","meta":[],"product_brand":[60],"product_cat":[104],"product_tag":[],"yoast_head":"<!-- This site is optimized with the Yoast SEO plugin v24.3 - https:\/\/yoast.com\/wordpress\/plugins\/seo\/ -->\n<title>Bolyguard BG310- 18mp Game Camera | Lucky Hunter<\/title>\n<meta name=\"description\" content=\"Bolyguard BG310 game camera. 18mp camera, &lt;0.7s reaction time, rechargeable batteries and 720p video recording. 100ft detection range.\" \/>\n<meta name=\"robots\" content=\"noindex, follow, max-snippet:-1, max-image-preview:large, max-video-preview:-1\" \/>\n<meta property=\"og:locale\" content=\"hu_HU\" \/>\n<meta property=\"og:type\" content=\"article\" \/>\n<meta property=\"og:title\" content=\"Bolyguard BG310- 18mp Game Camera | Lucky Hunter\" \/>\n<meta property=\"og:description\" content=\"Bolyguard BG310 game camera. 18mp camera, &lt;0.7s reaction time, rechargeable batteries and 720p video recording. 100ft detection range.\" \/>\n<meta property=\"og:url\" content=\"https:\/\/staging.lucky-hunter.com\/product\/bolyguard-bg310-18mp\/\" \/>\n<meta property=\"og:site_name\" content=\"Lucky-Hunter\" \/>\n<meta property=\"article:modified_time\" content=\"2025-10-02T03:58:14+00:00\" \/>\n<meta property=\"og:image\" content=\"https:\/\/staging.lucky-hunter.com\/wp-content\/uploads\/2020\/02\/JK-21-removebg-preview.png\" \/>\n\t<meta property=\"og:image:width\" content=\"500\" \/>\n\t<meta property=\"og:image:height\" content=\"500\" \/>\n\t<meta property=\"og:image:type\" content=\"image\/png\" \/>\n<meta name=\"twitter:card\" content=\"summary_large_image\" \/>\n<meta name=\"twitter:title\" content=\"Bolyguard BG310- 18mp Game Camera | Lucky Hunter\" \/>\n<meta name=\"twitter:description\" content=\"Bolyguard BG310 game camera. 18mp camera, &lt;0.7s reaction time, rechargeable batteries and 720p video recording. 100ft detection range.\" \/>\n<meta name=\"twitter:label1\" content=\"Becs\u00fclt olvas\u00e1si id\u0151\" \/>\n\t<meta name=\"twitter:data1\" content=\"1 perc\" \/>\n<script type=\"application\/ld+json\" class=\"yoast-schema-graph\">{\"@context\":\"https:\/\/schema.org\",\"@graph\":[{\"@type\":\"WebPage\",\"@id\":\"https:\/\/staging.lucky-hunter.com\/product\/bolyguard-bg310-18mp\/\",\"url\":\"https:\/\/staging.lucky-hunter.com\/product\/bolyguard-bg310-18mp\/\",\"name\":\"Bolyguard BG310- 18mp Game Camera | Lucky Hunter\",\"isPartOf\":{\"@id\":\"https:\/\/staging.lucky-hunter.com\/#website\"},\"primaryImageOfPage\":{\"@id\":\"https:\/\/staging.lucky-hunter.com\/product\/bolyguard-bg310-18mp\/#primaryimage\"},\"image\":{\"@id\":\"https:\/\/staging.lucky-hunter.com\/product\/bolyguard-bg310-18mp\/#primaryimage\"},\"thumbnailUrl\":\"https:\/\/staging.lucky-hunter.com\/wp-content\/uploads\/2020\/02\/JK-21-removebg-preview.png\",\"datePublished\":\"2020-02-03T16:58:04+00:00\",\"dateModified\":\"2025-10-02T03:58:14+00:00\",\"description\":\"Bolyguard BG310 game camera. 18mp camera, &lt;0.7s reaction time, rechargeable batteries and 720p video recording. 100ft detection range.\",\"breadcrumb\":{\"@id\":\"https:\/\/staging.lucky-hunter.com\/product\/bolyguard-bg310-18mp\/#breadcrumb\"},\"inLanguage\":\"hu\",\"potentialAction\":[{\"@type\":\"ReadAction\",\"target\":[\"https:\/\/staging.lucky-hunter.com\/product\/bolyguard-bg310-18mp\/\"]}]},{\"@type\":\"ImageObject\",\"inLanguage\":\"hu\",\"@id\":\"https:\/\/staging.lucky-hunter.com\/product\/bolyguard-bg310-18mp\/#primaryimage\",\"url\":\"https:\/\/staging.lucky-hunter.com\/wp-content\/uploads\/2020\/02\/JK-21-removebg-preview.png\",\"contentUrl\":\"https:\/\/staging.lucky-hunter.com\/wp-content\/uploads\/2020\/02\/JK-21-removebg-preview.png\",\"width\":500,\"height\":500},{\"@type\":\"BreadcrumbList\",\"@id\":\"https:\/\/staging.lucky-hunter.com\/product\/bolyguard-bg310-18mp\/#breadcrumb\",\"itemListElement\":[{\"@type\":\"ListItem\",\"position\":1,\"name\":\"Home\",\"item\":\"https:\/\/staging.lucky-hunter.com\/hu\/\"},{\"@type\":\"ListItem\",\"position\":2,\"name\":\"Shop\",\"item\":\"https:\/\/staging.lucky-hunter.com\/hu\/shop\/\"},{\"@type\":\"ListItem\",\"position\":3,\"name\":\"Bolyguard BG410-D | 37mp Game Camera\"}]},{\"@type\":\"WebSite\",\"@id\":\"https:\/\/staging.lucky-hunter.com\/#website\",\"url\":\"https:\/\/staging.lucky-hunter.com\/\",\"name\":\"Lucky-Hunter\",\"description\":\"Gear Up or Give Up\",\"potentialAction\":[{\"@type\":\"SearchAction\",\"target\":{\"@type\":\"EntryPoint\",\"urlTemplate\":\"https:\/\/staging.lucky-hunter.com\/?s={search_term_string}\"},\"query-input\":{\"@type\":\"PropertyValueSpecification\",\"valueRequired\":true,\"valueName\":\"search_term_string\"}}],\"inLanguage\":\"hu\"}]}<\/script>\n<!-- \/ Yoast SEO plugin. -->","yoast_head_json":{"title":"Bolyguard BG310- 18mp Game Camera | Lucky Hunter","description":"Bolyguard BG310 game camera. 18mp camera, &lt;0.7s reaction time, rechargeable batteries and 720p video recording. 100ft detection range.","robots":{"index":"noindex","follow":"follow","max-snippet":"max-snippet:-1","max-image-preview":"max-image-preview:large","max-video-preview":"max-video-preview:-1"},"og_locale":"hu_HU","og_type":"article","og_title":"Bolyguard BG310- 18mp Game Camera | Lucky Hunter","og_description":"Bolyguard BG310 game camera. 18mp camera, &lt;0.7s reaction time, rechargeable batteries and 720p video recording. 100ft detection range.","og_url":"https:\/\/staging.lucky-hunter.com\/product\/bolyguard-bg310-18mp\/","og_site_name":"Lucky-Hunter","article_modified_time":"2025-10-02T03:58:14+00:00","og_image":[{"width":500,"height":500,"url":"https:\/\/staging.lucky-hunter.com\/wp-content\/uploads\/2020\/02\/JK-21-removebg-preview.png","type":"image\/png"}],"twitter_card":"summary_large_image","twitter_title":"Bolyguard BG310- 18mp Game Camera | Lucky Hunter","twitter_description":"Bolyguard BG310 game camera. 18mp camera, &lt;0.7s reaction time, rechargeable batteries and 720p video recording. 100ft detection range.","twitter_misc":{"Becs\u00fclt olvas\u00e1si id\u0151":"1 perc"},"schema":{"@context":"https:\/\/schema.org","@graph":[{"@type":"WebPage","@id":"https:\/\/staging.lucky-hunter.com\/product\/bolyguard-bg310-18mp\/","url":"https:\/\/staging.lucky-hunter.com\/product\/bolyguard-bg310-18mp\/","name":"Bolyguard BG310- 18mp Game Camera | Lucky Hunter","isPartOf":{"@id":"https:\/\/staging.lucky-hunter.com\/#website"},"primaryImageOfPage":{"@id":"https:\/\/staging.lucky-hunter.com\/product\/bolyguard-bg310-18mp\/#primaryimage"},"image":{"@id":"https:\/\/staging.lucky-hunter.com\/product\/bolyguard-bg310-18mp\/#primaryimage"},"thumbnailUrl":"https:\/\/staging.lucky-hunter.com\/wp-content\/uploads\/2020\/02\/JK-21-removebg-preview.png","datePublished":"2020-02-03T16:58:04+00:00","dateModified":"2025-10-02T03:58:14+00:00","description":"Bolyguard BG310 game camera. 18mp camera, &lt;0.7s reaction time, rechargeable batteries and 720p video recording. 100ft detection range.","breadcrumb":{"@id":"https:\/\/staging.lucky-hunter.com\/product\/bolyguard-bg310-18mp\/#breadcrumb"},"inLanguage":"hu","potentialAction":[{"@type":"ReadAction","target":["https:\/\/staging.lucky-hunter.com\/product\/bolyguard-bg310-18mp\/"]}]},{"@type":"ImageObject","inLanguage":"hu","@id":"https:\/\/staging.lucky-hunter.com\/product\/bolyguard-bg310-18mp\/#primaryimage","url":"https:\/\/staging.lucky-hunter.com\/wp-content\/uploads\/2020\/02\/JK-21-removebg-preview.png","contentUrl":"https:\/\/staging.lucky-hunter.com\/wp-content\/uploads\/2020\/02\/JK-21-removebg-preview.png","width":500,"height":500},{"@type":"BreadcrumbList","@id":"https:\/\/staging.lucky-hunter.com\/product\/bolyguard-bg310-18mp\/#breadcrumb","itemListElement":[{"@type":"ListItem","position":1,"name":"Home","item":"https:\/\/staging.lucky-hunter.com\/hu\/"},{"@type":"ListItem","position":2,"name":"Shop","item":"https:\/\/staging.lucky-hunter.com\/hu\/shop\/"},{"@type":"ListItem","position":3,"name":"Bolyguard BG410-D | 37mp Game Camera"}]},{"@type":"WebSite","@id":"https:\/\/staging.lucky-hunter.com\/#website","url":"https:\/\/staging.lucky-hunter.com\/","name":"Lucky-Hunter","description":"Gear Up or Give Up","potentialAction":[{"@type":"SearchAction","target":{"@type":"EntryPoint","urlTemplate":"https:\/\/staging.lucky-hunter.com\/?s={search_term_string}"},"query-input":{"@type":"PropertyValueSpecification","valueRequired":true,"valueName":"search_term_string"}}],"inLanguage":"hu"}]}},"_links":{"self":[{"href":"https:\/\/staging.lucky-hunter.com\/hu\/wp-json\/wp\/v2\/product\/23896"}],"collection":[{"href":"https:\/\/staging.lucky-hunter.com\/hu\/wp-json\/wp\/v2\/product"}],"about":[{"href":"https:\/\/staging.lucky-hunter.com\/hu\/wp-json\/wp\/v2\/types\/product"}],"wp:featuredmedia":[{"embeddable":true,"href":"https:\/\/staging.lucky-hunter.com\/hu\/wp-json\/wp\/v2\/media\/336929"}],"wp:attachment":[{"href":"https:\/\/staging.lucky-hunter.com\/hu\/wp-json\/wp\/v2\/media?parent=23896"}],"wp:term":[{"taxonomy":"product_brand","embeddable":true,"href":"https:\/\/staging.lucky-hunter.com\/hu\/wp-json\/wp\/v2\/product_brand?post=23896"},{"taxonomy":"product_cat","embeddable":true,"href":"https:\/\/staging.lucky-hunter.com\/hu\/wp-json\/wp\/v2\/product_cat?post=23896"},{"taxonomy":"product_tag","embeddable":true,"href":"https:\/\/staging.lucky-hunter.com\/hu\/wp-json\/wp\/v2\/product_tag?post=23896"}],"curies":[{"name":"wp","href":"https:\/\/api.w.org\/{rel}","templated":true}]}}