{"id":22913,"date":"2019-09-09T09:52:53","date_gmt":"2019-09-09T07:52:53","guid":{"rendered":"http:\/\/staging.lucky-hunter.com\/?post_type=product&#038;p=22913"},"modified":"2025-10-02T10:17:56","modified_gmt":"2025-10-02T08:17:56","slug":"final-approach-knockout-layout-blind","status":"publish","type":"product","link":"https:\/\/staging.lucky-hunter.com\/hu\/product\/final-approach-knockout-layout-blind\/","title":{"rendered":"Final Approach Knockout layout blind"},"content":{"rendered":"<p><iframe title=\"Final Approach Knockout Layout Blind\" width=\"1020\" height=\"574\" src=\"https:\/\/www.youtube.com\/embed\/nAttowVxFlI?wmode=transparent&amp;rel=0&amp;feature=oembed&#038;enablejsapi=1&#038;origin=https:\/\/staging.lucky-hunter.com\" frameborder=\"0\" allow=\"accelerometer; autoplay; clipboard-write; encrypted-media; gyroscope; picture-in-picture; web-share\" referrerpolicy=\"strict-origin-when-cross-origin\" allowfullscreen><\/iframe><\/p>\n<h2><strong>Knockout layout blind from American Final Approach<\/strong><\/h2>\n<p>American Final Approach was established in 1993, when Ron Latschaw had an idea for a blind that should be both comfortable and meet the need to fit in with the surroundings during the goose hunt. The idea at first was not to make it a business but to become a better hunter.<\/p>\n<p>Since then, several manufacturers have followed his example and developed further on his ideas.<\/p>\n<p>The &#8220;KO&#8221; layout blind is set to knockout the birds with incredible concealment and it is among the fastest setup and take down of any blind on the market. Sets up and breaks down in seconds and stores quickly.<\/p>\n<p>The durable frame and support bars will let you put as much pressure on the blind getting in or out which has not been an option so far in blinds.<\/p>\n<p><strong>Specifications:<\/strong><\/p>\n<ul>\n<li>Newly designed hinged frame for quick set up, take down<\/li>\n<li>Take down bars and head rest bars for added durability and stability<\/li>\n<li>Brand new back mesh to conceal the back of your head as you turn to watch the birds<\/li>\n<li>Original Stubble Straps \u2122 for adding extra hide to the blind<\/li>\n<li>Original fast-access flagging holes<\/li>\n<li>Zippered \u201cclean-out\u201d door at feet for quickly removing debris in the blind<\/li>\n<li>Durable camouflage fabric with water resistant backing<\/li>\n<li>Comfortable padded headrest<\/li>\n<li>L 216 x W 100 x H 46 cm<\/li>\n<li>Weighs only 9 kgs.<\/li>\n<\/ul>\n","protected":false},"excerpt":{"rendered":"<p>KO layout blind is set to knockout the birds with incredible concealment and it is among the fastest setup and take down of any blind on the market.<\/p>\n","protected":false},"featured_media":25202,"template":"","meta":[],"product_brand":[9557],"product_cat":[8336],"product_tag":[9523,9469],"yoast_head":"<!-- This site is optimized with the Yoast SEO plugin v24.3 - https:\/\/yoast.com\/wordpress\/plugins\/seo\/ -->\n<title>Final Approach Knockout Layout Blind | Lucky Hunter<\/title>\n<meta name=\"description\" content=\"Final Approach layout blind is set to knockout the birds with incredible concealment. Super easy and fast setup and take down.\" \/>\n<meta name=\"robots\" content=\"noindex, follow, max-snippet:-1, max-image-preview:large, max-video-preview:-1\" \/>\n<meta property=\"og:locale\" content=\"hu_HU\" \/>\n<meta property=\"og:type\" content=\"article\" \/>\n<meta property=\"og:title\" content=\"Final Approach SUB Pack-N-Go Layout Blind | Lucky Hunter\" \/>\n<meta property=\"og:description\" content=\"Final Approach SUB Pack-N-Go Layout Blind is perfect for reclining in-field, as well as top for comfort and portability. Waterproof base.\" \/>\n<meta property=\"og:url\" content=\"https:\/\/staging.lucky-hunter.com\/product\/final-approach-knockout-layout-blind\/\" \/>\n<meta property=\"og:site_name\" content=\"Lucky-Hunter\" \/>\n<meta property=\"article:modified_time\" content=\"2025-10-02T08:17:56+00:00\" \/>\n<meta property=\"og:image\" content=\"https:\/\/staging.lucky-hunter.com\/wp-content\/uploads\/2019\/09\/LS-300-2.png\" \/>\n\t<meta property=\"og:image:width\" content=\"1000\" \/>\n\t<meta property=\"og:image:height\" content=\"1000\" \/>\n\t<meta property=\"og:image:type\" content=\"image\/png\" \/>\n<meta name=\"twitter:card\" content=\"summary_large_image\" \/>\n<meta name=\"twitter:title\" content=\"Final Approach SUB Pack-N-Go Layout Blind | Lucky Hunter\" \/>\n<meta name=\"twitter:description\" content=\"Final Approach SUB Pack-N-Go Layout Blind is perfect for reclining in-field, as well as top for comfort and portability. Waterproof base.\" \/>\n<meta name=\"twitter:label1\" content=\"Becs\u00fclt olvas\u00e1si id\u0151\" \/>\n\t<meta name=\"twitter:data1\" content=\"2 perc\" \/>\n<script type=\"application\/ld+json\" class=\"yoast-schema-graph\">{\"@context\":\"https:\/\/schema.org\",\"@graph\":[{\"@type\":\"WebPage\",\"@id\":\"https:\/\/staging.lucky-hunter.com\/product\/final-approach-knockout-layout-blind\/\",\"url\":\"https:\/\/staging.lucky-hunter.com\/product\/final-approach-knockout-layout-blind\/\",\"name\":\"Final Approach Knockout Layout Blind | Lucky Hunter\",\"isPartOf\":{\"@id\":\"https:\/\/staging.lucky-hunter.com\/#website\"},\"primaryImageOfPage\":{\"@id\":\"https:\/\/staging.lucky-hunter.com\/product\/final-approach-knockout-layout-blind\/#primaryimage\"},\"image\":{\"@id\":\"https:\/\/staging.lucky-hunter.com\/product\/final-approach-knockout-layout-blind\/#primaryimage\"},\"thumbnailUrl\":\"https:\/\/staging.lucky-hunter.com\/wp-content\/uploads\/2019\/09\/LS-300-2.png\",\"datePublished\":\"2019-09-09T07:52:53+00:00\",\"dateModified\":\"2025-10-02T08:17:56+00:00\",\"description\":\"Final Approach layout blind is set to knockout the birds with incredible concealment. Super easy and fast setup and take down.\",\"breadcrumb\":{\"@id\":\"https:\/\/staging.lucky-hunter.com\/product\/final-approach-knockout-layout-blind\/#breadcrumb\"},\"inLanguage\":\"hu\",\"potentialAction\":[{\"@type\":\"ReadAction\",\"target\":[\"https:\/\/staging.lucky-hunter.com\/product\/final-approach-knockout-layout-blind\/\"]}]},{\"@type\":\"ImageObject\",\"inLanguage\":\"hu\",\"@id\":\"https:\/\/staging.lucky-hunter.com\/product\/final-approach-knockout-layout-blind\/#primaryimage\",\"url\":\"https:\/\/staging.lucky-hunter.com\/wp-content\/uploads\/2019\/09\/LS-300-2.png\",\"contentUrl\":\"https:\/\/staging.lucky-hunter.com\/wp-content\/uploads\/2019\/09\/LS-300-2.png\",\"width\":1000,\"height\":1000},{\"@type\":\"BreadcrumbList\",\"@id\":\"https:\/\/staging.lucky-hunter.com\/product\/final-approach-knockout-layout-blind\/#breadcrumb\",\"itemListElement\":[{\"@type\":\"ListItem\",\"position\":1,\"name\":\"Home\",\"item\":\"https:\/\/staging.lucky-hunter.com\/hu\/\"},{\"@type\":\"ListItem\",\"position\":2,\"name\":\"Shop\",\"item\":\"https:\/\/staging.lucky-hunter.com\/hu\/shop\/\"},{\"@type\":\"ListItem\",\"position\":3,\"name\":\"Final Approach Knockout layout blind\"}]},{\"@type\":\"WebSite\",\"@id\":\"https:\/\/staging.lucky-hunter.com\/#website\",\"url\":\"https:\/\/staging.lucky-hunter.com\/\",\"name\":\"Lucky-Hunter\",\"description\":\"Gear Up or Give Up\",\"potentialAction\":[{\"@type\":\"SearchAction\",\"target\":{\"@type\":\"EntryPoint\",\"urlTemplate\":\"https:\/\/staging.lucky-hunter.com\/?s={search_term_string}\"},\"query-input\":{\"@type\":\"PropertyValueSpecification\",\"valueRequired\":true,\"valueName\":\"search_term_string\"}}],\"inLanguage\":\"hu\"}]}<\/script>\n<!-- \/ Yoast SEO plugin. -->","yoast_head_json":{"title":"Final Approach Knockout Layout Blind | Lucky Hunter","description":"Final Approach layout blind is set to knockout the birds with incredible concealment. Super easy and fast setup and take down.","robots":{"index":"noindex","follow":"follow","max-snippet":"max-snippet:-1","max-image-preview":"max-image-preview:large","max-video-preview":"max-video-preview:-1"},"og_locale":"hu_HU","og_type":"article","og_title":"Final Approach SUB Pack-N-Go Layout Blind | Lucky Hunter","og_description":"Final Approach SUB Pack-N-Go Layout Blind is perfect for reclining in-field, as well as top for comfort and portability. Waterproof base.","og_url":"https:\/\/staging.lucky-hunter.com\/product\/final-approach-knockout-layout-blind\/","og_site_name":"Lucky-Hunter","article_modified_time":"2025-10-02T08:17:56+00:00","og_image":[{"width":1000,"height":1000,"url":"https:\/\/staging.lucky-hunter.com\/wp-content\/uploads\/2019\/09\/LS-300-2.png","type":"image\/png"}],"twitter_card":"summary_large_image","twitter_title":"Final Approach SUB Pack-N-Go Layout Blind | Lucky Hunter","twitter_description":"Final Approach SUB Pack-N-Go Layout Blind is perfect for reclining in-field, as well as top for comfort and portability. Waterproof base.","twitter_misc":{"Becs\u00fclt olvas\u00e1si id\u0151":"2 perc"},"schema":{"@context":"https:\/\/schema.org","@graph":[{"@type":"WebPage","@id":"https:\/\/staging.lucky-hunter.com\/product\/final-approach-knockout-layout-blind\/","url":"https:\/\/staging.lucky-hunter.com\/product\/final-approach-knockout-layout-blind\/","name":"Final Approach Knockout Layout Blind | Lucky Hunter","isPartOf":{"@id":"https:\/\/staging.lucky-hunter.com\/#website"},"primaryImageOfPage":{"@id":"https:\/\/staging.lucky-hunter.com\/product\/final-approach-knockout-layout-blind\/#primaryimage"},"image":{"@id":"https:\/\/staging.lucky-hunter.com\/product\/final-approach-knockout-layout-blind\/#primaryimage"},"thumbnailUrl":"https:\/\/staging.lucky-hunter.com\/wp-content\/uploads\/2019\/09\/LS-300-2.png","datePublished":"2019-09-09T07:52:53+00:00","dateModified":"2025-10-02T08:17:56+00:00","description":"Final Approach layout blind is set to knockout the birds with incredible concealment. Super easy and fast setup and take down.","breadcrumb":{"@id":"https:\/\/staging.lucky-hunter.com\/product\/final-approach-knockout-layout-blind\/#breadcrumb"},"inLanguage":"hu","potentialAction":[{"@type":"ReadAction","target":["https:\/\/staging.lucky-hunter.com\/product\/final-approach-knockout-layout-blind\/"]}]},{"@type":"ImageObject","inLanguage":"hu","@id":"https:\/\/staging.lucky-hunter.com\/product\/final-approach-knockout-layout-blind\/#primaryimage","url":"https:\/\/staging.lucky-hunter.com\/wp-content\/uploads\/2019\/09\/LS-300-2.png","contentUrl":"https:\/\/staging.lucky-hunter.com\/wp-content\/uploads\/2019\/09\/LS-300-2.png","width":1000,"height":1000},{"@type":"BreadcrumbList","@id":"https:\/\/staging.lucky-hunter.com\/product\/final-approach-knockout-layout-blind\/#breadcrumb","itemListElement":[{"@type":"ListItem","position":1,"name":"Home","item":"https:\/\/staging.lucky-hunter.com\/hu\/"},{"@type":"ListItem","position":2,"name":"Shop","item":"https:\/\/staging.lucky-hunter.com\/hu\/shop\/"},{"@type":"ListItem","position":3,"name":"Final Approach Knockout layout blind"}]},{"@type":"WebSite","@id":"https:\/\/staging.lucky-hunter.com\/#website","url":"https:\/\/staging.lucky-hunter.com\/","name":"Lucky-Hunter","description":"Gear Up or Give Up","potentialAction":[{"@type":"SearchAction","target":{"@type":"EntryPoint","urlTemplate":"https:\/\/staging.lucky-hunter.com\/?s={search_term_string}"},"query-input":{"@type":"PropertyValueSpecification","valueRequired":true,"valueName":"search_term_string"}}],"inLanguage":"hu"}]}},"_links":{"self":[{"href":"https:\/\/staging.lucky-hunter.com\/hu\/wp-json\/wp\/v2\/product\/22913"}],"collection":[{"href":"https:\/\/staging.lucky-hunter.com\/hu\/wp-json\/wp\/v2\/product"}],"about":[{"href":"https:\/\/staging.lucky-hunter.com\/hu\/wp-json\/wp\/v2\/types\/product"}],"wp:featuredmedia":[{"embeddable":true,"href":"https:\/\/staging.lucky-hunter.com\/hu\/wp-json\/wp\/v2\/media\/25202"}],"wp:attachment":[{"href":"https:\/\/staging.lucky-hunter.com\/hu\/wp-json\/wp\/v2\/media?parent=22913"}],"wp:term":[{"taxonomy":"product_brand","embeddable":true,"href":"https:\/\/staging.lucky-hunter.com\/hu\/wp-json\/wp\/v2\/product_brand?post=22913"},{"taxonomy":"product_cat","embeddable":true,"href":"https:\/\/staging.lucky-hunter.com\/hu\/wp-json\/wp\/v2\/product_cat?post=22913"},{"taxonomy":"product_tag","embeddable":true,"href":"https:\/\/staging.lucky-hunter.com\/hu\/wp-json\/wp\/v2\/product_tag?post=22913"}],"curies":[{"name":"wp","href":"https:\/\/api.w.org\/{rel}","templated":true}]}}