{"id":22870,"date":"2019-08-27T10:17:41","date_gmt":"2019-08-27T08:17:41","guid":{"rendered":"http:\/\/staging.lucky-hunter.com\/?post_type=product&#038;p=22870"},"modified":"2025-10-02T03:56:10","modified_gmt":"2025-10-02T01:56:10","slug":"avianx-topflight-redhead-decoys","status":"publish","type":"product","link":"https:\/\/staging.lucky-hunter.com\/hu\/product\/avianx-topflight-redhead-decoys\/","title":{"rendered":"Avian-X Topflight Redhead Duck Decoys"},"content":{"rendered":"<p><iframe title=\"Avian-X Topflight Redhead | Duck Decoys\" width=\"1020\" height=\"574\" src=\"https:\/\/www.youtube.com\/embed\/mOgYvEzbtVI?wmode=transparent&amp;rel=0&amp;feature=oembed&#038;enablejsapi=1&#038;origin=https:\/\/staging.lucky-hunter.com\" frameborder=\"0\" allow=\"accelerometer; autoplay; clipboard-write; encrypted-media; gyroscope; picture-in-picture\" allowfullscreen><\/iframe><\/p>\n<h2><strong>Avian-X Topflight Redhead Duck Decoys &#8211; undoubtedly the most lifelike redhead decoys on the market<\/strong><\/h2>\n<p>In the usual high quality from Avian-X you get a set of 6 floating redhead decoys with different head positions:<\/p>\n<ul>\n<li>2 low-head drakes<\/li>\n<li>2 low-head ducks<\/li>\n<li>1 sleeper drake<\/li>\n<li>1 sleeper duck<\/li>\n<\/ul>\n<p>Avian-X decoys have a specially developed weighted keel &#8211; You will be surprised how naturally the decoys cradle and &#8220;swim&#8221; on the water even in low wind conditions.<\/p>\n<p>The redhead decoys are oversized in the size for extra visibility. Dimensions from chest to tail are approx. 36.83 cm.<\/p>\n<p>Made from a softer plastic, the paint won&#8217;t crack and will last for years.<\/p>\n<p>Model: AvianX Topflight Redheads SKU AVX8089.<\/p>\n","protected":false},"excerpt":{"rendered":"<p>In the usual high quality from Avian-X you get a set of 6 pcs floating redhead decoys with different head positions. You will be surprised how naturally the decoys cradle and &#8220;swim&#8221; on the water even in low wind conditions.<\/p>\n","protected":false},"featured_media":22871,"template":"","meta":[],"product_brand":[110],"product_cat":[8039],"product_tag":[9147,9779],"yoast_head":"<!-- This site is optimized with the Yoast SEO plugin v24.3 - https:\/\/yoast.com\/wordpress\/plugins\/seo\/ -->\n<title>Avian-X Topflight Redhead Duck Decoys | Lucky Hunter<\/title>\n<meta name=\"description\" content=\"Avian-X Topflight Redhead decoys are high-quality, hard-wearing and fantastic to hunt with. As always, Avian-X have produced an exceptional product.\" \/>\n<meta name=\"robots\" content=\"noindex, follow, max-snippet:-1, max-image-preview:large, max-video-preview:-1\" \/>\n<meta property=\"og:locale\" content=\"hu_HU\" \/>\n<meta property=\"og:type\" content=\"article\" \/>\n<meta property=\"og:title\" content=\"Avian-X Topflight Redhead Duck Decoys | Lucky Hunter\" \/>\n<meta property=\"og:description\" content=\"Avian-X Topflight Redheads are high-quality, hard-wearing and fantastic to hunt with. As always, Avian-X have produced an exceptional product.\" \/>\n<meta property=\"og:url\" content=\"https:\/\/staging.lucky-hunter.com\/product\/avianx-topflight-redhead-decoys\/\" \/>\n<meta property=\"og:site_name\" content=\"Lucky-Hunter\" \/>\n<meta property=\"article:modified_time\" content=\"2025-10-02T01:56:10+00:00\" \/>\n<meta property=\"og:image\" content=\"https:\/\/staging.lucky-hunter.com\/wp-content\/uploads\/2019\/08\/LF-336_01.png\" \/>\n\t<meta property=\"og:image:width\" content=\"1000\" \/>\n\t<meta property=\"og:image:height\" content=\"1000\" \/>\n\t<meta property=\"og:image:type\" content=\"image\/png\" \/>\n<meta name=\"twitter:card\" content=\"summary_large_image\" \/>\n<meta name=\"twitter:title\" content=\"Avian-X Topflight Redhead Duck Decoys | Lucky Hunter\" \/>\n<meta name=\"twitter:description\" content=\"Avian-X Topflight Redheads are high-quality, hard-wearing and fantastic to hunt with. As always, Avian-X have produced an exceptional product.\" \/>\n<meta name=\"twitter:label1\" content=\"Becs\u00fclt olvas\u00e1si id\u0151\" \/>\n\t<meta name=\"twitter:data1\" content=\"1 perc\" \/>\n<script type=\"application\/ld+json\" class=\"yoast-schema-graph\">{\"@context\":\"https:\/\/schema.org\",\"@graph\":[{\"@type\":\"WebPage\",\"@id\":\"https:\/\/staging.lucky-hunter.com\/product\/avianx-topflight-redhead-decoys\/\",\"url\":\"https:\/\/staging.lucky-hunter.com\/product\/avianx-topflight-redhead-decoys\/\",\"name\":\"Avian-X Topflight Redhead Duck Decoys | Lucky Hunter\",\"isPartOf\":{\"@id\":\"https:\/\/staging.lucky-hunter.com\/#website\"},\"primaryImageOfPage\":{\"@id\":\"https:\/\/staging.lucky-hunter.com\/product\/avianx-topflight-redhead-decoys\/#primaryimage\"},\"image\":{\"@id\":\"https:\/\/staging.lucky-hunter.com\/product\/avianx-topflight-redhead-decoys\/#primaryimage\"},\"thumbnailUrl\":\"https:\/\/staging.lucky-hunter.com\/wp-content\/uploads\/2019\/08\/LF-336_01.png\",\"datePublished\":\"2019-08-27T08:17:41+00:00\",\"dateModified\":\"2025-10-02T01:56:10+00:00\",\"description\":\"Avian-X Topflight Redhead decoys are high-quality, hard-wearing and fantastic to hunt with. As always, Avian-X have produced an exceptional product.\",\"breadcrumb\":{\"@id\":\"https:\/\/staging.lucky-hunter.com\/product\/avianx-topflight-redhead-decoys\/#breadcrumb\"},\"inLanguage\":\"hu\",\"potentialAction\":[{\"@type\":\"ReadAction\",\"target\":[\"https:\/\/staging.lucky-hunter.com\/product\/avianx-topflight-redhead-decoys\/\"]}]},{\"@type\":\"ImageObject\",\"inLanguage\":\"hu\",\"@id\":\"https:\/\/staging.lucky-hunter.com\/product\/avianx-topflight-redhead-decoys\/#primaryimage\",\"url\":\"https:\/\/staging.lucky-hunter.com\/wp-content\/uploads\/2019\/08\/LF-336_01.png\",\"contentUrl\":\"https:\/\/staging.lucky-hunter.com\/wp-content\/uploads\/2019\/08\/LF-336_01.png\",\"width\":1000,\"height\":1000,\"caption\":\"Image of the Avian-X Topflight Redhead Duck Decoys\"},{\"@type\":\"BreadcrumbList\",\"@id\":\"https:\/\/staging.lucky-hunter.com\/product\/avianx-topflight-redhead-decoys\/#breadcrumb\",\"itemListElement\":[{\"@type\":\"ListItem\",\"position\":1,\"name\":\"Home\",\"item\":\"https:\/\/staging.lucky-hunter.com\/hu\/\"},{\"@type\":\"ListItem\",\"position\":2,\"name\":\"Shop\",\"item\":\"https:\/\/staging.lucky-hunter.com\/hu\/shop\/\"},{\"@type\":\"ListItem\",\"position\":3,\"name\":\"Avian-X Topflight Redhead Duck Decoys\"}]},{\"@type\":\"WebSite\",\"@id\":\"https:\/\/staging.lucky-hunter.com\/#website\",\"url\":\"https:\/\/staging.lucky-hunter.com\/\",\"name\":\"Lucky-Hunter\",\"description\":\"Gear Up or Give Up\",\"potentialAction\":[{\"@type\":\"SearchAction\",\"target\":{\"@type\":\"EntryPoint\",\"urlTemplate\":\"https:\/\/staging.lucky-hunter.com\/?s={search_term_string}\"},\"query-input\":{\"@type\":\"PropertyValueSpecification\",\"valueRequired\":true,\"valueName\":\"search_term_string\"}}],\"inLanguage\":\"hu\"}]}<\/script>\n<!-- \/ Yoast SEO plugin. -->","yoast_head_json":{"title":"Avian-X Topflight Redhead Duck Decoys | Lucky Hunter","description":"Avian-X Topflight Redhead decoys are high-quality, hard-wearing and fantastic to hunt with. As always, Avian-X have produced an exceptional product.","robots":{"index":"noindex","follow":"follow","max-snippet":"max-snippet:-1","max-image-preview":"max-image-preview:large","max-video-preview":"max-video-preview:-1"},"og_locale":"hu_HU","og_type":"article","og_title":"Avian-X Topflight Redhead Duck Decoys | Lucky Hunter","og_description":"Avian-X Topflight Redheads are high-quality, hard-wearing and fantastic to hunt with. As always, Avian-X have produced an exceptional product.","og_url":"https:\/\/staging.lucky-hunter.com\/product\/avianx-topflight-redhead-decoys\/","og_site_name":"Lucky-Hunter","article_modified_time":"2025-10-02T01:56:10+00:00","og_image":[{"width":1000,"height":1000,"url":"https:\/\/staging.lucky-hunter.com\/wp-content\/uploads\/2019\/08\/LF-336_01.png","type":"image\/png"}],"twitter_card":"summary_large_image","twitter_title":"Avian-X Topflight Redhead Duck Decoys | Lucky Hunter","twitter_description":"Avian-X Topflight Redheads are high-quality, hard-wearing and fantastic to hunt with. As always, Avian-X have produced an exceptional product.","twitter_misc":{"Becs\u00fclt olvas\u00e1si id\u0151":"1 perc"},"schema":{"@context":"https:\/\/schema.org","@graph":[{"@type":"WebPage","@id":"https:\/\/staging.lucky-hunter.com\/product\/avianx-topflight-redhead-decoys\/","url":"https:\/\/staging.lucky-hunter.com\/product\/avianx-topflight-redhead-decoys\/","name":"Avian-X Topflight Redhead Duck Decoys | Lucky Hunter","isPartOf":{"@id":"https:\/\/staging.lucky-hunter.com\/#website"},"primaryImageOfPage":{"@id":"https:\/\/staging.lucky-hunter.com\/product\/avianx-topflight-redhead-decoys\/#primaryimage"},"image":{"@id":"https:\/\/staging.lucky-hunter.com\/product\/avianx-topflight-redhead-decoys\/#primaryimage"},"thumbnailUrl":"https:\/\/staging.lucky-hunter.com\/wp-content\/uploads\/2019\/08\/LF-336_01.png","datePublished":"2019-08-27T08:17:41+00:00","dateModified":"2025-10-02T01:56:10+00:00","description":"Avian-X Topflight Redhead decoys are high-quality, hard-wearing and fantastic to hunt with. As always, Avian-X have produced an exceptional product.","breadcrumb":{"@id":"https:\/\/staging.lucky-hunter.com\/product\/avianx-topflight-redhead-decoys\/#breadcrumb"},"inLanguage":"hu","potentialAction":[{"@type":"ReadAction","target":["https:\/\/staging.lucky-hunter.com\/product\/avianx-topflight-redhead-decoys\/"]}]},{"@type":"ImageObject","inLanguage":"hu","@id":"https:\/\/staging.lucky-hunter.com\/product\/avianx-topflight-redhead-decoys\/#primaryimage","url":"https:\/\/staging.lucky-hunter.com\/wp-content\/uploads\/2019\/08\/LF-336_01.png","contentUrl":"https:\/\/staging.lucky-hunter.com\/wp-content\/uploads\/2019\/08\/LF-336_01.png","width":1000,"height":1000,"caption":"Image of the Avian-X Topflight Redhead Duck Decoys"},{"@type":"BreadcrumbList","@id":"https:\/\/staging.lucky-hunter.com\/product\/avianx-topflight-redhead-decoys\/#breadcrumb","itemListElement":[{"@type":"ListItem","position":1,"name":"Home","item":"https:\/\/staging.lucky-hunter.com\/hu\/"},{"@type":"ListItem","position":2,"name":"Shop","item":"https:\/\/staging.lucky-hunter.com\/hu\/shop\/"},{"@type":"ListItem","position":3,"name":"Avian-X Topflight Redhead Duck Decoys"}]},{"@type":"WebSite","@id":"https:\/\/staging.lucky-hunter.com\/#website","url":"https:\/\/staging.lucky-hunter.com\/","name":"Lucky-Hunter","description":"Gear Up or Give Up","potentialAction":[{"@type":"SearchAction","target":{"@type":"EntryPoint","urlTemplate":"https:\/\/staging.lucky-hunter.com\/?s={search_term_string}"},"query-input":{"@type":"PropertyValueSpecification","valueRequired":true,"valueName":"search_term_string"}}],"inLanguage":"hu"}]}},"_links":{"self":[{"href":"https:\/\/staging.lucky-hunter.com\/hu\/wp-json\/wp\/v2\/product\/22870"}],"collection":[{"href":"https:\/\/staging.lucky-hunter.com\/hu\/wp-json\/wp\/v2\/product"}],"about":[{"href":"https:\/\/staging.lucky-hunter.com\/hu\/wp-json\/wp\/v2\/types\/product"}],"wp:featuredmedia":[{"embeddable":true,"href":"https:\/\/staging.lucky-hunter.com\/hu\/wp-json\/wp\/v2\/media\/22871"}],"wp:attachment":[{"href":"https:\/\/staging.lucky-hunter.com\/hu\/wp-json\/wp\/v2\/media?parent=22870"}],"wp:term":[{"taxonomy":"product_brand","embeddable":true,"href":"https:\/\/staging.lucky-hunter.com\/hu\/wp-json\/wp\/v2\/product_brand?post=22870"},{"taxonomy":"product_cat","embeddable":true,"href":"https:\/\/staging.lucky-hunter.com\/hu\/wp-json\/wp\/v2\/product_cat?post=22870"},{"taxonomy":"product_tag","embeddable":true,"href":"https:\/\/staging.lucky-hunter.com\/hu\/wp-json\/wp\/v2\/product_tag?post=22870"}],"curies":[{"name":"wp","href":"https:\/\/api.w.org\/{rel}","templated":true}]}}