{"id":22701,"date":"2019-06-24T12:06:04","date_gmt":"2019-06-24T10:06:04","guid":{"rendered":"http:\/\/staging.lucky-hunter.com\/?post_type=product&#038;p=22701"},"modified":"2025-10-02T03:56:35","modified_gmt":"2025-10-02T01:56:35","slug":"avian-x-gadwalls","status":"publish","type":"product","link":"https:\/\/staging.lucky-hunter.com\/hu\/product\/avian-x-gadwalls\/","title":{"rendered":"Avian-X Topflight Gadwall"},"content":{"rendered":"<h2><strong> Avian-X Gadwall &#8211; amazing decoys from Avian-X will make gadwalls circle your spread<\/strong><\/h2>\n<p>Avian-X gadwall decoys are created with the attitude of fully plumed, late-season gray ducks. These master pieces perfectly capture the short, robust body shape of a mature gadwall with spot-on silver-gray sheen.<\/p>\n<p>The decoys have a special designed weight-forward swim keel with two integrated swim clips that you can handle with the fastening line in 4 different ways. Your decoys will thus move extremely varied by even weak wind conditions.<\/p>\n<p>The mallards are oversized for extra visibility. Measure from chest to tail is about 36.83 cm.<\/p>\n<p><strong>In the box:<\/strong><\/p>\n<ul>\n<li>Low head drakes x2<\/li>\n<li>High head drakes x2<\/li>\n<li>Low head hens x2<\/li>\n<\/ul>\n<p>All Avian-X duck decoys are made of a soft plastic material that does not crack even in cold weather. Also the decoys are painted with a dull and ultra adherent paint that does not peel off.<\/p>\n<p>&nbsp;<\/p>\n","protected":false},"excerpt":{"rendered":"<p>American Avian-X sets new standards for production and design of decoys. Now your duck hunting can be an even greater experience.<\/p>\n","protected":false},"featured_media":23072,"template":"","meta":[],"product_brand":[110],"product_cat":[8027],"product_tag":[9147,9779],"yoast_head":"<!-- This site is optimized with the Yoast SEO plugin v24.3 - https:\/\/yoast.com\/wordpress\/plugins\/seo\/ -->\n<title>Avian-X Gadwall Decoys - By far the most natural decoys on the market | Lucky Hunter<\/title>\n<meta name=\"description\" content=\"Avian-X Gadwall Decoys are a world above the rest. True-to-life details and quality you can rely on season after season. Try Avian-X on your next hunt!\" \/>\n<meta name=\"robots\" content=\"noindex, follow, max-snippet:-1, max-image-preview:large, max-video-preview:-1\" \/>\n<meta property=\"og:locale\" content=\"hu_HU\" \/>\n<meta property=\"og:type\" content=\"article\" \/>\n<meta property=\"og:title\" content=\"Avian-X Gadwall Decoys - By far the most natural decoys on the market | Lucky Hunter\" \/>\n<meta property=\"og:description\" content=\"Avian-X Gadwall Decoys are a world above the rest. True-to-life details and quality you can rely on season after season. Try Avian-X on your next hunt!\" \/>\n<meta property=\"og:url\" content=\"https:\/\/staging.lucky-hunter.com\/product\/avian-x-gadwalls\/\" \/>\n<meta property=\"og:site_name\" content=\"Lucky-Hunter\" \/>\n<meta property=\"article:modified_time\" content=\"2025-10-02T01:56:35+00:00\" \/>\n<meta property=\"og:image\" content=\"https:\/\/staging.lucky-hunter.com\/wp-content\/uploads\/2019\/06\/LF-347.png\" \/>\n\t<meta property=\"og:image:width\" content=\"1000\" \/>\n\t<meta property=\"og:image:height\" content=\"1000\" \/>\n\t<meta property=\"og:image:type\" content=\"image\/png\" \/>\n<meta name=\"twitter:card\" content=\"summary_large_image\" \/>\n<meta name=\"twitter:title\" content=\"Avian-X Gadwall Decoys - By far the most natural decoys on the market | Lucky Hunter\" \/>\n<meta name=\"twitter:description\" content=\"Avian-X Gadwall Decoys are a world above the rest. True-to-life details and quality you can rely on season after season. Try Avian-X on your next hunt!\" \/>\n<meta name=\"twitter:label1\" content=\"Becs\u00fclt olvas\u00e1si id\u0151\" \/>\n\t<meta name=\"twitter:data1\" content=\"1 perc\" \/>\n<script type=\"application\/ld+json\" class=\"yoast-schema-graph\">{\"@context\":\"https:\/\/schema.org\",\"@graph\":[{\"@type\":\"WebPage\",\"@id\":\"https:\/\/staging.lucky-hunter.com\/product\/avian-x-gadwalls\/\",\"url\":\"https:\/\/staging.lucky-hunter.com\/product\/avian-x-gadwalls\/\",\"name\":\"Avian-X Gadwall Decoys - By far the most natural decoys on the market | Lucky Hunter\",\"isPartOf\":{\"@id\":\"https:\/\/staging.lucky-hunter.com\/#website\"},\"primaryImageOfPage\":{\"@id\":\"https:\/\/staging.lucky-hunter.com\/product\/avian-x-gadwalls\/#primaryimage\"},\"image\":{\"@id\":\"https:\/\/staging.lucky-hunter.com\/product\/avian-x-gadwalls\/#primaryimage\"},\"thumbnailUrl\":\"https:\/\/staging.lucky-hunter.com\/wp-content\/uploads\/2019\/06\/LF-347.png\",\"datePublished\":\"2019-06-24T10:06:04+00:00\",\"dateModified\":\"2025-10-02T01:56:35+00:00\",\"description\":\"Avian-X Gadwall Decoys are a world above the rest. True-to-life details and quality you can rely on season after season. Try Avian-X on your next hunt!\",\"breadcrumb\":{\"@id\":\"https:\/\/staging.lucky-hunter.com\/product\/avian-x-gadwalls\/#breadcrumb\"},\"inLanguage\":\"hu\",\"potentialAction\":[{\"@type\":\"ReadAction\",\"target\":[\"https:\/\/staging.lucky-hunter.com\/product\/avian-x-gadwalls\/\"]}]},{\"@type\":\"ImageObject\",\"inLanguage\":\"hu\",\"@id\":\"https:\/\/staging.lucky-hunter.com\/product\/avian-x-gadwalls\/#primaryimage\",\"url\":\"https:\/\/staging.lucky-hunter.com\/wp-content\/uploads\/2019\/06\/LF-347.png\",\"contentUrl\":\"https:\/\/staging.lucky-hunter.com\/wp-content\/uploads\/2019\/06\/LF-347.png\",\"width\":1000,\"height\":1000},{\"@type\":\"BreadcrumbList\",\"@id\":\"https:\/\/staging.lucky-hunter.com\/product\/avian-x-gadwalls\/#breadcrumb\",\"itemListElement\":[{\"@type\":\"ListItem\",\"position\":1,\"name\":\"Home\",\"item\":\"https:\/\/staging.lucky-hunter.com\/hu\/\"},{\"@type\":\"ListItem\",\"position\":2,\"name\":\"Shop\",\"item\":\"https:\/\/staging.lucky-hunter.com\/hu\/shop\/\"},{\"@type\":\"ListItem\",\"position\":3,\"name\":\"Avian-X Topflight Gadwall\"}]},{\"@type\":\"WebSite\",\"@id\":\"https:\/\/staging.lucky-hunter.com\/#website\",\"url\":\"https:\/\/staging.lucky-hunter.com\/\",\"name\":\"Lucky-Hunter\",\"description\":\"Gear Up or Give Up\",\"potentialAction\":[{\"@type\":\"SearchAction\",\"target\":{\"@type\":\"EntryPoint\",\"urlTemplate\":\"https:\/\/staging.lucky-hunter.com\/?s={search_term_string}\"},\"query-input\":{\"@type\":\"PropertyValueSpecification\",\"valueRequired\":true,\"valueName\":\"search_term_string\"}}],\"inLanguage\":\"hu\"}]}<\/script>\n<!-- \/ Yoast SEO plugin. -->","yoast_head_json":{"title":"Avian-X Gadwall Decoys - By far the most natural decoys on the market | Lucky Hunter","description":"Avian-X Gadwall Decoys are a world above the rest. True-to-life details and quality you can rely on season after season. Try Avian-X on your next hunt!","robots":{"index":"noindex","follow":"follow","max-snippet":"max-snippet:-1","max-image-preview":"max-image-preview:large","max-video-preview":"max-video-preview:-1"},"og_locale":"hu_HU","og_type":"article","og_title":"Avian-X Gadwall Decoys - By far the most natural decoys on the market | Lucky Hunter","og_description":"Avian-X Gadwall Decoys are a world above the rest. True-to-life details and quality you can rely on season after season. Try Avian-X on your next hunt!","og_url":"https:\/\/staging.lucky-hunter.com\/product\/avian-x-gadwalls\/","og_site_name":"Lucky-Hunter","article_modified_time":"2025-10-02T01:56:35+00:00","og_image":[{"width":1000,"height":1000,"url":"https:\/\/staging.lucky-hunter.com\/wp-content\/uploads\/2019\/06\/LF-347.png","type":"image\/png"}],"twitter_card":"summary_large_image","twitter_title":"Avian-X Gadwall Decoys - By far the most natural decoys on the market | Lucky Hunter","twitter_description":"Avian-X Gadwall Decoys are a world above the rest. True-to-life details and quality you can rely on season after season. Try Avian-X on your next hunt!","twitter_misc":{"Becs\u00fclt olvas\u00e1si id\u0151":"1 perc"},"schema":{"@context":"https:\/\/schema.org","@graph":[{"@type":"WebPage","@id":"https:\/\/staging.lucky-hunter.com\/product\/avian-x-gadwalls\/","url":"https:\/\/staging.lucky-hunter.com\/product\/avian-x-gadwalls\/","name":"Avian-X Gadwall Decoys - By far the most natural decoys on the market | Lucky Hunter","isPartOf":{"@id":"https:\/\/staging.lucky-hunter.com\/#website"},"primaryImageOfPage":{"@id":"https:\/\/staging.lucky-hunter.com\/product\/avian-x-gadwalls\/#primaryimage"},"image":{"@id":"https:\/\/staging.lucky-hunter.com\/product\/avian-x-gadwalls\/#primaryimage"},"thumbnailUrl":"https:\/\/staging.lucky-hunter.com\/wp-content\/uploads\/2019\/06\/LF-347.png","datePublished":"2019-06-24T10:06:04+00:00","dateModified":"2025-10-02T01:56:35+00:00","description":"Avian-X Gadwall Decoys are a world above the rest. True-to-life details and quality you can rely on season after season. Try Avian-X on your next hunt!","breadcrumb":{"@id":"https:\/\/staging.lucky-hunter.com\/product\/avian-x-gadwalls\/#breadcrumb"},"inLanguage":"hu","potentialAction":[{"@type":"ReadAction","target":["https:\/\/staging.lucky-hunter.com\/product\/avian-x-gadwalls\/"]}]},{"@type":"ImageObject","inLanguage":"hu","@id":"https:\/\/staging.lucky-hunter.com\/product\/avian-x-gadwalls\/#primaryimage","url":"https:\/\/staging.lucky-hunter.com\/wp-content\/uploads\/2019\/06\/LF-347.png","contentUrl":"https:\/\/staging.lucky-hunter.com\/wp-content\/uploads\/2019\/06\/LF-347.png","width":1000,"height":1000},{"@type":"BreadcrumbList","@id":"https:\/\/staging.lucky-hunter.com\/product\/avian-x-gadwalls\/#breadcrumb","itemListElement":[{"@type":"ListItem","position":1,"name":"Home","item":"https:\/\/staging.lucky-hunter.com\/hu\/"},{"@type":"ListItem","position":2,"name":"Shop","item":"https:\/\/staging.lucky-hunter.com\/hu\/shop\/"},{"@type":"ListItem","position":3,"name":"Avian-X Topflight Gadwall"}]},{"@type":"WebSite","@id":"https:\/\/staging.lucky-hunter.com\/#website","url":"https:\/\/staging.lucky-hunter.com\/","name":"Lucky-Hunter","description":"Gear Up or Give Up","potentialAction":[{"@type":"SearchAction","target":{"@type":"EntryPoint","urlTemplate":"https:\/\/staging.lucky-hunter.com\/?s={search_term_string}"},"query-input":{"@type":"PropertyValueSpecification","valueRequired":true,"valueName":"search_term_string"}}],"inLanguage":"hu"}]}},"_links":{"self":[{"href":"https:\/\/staging.lucky-hunter.com\/hu\/wp-json\/wp\/v2\/product\/22701"}],"collection":[{"href":"https:\/\/staging.lucky-hunter.com\/hu\/wp-json\/wp\/v2\/product"}],"about":[{"href":"https:\/\/staging.lucky-hunter.com\/hu\/wp-json\/wp\/v2\/types\/product"}],"wp:featuredmedia":[{"embeddable":true,"href":"https:\/\/staging.lucky-hunter.com\/hu\/wp-json\/wp\/v2\/media\/23072"}],"wp:attachment":[{"href":"https:\/\/staging.lucky-hunter.com\/hu\/wp-json\/wp\/v2\/media?parent=22701"}],"wp:term":[{"taxonomy":"product_brand","embeddable":true,"href":"https:\/\/staging.lucky-hunter.com\/hu\/wp-json\/wp\/v2\/product_brand?post=22701"},{"taxonomy":"product_cat","embeddable":true,"href":"https:\/\/staging.lucky-hunter.com\/hu\/wp-json\/wp\/v2\/product_cat?post=22701"},{"taxonomy":"product_tag","embeddable":true,"href":"https:\/\/staging.lucky-hunter.com\/hu\/wp-json\/wp\/v2\/product_tag?post=22701"}],"curies":[{"name":"wp","href":"https:\/\/api.w.org\/{rel}","templated":true}]}}