{"id":22698,"date":"2019-06-20T15:51:20","date_gmt":"2019-06-20T13:51:20","guid":{"rendered":"http:\/\/staging.lucky-hunter.com\/?post_type=product&#038;p=22698"},"modified":"2025-10-02T05:34:34","modified_gmt":"2025-10-02T03:34:34","slug":"digital-game-scale-300-kgs","status":"publish","type":"product","link":"https:\/\/staging.lucky-hunter.com\/hu\/product\/digital-game-scale-300-kgs\/","title":{"rendered":"Digital Game Scale &#8211; Up to 300kg"},"content":{"rendered":"<div class=\"video video-fit mb\" style=\"padding-top:56.25%;\"><p><iframe title=\"Electronic game scale\" width=\"1020\" height=\"574\" src=\"https:\/\/www.youtube.com\/embed\/_mT-J6BgfXY?wmode=transparent&amp;rel=0&amp;feature=oembed\" frameborder=\"0\" allow=\"accelerometer; autoplay; clipboard-write; encrypted-media; gyroscope; picture-in-picture; web-share\" referrerpolicy=\"strict-origin-when-cross-origin\" allowfullscreen><\/iframe><\/p>\n<\/div>\n<h2><strong>Digital Game Scale &#8211; precise and compact scale for hunting and fishing<\/strong><\/h2>\n<p>With our new game scale, you will always get the exact weight of the game.<\/p>\n<p>The scale can operate up to 300 kgs and is easy to hang up where ever you need it.<\/p>\n<p>A carabiner and s-hook are included for hanging both the scale and the game.<\/p>\n<p>The scale has an LCD display and is powered by 2 x AAA batteries (included).<\/p>\n<p>We recommend that you take the batteries out of the scale if you do not need it for a long period. This is to prevent them from leaking battery acid and damaging the electronics inside the scale.<\/p>\n<p>The scale switches off automatically if it is not used for more than 2 minutes.<\/p>\n<p>The weight can be measured in 3 different units: KG, LB and JIN. Hold down the MODE button to switch to the desired measuring device.<\/p>\n","protected":false},"excerpt":{"rendered":"<p>With our new digital game scale you will always get the exact weight of the game. The scale can operate up to 300 kgs and is easy to hang up where ever you need it.<\/p>\n","protected":false},"featured_media":22704,"template":"","meta":[],"product_brand":[9644],"product_cat":[8646],"product_tag":[],"yoast_head":"<!-- This site is optimized with the Yoast SEO plugin v24.3 - https:\/\/yoast.com\/wordpress\/plugins\/seo\/ -->\n<title>Digital Game Scale - Up to 300kg for Fishing or Hunting | Lucky Hunter<\/title>\n<meta name=\"description\" content=\"Our Digital Game Scale is perfect for hunting and fishing. It holds weights up to 300kg. Digital and highly accurate. Easy size for storage.\" \/>\n<meta name=\"robots\" content=\"noindex, follow, max-snippet:-1, max-image-preview:large, max-video-preview:-1\" \/>\n<meta property=\"og:locale\" content=\"hu_HU\" \/>\n<meta property=\"og:type\" content=\"article\" \/>\n<meta property=\"og:title\" content=\"Electronic Game Scale - Up to 300kg for Fishing or Hunting | Lucky Hunter\" \/>\n<meta property=\"og:description\" content=\"Our Electronic Game Scale is perfect for hunting and fishing. It holds weights up to 300kg. Digital and highly accurate. Easy size for storage.\" \/>\n<meta property=\"og:url\" content=\"https:\/\/staging.lucky-hunter.com\/product\/digital-game-scale-300-kgs\/\" \/>\n<meta property=\"og:site_name\" content=\"Lucky-Hunter\" \/>\n<meta property=\"article:modified_time\" content=\"2025-10-02T03:34:34+00:00\" \/>\n<meta property=\"og:image\" content=\"https:\/\/staging.lucky-hunter.com\/wp-content\/uploads\/2019\/06\/VH-70-2.png\" \/>\n\t<meta property=\"og:image:width\" content=\"1000\" \/>\n\t<meta property=\"og:image:height\" content=\"1000\" \/>\n\t<meta property=\"og:image:type\" content=\"image\/png\" \/>\n<meta name=\"twitter:card\" content=\"summary_large_image\" \/>\n<meta name=\"twitter:title\" content=\"Electronic Game Scale - Up to 300kg for Fishing or Hunting | Lucky Hunter\" \/>\n<meta name=\"twitter:description\" content=\"Our Electronic Game Scale is perfect for hunting and fishing. It holds weights up to 300kg. Digital and highly accurate. Easy size for storage.\" \/>\n<meta name=\"twitter:label1\" content=\"Becs\u00fclt olvas\u00e1si id\u0151\" \/>\n\t<meta name=\"twitter:data1\" content=\"1 perc\" \/>\n<script type=\"application\/ld+json\" class=\"yoast-schema-graph\">{\"@context\":\"https:\/\/schema.org\",\"@graph\":[{\"@type\":\"WebPage\",\"@id\":\"https:\/\/staging.lucky-hunter.com\/product\/digital-game-scale-300-kgs\/\",\"url\":\"https:\/\/staging.lucky-hunter.com\/product\/digital-game-scale-300-kgs\/\",\"name\":\"Digital Game Scale - Up to 300kg for Fishing or Hunting | Lucky Hunter\",\"isPartOf\":{\"@id\":\"https:\/\/staging.lucky-hunter.com\/#website\"},\"primaryImageOfPage\":{\"@id\":\"https:\/\/staging.lucky-hunter.com\/product\/digital-game-scale-300-kgs\/#primaryimage\"},\"image\":{\"@id\":\"https:\/\/staging.lucky-hunter.com\/product\/digital-game-scale-300-kgs\/#primaryimage\"},\"thumbnailUrl\":\"https:\/\/staging.lucky-hunter.com\/wp-content\/uploads\/2019\/06\/VH-70-2.png\",\"datePublished\":\"2019-06-20T13:51:20+00:00\",\"dateModified\":\"2025-10-02T03:34:34+00:00\",\"description\":\"Our Digital Game Scale is perfect for hunting and fishing. It holds weights up to 300kg. Digital and highly accurate. Easy size for storage.\",\"breadcrumb\":{\"@id\":\"https:\/\/staging.lucky-hunter.com\/product\/digital-game-scale-300-kgs\/#breadcrumb\"},\"inLanguage\":\"hu\",\"potentialAction\":[{\"@type\":\"ReadAction\",\"target\":[\"https:\/\/staging.lucky-hunter.com\/product\/digital-game-scale-300-kgs\/\"]}]},{\"@type\":\"ImageObject\",\"inLanguage\":\"hu\",\"@id\":\"https:\/\/staging.lucky-hunter.com\/product\/digital-game-scale-300-kgs\/#primaryimage\",\"url\":\"https:\/\/staging.lucky-hunter.com\/wp-content\/uploads\/2019\/06\/VH-70-2.png\",\"contentUrl\":\"https:\/\/staging.lucky-hunter.com\/wp-content\/uploads\/2019\/06\/VH-70-2.png\",\"width\":1000,\"height\":1000,\"caption\":\"Image of Digital Game Scale and accesories\"},{\"@type\":\"BreadcrumbList\",\"@id\":\"https:\/\/staging.lucky-hunter.com\/product\/digital-game-scale-300-kgs\/#breadcrumb\",\"itemListElement\":[{\"@type\":\"ListItem\",\"position\":1,\"name\":\"Home\",\"item\":\"https:\/\/staging.lucky-hunter.com\/hu\/\"},{\"@type\":\"ListItem\",\"position\":2,\"name\":\"Shop\",\"item\":\"https:\/\/staging.lucky-hunter.com\/hu\/shop\/\"},{\"@type\":\"ListItem\",\"position\":3,\"name\":\"Digital Game Scale &#8211; Up to 300kg\"}]},{\"@type\":\"WebSite\",\"@id\":\"https:\/\/staging.lucky-hunter.com\/#website\",\"url\":\"https:\/\/staging.lucky-hunter.com\/\",\"name\":\"Lucky-Hunter\",\"description\":\"Gear Up or Give Up\",\"potentialAction\":[{\"@type\":\"SearchAction\",\"target\":{\"@type\":\"EntryPoint\",\"urlTemplate\":\"https:\/\/staging.lucky-hunter.com\/?s={search_term_string}\"},\"query-input\":{\"@type\":\"PropertyValueSpecification\",\"valueRequired\":true,\"valueName\":\"search_term_string\"}}],\"inLanguage\":\"hu\"}]}<\/script>\n<!-- \/ Yoast SEO plugin. -->","yoast_head_json":{"title":"Digital Game Scale - Up to 300kg for Fishing or Hunting | Lucky Hunter","description":"Our Digital Game Scale is perfect for hunting and fishing. It holds weights up to 300kg. Digital and highly accurate. Easy size for storage.","robots":{"index":"noindex","follow":"follow","max-snippet":"max-snippet:-1","max-image-preview":"max-image-preview:large","max-video-preview":"max-video-preview:-1"},"og_locale":"hu_HU","og_type":"article","og_title":"Electronic Game Scale - Up to 300kg for Fishing or Hunting | Lucky Hunter","og_description":"Our Electronic Game Scale is perfect for hunting and fishing. It holds weights up to 300kg. Digital and highly accurate. Easy size for storage.","og_url":"https:\/\/staging.lucky-hunter.com\/product\/digital-game-scale-300-kgs\/","og_site_name":"Lucky-Hunter","article_modified_time":"2025-10-02T03:34:34+00:00","og_image":[{"width":1000,"height":1000,"url":"https:\/\/staging.lucky-hunter.com\/wp-content\/uploads\/2019\/06\/VH-70-2.png","type":"image\/png"}],"twitter_card":"summary_large_image","twitter_title":"Electronic Game Scale - Up to 300kg for Fishing or Hunting | Lucky Hunter","twitter_description":"Our Electronic Game Scale is perfect for hunting and fishing. It holds weights up to 300kg. Digital and highly accurate. Easy size for storage.","twitter_misc":{"Becs\u00fclt olvas\u00e1si id\u0151":"1 perc"},"schema":{"@context":"https:\/\/schema.org","@graph":[{"@type":"WebPage","@id":"https:\/\/staging.lucky-hunter.com\/product\/digital-game-scale-300-kgs\/","url":"https:\/\/staging.lucky-hunter.com\/product\/digital-game-scale-300-kgs\/","name":"Digital Game Scale - Up to 300kg for Fishing or Hunting | Lucky Hunter","isPartOf":{"@id":"https:\/\/staging.lucky-hunter.com\/#website"},"primaryImageOfPage":{"@id":"https:\/\/staging.lucky-hunter.com\/product\/digital-game-scale-300-kgs\/#primaryimage"},"image":{"@id":"https:\/\/staging.lucky-hunter.com\/product\/digital-game-scale-300-kgs\/#primaryimage"},"thumbnailUrl":"https:\/\/staging.lucky-hunter.com\/wp-content\/uploads\/2019\/06\/VH-70-2.png","datePublished":"2019-06-20T13:51:20+00:00","dateModified":"2025-10-02T03:34:34+00:00","description":"Our Digital Game Scale is perfect for hunting and fishing. It holds weights up to 300kg. Digital and highly accurate. Easy size for storage.","breadcrumb":{"@id":"https:\/\/staging.lucky-hunter.com\/product\/digital-game-scale-300-kgs\/#breadcrumb"},"inLanguage":"hu","potentialAction":[{"@type":"ReadAction","target":["https:\/\/staging.lucky-hunter.com\/product\/digital-game-scale-300-kgs\/"]}]},{"@type":"ImageObject","inLanguage":"hu","@id":"https:\/\/staging.lucky-hunter.com\/product\/digital-game-scale-300-kgs\/#primaryimage","url":"https:\/\/staging.lucky-hunter.com\/wp-content\/uploads\/2019\/06\/VH-70-2.png","contentUrl":"https:\/\/staging.lucky-hunter.com\/wp-content\/uploads\/2019\/06\/VH-70-2.png","width":1000,"height":1000,"caption":"Image of Digital Game Scale and accesories"},{"@type":"BreadcrumbList","@id":"https:\/\/staging.lucky-hunter.com\/product\/digital-game-scale-300-kgs\/#breadcrumb","itemListElement":[{"@type":"ListItem","position":1,"name":"Home","item":"https:\/\/staging.lucky-hunter.com\/hu\/"},{"@type":"ListItem","position":2,"name":"Shop","item":"https:\/\/staging.lucky-hunter.com\/hu\/shop\/"},{"@type":"ListItem","position":3,"name":"Digital Game Scale &#8211; Up to 300kg"}]},{"@type":"WebSite","@id":"https:\/\/staging.lucky-hunter.com\/#website","url":"https:\/\/staging.lucky-hunter.com\/","name":"Lucky-Hunter","description":"Gear Up or Give Up","potentialAction":[{"@type":"SearchAction","target":{"@type":"EntryPoint","urlTemplate":"https:\/\/staging.lucky-hunter.com\/?s={search_term_string}"},"query-input":{"@type":"PropertyValueSpecification","valueRequired":true,"valueName":"search_term_string"}}],"inLanguage":"hu"}]}},"_links":{"self":[{"href":"https:\/\/staging.lucky-hunter.com\/hu\/wp-json\/wp\/v2\/product\/22698"}],"collection":[{"href":"https:\/\/staging.lucky-hunter.com\/hu\/wp-json\/wp\/v2\/product"}],"about":[{"href":"https:\/\/staging.lucky-hunter.com\/hu\/wp-json\/wp\/v2\/types\/product"}],"wp:featuredmedia":[{"embeddable":true,"href":"https:\/\/staging.lucky-hunter.com\/hu\/wp-json\/wp\/v2\/media\/22704"}],"wp:attachment":[{"href":"https:\/\/staging.lucky-hunter.com\/hu\/wp-json\/wp\/v2\/media?parent=22698"}],"wp:term":[{"taxonomy":"product_brand","embeddable":true,"href":"https:\/\/staging.lucky-hunter.com\/hu\/wp-json\/wp\/v2\/product_brand?post=22698"},{"taxonomy":"product_cat","embeddable":true,"href":"https:\/\/staging.lucky-hunter.com\/hu\/wp-json\/wp\/v2\/product_cat?post=22698"},{"taxonomy":"product_tag","embeddable":true,"href":"https:\/\/staging.lucky-hunter.com\/hu\/wp-json\/wp\/v2\/product_tag?post=22698"}],"curies":[{"name":"wp","href":"https:\/\/api.w.org\/{rel}","templated":true}]}}