{"id":22668,"date":"2019-06-13T13:20:13","date_gmt":"2019-06-13T11:20:13","guid":{"rendered":"http:\/\/staging.lucky-hunter.com\/?post_type=product&#038;p=22668"},"modified":"2025-10-02T04:01:57","modified_gmt":"2025-10-02T02:01:57","slug":"big-als-silhouette-greylag-decoys","status":"publish","type":"product","link":"https:\/\/staging.lucky-hunter.com\/hu\/product\/big-als-silhouette-greylag-decoys\/","title":{"rendered":"Big Al&#8217;s Silhouette Greylag Decoys &#8211; x12 in a Pack"},"content":{"rendered":"<p><iframe title=\"Big Al\u2019s Silhouette Greylag Decoys\" width=\"1020\" height=\"574\" src=\"https:\/\/www.youtube.com\/embed\/Eh5Sdpu3xZw?wmode=transparent&amp;rel=0&amp;feature=oembed&#038;enablejsapi=1&#038;origin=https:\/\/staging.lucky-hunter.com\" frameborder=\"0\" allow=\"accelerometer; autoplay; clipboard-write; encrypted-media; gyroscope; picture-in-picture\" allowfullscreen><\/iframe><\/p>\n<h1><b>Big Al&#8217;s Silhouette Greylag Decoys &#8211; The ideal way to extend your spread<\/b><\/h1>\n<p><span style=\"font-weight: 400;\">Big Al&#8217;s Decoys USA are one of the industry&#8217;s leading producers of decoys for duck and goose hunting.<\/span><\/p>\n<p><span style=\"font-weight: 400;\">The big advantage with silhouette decoys is the same as with Sillosocks &#8211; you can recreate a large spread of feeding and resting geese without carrying a lot of bags loaded with full body decoys.<\/span><\/p>\n<p><span style=\"font-weight: 400;\">Sillosocks add movement to the spread but the wind will point the decoys into the same direction &#8211; which is not natural. Place the Big Al&#8217;s silhouettes in a varied setup along with full body decoys, shells and Sillosocks. This is a very effective way to blur your layout blind, as the geese will be focused on the number of geese that have landed to eat.<\/span><\/p>\n<p><span style=\"font-weight: 400;\">Make sure to vary the angle of the silhouettes so that the geese see them from all directions.<\/span><\/p>\n<p><strong style=\"color: #555555; font-size: 14.4px;\">In the package:<\/strong><\/p>\n<ul>\n<li>x8 Feeder Greylags<\/li>\n<li>x4 Sentry Greylags<\/li>\n<li>x12 mounting sticks.<\/li>\n<\/ul>\n<p><span style=\"font-weight: 400;\">Made of heavy duty material, the silhouettes still may crease or bend if not handled properly. We suggest that you transport and store them in a carrying bag.<\/span><\/p>\n<p><b>About the manufacturer:<\/b><\/p>\n<p><span style=\"font-weight: 400;\">Big Al grew up in Ohio in a family of dedicated waterfowlers. Since the early 1970&#8217;s he has hunted and studied the beautiful birds and gradually the development of lifelike decoys became his great passion. Since then, with the company name Big Al&#8217;s Decoys, he has become a big name in decoys in the United States, where his silhouette decoys are known for their very high quality in materials, details, colours and prints.<\/span><\/p>\n<p><span style=\"font-weight: 400;\">Big Al is still the main figure in the design and printing process.<\/span><\/p>\n<p><iframe title=\"Unboxing Big Al Decoys\" width=\"1020\" height=\"574\" src=\"https:\/\/www.youtube.com\/embed\/xNw2oXHrJi8?wmode=transparent&amp;rel=0&amp;list=PLj1J9kRlYtiyo4Q2DfPzi3V9I4WJriDVQ\" frameborder=\"0\" allow=\"accelerometer; autoplay; clipboard-write; encrypted-media; gyroscope; picture-in-picture\" allowfullscreen><\/iframe><\/p>\n","protected":false},"excerpt":{"rendered":"<p><span style=\"font-weight: 400;\">Big Al&#8217;s Decoys USA are one of the industry&#8217;s leading producers of decoys for duck and goose hunting. You can recreate a large spread of feeding and resting geese.<\/span><\/p>\n","protected":false},"featured_media":53370,"template":"","meta":[],"product_brand":[9641],"product_cat":[8695],"product_tag":[9496],"yoast_head":"<!-- This site is optimized with the Yoast SEO plugin v24.3 - https:\/\/yoast.com\/wordpress\/plugins\/seo\/ -->\n<title>Big Al&#039;s Silhouette Greylag Decoys - The ideal way to extend your spreadHunter<\/title>\n<meta name=\"description\" content=\"Big Al&#039;s Decoys USA are one of the industry&#039;s leading producers of decoys for duck and goose hunting. 12 pcs in a pack\" \/>\n<meta name=\"robots\" content=\"noindex, follow, max-snippet:-1, max-image-preview:large, max-video-preview:-1\" \/>\n<meta property=\"og:locale\" content=\"hu_HU\" \/>\n<meta property=\"og:type\" content=\"article\" \/>\n<meta property=\"og:title\" content=\"Big Al&#039;s Silhouette Greylag Decoys - BIG News for 2019 Wildfowl Season | Lucky Hunter\" \/>\n<meta property=\"og:description\" content=\"Big Al&#039;s Silhouette Greylag Decoys are coming for the 2019 wildfowl season! Big Al&#039;s Silhouette decoys are ideal for all wildfowl situations.\" \/>\n<meta property=\"og:url\" content=\"https:\/\/staging.lucky-hunter.com\/product\/big-als-silhouette-greylag-decoys\/\" \/>\n<meta property=\"og:site_name\" content=\"Lucky-Hunter\" \/>\n<meta property=\"article:modified_time\" content=\"2025-10-02T02:01:57+00:00\" \/>\n<meta property=\"og:image\" content=\"https:\/\/staging.lucky-hunter.com\/wp-content\/uploads\/2019\/06\/LF-620.png\" \/>\n\t<meta property=\"og:image:width\" content=\"1000\" \/>\n\t<meta property=\"og:image:height\" content=\"1000\" \/>\n\t<meta property=\"og:image:type\" content=\"image\/png\" \/>\n<meta name=\"twitter:card\" content=\"summary_large_image\" \/>\n<meta name=\"twitter:title\" content=\"Big Al&#039;s Silhouette Greylag Decoys - BIG News for 2019 Wildfowl Season | Lucky Hunter\" \/>\n<meta name=\"twitter:description\" content=\"Big Al&#039;s Silhouette Greylag Decoys are coming for the 2019 wildfowl season! Big Al&#039;s Silhouette decoys are ideal for all wildfowl situations.\" \/>\n<meta name=\"twitter:label1\" content=\"Becs\u00fclt olvas\u00e1si id\u0151\" \/>\n\t<meta name=\"twitter:data1\" content=\"2 perc\" \/>\n<script type=\"application\/ld+json\" class=\"yoast-schema-graph\">{\"@context\":\"https:\/\/schema.org\",\"@graph\":[{\"@type\":\"WebPage\",\"@id\":\"https:\/\/staging.lucky-hunter.com\/product\/big-als-silhouette-greylag-decoys\/\",\"url\":\"https:\/\/staging.lucky-hunter.com\/product\/big-als-silhouette-greylag-decoys\/\",\"name\":\"Big Al's Silhouette Greylag Decoys - The ideal way to extend your spreadHunter\",\"isPartOf\":{\"@id\":\"https:\/\/staging.lucky-hunter.com\/#website\"},\"primaryImageOfPage\":{\"@id\":\"https:\/\/staging.lucky-hunter.com\/product\/big-als-silhouette-greylag-decoys\/#primaryimage\"},\"image\":{\"@id\":\"https:\/\/staging.lucky-hunter.com\/product\/big-als-silhouette-greylag-decoys\/#primaryimage\"},\"thumbnailUrl\":\"https:\/\/staging.lucky-hunter.com\/wp-content\/uploads\/2019\/06\/LF-620.png\",\"datePublished\":\"2019-06-13T11:20:13+00:00\",\"dateModified\":\"2025-10-02T02:01:57+00:00\",\"description\":\"Big Al's Decoys USA are one of the industry's leading producers of decoys for duck and goose hunting. 12 pcs in a pack\",\"breadcrumb\":{\"@id\":\"https:\/\/staging.lucky-hunter.com\/product\/big-als-silhouette-greylag-decoys\/#breadcrumb\"},\"inLanguage\":\"hu\",\"potentialAction\":[{\"@type\":\"ReadAction\",\"target\":[\"https:\/\/staging.lucky-hunter.com\/product\/big-als-silhouette-greylag-decoys\/\"]}]},{\"@type\":\"ImageObject\",\"inLanguage\":\"hu\",\"@id\":\"https:\/\/staging.lucky-hunter.com\/product\/big-als-silhouette-greylag-decoys\/#primaryimage\",\"url\":\"https:\/\/staging.lucky-hunter.com\/wp-content\/uploads\/2019\/06\/LF-620.png\",\"contentUrl\":\"https:\/\/staging.lucky-hunter.com\/wp-content\/uploads\/2019\/06\/LF-620.png\",\"width\":1000,\"height\":1000},{\"@type\":\"BreadcrumbList\",\"@id\":\"https:\/\/staging.lucky-hunter.com\/product\/big-als-silhouette-greylag-decoys\/#breadcrumb\",\"itemListElement\":[{\"@type\":\"ListItem\",\"position\":1,\"name\":\"Home\",\"item\":\"https:\/\/staging.lucky-hunter.com\/hu\/\"},{\"@type\":\"ListItem\",\"position\":2,\"name\":\"Shop\",\"item\":\"https:\/\/staging.lucky-hunter.com\/hu\/shop\/\"},{\"@type\":\"ListItem\",\"position\":3,\"name\":\"Big Al&#8217;s Silhouette Greylag Decoys &#8211; x12 in a Pack\"}]},{\"@type\":\"WebSite\",\"@id\":\"https:\/\/staging.lucky-hunter.com\/#website\",\"url\":\"https:\/\/staging.lucky-hunter.com\/\",\"name\":\"Lucky-Hunter\",\"description\":\"Gear Up or Give Up\",\"potentialAction\":[{\"@type\":\"SearchAction\",\"target\":{\"@type\":\"EntryPoint\",\"urlTemplate\":\"https:\/\/staging.lucky-hunter.com\/?s={search_term_string}\"},\"query-input\":{\"@type\":\"PropertyValueSpecification\",\"valueRequired\":true,\"valueName\":\"search_term_string\"}}],\"inLanguage\":\"hu\"}]}<\/script>\n<!-- \/ Yoast SEO plugin. -->","yoast_head_json":{"title":"Big Al's Silhouette Greylag Decoys - The ideal way to extend your spreadHunter","description":"Big Al's Decoys USA are one of the industry's leading producers of decoys for duck and goose hunting. 12 pcs in a pack","robots":{"index":"noindex","follow":"follow","max-snippet":"max-snippet:-1","max-image-preview":"max-image-preview:large","max-video-preview":"max-video-preview:-1"},"og_locale":"hu_HU","og_type":"article","og_title":"Big Al's Silhouette Greylag Decoys - BIG News for 2019 Wildfowl Season | Lucky Hunter","og_description":"Big Al's Silhouette Greylag Decoys are coming for the 2019 wildfowl season! Big Al's Silhouette decoys are ideal for all wildfowl situations.","og_url":"https:\/\/staging.lucky-hunter.com\/product\/big-als-silhouette-greylag-decoys\/","og_site_name":"Lucky-Hunter","article_modified_time":"2025-10-02T02:01:57+00:00","og_image":[{"width":1000,"height":1000,"url":"https:\/\/staging.lucky-hunter.com\/wp-content\/uploads\/2019\/06\/LF-620.png","type":"image\/png"}],"twitter_card":"summary_large_image","twitter_title":"Big Al's Silhouette Greylag Decoys - BIG News for 2019 Wildfowl Season | Lucky Hunter","twitter_description":"Big Al's Silhouette Greylag Decoys are coming for the 2019 wildfowl season! Big Al's Silhouette decoys are ideal for all wildfowl situations.","twitter_misc":{"Becs\u00fclt olvas\u00e1si id\u0151":"2 perc"},"schema":{"@context":"https:\/\/schema.org","@graph":[{"@type":"WebPage","@id":"https:\/\/staging.lucky-hunter.com\/product\/big-als-silhouette-greylag-decoys\/","url":"https:\/\/staging.lucky-hunter.com\/product\/big-als-silhouette-greylag-decoys\/","name":"Big Al's Silhouette Greylag Decoys - The ideal way to extend your spreadHunter","isPartOf":{"@id":"https:\/\/staging.lucky-hunter.com\/#website"},"primaryImageOfPage":{"@id":"https:\/\/staging.lucky-hunter.com\/product\/big-als-silhouette-greylag-decoys\/#primaryimage"},"image":{"@id":"https:\/\/staging.lucky-hunter.com\/product\/big-als-silhouette-greylag-decoys\/#primaryimage"},"thumbnailUrl":"https:\/\/staging.lucky-hunter.com\/wp-content\/uploads\/2019\/06\/LF-620.png","datePublished":"2019-06-13T11:20:13+00:00","dateModified":"2025-10-02T02:01:57+00:00","description":"Big Al's Decoys USA are one of the industry's leading producers of decoys for duck and goose hunting. 12 pcs in a pack","breadcrumb":{"@id":"https:\/\/staging.lucky-hunter.com\/product\/big-als-silhouette-greylag-decoys\/#breadcrumb"},"inLanguage":"hu","potentialAction":[{"@type":"ReadAction","target":["https:\/\/staging.lucky-hunter.com\/product\/big-als-silhouette-greylag-decoys\/"]}]},{"@type":"ImageObject","inLanguage":"hu","@id":"https:\/\/staging.lucky-hunter.com\/product\/big-als-silhouette-greylag-decoys\/#primaryimage","url":"https:\/\/staging.lucky-hunter.com\/wp-content\/uploads\/2019\/06\/LF-620.png","contentUrl":"https:\/\/staging.lucky-hunter.com\/wp-content\/uploads\/2019\/06\/LF-620.png","width":1000,"height":1000},{"@type":"BreadcrumbList","@id":"https:\/\/staging.lucky-hunter.com\/product\/big-als-silhouette-greylag-decoys\/#breadcrumb","itemListElement":[{"@type":"ListItem","position":1,"name":"Home","item":"https:\/\/staging.lucky-hunter.com\/hu\/"},{"@type":"ListItem","position":2,"name":"Shop","item":"https:\/\/staging.lucky-hunter.com\/hu\/shop\/"},{"@type":"ListItem","position":3,"name":"Big Al&#8217;s Silhouette Greylag Decoys &#8211; x12 in a Pack"}]},{"@type":"WebSite","@id":"https:\/\/staging.lucky-hunter.com\/#website","url":"https:\/\/staging.lucky-hunter.com\/","name":"Lucky-Hunter","description":"Gear Up or Give Up","potentialAction":[{"@type":"SearchAction","target":{"@type":"EntryPoint","urlTemplate":"https:\/\/staging.lucky-hunter.com\/?s={search_term_string}"},"query-input":{"@type":"PropertyValueSpecification","valueRequired":true,"valueName":"search_term_string"}}],"inLanguage":"hu"}]}},"_links":{"self":[{"href":"https:\/\/staging.lucky-hunter.com\/hu\/wp-json\/wp\/v2\/product\/22668"}],"collection":[{"href":"https:\/\/staging.lucky-hunter.com\/hu\/wp-json\/wp\/v2\/product"}],"about":[{"href":"https:\/\/staging.lucky-hunter.com\/hu\/wp-json\/wp\/v2\/types\/product"}],"wp:featuredmedia":[{"embeddable":true,"href":"https:\/\/staging.lucky-hunter.com\/hu\/wp-json\/wp\/v2\/media\/53370"}],"wp:attachment":[{"href":"https:\/\/staging.lucky-hunter.com\/hu\/wp-json\/wp\/v2\/media?parent=22668"}],"wp:term":[{"taxonomy":"product_brand","embeddable":true,"href":"https:\/\/staging.lucky-hunter.com\/hu\/wp-json\/wp\/v2\/product_brand?post=22668"},{"taxonomy":"product_cat","embeddable":true,"href":"https:\/\/staging.lucky-hunter.com\/hu\/wp-json\/wp\/v2\/product_cat?post=22668"},{"taxonomy":"product_tag","embeddable":true,"href":"https:\/\/staging.lucky-hunter.com\/hu\/wp-json\/wp\/v2\/product_tag?post=22668"}],"curies":[{"name":"wp","href":"https:\/\/api.w.org\/{rel}","templated":true}]}}