{"id":22659,"date":"2019-06-12T09:40:40","date_gmt":"2019-06-12T07:40:40","guid":{"rendered":"http:\/\/staging.lucky-hunter.com\/?post_type=product&#038;p=22659"},"modified":"2025-10-02T05:24:58","modified_gmt":"2025-10-02T03:24:58","slug":"ghg-mesh-bag-for-20-decoys","status":"publish","type":"product","link":"https:\/\/staging.lucky-hunter.com\/hu\/product\/ghg-mesh-bag-for-20-decoys\/","title":{"rendered":"GHG Mesh Bag &#8211; 20 decoys"},"content":{"rendered":"<h2><strong>GHG Pothole Mesh Bag &#8211; easy transportation and storage of decoys<\/strong><\/h2>\n<p>Great quality mesh decoy bag from GHG. Enables you to easily carry and store up to 20 standard size duck, pigeon or crow decoys.<\/p>\n<p>As the polyester mesh is mould-proof, this is a great option for storage of decoys, as it enables them to &#8216;breathe&#8217;. Other enclosed bags may not have the same breathable capabilities.<\/p>\n<p>GHG Pothole Decoy Bag is made of mould-repellent polyester with 2&#8243; (approx 5cm) wide comfort shoulder straps and nylon paracord. Allows for a comfortable, easy journey to and from the hunt.<\/p>\n<p>Colour: US Olive Drab<\/p>\n<p>Size approx. 76 x 97 cm.<\/p>\n","protected":false},"excerpt":{"rendered":"<p>GHG mesh bag in the well-known quality from American GHG for easy transportation and storage of up to 20 duck, pigeon or crow standard size decoys.<\/p>\n","protected":false},"featured_media":26576,"template":"","meta":[],"product_brand":[9599],"product_cat":[9322],"product_tag":[],"yoast_head":"<!-- This site is optimized with the Yoast SEO plugin v24.3 - https:\/\/yoast.com\/wordpress\/plugins\/seo\/ -->\n<title>GHG Mesh Bag for 20 decoys - Easy Storage and Transportation<\/title>\n<meta name=\"description\" content=\"GHG Pothole Mesh Bag is great for easy storage and transportation of your pigeon, crow and standard size duck decoys. Mould resistant material.\" \/>\n<meta name=\"robots\" content=\"noindex, follow, max-snippet:-1, max-image-preview:large, max-video-preview:-1\" \/>\n<meta property=\"og:locale\" content=\"hu_HU\" \/>\n<meta property=\"og:type\" content=\"article\" \/>\n<meta property=\"og:title\" content=\"GHG Pothole Mesh Bag - Easy Storage and Transportation | Lucky Hunter\" \/>\n<meta property=\"og:description\" content=\"GHG Pothole Mesh Bag is great for easy storage and transportation of your pigeon, crow and standard size duck decoys. Mould resistant material.\" \/>\n<meta property=\"og:url\" content=\"https:\/\/staging.lucky-hunter.com\/product\/ghg-mesh-bag-for-20-decoys\/\" \/>\n<meta property=\"og:site_name\" content=\"Lucky-Hunter\" \/>\n<meta property=\"article:modified_time\" content=\"2025-10-02T03:24:58+00:00\" \/>\n<meta property=\"og:image\" content=\"https:\/\/staging.lucky-hunter.com\/wp-content\/uploads\/2019\/06\/pu-72.png.webp\" \/>\n\t<meta property=\"og:image:width\" content=\"1000\" \/>\n\t<meta property=\"og:image:height\" content=\"1000\" \/>\n\t<meta property=\"og:image:type\" content=\"image\/webp\" \/>\n<meta name=\"twitter:card\" content=\"summary_large_image\" \/>\n<meta name=\"twitter:title\" content=\"GHG Pothole Mesh Bag - Easy Storage and Transportation | Lucky Hunter\" \/>\n<meta name=\"twitter:description\" content=\"GHG Pothole Mesh Bag is great for easy storage and transportation of your pigeon, crow and standard size duck decoys. Mould resistant material.\" \/>\n<meta name=\"twitter:label1\" content=\"Becs\u00fclt olvas\u00e1si id\u0151\" \/>\n\t<meta name=\"twitter:data1\" content=\"1 perc\" \/>\n<script type=\"application\/ld+json\" class=\"yoast-schema-graph\">{\"@context\":\"https:\/\/schema.org\",\"@graph\":[{\"@type\":\"WebPage\",\"@id\":\"https:\/\/staging.lucky-hunter.com\/product\/ghg-mesh-bag-for-20-decoys\/\",\"url\":\"https:\/\/staging.lucky-hunter.com\/product\/ghg-mesh-bag-for-20-decoys\/\",\"name\":\"GHG Mesh Bag for 20 decoys - Easy Storage and Transportation\",\"isPartOf\":{\"@id\":\"https:\/\/staging.lucky-hunter.com\/#website\"},\"primaryImageOfPage\":{\"@id\":\"https:\/\/staging.lucky-hunter.com\/product\/ghg-mesh-bag-for-20-decoys\/#primaryimage\"},\"image\":{\"@id\":\"https:\/\/staging.lucky-hunter.com\/product\/ghg-mesh-bag-for-20-decoys\/#primaryimage\"},\"thumbnailUrl\":\"https:\/\/staging.lucky-hunter.com\/wp-content\/uploads\/2019\/06\/pu-72.png.webp\",\"datePublished\":\"2019-06-12T07:40:40+00:00\",\"dateModified\":\"2025-10-02T03:24:58+00:00\",\"description\":\"GHG Pothole Mesh Bag is great for easy storage and transportation of your pigeon, crow and standard size duck decoys. Mould resistant material.\",\"breadcrumb\":{\"@id\":\"https:\/\/staging.lucky-hunter.com\/product\/ghg-mesh-bag-for-20-decoys\/#breadcrumb\"},\"inLanguage\":\"hu\",\"potentialAction\":[{\"@type\":\"ReadAction\",\"target\":[\"https:\/\/staging.lucky-hunter.com\/product\/ghg-mesh-bag-for-20-decoys\/\"]}]},{\"@type\":\"ImageObject\",\"inLanguage\":\"hu\",\"@id\":\"https:\/\/staging.lucky-hunter.com\/product\/ghg-mesh-bag-for-20-decoys\/#primaryimage\",\"url\":\"https:\/\/staging.lucky-hunter.com\/wp-content\/uploads\/2019\/06\/pu-72.png.webp\",\"contentUrl\":\"https:\/\/staging.lucky-hunter.com\/wp-content\/uploads\/2019\/06\/pu-72.png.webp\",\"width\":1000,\"height\":1000},{\"@type\":\"BreadcrumbList\",\"@id\":\"https:\/\/staging.lucky-hunter.com\/product\/ghg-mesh-bag-for-20-decoys\/#breadcrumb\",\"itemListElement\":[{\"@type\":\"ListItem\",\"position\":1,\"name\":\"Home\",\"item\":\"https:\/\/staging.lucky-hunter.com\/hu\/\"},{\"@type\":\"ListItem\",\"position\":2,\"name\":\"Shop\",\"item\":\"https:\/\/staging.lucky-hunter.com\/hu\/shop\/\"},{\"@type\":\"ListItem\",\"position\":3,\"name\":\"GHG Mesh Bag &#8211; 20 decoys\"}]},{\"@type\":\"WebSite\",\"@id\":\"https:\/\/staging.lucky-hunter.com\/#website\",\"url\":\"https:\/\/staging.lucky-hunter.com\/\",\"name\":\"Lucky-Hunter\",\"description\":\"Gear Up or Give Up\",\"potentialAction\":[{\"@type\":\"SearchAction\",\"target\":{\"@type\":\"EntryPoint\",\"urlTemplate\":\"https:\/\/staging.lucky-hunter.com\/?s={search_term_string}\"},\"query-input\":{\"@type\":\"PropertyValueSpecification\",\"valueRequired\":true,\"valueName\":\"search_term_string\"}}],\"inLanguage\":\"hu\"}]}<\/script>\n<!-- \/ Yoast SEO plugin. -->","yoast_head_json":{"title":"GHG Mesh Bag for 20 decoys - Easy Storage and Transportation","description":"GHG Pothole Mesh Bag is great for easy storage and transportation of your pigeon, crow and standard size duck decoys. Mould resistant material.","robots":{"index":"noindex","follow":"follow","max-snippet":"max-snippet:-1","max-image-preview":"max-image-preview:large","max-video-preview":"max-video-preview:-1"},"og_locale":"hu_HU","og_type":"article","og_title":"GHG Pothole Mesh Bag - Easy Storage and Transportation | Lucky Hunter","og_description":"GHG Pothole Mesh Bag is great for easy storage and transportation of your pigeon, crow and standard size duck decoys. Mould resistant material.","og_url":"https:\/\/staging.lucky-hunter.com\/product\/ghg-mesh-bag-for-20-decoys\/","og_site_name":"Lucky-Hunter","article_modified_time":"2025-10-02T03:24:58+00:00","og_image":[{"width":1000,"height":1000,"url":"https:\/\/staging.lucky-hunter.com\/wp-content\/uploads\/2019\/06\/pu-72.png.webp","type":"image\/webp"}],"twitter_card":"summary_large_image","twitter_title":"GHG Pothole Mesh Bag - Easy Storage and Transportation | Lucky Hunter","twitter_description":"GHG Pothole Mesh Bag is great for easy storage and transportation of your pigeon, crow and standard size duck decoys. Mould resistant material.","twitter_misc":{"Becs\u00fclt olvas\u00e1si id\u0151":"1 perc"},"schema":{"@context":"https:\/\/schema.org","@graph":[{"@type":"WebPage","@id":"https:\/\/staging.lucky-hunter.com\/product\/ghg-mesh-bag-for-20-decoys\/","url":"https:\/\/staging.lucky-hunter.com\/product\/ghg-mesh-bag-for-20-decoys\/","name":"GHG Mesh Bag for 20 decoys - Easy Storage and Transportation","isPartOf":{"@id":"https:\/\/staging.lucky-hunter.com\/#website"},"primaryImageOfPage":{"@id":"https:\/\/staging.lucky-hunter.com\/product\/ghg-mesh-bag-for-20-decoys\/#primaryimage"},"image":{"@id":"https:\/\/staging.lucky-hunter.com\/product\/ghg-mesh-bag-for-20-decoys\/#primaryimage"},"thumbnailUrl":"https:\/\/staging.lucky-hunter.com\/wp-content\/uploads\/2019\/06\/pu-72.png.webp","datePublished":"2019-06-12T07:40:40+00:00","dateModified":"2025-10-02T03:24:58+00:00","description":"GHG Pothole Mesh Bag is great for easy storage and transportation of your pigeon, crow and standard size duck decoys. Mould resistant material.","breadcrumb":{"@id":"https:\/\/staging.lucky-hunter.com\/product\/ghg-mesh-bag-for-20-decoys\/#breadcrumb"},"inLanguage":"hu","potentialAction":[{"@type":"ReadAction","target":["https:\/\/staging.lucky-hunter.com\/product\/ghg-mesh-bag-for-20-decoys\/"]}]},{"@type":"ImageObject","inLanguage":"hu","@id":"https:\/\/staging.lucky-hunter.com\/product\/ghg-mesh-bag-for-20-decoys\/#primaryimage","url":"https:\/\/staging.lucky-hunter.com\/wp-content\/uploads\/2019\/06\/pu-72.png.webp","contentUrl":"https:\/\/staging.lucky-hunter.com\/wp-content\/uploads\/2019\/06\/pu-72.png.webp","width":1000,"height":1000},{"@type":"BreadcrumbList","@id":"https:\/\/staging.lucky-hunter.com\/product\/ghg-mesh-bag-for-20-decoys\/#breadcrumb","itemListElement":[{"@type":"ListItem","position":1,"name":"Home","item":"https:\/\/staging.lucky-hunter.com\/hu\/"},{"@type":"ListItem","position":2,"name":"Shop","item":"https:\/\/staging.lucky-hunter.com\/hu\/shop\/"},{"@type":"ListItem","position":3,"name":"GHG Mesh Bag &#8211; 20 decoys"}]},{"@type":"WebSite","@id":"https:\/\/staging.lucky-hunter.com\/#website","url":"https:\/\/staging.lucky-hunter.com\/","name":"Lucky-Hunter","description":"Gear Up or Give Up","potentialAction":[{"@type":"SearchAction","target":{"@type":"EntryPoint","urlTemplate":"https:\/\/staging.lucky-hunter.com\/?s={search_term_string}"},"query-input":{"@type":"PropertyValueSpecification","valueRequired":true,"valueName":"search_term_string"}}],"inLanguage":"hu"}]}},"_links":{"self":[{"href":"https:\/\/staging.lucky-hunter.com\/hu\/wp-json\/wp\/v2\/product\/22659"}],"collection":[{"href":"https:\/\/staging.lucky-hunter.com\/hu\/wp-json\/wp\/v2\/product"}],"about":[{"href":"https:\/\/staging.lucky-hunter.com\/hu\/wp-json\/wp\/v2\/types\/product"}],"wp:featuredmedia":[{"embeddable":true,"href":"https:\/\/staging.lucky-hunter.com\/hu\/wp-json\/wp\/v2\/media\/26576"}],"wp:attachment":[{"href":"https:\/\/staging.lucky-hunter.com\/hu\/wp-json\/wp\/v2\/media?parent=22659"}],"wp:term":[{"taxonomy":"product_brand","embeddable":true,"href":"https:\/\/staging.lucky-hunter.com\/hu\/wp-json\/wp\/v2\/product_brand?post=22659"},{"taxonomy":"product_cat","embeddable":true,"href":"https:\/\/staging.lucky-hunter.com\/hu\/wp-json\/wp\/v2\/product_cat?post=22659"},{"taxonomy":"product_tag","embeddable":true,"href":"https:\/\/staging.lucky-hunter.com\/hu\/wp-json\/wp\/v2\/product_tag?post=22659"}],"curies":[{"name":"wp","href":"https:\/\/api.w.org\/{rel}","templated":true}]}}