{"id":22317,"date":"2019-02-27T10:02:59","date_gmt":"2019-02-27T09:02:59","guid":{"rendered":"http:\/\/staging.lucky-hunter.com\/?post_type=product&#038;p=22317"},"modified":"2025-10-02T04:07:15","modified_gmt":"2025-10-02T02:07:15","slug":"dan-thompson-pup-squaller","status":"publish","type":"product","link":"https:\/\/staging.lucky-hunter.com\/hu\/product\/dan-thompson-pup-squaller\/","title":{"rendered":"Dan Thompson Pup Squaller"},"content":{"rendered":"<h2><strong>Dan Thompson Pup Squaller &#8211; hands-free calling<\/strong><\/h2>\n<p>With the Dan Thompson Pup Squaller\u00a0predator call, you can easily reproduce the sound of smaller prey such as mice, squirrels, hares, etc.<\/p>\n<p>The call is distinguished by the fact that you can easily hold it between your lips and call while you have both hands free for shots.<\/p>\n<p>It is perfect for puppy hunting early in the season and has a range of approx. 200-400 meters depending on wind conditions.<\/p>\n<p>This call is particularly useful for luring the predator that you have already spotted and would like to get closer.<\/p>\n<p>Start by calling with smaller volumes that gradually increase. Call for 1 minute and pause for 2-3 minutes. Blow a few short and sharp sequences followed by a longer complaining sound that mimics a wounded hare.<\/p>\n<p>Vary the sound so it does not become monotonous.<\/p>\n","protected":false},"excerpt":{"rendered":"<p>With the Dan Thompson Pup Squaller\u00a0predator\u00a0call, you can easily reproduce the sound of smaller prey such as mice, squirrels, hares, etc. The call is distinguished by the fact that you can easily hold it between your lips and call while you have both hands free for shots.<\/p>\n","protected":false},"featured_media":22318,"template":"","meta":[],"product_brand":[84],"product_cat":[48],"product_tag":[],"yoast_head":"<!-- This site is optimized with the Yoast SEO plugin v24.3 - https:\/\/yoast.com\/wordpress\/plugins\/seo\/ -->\n<title>Dan Thompson Pup Squaller Predator Call | Lucky Hunter<\/title>\n<meta name=\"description\" content=\"Easily reproduce the sound of smaller prey. Dan Thompson Pup Squaller is ideal for hands-free early season shooting. Approx 200-400 metres range.\" \/>\n<meta name=\"robots\" content=\"noindex, follow, max-snippet:-1, max-image-preview:large, max-video-preview:-1\" \/>\n<meta property=\"og:locale\" content=\"hu_HU\" \/>\n<meta property=\"og:type\" content=\"article\" \/>\n<meta property=\"og:title\" content=\"Dan Thompson Pup Squaller Predator Call | Lucky Hunter\" \/>\n<meta property=\"og:description\" content=\"Easily reproduce the sound of smaller prey. Dan Thompson Pup Squaller is ideal for hands-free early season shooting. Approx 200-400 metres range.\" \/>\n<meta property=\"og:url\" content=\"https:\/\/staging.lucky-hunter.com\/product\/dan-thompson-pup-squaller\/\" \/>\n<meta property=\"og:site_name\" content=\"Lucky-Hunter\" \/>\n<meta property=\"article:modified_time\" content=\"2025-10-02T02:07:15+00:00\" \/>\n<meta property=\"og:image\" content=\"https:\/\/staging.lucky-hunter.com\/wp-content\/uploads\/2019\/02\/LK-157.png\" \/>\n\t<meta property=\"og:image:width\" content=\"1000\" \/>\n\t<meta property=\"og:image:height\" content=\"1000\" \/>\n\t<meta property=\"og:image:type\" content=\"image\/png\" \/>\n<meta name=\"twitter:card\" content=\"summary_large_image\" \/>\n<meta name=\"twitter:title\" content=\"Dan Thompson Pup Squaller Call | Lucky Hunter\" \/>\n<meta name=\"twitter:description\" content=\"Easily reproduce the sound of smaller prey. Dan Thompson Pup Squaller is ideal for hands-free early season shooting. Approx 200-400 metres range.\" \/>\n<meta name=\"twitter:label1\" content=\"Becs\u00fclt olvas\u00e1si id\u0151\" \/>\n\t<meta name=\"twitter:data1\" content=\"1 perc\" \/>\n<script type=\"application\/ld+json\" class=\"yoast-schema-graph\">{\"@context\":\"https:\/\/schema.org\",\"@graph\":[{\"@type\":\"WebPage\",\"@id\":\"https:\/\/staging.lucky-hunter.com\/product\/dan-thompson-pup-squaller\/\",\"url\":\"https:\/\/staging.lucky-hunter.com\/product\/dan-thompson-pup-squaller\/\",\"name\":\"Dan Thompson Pup Squaller Predator Call | Lucky Hunter\",\"isPartOf\":{\"@id\":\"https:\/\/staging.lucky-hunter.com\/#website\"},\"primaryImageOfPage\":{\"@id\":\"https:\/\/staging.lucky-hunter.com\/product\/dan-thompson-pup-squaller\/#primaryimage\"},\"image\":{\"@id\":\"https:\/\/staging.lucky-hunter.com\/product\/dan-thompson-pup-squaller\/#primaryimage\"},\"thumbnailUrl\":\"https:\/\/staging.lucky-hunter.com\/wp-content\/uploads\/2019\/02\/LK-157.png\",\"datePublished\":\"2019-02-27T09:02:59+00:00\",\"dateModified\":\"2025-10-02T02:07:15+00:00\",\"description\":\"Easily reproduce the sound of smaller prey. Dan Thompson Pup Squaller is ideal for hands-free early season shooting. Approx 200-400 metres range.\",\"breadcrumb\":{\"@id\":\"https:\/\/staging.lucky-hunter.com\/product\/dan-thompson-pup-squaller\/#breadcrumb\"},\"inLanguage\":\"hu\",\"potentialAction\":[{\"@type\":\"ReadAction\",\"target\":[\"https:\/\/staging.lucky-hunter.com\/product\/dan-thompson-pup-squaller\/\"]}]},{\"@type\":\"ImageObject\",\"inLanguage\":\"hu\",\"@id\":\"https:\/\/staging.lucky-hunter.com\/product\/dan-thompson-pup-squaller\/#primaryimage\",\"url\":\"https:\/\/staging.lucky-hunter.com\/wp-content\/uploads\/2019\/02\/LK-157.png\",\"contentUrl\":\"https:\/\/staging.lucky-hunter.com\/wp-content\/uploads\/2019\/02\/LK-157.png\",\"width\":1000,\"height\":1000,\"caption\":\"Image of Dan Thompson Pup Squaller\"},{\"@type\":\"BreadcrumbList\",\"@id\":\"https:\/\/staging.lucky-hunter.com\/product\/dan-thompson-pup-squaller\/#breadcrumb\",\"itemListElement\":[{\"@type\":\"ListItem\",\"position\":1,\"name\":\"Home\",\"item\":\"https:\/\/staging.lucky-hunter.com\/hu\/\"},{\"@type\":\"ListItem\",\"position\":2,\"name\":\"Shop\",\"item\":\"https:\/\/staging.lucky-hunter.com\/hu\/shop\/\"},{\"@type\":\"ListItem\",\"position\":3,\"name\":\"Dan Thompson Pup Squaller\"}]},{\"@type\":\"WebSite\",\"@id\":\"https:\/\/staging.lucky-hunter.com\/#website\",\"url\":\"https:\/\/staging.lucky-hunter.com\/\",\"name\":\"Lucky-Hunter\",\"description\":\"Gear Up or Give Up\",\"potentialAction\":[{\"@type\":\"SearchAction\",\"target\":{\"@type\":\"EntryPoint\",\"urlTemplate\":\"https:\/\/staging.lucky-hunter.com\/?s={search_term_string}\"},\"query-input\":{\"@type\":\"PropertyValueSpecification\",\"valueRequired\":true,\"valueName\":\"search_term_string\"}}],\"inLanguage\":\"hu\"}]}<\/script>\n<!-- \/ Yoast SEO plugin. -->","yoast_head_json":{"title":"Dan Thompson Pup Squaller Predator Call | Lucky Hunter","description":"Easily reproduce the sound of smaller prey. Dan Thompson Pup Squaller is ideal for hands-free early season shooting. Approx 200-400 metres range.","robots":{"index":"noindex","follow":"follow","max-snippet":"max-snippet:-1","max-image-preview":"max-image-preview:large","max-video-preview":"max-video-preview:-1"},"og_locale":"hu_HU","og_type":"article","og_title":"Dan Thompson Pup Squaller Predator Call | Lucky Hunter","og_description":"Easily reproduce the sound of smaller prey. Dan Thompson Pup Squaller is ideal for hands-free early season shooting. Approx 200-400 metres range.","og_url":"https:\/\/staging.lucky-hunter.com\/product\/dan-thompson-pup-squaller\/","og_site_name":"Lucky-Hunter","article_modified_time":"2025-10-02T02:07:15+00:00","og_image":[{"width":1000,"height":1000,"url":"https:\/\/staging.lucky-hunter.com\/wp-content\/uploads\/2019\/02\/LK-157.png","type":"image\/png"}],"twitter_card":"summary_large_image","twitter_title":"Dan Thompson Pup Squaller Call | Lucky Hunter","twitter_description":"Easily reproduce the sound of smaller prey. Dan Thompson Pup Squaller is ideal for hands-free early season shooting. Approx 200-400 metres range.","twitter_misc":{"Becs\u00fclt olvas\u00e1si id\u0151":"1 perc"},"schema":{"@context":"https:\/\/schema.org","@graph":[{"@type":"WebPage","@id":"https:\/\/staging.lucky-hunter.com\/product\/dan-thompson-pup-squaller\/","url":"https:\/\/staging.lucky-hunter.com\/product\/dan-thompson-pup-squaller\/","name":"Dan Thompson Pup Squaller Predator Call | Lucky Hunter","isPartOf":{"@id":"https:\/\/staging.lucky-hunter.com\/#website"},"primaryImageOfPage":{"@id":"https:\/\/staging.lucky-hunter.com\/product\/dan-thompson-pup-squaller\/#primaryimage"},"image":{"@id":"https:\/\/staging.lucky-hunter.com\/product\/dan-thompson-pup-squaller\/#primaryimage"},"thumbnailUrl":"https:\/\/staging.lucky-hunter.com\/wp-content\/uploads\/2019\/02\/LK-157.png","datePublished":"2019-02-27T09:02:59+00:00","dateModified":"2025-10-02T02:07:15+00:00","description":"Easily reproduce the sound of smaller prey. Dan Thompson Pup Squaller is ideal for hands-free early season shooting. Approx 200-400 metres range.","breadcrumb":{"@id":"https:\/\/staging.lucky-hunter.com\/product\/dan-thompson-pup-squaller\/#breadcrumb"},"inLanguage":"hu","potentialAction":[{"@type":"ReadAction","target":["https:\/\/staging.lucky-hunter.com\/product\/dan-thompson-pup-squaller\/"]}]},{"@type":"ImageObject","inLanguage":"hu","@id":"https:\/\/staging.lucky-hunter.com\/product\/dan-thompson-pup-squaller\/#primaryimage","url":"https:\/\/staging.lucky-hunter.com\/wp-content\/uploads\/2019\/02\/LK-157.png","contentUrl":"https:\/\/staging.lucky-hunter.com\/wp-content\/uploads\/2019\/02\/LK-157.png","width":1000,"height":1000,"caption":"Image of Dan Thompson Pup Squaller"},{"@type":"BreadcrumbList","@id":"https:\/\/staging.lucky-hunter.com\/product\/dan-thompson-pup-squaller\/#breadcrumb","itemListElement":[{"@type":"ListItem","position":1,"name":"Home","item":"https:\/\/staging.lucky-hunter.com\/hu\/"},{"@type":"ListItem","position":2,"name":"Shop","item":"https:\/\/staging.lucky-hunter.com\/hu\/shop\/"},{"@type":"ListItem","position":3,"name":"Dan Thompson Pup Squaller"}]},{"@type":"WebSite","@id":"https:\/\/staging.lucky-hunter.com\/#website","url":"https:\/\/staging.lucky-hunter.com\/","name":"Lucky-Hunter","description":"Gear Up or Give Up","potentialAction":[{"@type":"SearchAction","target":{"@type":"EntryPoint","urlTemplate":"https:\/\/staging.lucky-hunter.com\/?s={search_term_string}"},"query-input":{"@type":"PropertyValueSpecification","valueRequired":true,"valueName":"search_term_string"}}],"inLanguage":"hu"}]}},"_links":{"self":[{"href":"https:\/\/staging.lucky-hunter.com\/hu\/wp-json\/wp\/v2\/product\/22317"}],"collection":[{"href":"https:\/\/staging.lucky-hunter.com\/hu\/wp-json\/wp\/v2\/product"}],"about":[{"href":"https:\/\/staging.lucky-hunter.com\/hu\/wp-json\/wp\/v2\/types\/product"}],"wp:featuredmedia":[{"embeddable":true,"href":"https:\/\/staging.lucky-hunter.com\/hu\/wp-json\/wp\/v2\/media\/22318"}],"wp:attachment":[{"href":"https:\/\/staging.lucky-hunter.com\/hu\/wp-json\/wp\/v2\/media?parent=22317"}],"wp:term":[{"taxonomy":"product_brand","embeddable":true,"href":"https:\/\/staging.lucky-hunter.com\/hu\/wp-json\/wp\/v2\/product_brand?post=22317"},{"taxonomy":"product_cat","embeddable":true,"href":"https:\/\/staging.lucky-hunter.com\/hu\/wp-json\/wp\/v2\/product_cat?post=22317"},{"taxonomy":"product_tag","embeddable":true,"href":"https:\/\/staging.lucky-hunter.com\/hu\/wp-json\/wp\/v2\/product_tag?post=22317"}],"curies":[{"name":"wp","href":"https:\/\/api.w.org\/{rel}","templated":true}]}}