{"id":21572,"date":"2018-08-28T11:56:19","date_gmt":"2018-08-28T09:56:19","guid":{"rendered":"https:\/\/dangate.dk\/?post_type=product&#038;p=22005"},"modified":"2025-10-02T03:09:37","modified_gmt":"2025-10-02T01:09:37","slug":"deerhunter-sneaky-3d-pullover","status":"publish","type":"product","link":"https:\/\/staging.lucky-hunter.com\/hu\/product\/deerhunter-sneaky-3d-pullover\/","title":{"rendered":"Deerhunter Sneaky 3D Pull-Over"},"content":{"rendered":"<h2><strong>Deerhunter Sneaky 3D Pullover &#8211; the most soundless over garment set on the market<\/strong><\/h2>\n<p>The 3D Sneaky set is primarily intended for camouflage use, blending in with nature.<\/p>\n<p>It has been developed for active hunters, but ornithologists will also find it very useful when studying bird and animal life.<\/p>\n<p>Deerhunter\u2019s own Innovation camouflage pattern has been developed to provide maximum camouflage from the ground up to a height of 180 cm. The set has been crafted using extremely light and soundless material.<\/p>\n<ul>\n<li>Adjustable bottom w. elastic string<\/li>\n<li>Adjustable cuff with elastic<\/li>\n<li>Trousers with elastic in waist and foot<\/li>\n<li>Slide opening for easy access to the pocket in the trousers underneath.<\/li>\n<\/ul>\n<p>Wash separately at 30 degrees with inside out.<\/p>\n<p>Do not use softener.<\/p>\n","protected":false},"excerpt":{"rendered":"<p>The 3D Sneaky set is primarily intended for camouflage use, blending in with nature.\u00a0It has been developed for active hunters, but ornithologists will also find it very useful when studying bird and animal life.<\/p>\n","protected":false},"featured_media":26614,"template":"","meta":[],"product_brand":[106],"product_cat":[8101],"product_tag":[],"yoast_head":"<!-- This site is optimized with the Yoast SEO plugin v24.3 - https:\/\/yoast.com\/wordpress\/plugins\/seo\/ -->\n<title>Deerhunter Sneaky 3D Pullover - Soundless Clothing | Lucky Hunter<\/title>\n<meta name=\"description\" content=\"Deerhunter Sneaky 3D Pullover. Soundless clothing to keep you camouflaged whilst hunting. Comfortable and lightweight. Blends into nature.\" \/>\n<meta name=\"robots\" content=\"noindex, follow, max-snippet:-1, max-image-preview:large, max-video-preview:-1\" \/>\n<meta property=\"og:locale\" content=\"hu_HU\" \/>\n<meta property=\"og:type\" content=\"article\" \/>\n<meta property=\"og:title\" content=\"Deerhunter Sneaky 3D Pullover - Soundless Clothing | Lucky Hunter\" \/>\n<meta property=\"og:description\" content=\"Deerhunter Sneaky 3D Pullover. Soundless clothing to keep you camouflaged whilst hunting. Comfortable and lightweight. Blends into nature.\" \/>\n<meta property=\"og:url\" content=\"https:\/\/staging.lucky-hunter.com\/product\/deerhunter-sneaky-3d-pullover\/\" \/>\n<meta property=\"og:site_name\" content=\"Lucky-Hunter\" \/>\n<meta property=\"article:modified_time\" content=\"2025-10-02T01:09:37+00:00\" \/>\n<meta property=\"og:image\" content=\"https:\/\/staging.lucky-hunter.com\/wp-content\/uploads\/2018\/08\/DH-2065.png.webp\" \/>\n\t<meta property=\"og:image:width\" content=\"1000\" \/>\n\t<meta property=\"og:image:height\" content=\"1000\" \/>\n\t<meta property=\"og:image:type\" content=\"image\/webp\" \/>\n<meta name=\"twitter:card\" content=\"summary_large_image\" \/>\n<meta name=\"twitter:title\" content=\"Deerhunter Sneaky 3D Pullover - Soundless Clothing | Lucky Hunter\" \/>\n<meta name=\"twitter:description\" content=\"Deerhunter Sneaky 3D Pullover. Soundless clothing to keep you camouflaged whilst hunting. Comfortable and lightweight. Blends into nature.\" \/>\n<meta name=\"twitter:label1\" content=\"Becs\u00fclt olvas\u00e1si id\u0151\" \/>\n\t<meta name=\"twitter:data1\" content=\"1 perc\" \/>\n<script type=\"application\/ld+json\" class=\"yoast-schema-graph\">{\"@context\":\"https:\/\/schema.org\",\"@graph\":[{\"@type\":\"WebPage\",\"@id\":\"https:\/\/staging.lucky-hunter.com\/product\/deerhunter-sneaky-3d-pullover\/\",\"url\":\"https:\/\/staging.lucky-hunter.com\/product\/deerhunter-sneaky-3d-pullover\/\",\"name\":\"Deerhunter Sneaky 3D Pullover - Soundless Clothing | Lucky Hunter\",\"isPartOf\":{\"@id\":\"https:\/\/staging.lucky-hunter.com\/#website\"},\"primaryImageOfPage\":{\"@id\":\"https:\/\/staging.lucky-hunter.com\/product\/deerhunter-sneaky-3d-pullover\/#primaryimage\"},\"image\":{\"@id\":\"https:\/\/staging.lucky-hunter.com\/product\/deerhunter-sneaky-3d-pullover\/#primaryimage\"},\"thumbnailUrl\":\"https:\/\/staging.lucky-hunter.com\/wp-content\/uploads\/2018\/08\/DH-2065.png.webp\",\"datePublished\":\"2018-08-28T09:56:19+00:00\",\"dateModified\":\"2025-10-02T01:09:37+00:00\",\"description\":\"Deerhunter Sneaky 3D Pullover. Soundless clothing to keep you camouflaged whilst hunting. Comfortable and lightweight. Blends into nature.\",\"breadcrumb\":{\"@id\":\"https:\/\/staging.lucky-hunter.com\/product\/deerhunter-sneaky-3d-pullover\/#breadcrumb\"},\"inLanguage\":\"hu\",\"potentialAction\":[{\"@type\":\"ReadAction\",\"target\":[\"https:\/\/staging.lucky-hunter.com\/product\/deerhunter-sneaky-3d-pullover\/\"]}]},{\"@type\":\"ImageObject\",\"inLanguage\":\"hu\",\"@id\":\"https:\/\/staging.lucky-hunter.com\/product\/deerhunter-sneaky-3d-pullover\/#primaryimage\",\"url\":\"https:\/\/staging.lucky-hunter.com\/wp-content\/uploads\/2018\/08\/DH-2065.png.webp\",\"contentUrl\":\"https:\/\/staging.lucky-hunter.com\/wp-content\/uploads\/2018\/08\/DH-2065.png.webp\",\"width\":1000,\"height\":1000},{\"@type\":\"BreadcrumbList\",\"@id\":\"https:\/\/staging.lucky-hunter.com\/product\/deerhunter-sneaky-3d-pullover\/#breadcrumb\",\"itemListElement\":[{\"@type\":\"ListItem\",\"position\":1,\"name\":\"Home\",\"item\":\"https:\/\/staging.lucky-hunter.com\/hu\/\"},{\"@type\":\"ListItem\",\"position\":2,\"name\":\"Shop\",\"item\":\"https:\/\/staging.lucky-hunter.com\/hu\/shop\/\"},{\"@type\":\"ListItem\",\"position\":3,\"name\":\"Deerhunter Sneaky 3D Pull-Over\"}]},{\"@type\":\"WebSite\",\"@id\":\"https:\/\/staging.lucky-hunter.com\/#website\",\"url\":\"https:\/\/staging.lucky-hunter.com\/\",\"name\":\"Lucky-Hunter\",\"description\":\"Gear Up or Give Up\",\"potentialAction\":[{\"@type\":\"SearchAction\",\"target\":{\"@type\":\"EntryPoint\",\"urlTemplate\":\"https:\/\/staging.lucky-hunter.com\/?s={search_term_string}\"},\"query-input\":{\"@type\":\"PropertyValueSpecification\",\"valueRequired\":true,\"valueName\":\"search_term_string\"}}],\"inLanguage\":\"hu\"}]}<\/script>\n<!-- \/ Yoast SEO plugin. -->","yoast_head_json":{"title":"Deerhunter Sneaky 3D Pullover - Soundless Clothing | Lucky Hunter","description":"Deerhunter Sneaky 3D Pullover. Soundless clothing to keep you camouflaged whilst hunting. Comfortable and lightweight. Blends into nature.","robots":{"index":"noindex","follow":"follow","max-snippet":"max-snippet:-1","max-image-preview":"max-image-preview:large","max-video-preview":"max-video-preview:-1"},"og_locale":"hu_HU","og_type":"article","og_title":"Deerhunter Sneaky 3D Pullover - Soundless Clothing | Lucky Hunter","og_description":"Deerhunter Sneaky 3D Pullover. Soundless clothing to keep you camouflaged whilst hunting. Comfortable and lightweight. Blends into nature.","og_url":"https:\/\/staging.lucky-hunter.com\/product\/deerhunter-sneaky-3d-pullover\/","og_site_name":"Lucky-Hunter","article_modified_time":"2025-10-02T01:09:37+00:00","og_image":[{"width":1000,"height":1000,"url":"https:\/\/staging.lucky-hunter.com\/wp-content\/uploads\/2018\/08\/DH-2065.png.webp","type":"image\/webp"}],"twitter_card":"summary_large_image","twitter_title":"Deerhunter Sneaky 3D Pullover - Soundless Clothing | Lucky Hunter","twitter_description":"Deerhunter Sneaky 3D Pullover. Soundless clothing to keep you camouflaged whilst hunting. Comfortable and lightweight. Blends into nature.","twitter_misc":{"Becs\u00fclt olvas\u00e1si id\u0151":"1 perc"},"schema":{"@context":"https:\/\/schema.org","@graph":[{"@type":"WebPage","@id":"https:\/\/staging.lucky-hunter.com\/product\/deerhunter-sneaky-3d-pullover\/","url":"https:\/\/staging.lucky-hunter.com\/product\/deerhunter-sneaky-3d-pullover\/","name":"Deerhunter Sneaky 3D Pullover - Soundless Clothing | Lucky Hunter","isPartOf":{"@id":"https:\/\/staging.lucky-hunter.com\/#website"},"primaryImageOfPage":{"@id":"https:\/\/staging.lucky-hunter.com\/product\/deerhunter-sneaky-3d-pullover\/#primaryimage"},"image":{"@id":"https:\/\/staging.lucky-hunter.com\/product\/deerhunter-sneaky-3d-pullover\/#primaryimage"},"thumbnailUrl":"https:\/\/staging.lucky-hunter.com\/wp-content\/uploads\/2018\/08\/DH-2065.png.webp","datePublished":"2018-08-28T09:56:19+00:00","dateModified":"2025-10-02T01:09:37+00:00","description":"Deerhunter Sneaky 3D Pullover. Soundless clothing to keep you camouflaged whilst hunting. Comfortable and lightweight. Blends into nature.","breadcrumb":{"@id":"https:\/\/staging.lucky-hunter.com\/product\/deerhunter-sneaky-3d-pullover\/#breadcrumb"},"inLanguage":"hu","potentialAction":[{"@type":"ReadAction","target":["https:\/\/staging.lucky-hunter.com\/product\/deerhunter-sneaky-3d-pullover\/"]}]},{"@type":"ImageObject","inLanguage":"hu","@id":"https:\/\/staging.lucky-hunter.com\/product\/deerhunter-sneaky-3d-pullover\/#primaryimage","url":"https:\/\/staging.lucky-hunter.com\/wp-content\/uploads\/2018\/08\/DH-2065.png.webp","contentUrl":"https:\/\/staging.lucky-hunter.com\/wp-content\/uploads\/2018\/08\/DH-2065.png.webp","width":1000,"height":1000},{"@type":"BreadcrumbList","@id":"https:\/\/staging.lucky-hunter.com\/product\/deerhunter-sneaky-3d-pullover\/#breadcrumb","itemListElement":[{"@type":"ListItem","position":1,"name":"Home","item":"https:\/\/staging.lucky-hunter.com\/hu\/"},{"@type":"ListItem","position":2,"name":"Shop","item":"https:\/\/staging.lucky-hunter.com\/hu\/shop\/"},{"@type":"ListItem","position":3,"name":"Deerhunter Sneaky 3D Pull-Over"}]},{"@type":"WebSite","@id":"https:\/\/staging.lucky-hunter.com\/#website","url":"https:\/\/staging.lucky-hunter.com\/","name":"Lucky-Hunter","description":"Gear Up or Give Up","potentialAction":[{"@type":"SearchAction","target":{"@type":"EntryPoint","urlTemplate":"https:\/\/staging.lucky-hunter.com\/?s={search_term_string}"},"query-input":{"@type":"PropertyValueSpecification","valueRequired":true,"valueName":"search_term_string"}}],"inLanguage":"hu"}]}},"_links":{"self":[{"href":"https:\/\/staging.lucky-hunter.com\/hu\/wp-json\/wp\/v2\/product\/21572"}],"collection":[{"href":"https:\/\/staging.lucky-hunter.com\/hu\/wp-json\/wp\/v2\/product"}],"about":[{"href":"https:\/\/staging.lucky-hunter.com\/hu\/wp-json\/wp\/v2\/types\/product"}],"wp:featuredmedia":[{"embeddable":true,"href":"https:\/\/staging.lucky-hunter.com\/hu\/wp-json\/wp\/v2\/media\/26614"}],"wp:attachment":[{"href":"https:\/\/staging.lucky-hunter.com\/hu\/wp-json\/wp\/v2\/media?parent=21572"}],"wp:term":[{"taxonomy":"product_brand","embeddable":true,"href":"https:\/\/staging.lucky-hunter.com\/hu\/wp-json\/wp\/v2\/product_brand?post=21572"},{"taxonomy":"product_cat","embeddable":true,"href":"https:\/\/staging.lucky-hunter.com\/hu\/wp-json\/wp\/v2\/product_cat?post=21572"},{"taxonomy":"product_tag","embeddable":true,"href":"https:\/\/staging.lucky-hunter.com\/hu\/wp-json\/wp\/v2\/product_tag?post=21572"}],"curies":[{"name":"wp","href":"https:\/\/api.w.org\/{rel}","templated":true}]}}