{"id":21551,"date":"2018-08-06T16:59:14","date_gmt":"2018-08-06T14:59:14","guid":{"rendered":"https:\/\/dangate.dk\/?post_type=product&#038;p=21849"},"modified":"2025-10-02T05:14:46","modified_gmt":"2025-10-02T03:14:46","slug":"rigem-right-lock-load-optifade-timber","status":"publish","type":"product","link":"https:\/\/staging.lucky-hunter.com\/hu\/product\/rigem-right-lock-load-optifade-timber\/","title":{"rendered":"Rig&#8217;Em Right Lock &#038; Load Blind Bag GORE OPTIFADE Timber"},"content":{"rendered":"<p><iframe title=\"Rig&#039;Em Right Waterfowl Lock and Load Blind Bag\" width=\"1020\" height=\"574\" src=\"https:\/\/www.youtube.com\/embed\/GxyacAWPqlQ?wmode=transparent&amp;rel=0&amp;feature=oembed&#038;enablejsapi=1&#038;origin=https:\/\/staging.lucky-hunter.com\" frameborder=\"0\" allow=\"accelerometer; autoplay; clipboard-write; encrypted-media; gyroscope; picture-in-picture\" allowfullscreen><\/iframe><\/p>\n<h2><strong>Rig&#8217;Em Right Lock &amp; Load Blind Bag &#8211; OPTIFADE camouflage design<\/strong><\/h2>\n<p>If you\u2019ve wanted a compact, guide-style blind bag that didn\u2019t compromise features and quality, then this is the bag for you.<\/p>\n<p>The Lock and Load&#x2122; Blind Bag is not only tough and durable but has all the important design elements you\u2019ve come to expect from Rig\u2019Em Right&#x2122;.<\/p>\n<p>This bag features separate compartments. A moulded ammo compartment with a hard bottom and a moulded sunglasses case. Also features a drink holder pocket, clear internal pockets and a separated main compartment for your essentials.<\/p>\n<p>Additionally, the narrow profile makes it ideal to fit inside a layout blind and features clips to attach to stubble straps on the outside of your blind if desired.<\/p>\n<p>Also, has a metal hook to attach to a nail in the blind or on a hook in the timber.<\/p>\n<p>All-in-all, this is the ultimate compact blind bag.<\/p>\n","protected":false},"excerpt":{"rendered":"<p>This Rig&#8217;Em Right bag features separate moulded ammo compartment with hard bottom, moulded sunglasses case, drink holder pocket, clear internal pockets and a separated main compartment for your essentials.<\/p>\n","protected":false},"featured_media":21588,"template":"","meta":[],"product_brand":[9607],"product_cat":[8868],"product_tag":[9488,9487],"yoast_head":"<!-- This site is optimized with the Yoast SEO plugin v24.3 - https:\/\/yoast.com\/wordpress\/plugins\/seo\/ -->\n<title>Rig&#039;Em Right Lock &amp; Load Blind Bag | Lucky Hunter<\/title>\n<meta name=\"description\" content=\"Rig&#039;Em Right Lock &amp; Load Blind Bag. Compact and perfect to fit into your layout blind. Tough and durable and features the new OPTIFADE technology.\" \/>\n<meta name=\"robots\" content=\"noindex, follow, max-snippet:-1, max-image-preview:large, max-video-preview:-1\" \/>\n<meta property=\"og:locale\" content=\"hu_HU\" \/>\n<meta property=\"og:type\" content=\"article\" \/>\n<meta property=\"og:title\" content=\"Rig&#039;Em Right Lock &amp; Load Blind Bag | Lucky Hunter\" \/>\n<meta property=\"og:description\" content=\"Rig&#039;Em Right Lock &amp; Load Blind Bag. Compact and perfect to fit into your layout blind. Tough and durable and features the new OPTIFADE technology.\" \/>\n<meta property=\"og:url\" content=\"https:\/\/staging.lucky-hunter.com\/product\/rigem-right-lock-load-optifade-timber\/\" \/>\n<meta property=\"og:site_name\" content=\"Lucky-Hunter\" \/>\n<meta property=\"article:modified_time\" content=\"2025-10-02T03:14:46+00:00\" \/>\n<meta property=\"og:image\" content=\"https:\/\/staging.lucky-hunter.com\/wp-content\/uploads\/2018\/08\/PU-204-3-1.png\" \/>\n\t<meta property=\"og:image:width\" content=\"1000\" \/>\n\t<meta property=\"og:image:height\" content=\"1000\" \/>\n\t<meta property=\"og:image:type\" content=\"image\/png\" \/>\n<meta name=\"twitter:card\" content=\"summary_large_image\" \/>\n<meta name=\"twitter:title\" content=\"Rig&#039;Em Right Lock &amp; Load Blind Bag | Lucky Hunter\" \/>\n<meta name=\"twitter:description\" content=\"Rig&#039;Em Right Lock &amp; Load Blind Bag. Compact and perfect to fit into your layout blind. Tough and durable and features the new OPTIFADE technology.\" \/>\n<meta name=\"twitter:label1\" content=\"Becs\u00fclt olvas\u00e1si id\u0151\" \/>\n\t<meta name=\"twitter:data1\" content=\"1 perc\" \/>\n<script type=\"application\/ld+json\" class=\"yoast-schema-graph\">{\"@context\":\"https:\/\/schema.org\",\"@graph\":[{\"@type\":\"WebPage\",\"@id\":\"https:\/\/staging.lucky-hunter.com\/product\/rigem-right-lock-load-optifade-timber\/\",\"url\":\"https:\/\/staging.lucky-hunter.com\/product\/rigem-right-lock-load-optifade-timber\/\",\"name\":\"Rig'Em Right Lock & Load Blind Bag | Lucky Hunter\",\"isPartOf\":{\"@id\":\"https:\/\/staging.lucky-hunter.com\/#website\"},\"primaryImageOfPage\":{\"@id\":\"https:\/\/staging.lucky-hunter.com\/product\/rigem-right-lock-load-optifade-timber\/#primaryimage\"},\"image\":{\"@id\":\"https:\/\/staging.lucky-hunter.com\/product\/rigem-right-lock-load-optifade-timber\/#primaryimage\"},\"thumbnailUrl\":\"https:\/\/staging.lucky-hunter.com\/wp-content\/uploads\/2018\/08\/PU-204-3-1.png\",\"datePublished\":\"2018-08-06T14:59:14+00:00\",\"dateModified\":\"2025-10-02T03:14:46+00:00\",\"description\":\"Rig'Em Right Lock & Load Blind Bag. Compact and perfect to fit into your layout blind. Tough and durable and features the new OPTIFADE technology.\",\"breadcrumb\":{\"@id\":\"https:\/\/staging.lucky-hunter.com\/product\/rigem-right-lock-load-optifade-timber\/#breadcrumb\"},\"inLanguage\":\"hu\",\"potentialAction\":[{\"@type\":\"ReadAction\",\"target\":[\"https:\/\/staging.lucky-hunter.com\/product\/rigem-right-lock-load-optifade-timber\/\"]}]},{\"@type\":\"ImageObject\",\"inLanguage\":\"hu\",\"@id\":\"https:\/\/staging.lucky-hunter.com\/product\/rigem-right-lock-load-optifade-timber\/#primaryimage\",\"url\":\"https:\/\/staging.lucky-hunter.com\/wp-content\/uploads\/2018\/08\/PU-204-3-1.png\",\"contentUrl\":\"https:\/\/staging.lucky-hunter.com\/wp-content\/uploads\/2018\/08\/PU-204-3-1.png\",\"width\":1000,\"height\":1000,\"caption\":\"Rig'Em Right Lock & Load Blind Bag GORE OPTIFADE Timber\"},{\"@type\":\"BreadcrumbList\",\"@id\":\"https:\/\/staging.lucky-hunter.com\/product\/rigem-right-lock-load-optifade-timber\/#breadcrumb\",\"itemListElement\":[{\"@type\":\"ListItem\",\"position\":1,\"name\":\"Home\",\"item\":\"https:\/\/staging.lucky-hunter.com\/hu\/\"},{\"@type\":\"ListItem\",\"position\":2,\"name\":\"Shop\",\"item\":\"https:\/\/staging.lucky-hunter.com\/hu\/shop\/\"},{\"@type\":\"ListItem\",\"position\":3,\"name\":\"Rig&#8217;Em Right Lock &#038; Load Blind Bag GORE OPTIFADE Timber\"}]},{\"@type\":\"WebSite\",\"@id\":\"https:\/\/staging.lucky-hunter.com\/#website\",\"url\":\"https:\/\/staging.lucky-hunter.com\/\",\"name\":\"Lucky-Hunter\",\"description\":\"Gear Up or Give Up\",\"potentialAction\":[{\"@type\":\"SearchAction\",\"target\":{\"@type\":\"EntryPoint\",\"urlTemplate\":\"https:\/\/staging.lucky-hunter.com\/?s={search_term_string}\"},\"query-input\":{\"@type\":\"PropertyValueSpecification\",\"valueRequired\":true,\"valueName\":\"search_term_string\"}}],\"inLanguage\":\"hu\"}]}<\/script>\n<!-- \/ Yoast SEO plugin. -->","yoast_head_json":{"title":"Rig'Em Right Lock & Load Blind Bag | Lucky Hunter","description":"Rig'Em Right Lock & Load Blind Bag. Compact and perfect to fit into your layout blind. Tough and durable and features the new OPTIFADE technology.","robots":{"index":"noindex","follow":"follow","max-snippet":"max-snippet:-1","max-image-preview":"max-image-preview:large","max-video-preview":"max-video-preview:-1"},"og_locale":"hu_HU","og_type":"article","og_title":"Rig'Em Right Lock & Load Blind Bag | Lucky Hunter","og_description":"Rig'Em Right Lock & Load Blind Bag. Compact and perfect to fit into your layout blind. Tough and durable and features the new OPTIFADE technology.","og_url":"https:\/\/staging.lucky-hunter.com\/product\/rigem-right-lock-load-optifade-timber\/","og_site_name":"Lucky-Hunter","article_modified_time":"2025-10-02T03:14:46+00:00","og_image":[{"width":1000,"height":1000,"url":"https:\/\/staging.lucky-hunter.com\/wp-content\/uploads\/2018\/08\/PU-204-3-1.png","type":"image\/png"}],"twitter_card":"summary_large_image","twitter_title":"Rig'Em Right Lock & Load Blind Bag | Lucky Hunter","twitter_description":"Rig'Em Right Lock & Load Blind Bag. Compact and perfect to fit into your layout blind. Tough and durable and features the new OPTIFADE technology.","twitter_misc":{"Becs\u00fclt olvas\u00e1si id\u0151":"1 perc"},"schema":{"@context":"https:\/\/schema.org","@graph":[{"@type":"WebPage","@id":"https:\/\/staging.lucky-hunter.com\/product\/rigem-right-lock-load-optifade-timber\/","url":"https:\/\/staging.lucky-hunter.com\/product\/rigem-right-lock-load-optifade-timber\/","name":"Rig'Em Right Lock & Load Blind Bag | Lucky Hunter","isPartOf":{"@id":"https:\/\/staging.lucky-hunter.com\/#website"},"primaryImageOfPage":{"@id":"https:\/\/staging.lucky-hunter.com\/product\/rigem-right-lock-load-optifade-timber\/#primaryimage"},"image":{"@id":"https:\/\/staging.lucky-hunter.com\/product\/rigem-right-lock-load-optifade-timber\/#primaryimage"},"thumbnailUrl":"https:\/\/staging.lucky-hunter.com\/wp-content\/uploads\/2018\/08\/PU-204-3-1.png","datePublished":"2018-08-06T14:59:14+00:00","dateModified":"2025-10-02T03:14:46+00:00","description":"Rig'Em Right Lock & Load Blind Bag. Compact and perfect to fit into your layout blind. Tough and durable and features the new OPTIFADE technology.","breadcrumb":{"@id":"https:\/\/staging.lucky-hunter.com\/product\/rigem-right-lock-load-optifade-timber\/#breadcrumb"},"inLanguage":"hu","potentialAction":[{"@type":"ReadAction","target":["https:\/\/staging.lucky-hunter.com\/product\/rigem-right-lock-load-optifade-timber\/"]}]},{"@type":"ImageObject","inLanguage":"hu","@id":"https:\/\/staging.lucky-hunter.com\/product\/rigem-right-lock-load-optifade-timber\/#primaryimage","url":"https:\/\/staging.lucky-hunter.com\/wp-content\/uploads\/2018\/08\/PU-204-3-1.png","contentUrl":"https:\/\/staging.lucky-hunter.com\/wp-content\/uploads\/2018\/08\/PU-204-3-1.png","width":1000,"height":1000,"caption":"Rig'Em Right Lock & Load Blind Bag GORE OPTIFADE Timber"},{"@type":"BreadcrumbList","@id":"https:\/\/staging.lucky-hunter.com\/product\/rigem-right-lock-load-optifade-timber\/#breadcrumb","itemListElement":[{"@type":"ListItem","position":1,"name":"Home","item":"https:\/\/staging.lucky-hunter.com\/hu\/"},{"@type":"ListItem","position":2,"name":"Shop","item":"https:\/\/staging.lucky-hunter.com\/hu\/shop\/"},{"@type":"ListItem","position":3,"name":"Rig&#8217;Em Right Lock &#038; Load Blind Bag GORE OPTIFADE Timber"}]},{"@type":"WebSite","@id":"https:\/\/staging.lucky-hunter.com\/#website","url":"https:\/\/staging.lucky-hunter.com\/","name":"Lucky-Hunter","description":"Gear Up or Give Up","potentialAction":[{"@type":"SearchAction","target":{"@type":"EntryPoint","urlTemplate":"https:\/\/staging.lucky-hunter.com\/?s={search_term_string}"},"query-input":{"@type":"PropertyValueSpecification","valueRequired":true,"valueName":"search_term_string"}}],"inLanguage":"hu"}]}},"_links":{"self":[{"href":"https:\/\/staging.lucky-hunter.com\/hu\/wp-json\/wp\/v2\/product\/21551"}],"collection":[{"href":"https:\/\/staging.lucky-hunter.com\/hu\/wp-json\/wp\/v2\/product"}],"about":[{"href":"https:\/\/staging.lucky-hunter.com\/hu\/wp-json\/wp\/v2\/types\/product"}],"wp:featuredmedia":[{"embeddable":true,"href":"https:\/\/staging.lucky-hunter.com\/hu\/wp-json\/wp\/v2\/media\/21588"}],"wp:attachment":[{"href":"https:\/\/staging.lucky-hunter.com\/hu\/wp-json\/wp\/v2\/media?parent=21551"}],"wp:term":[{"taxonomy":"product_brand","embeddable":true,"href":"https:\/\/staging.lucky-hunter.com\/hu\/wp-json\/wp\/v2\/product_brand?post=21551"},{"taxonomy":"product_cat","embeddable":true,"href":"https:\/\/staging.lucky-hunter.com\/hu\/wp-json\/wp\/v2\/product_cat?post=21551"},{"taxonomy":"product_tag","embeddable":true,"href":"https:\/\/staging.lucky-hunter.com\/hu\/wp-json\/wp\/v2\/product_tag?post=21551"}],"curies":[{"name":"wp","href":"https:\/\/api.w.org\/{rel}","templated":true}]}}