{"id":21106,"date":"2018-05-17T09:14:28","date_gmt":"2018-05-17T07:14:28","guid":{"rendered":"https:\/\/dangate.dk\/?post_type=product&#038;p=21435"},"modified":"2025-10-02T03:57:31","modified_gmt":"2025-10-02T01:57:31","slug":"ghg-long-tailed-duck-decoys","status":"publish","type":"product","link":"https:\/\/staging.lucky-hunter.com\/hu\/product\/ghg-long-tailed-duck-decoys\/","title":{"rendered":"GHG Long-Tailed Duck Decoys"},"content":{"rendered":"<h2><strong><span style=\"vertical-align: inherit;\"><span style=\"vertical-align: inherit;\">GHG Long-Tailed Duck &#8211; high-quality foam-filled duck decoys\u00a0<\/span><\/span><\/strong><\/h2>\n<p>When you buy decoys from American GHG (Greenhead Gear) you are guaranteed an excellent finish and durability.<\/p>\n<p><span style=\"vertical-align: inherit;\"><span style=\"vertical-align: inherit;\">In the box are 6 Long-Tailed Ducks:<\/span><\/span><\/p>\n<ul>\n<li><span style=\"vertical-align: inherit;\"><span style=\"vertical-align: inherit;\">Drakes: 4<\/span><\/span><\/li>\n<li><span style=\"vertical-align: inherit;\"><span style=\"vertical-align: inherit;\">Hens: 2<\/span><\/span><\/li>\n<\/ul>\n<p>The decoys have very nice details and are made of strong polyethylene plastic. These are foam-filled, which ensures shape and flotation, even in hard use.<\/p>\n<p>The long-tailed duck is a small diving duck of approximately 43 cm in length. It has mostly a light body colour and dark wings. The spring colours are brighter in winter than in the summer.\u00a0The male has extended tail feathers and can therefore measure up to 60 cm from the beak tip to the tip of the tail.<\/p>\n<p>The long-tailed duck is the only duck changing its feather trim three times a year. The adult males show an extra alternative feather in the winter.<\/p>\n<p>&nbsp;<\/p>\n","protected":false},"excerpt":{"rendered":"<p>When you buy decoys from American GHG (Greenhead Gear), you are guaranteed a product with excellent finish and durability. The decoys have very nice details and are made of strong polyethylene plastic, which ensures shape and flotation, even in hard use.<\/p>\n","protected":false},"featured_media":21126,"template":"","meta":[],"product_brand":[9659],"product_cat":[8433],"product_tag":[9474],"yoast_head":"<!-- This site is optimized with the Yoast SEO plugin v24.3 - https:\/\/yoast.com\/wordpress\/plugins\/seo\/ -->\n<title>GHG Long-Tailed Duck Foam Filled Decoys | Lucky Hunter<\/title>\n<meta name=\"description\" content=\"Foam filled, high quality decoys. GHG Long-Tailed Duck Foam Filled Decoys from the Pro-Grade Series are the perfect decoy in the water.\" \/>\n<meta name=\"robots\" content=\"noindex, follow, max-snippet:-1, max-image-preview:large, max-video-preview:-1\" \/>\n<meta property=\"og:locale\" content=\"hu_HU\" \/>\n<meta property=\"og:type\" content=\"article\" \/>\n<meta property=\"og:title\" content=\"GHG Long-Tailed Duck Foam Filled Decoys | Lucky Hunter\" \/>\n<meta property=\"og:description\" content=\"Foam filled, high quality decoys. GHG Long-Tailed Duck Foam Filled Decoys from the Pro-Grade Series are the perfect decoy in the water.\" \/>\n<meta property=\"og:url\" content=\"https:\/\/staging.lucky-hunter.com\/product\/ghg-long-tailed-duck-decoys\/\" \/>\n<meta property=\"og:site_name\" content=\"Lucky-Hunter\" \/>\n<meta property=\"article:modified_time\" content=\"2025-10-02T01:57:31+00:00\" \/>\n<meta property=\"og:image\" content=\"https:\/\/staging.lucky-hunter.com\/wp-content\/uploads\/2018\/05\/LF-385-3.png\" \/>\n\t<meta property=\"og:image:width\" content=\"1000\" \/>\n\t<meta property=\"og:image:height\" content=\"1000\" \/>\n\t<meta property=\"og:image:type\" content=\"image\/png\" \/>\n<meta name=\"twitter:card\" content=\"summary_large_image\" \/>\n<meta name=\"twitter:title\" content=\"GHG Long-Tailed Duck Foam Filled Decoys | Lucky Hunter\" \/>\n<meta name=\"twitter:description\" content=\"Foam filled, high quality decoys. GHG Long-Tailed Duck Foam Filled Decoys from the Pro-Grade Series are the perfect decoy in the water.\" \/>\n<meta name=\"twitter:label1\" content=\"Becs\u00fclt olvas\u00e1si id\u0151\" \/>\n\t<meta name=\"twitter:data1\" content=\"1 perc\" \/>\n<script type=\"application\/ld+json\" class=\"yoast-schema-graph\">{\"@context\":\"https:\/\/schema.org\",\"@graph\":[{\"@type\":\"WebPage\",\"@id\":\"https:\/\/staging.lucky-hunter.com\/product\/ghg-long-tailed-duck-decoys\/\",\"url\":\"https:\/\/staging.lucky-hunter.com\/product\/ghg-long-tailed-duck-decoys\/\",\"name\":\"GHG Long-Tailed Duck Foam Filled Decoys | Lucky Hunter\",\"isPartOf\":{\"@id\":\"https:\/\/staging.lucky-hunter.com\/#website\"},\"primaryImageOfPage\":{\"@id\":\"https:\/\/staging.lucky-hunter.com\/product\/ghg-long-tailed-duck-decoys\/#primaryimage\"},\"image\":{\"@id\":\"https:\/\/staging.lucky-hunter.com\/product\/ghg-long-tailed-duck-decoys\/#primaryimage\"},\"thumbnailUrl\":\"https:\/\/staging.lucky-hunter.com\/wp-content\/uploads\/2018\/05\/LF-385-3.png\",\"datePublished\":\"2018-05-17T07:14:28+00:00\",\"dateModified\":\"2025-10-02T01:57:31+00:00\",\"description\":\"Foam filled, high quality decoys. GHG Long-Tailed Duck Foam Filled Decoys from the Pro-Grade Series are the perfect decoy in the water.\",\"breadcrumb\":{\"@id\":\"https:\/\/staging.lucky-hunter.com\/product\/ghg-long-tailed-duck-decoys\/#breadcrumb\"},\"inLanguage\":\"hu\",\"potentialAction\":[{\"@type\":\"ReadAction\",\"target\":[\"https:\/\/staging.lucky-hunter.com\/product\/ghg-long-tailed-duck-decoys\/\"]}]},{\"@type\":\"ImageObject\",\"inLanguage\":\"hu\",\"@id\":\"https:\/\/staging.lucky-hunter.com\/product\/ghg-long-tailed-duck-decoys\/#primaryimage\",\"url\":\"https:\/\/staging.lucky-hunter.com\/wp-content\/uploads\/2018\/05\/LF-385-3.png\",\"contentUrl\":\"https:\/\/staging.lucky-hunter.com\/wp-content\/uploads\/2018\/05\/LF-385-3.png\",\"width\":1000,\"height\":1000,\"caption\":\"Image of the GHG Long-Tailed Duck foam filled decoys\"},{\"@type\":\"BreadcrumbList\",\"@id\":\"https:\/\/staging.lucky-hunter.com\/product\/ghg-long-tailed-duck-decoys\/#breadcrumb\",\"itemListElement\":[{\"@type\":\"ListItem\",\"position\":1,\"name\":\"Home\",\"item\":\"https:\/\/staging.lucky-hunter.com\/hu\/\"},{\"@type\":\"ListItem\",\"position\":2,\"name\":\"Shop\",\"item\":\"https:\/\/staging.lucky-hunter.com\/hu\/shop\/\"},{\"@type\":\"ListItem\",\"position\":3,\"name\":\"GHG Long-Tailed Duck Decoys\"}]},{\"@type\":\"WebSite\",\"@id\":\"https:\/\/staging.lucky-hunter.com\/#website\",\"url\":\"https:\/\/staging.lucky-hunter.com\/\",\"name\":\"Lucky-Hunter\",\"description\":\"Gear Up or Give Up\",\"potentialAction\":[{\"@type\":\"SearchAction\",\"target\":{\"@type\":\"EntryPoint\",\"urlTemplate\":\"https:\/\/staging.lucky-hunter.com\/?s={search_term_string}\"},\"query-input\":{\"@type\":\"PropertyValueSpecification\",\"valueRequired\":true,\"valueName\":\"search_term_string\"}}],\"inLanguage\":\"hu\"}]}<\/script>\n<!-- \/ Yoast SEO plugin. -->","yoast_head_json":{"title":"GHG Long-Tailed Duck Foam Filled Decoys | Lucky Hunter","description":"Foam filled, high quality decoys. GHG Long-Tailed Duck Foam Filled Decoys from the Pro-Grade Series are the perfect decoy in the water.","robots":{"index":"noindex","follow":"follow","max-snippet":"max-snippet:-1","max-image-preview":"max-image-preview:large","max-video-preview":"max-video-preview:-1"},"og_locale":"hu_HU","og_type":"article","og_title":"GHG Long-Tailed Duck Foam Filled Decoys | Lucky Hunter","og_description":"Foam filled, high quality decoys. GHG Long-Tailed Duck Foam Filled Decoys from the Pro-Grade Series are the perfect decoy in the water.","og_url":"https:\/\/staging.lucky-hunter.com\/product\/ghg-long-tailed-duck-decoys\/","og_site_name":"Lucky-Hunter","article_modified_time":"2025-10-02T01:57:31+00:00","og_image":[{"width":1000,"height":1000,"url":"https:\/\/staging.lucky-hunter.com\/wp-content\/uploads\/2018\/05\/LF-385-3.png","type":"image\/png"}],"twitter_card":"summary_large_image","twitter_title":"GHG Long-Tailed Duck Foam Filled Decoys | Lucky Hunter","twitter_description":"Foam filled, high quality decoys. GHG Long-Tailed Duck Foam Filled Decoys from the Pro-Grade Series are the perfect decoy in the water.","twitter_misc":{"Becs\u00fclt olvas\u00e1si id\u0151":"1 perc"},"schema":{"@context":"https:\/\/schema.org","@graph":[{"@type":"WebPage","@id":"https:\/\/staging.lucky-hunter.com\/product\/ghg-long-tailed-duck-decoys\/","url":"https:\/\/staging.lucky-hunter.com\/product\/ghg-long-tailed-duck-decoys\/","name":"GHG Long-Tailed Duck Foam Filled Decoys | Lucky Hunter","isPartOf":{"@id":"https:\/\/staging.lucky-hunter.com\/#website"},"primaryImageOfPage":{"@id":"https:\/\/staging.lucky-hunter.com\/product\/ghg-long-tailed-duck-decoys\/#primaryimage"},"image":{"@id":"https:\/\/staging.lucky-hunter.com\/product\/ghg-long-tailed-duck-decoys\/#primaryimage"},"thumbnailUrl":"https:\/\/staging.lucky-hunter.com\/wp-content\/uploads\/2018\/05\/LF-385-3.png","datePublished":"2018-05-17T07:14:28+00:00","dateModified":"2025-10-02T01:57:31+00:00","description":"Foam filled, high quality decoys. GHG Long-Tailed Duck Foam Filled Decoys from the Pro-Grade Series are the perfect decoy in the water.","breadcrumb":{"@id":"https:\/\/staging.lucky-hunter.com\/product\/ghg-long-tailed-duck-decoys\/#breadcrumb"},"inLanguage":"hu","potentialAction":[{"@type":"ReadAction","target":["https:\/\/staging.lucky-hunter.com\/product\/ghg-long-tailed-duck-decoys\/"]}]},{"@type":"ImageObject","inLanguage":"hu","@id":"https:\/\/staging.lucky-hunter.com\/product\/ghg-long-tailed-duck-decoys\/#primaryimage","url":"https:\/\/staging.lucky-hunter.com\/wp-content\/uploads\/2018\/05\/LF-385-3.png","contentUrl":"https:\/\/staging.lucky-hunter.com\/wp-content\/uploads\/2018\/05\/LF-385-3.png","width":1000,"height":1000,"caption":"Image of the GHG Long-Tailed Duck foam filled decoys"},{"@type":"BreadcrumbList","@id":"https:\/\/staging.lucky-hunter.com\/product\/ghg-long-tailed-duck-decoys\/#breadcrumb","itemListElement":[{"@type":"ListItem","position":1,"name":"Home","item":"https:\/\/staging.lucky-hunter.com\/hu\/"},{"@type":"ListItem","position":2,"name":"Shop","item":"https:\/\/staging.lucky-hunter.com\/hu\/shop\/"},{"@type":"ListItem","position":3,"name":"GHG Long-Tailed Duck Decoys"}]},{"@type":"WebSite","@id":"https:\/\/staging.lucky-hunter.com\/#website","url":"https:\/\/staging.lucky-hunter.com\/","name":"Lucky-Hunter","description":"Gear Up or Give Up","potentialAction":[{"@type":"SearchAction","target":{"@type":"EntryPoint","urlTemplate":"https:\/\/staging.lucky-hunter.com\/?s={search_term_string}"},"query-input":{"@type":"PropertyValueSpecification","valueRequired":true,"valueName":"search_term_string"}}],"inLanguage":"hu"}]}},"_links":{"self":[{"href":"https:\/\/staging.lucky-hunter.com\/hu\/wp-json\/wp\/v2\/product\/21106"}],"collection":[{"href":"https:\/\/staging.lucky-hunter.com\/hu\/wp-json\/wp\/v2\/product"}],"about":[{"href":"https:\/\/staging.lucky-hunter.com\/hu\/wp-json\/wp\/v2\/types\/product"}],"wp:featuredmedia":[{"embeddable":true,"href":"https:\/\/staging.lucky-hunter.com\/hu\/wp-json\/wp\/v2\/media\/21126"}],"wp:attachment":[{"href":"https:\/\/staging.lucky-hunter.com\/hu\/wp-json\/wp\/v2\/media?parent=21106"}],"wp:term":[{"taxonomy":"product_brand","embeddable":true,"href":"https:\/\/staging.lucky-hunter.com\/hu\/wp-json\/wp\/v2\/product_brand?post=21106"},{"taxonomy":"product_cat","embeddable":true,"href":"https:\/\/staging.lucky-hunter.com\/hu\/wp-json\/wp\/v2\/product_cat?post=21106"},{"taxonomy":"product_tag","embeddable":true,"href":"https:\/\/staging.lucky-hunter.com\/hu\/wp-json\/wp\/v2\/product_tag?post=21106"}],"curies":[{"name":"wp","href":"https:\/\/api.w.org\/{rel}","templated":true}]}}