{"id":20974,"date":"2018-05-01T13:25:41","date_gmt":"2018-05-01T11:25:41","guid":{"rendered":"https:\/\/dangate.dk\/?post_type=product&#038;p=21238"},"modified":"2025-10-02T03:54:35","modified_gmt":"2025-10-02T01:54:35","slug":"avian-x-early-season-teal-decoys","status":"publish","type":"product","link":"https:\/\/staging.lucky-hunter.com\/hu\/product\/avian-x-early-season-teal-decoys\/","title":{"rendered":"Avian-X Teal Decoys &#8211; Early Season"},"content":{"rendered":"<p><iframe title=\"Avian-X Teal Decoys | Early Season\" width=\"1020\" height=\"574\" src=\"https:\/\/www.youtube.com\/embed\/cxRVaAP-sEs?wmode=transparent&amp;rel=0&amp;feature=oembed&#038;enablejsapi=1&#038;origin=https:\/\/staging.lucky-hunter.com\" frameborder=\"0\" allow=\"accelerometer; autoplay; clipboard-write; encrypted-media; gyroscope; picture-in-picture\" allowfullscreen><\/iframe><\/p>\n<h2><strong>Avian-X Early Season Teal Decoys<\/strong><\/h2>\n<p>Great for early season teal hunts, the Avian-X Early Season Teal pack is perfect to start off with a bang.<\/p>\n<p>These are specially designed with the early season plumage we are used to seeing.<\/p>\n<p>This pack includes both green-winged and blue-winged teal hens. Make this season your winning season.<\/p>\n<p>The majority of the chosen head positions are feeders, to reflect a relaxed, true feeder flock for early season.<\/p>\n<p>As usual for Avian-X decoys, the details and finished product are ultra realistic, enabling you to get the advantage when out on the hunt.<\/p>\n<p>Sold in packs of 6.<\/p>\n","protected":false},"excerpt":{"rendered":"<p>Avian-X Early Season Teal pack is perfect for early teal hunts and the hardcore teal hunters that want the ultimate in realism. We have selected feeders for the majority of head positions to offer a relaxed true feeder flock of early-season teal.<\/p>\n","protected":false},"featured_media":26222,"template":"","meta":[],"product_brand":[9525],"product_cat":[8722],"product_tag":[9461],"yoast_head":"<!-- This site is optimized with the Yoast SEO plugin v24.3 - https:\/\/yoast.com\/wordpress\/plugins\/seo\/ -->\n<title>NEW 2018 Avian-X Early Season Teal Decoys | Lucky Hunter<\/title>\n<meta name=\"description\" content=\"Start your hunt with a bang. The Avian-X Early Season Teal Decoys are perfect for the beginner and seasoned hunter. Great quality, every time.\" \/>\n<meta name=\"robots\" content=\"noindex, follow, max-snippet:-1, max-image-preview:large, max-video-preview:-1\" \/>\n<meta property=\"og:locale\" content=\"hu_HU\" \/>\n<meta property=\"og:type\" content=\"article\" \/>\n<meta property=\"og:title\" content=\"NEW 2018 Avian-X Early Season Teal Decoys | Lucky Hunter\" \/>\n<meta property=\"og:description\" content=\"Start your hunt with a bang. The Avian-X Early Season Teal Decoys are perfect for the beginner and seasoned hunter. Great quality, every time.\" \/>\n<meta property=\"og:url\" content=\"https:\/\/staging.lucky-hunter.com\/product\/avian-x-early-season-teal-decoys\/\" \/>\n<meta property=\"og:site_name\" content=\"Lucky-Hunter\" \/>\n<meta property=\"article:modified_time\" content=\"2025-10-02T01:54:35+00:00\" \/>\n<meta property=\"og:image\" content=\"https:\/\/staging.lucky-hunter.com\/wp-content\/uploads\/2018\/05\/lf-311.png\" \/>\n\t<meta property=\"og:image:width\" content=\"1000\" \/>\n\t<meta property=\"og:image:height\" content=\"1000\" \/>\n\t<meta property=\"og:image:type\" content=\"image\/png\" \/>\n<meta name=\"twitter:card\" content=\"summary_large_image\" \/>\n<meta name=\"twitter:title\" content=\"NEW 2018 Avian-X Early Season Teal Decoys | Lucky Hunter\" \/>\n<meta name=\"twitter:description\" content=\"Start your hunt with a bang. The Avian-X Early Season Teal Decoys are perfect for the beginner and seasoned hunter. Great quality, every time.\" \/>\n<meta name=\"twitter:label1\" content=\"Becs\u00fclt olvas\u00e1si id\u0151\" \/>\n\t<meta name=\"twitter:data1\" content=\"1 perc\" \/>\n<script type=\"application\/ld+json\" class=\"yoast-schema-graph\">{\"@context\":\"https:\/\/schema.org\",\"@graph\":[{\"@type\":\"WebPage\",\"@id\":\"https:\/\/staging.lucky-hunter.com\/product\/avian-x-early-season-teal-decoys\/\",\"url\":\"https:\/\/staging.lucky-hunter.com\/product\/avian-x-early-season-teal-decoys\/\",\"name\":\"NEW 2018 Avian-X Early Season Teal Decoys | Lucky Hunter\",\"isPartOf\":{\"@id\":\"https:\/\/staging.lucky-hunter.com\/#website\"},\"primaryImageOfPage\":{\"@id\":\"https:\/\/staging.lucky-hunter.com\/product\/avian-x-early-season-teal-decoys\/#primaryimage\"},\"image\":{\"@id\":\"https:\/\/staging.lucky-hunter.com\/product\/avian-x-early-season-teal-decoys\/#primaryimage\"},\"thumbnailUrl\":\"https:\/\/staging.lucky-hunter.com\/wp-content\/uploads\/2018\/05\/lf-311.png\",\"datePublished\":\"2018-05-01T11:25:41+00:00\",\"dateModified\":\"2025-10-02T01:54:35+00:00\",\"description\":\"Start your hunt with a bang. The Avian-X Early Season Teal Decoys are perfect for the beginner and seasoned hunter. Great quality, every time.\",\"breadcrumb\":{\"@id\":\"https:\/\/staging.lucky-hunter.com\/product\/avian-x-early-season-teal-decoys\/#breadcrumb\"},\"inLanguage\":\"hu\",\"potentialAction\":[{\"@type\":\"ReadAction\",\"target\":[\"https:\/\/staging.lucky-hunter.com\/product\/avian-x-early-season-teal-decoys\/\"]}]},{\"@type\":\"ImageObject\",\"inLanguage\":\"hu\",\"@id\":\"https:\/\/staging.lucky-hunter.com\/product\/avian-x-early-season-teal-decoys\/#primaryimage\",\"url\":\"https:\/\/staging.lucky-hunter.com\/wp-content\/uploads\/2018\/05\/lf-311.png\",\"contentUrl\":\"https:\/\/staging.lucky-hunter.com\/wp-content\/uploads\/2018\/05\/lf-311.png\",\"width\":1000,\"height\":1000},{\"@type\":\"BreadcrumbList\",\"@id\":\"https:\/\/staging.lucky-hunter.com\/product\/avian-x-early-season-teal-decoys\/#breadcrumb\",\"itemListElement\":[{\"@type\":\"ListItem\",\"position\":1,\"name\":\"Home\",\"item\":\"https:\/\/staging.lucky-hunter.com\/hu\/\"},{\"@type\":\"ListItem\",\"position\":2,\"name\":\"Shop\",\"item\":\"https:\/\/staging.lucky-hunter.com\/hu\/shop\/\"},{\"@type\":\"ListItem\",\"position\":3,\"name\":\"Avian-X Teal Decoys &#8211; Early Season\"}]},{\"@type\":\"WebSite\",\"@id\":\"https:\/\/staging.lucky-hunter.com\/#website\",\"url\":\"https:\/\/staging.lucky-hunter.com\/\",\"name\":\"Lucky-Hunter\",\"description\":\"Gear Up or Give Up\",\"potentialAction\":[{\"@type\":\"SearchAction\",\"target\":{\"@type\":\"EntryPoint\",\"urlTemplate\":\"https:\/\/staging.lucky-hunter.com\/?s={search_term_string}\"},\"query-input\":{\"@type\":\"PropertyValueSpecification\",\"valueRequired\":true,\"valueName\":\"search_term_string\"}}],\"inLanguage\":\"hu\"}]}<\/script>\n<!-- \/ Yoast SEO plugin. -->","yoast_head_json":{"title":"NEW 2018 Avian-X Early Season Teal Decoys | Lucky Hunter","description":"Start your hunt with a bang. The Avian-X Early Season Teal Decoys are perfect for the beginner and seasoned hunter. Great quality, every time.","robots":{"index":"noindex","follow":"follow","max-snippet":"max-snippet:-1","max-image-preview":"max-image-preview:large","max-video-preview":"max-video-preview:-1"},"og_locale":"hu_HU","og_type":"article","og_title":"NEW 2018 Avian-X Early Season Teal Decoys | Lucky Hunter","og_description":"Start your hunt with a bang. The Avian-X Early Season Teal Decoys are perfect for the beginner and seasoned hunter. Great quality, every time.","og_url":"https:\/\/staging.lucky-hunter.com\/product\/avian-x-early-season-teal-decoys\/","og_site_name":"Lucky-Hunter","article_modified_time":"2025-10-02T01:54:35+00:00","og_image":[{"width":1000,"height":1000,"url":"https:\/\/staging.lucky-hunter.com\/wp-content\/uploads\/2018\/05\/lf-311.png","type":"image\/png"}],"twitter_card":"summary_large_image","twitter_title":"NEW 2018 Avian-X Early Season Teal Decoys | Lucky Hunter","twitter_description":"Start your hunt with a bang. The Avian-X Early Season Teal Decoys are perfect for the beginner and seasoned hunter. Great quality, every time.","twitter_misc":{"Becs\u00fclt olvas\u00e1si id\u0151":"1 perc"},"schema":{"@context":"https:\/\/schema.org","@graph":[{"@type":"WebPage","@id":"https:\/\/staging.lucky-hunter.com\/product\/avian-x-early-season-teal-decoys\/","url":"https:\/\/staging.lucky-hunter.com\/product\/avian-x-early-season-teal-decoys\/","name":"NEW 2018 Avian-X Early Season Teal Decoys | Lucky Hunter","isPartOf":{"@id":"https:\/\/staging.lucky-hunter.com\/#website"},"primaryImageOfPage":{"@id":"https:\/\/staging.lucky-hunter.com\/product\/avian-x-early-season-teal-decoys\/#primaryimage"},"image":{"@id":"https:\/\/staging.lucky-hunter.com\/product\/avian-x-early-season-teal-decoys\/#primaryimage"},"thumbnailUrl":"https:\/\/staging.lucky-hunter.com\/wp-content\/uploads\/2018\/05\/lf-311.png","datePublished":"2018-05-01T11:25:41+00:00","dateModified":"2025-10-02T01:54:35+00:00","description":"Start your hunt with a bang. The Avian-X Early Season Teal Decoys are perfect for the beginner and seasoned hunter. Great quality, every time.","breadcrumb":{"@id":"https:\/\/staging.lucky-hunter.com\/product\/avian-x-early-season-teal-decoys\/#breadcrumb"},"inLanguage":"hu","potentialAction":[{"@type":"ReadAction","target":["https:\/\/staging.lucky-hunter.com\/product\/avian-x-early-season-teal-decoys\/"]}]},{"@type":"ImageObject","inLanguage":"hu","@id":"https:\/\/staging.lucky-hunter.com\/product\/avian-x-early-season-teal-decoys\/#primaryimage","url":"https:\/\/staging.lucky-hunter.com\/wp-content\/uploads\/2018\/05\/lf-311.png","contentUrl":"https:\/\/staging.lucky-hunter.com\/wp-content\/uploads\/2018\/05\/lf-311.png","width":1000,"height":1000},{"@type":"BreadcrumbList","@id":"https:\/\/staging.lucky-hunter.com\/product\/avian-x-early-season-teal-decoys\/#breadcrumb","itemListElement":[{"@type":"ListItem","position":1,"name":"Home","item":"https:\/\/staging.lucky-hunter.com\/hu\/"},{"@type":"ListItem","position":2,"name":"Shop","item":"https:\/\/staging.lucky-hunter.com\/hu\/shop\/"},{"@type":"ListItem","position":3,"name":"Avian-X Teal Decoys &#8211; Early Season"}]},{"@type":"WebSite","@id":"https:\/\/staging.lucky-hunter.com\/#website","url":"https:\/\/staging.lucky-hunter.com\/","name":"Lucky-Hunter","description":"Gear Up or Give Up","potentialAction":[{"@type":"SearchAction","target":{"@type":"EntryPoint","urlTemplate":"https:\/\/staging.lucky-hunter.com\/?s={search_term_string}"},"query-input":{"@type":"PropertyValueSpecification","valueRequired":true,"valueName":"search_term_string"}}],"inLanguage":"hu"}]}},"_links":{"self":[{"href":"https:\/\/staging.lucky-hunter.com\/hu\/wp-json\/wp\/v2\/product\/20974"}],"collection":[{"href":"https:\/\/staging.lucky-hunter.com\/hu\/wp-json\/wp\/v2\/product"}],"about":[{"href":"https:\/\/staging.lucky-hunter.com\/hu\/wp-json\/wp\/v2\/types\/product"}],"wp:featuredmedia":[{"embeddable":true,"href":"https:\/\/staging.lucky-hunter.com\/hu\/wp-json\/wp\/v2\/media\/26222"}],"wp:attachment":[{"href":"https:\/\/staging.lucky-hunter.com\/hu\/wp-json\/wp\/v2\/media?parent=20974"}],"wp:term":[{"taxonomy":"product_brand","embeddable":true,"href":"https:\/\/staging.lucky-hunter.com\/hu\/wp-json\/wp\/v2\/product_brand?post=20974"},{"taxonomy":"product_cat","embeddable":true,"href":"https:\/\/staging.lucky-hunter.com\/hu\/wp-json\/wp\/v2\/product_cat?post=20974"},{"taxonomy":"product_tag","embeddable":true,"href":"https:\/\/staging.lucky-hunter.com\/hu\/wp-json\/wp\/v2\/product_tag?post=20974"}],"curies":[{"name":"wp","href":"https:\/\/api.w.org\/{rel}","templated":true}]}}