{"id":20932,"date":"2018-04-24T09:05:56","date_gmt":"2018-04-24T07:05:56","guid":{"rendered":"https:\/\/dangate.dk\/?post_type=product&#038;p=21190"},"modified":"2025-10-02T05:15:16","modified_gmt":"2025-10-02T03:15:16","slug":"rigem-right-refuge-decoy-bag","status":"publish","type":"product","link":"https:\/\/staging.lucky-hunter.com\/hu\/product\/rigem-right-refuge-decoy-bag\/","title":{"rendered":"Rig&#8217;Em Right &#8211; Refuge Runner Decoy Bag"},"content":{"rendered":"<p><iframe title=\"Rig\u2019Em Right \u2013 Refuge Runner Decoy Bag\" width=\"1020\" height=\"574\" src=\"https:\/\/www.youtube.com\/embed\/QjzHjLgwiZ8?wmode=transparent&amp;rel=0&amp;feature=oembed&#038;enablejsapi=1&#038;origin=https:\/\/staging.lucky-hunter.com\" frameborder=\"0\" allow=\"accelerometer; autoplay; clipboard-write; encrypted-media; gyroscope; picture-in-picture; web-share\" allowfullscreen><\/iframe><\/p>\n<h2><strong>Rig&#8217;Em Right Refuge Runner Decoy Bag: This Bag is Enormous<\/strong><\/h2>\n<p>A really strong and durable backpack from American Rig&#8217;Em Right for easy transportation and storage of up to 24 duck decoys\u00a0(Avian-X and GHG size) or other hunting\u00a0gear.<\/p>\n<p>Large hole mouth opening for easy stuffing.<\/p>\n<p>The bag has deluxe quilted shoulder straps and a heavy waist belt\u00a0for max\u00a0comfort.<\/p>\n<p>On the one side\u00a0there is a large pocket for easy transport of rifles, decoy sticks, decoy wings\u00a0etc.<\/p>\n<p>The bottom is made of mesh net material, so the water can run off as you collect the decoys from\u00a0the water.<\/p>\n<p>Tough and durable canvas construction\u00a0that can last for years of use even under tough conditions.<\/p>\n<p>Multiple cinch straps to tighten your load or to reduce the volume of the bag.<\/p>\n<p>Size: 57 cm wide and 95 cm high.<\/p>\n","protected":false},"excerpt":{"rendered":"<p>New to the hunting season 2018 in new Optifade Marsh camo design.\u00a0A really strong and durable backpack from American Rig&#8217;Em Right for easy transportation and storage of up to 24\u00a0duck decoys\u00a0(Avian-X and GHG size) or other hunting\u00a0gear.<\/p>\n","protected":false},"featured_media":22214,"template":"","meta":[],"product_brand":[95],"product_cat":[9109],"product_tag":[9147],"yoast_head":"<!-- This site is optimized with the Yoast SEO plugin v24.3 - https:\/\/yoast.com\/wordpress\/plugins\/seo\/ -->\n<title>Rig\u00b4Em Right Refuge Decoy Bag: NEW Optifade Design | Lucky Hunter<\/title>\n<meta name=\"description\" content=\"Enormous, strong and long lasting. The Rig&#039;Em Right Refuge Decoy bag is perfect for your next hunting trip. Extra spacious and secure.\" \/>\n<meta name=\"robots\" content=\"noindex, follow, max-snippet:-1, max-image-preview:large, max-video-preview:-1\" \/>\n<meta property=\"og:locale\" content=\"hu_HU\" \/>\n<meta property=\"og:type\" content=\"article\" \/>\n<meta property=\"og:title\" content=\"Rig\u00b4Em Right Refuge Decoy Bag: NEW Optifade Design | Lucky Hunter\" \/>\n<meta property=\"og:description\" content=\"Enormous, strong and long lasting. The Rig&#039;Em Right Refuge Decoy bag is perfect for your next hunting trip. Extra spacious and secure.\" \/>\n<meta property=\"og:url\" content=\"https:\/\/staging.lucky-hunter.com\/product\/rigem-right-refuge-decoy-bag\/\" \/>\n<meta property=\"og:site_name\" content=\"Lucky-Hunter\" \/>\n<meta property=\"article:modified_time\" content=\"2025-10-02T03:15:16+00:00\" \/>\n<meta property=\"og:image\" content=\"https:\/\/staging.lucky-hunter.com\/wp-content\/uploads\/2018\/04\/PU-217.png\" \/>\n\t<meta property=\"og:image:width\" content=\"1000\" \/>\n\t<meta property=\"og:image:height\" content=\"1000\" \/>\n\t<meta property=\"og:image:type\" content=\"image\/png\" \/>\n<meta name=\"twitter:card\" content=\"summary_large_image\" \/>\n<meta name=\"twitter:title\" content=\"Rig\u00b4Em Right Refuge Decoy Bag | Lucky Hunter\" \/>\n<meta name=\"twitter:description\" content=\"Enormous, strong and long lasting. The Rig&#039;Em Right Refuge Decoy bag is perfect for your next hunting trip. Extra spacious and secure.\" \/>\n<meta name=\"twitter:label1\" content=\"Becs\u00fclt olvas\u00e1si id\u0151\" \/>\n\t<meta name=\"twitter:data1\" content=\"1 perc\" \/>\n<script type=\"application\/ld+json\" class=\"yoast-schema-graph\">{\"@context\":\"https:\/\/schema.org\",\"@graph\":[{\"@type\":\"WebPage\",\"@id\":\"https:\/\/staging.lucky-hunter.com\/product\/rigem-right-refuge-decoy-bag\/\",\"url\":\"https:\/\/staging.lucky-hunter.com\/product\/rigem-right-refuge-decoy-bag\/\",\"name\":\"Rig\u00b4Em Right Refuge Decoy Bag: NEW Optifade Design | Lucky Hunter\",\"isPartOf\":{\"@id\":\"https:\/\/staging.lucky-hunter.com\/#website\"},\"primaryImageOfPage\":{\"@id\":\"https:\/\/staging.lucky-hunter.com\/product\/rigem-right-refuge-decoy-bag\/#primaryimage\"},\"image\":{\"@id\":\"https:\/\/staging.lucky-hunter.com\/product\/rigem-right-refuge-decoy-bag\/#primaryimage\"},\"thumbnailUrl\":\"https:\/\/staging.lucky-hunter.com\/wp-content\/uploads\/2018\/04\/PU-217.png\",\"datePublished\":\"2018-04-24T07:05:56+00:00\",\"dateModified\":\"2025-10-02T03:15:16+00:00\",\"description\":\"Enormous, strong and long lasting. The Rig'Em Right Refuge Decoy bag is perfect for your next hunting trip. Extra spacious and secure.\",\"breadcrumb\":{\"@id\":\"https:\/\/staging.lucky-hunter.com\/product\/rigem-right-refuge-decoy-bag\/#breadcrumb\"},\"inLanguage\":\"hu\",\"potentialAction\":[{\"@type\":\"ReadAction\",\"target\":[\"https:\/\/staging.lucky-hunter.com\/product\/rigem-right-refuge-decoy-bag\/\"]}]},{\"@type\":\"ImageObject\",\"inLanguage\":\"hu\",\"@id\":\"https:\/\/staging.lucky-hunter.com\/product\/rigem-right-refuge-decoy-bag\/#primaryimage\",\"url\":\"https:\/\/staging.lucky-hunter.com\/wp-content\/uploads\/2018\/04\/PU-217.png\",\"contentUrl\":\"https:\/\/staging.lucky-hunter.com\/wp-content\/uploads\/2018\/04\/PU-217.png\",\"width\":1000,\"height\":1000},{\"@type\":\"BreadcrumbList\",\"@id\":\"https:\/\/staging.lucky-hunter.com\/product\/rigem-right-refuge-decoy-bag\/#breadcrumb\",\"itemListElement\":[{\"@type\":\"ListItem\",\"position\":1,\"name\":\"Home\",\"item\":\"https:\/\/staging.lucky-hunter.com\/hu\/\"},{\"@type\":\"ListItem\",\"position\":2,\"name\":\"Shop\",\"item\":\"https:\/\/staging.lucky-hunter.com\/hu\/shop\/\"},{\"@type\":\"ListItem\",\"position\":3,\"name\":\"Rig&#8217;Em Right &#8211; Refuge Runner Decoy Bag\"}]},{\"@type\":\"WebSite\",\"@id\":\"https:\/\/staging.lucky-hunter.com\/#website\",\"url\":\"https:\/\/staging.lucky-hunter.com\/\",\"name\":\"Lucky-Hunter\",\"description\":\"Gear Up or Give Up\",\"potentialAction\":[{\"@type\":\"SearchAction\",\"target\":{\"@type\":\"EntryPoint\",\"urlTemplate\":\"https:\/\/staging.lucky-hunter.com\/?s={search_term_string}\"},\"query-input\":{\"@type\":\"PropertyValueSpecification\",\"valueRequired\":true,\"valueName\":\"search_term_string\"}}],\"inLanguage\":\"hu\"}]}<\/script>\n<!-- \/ Yoast SEO plugin. -->","yoast_head_json":{"title":"Rig\u00b4Em Right Refuge Decoy Bag: NEW Optifade Design | Lucky Hunter","description":"Enormous, strong and long lasting. The Rig'Em Right Refuge Decoy bag is perfect for your next hunting trip. Extra spacious and secure.","robots":{"index":"noindex","follow":"follow","max-snippet":"max-snippet:-1","max-image-preview":"max-image-preview:large","max-video-preview":"max-video-preview:-1"},"og_locale":"hu_HU","og_type":"article","og_title":"Rig\u00b4Em Right Refuge Decoy Bag: NEW Optifade Design | Lucky Hunter","og_description":"Enormous, strong and long lasting. The Rig'Em Right Refuge Decoy bag is perfect for your next hunting trip. Extra spacious and secure.","og_url":"https:\/\/staging.lucky-hunter.com\/product\/rigem-right-refuge-decoy-bag\/","og_site_name":"Lucky-Hunter","article_modified_time":"2025-10-02T03:15:16+00:00","og_image":[{"width":1000,"height":1000,"url":"https:\/\/staging.lucky-hunter.com\/wp-content\/uploads\/2018\/04\/PU-217.png","type":"image\/png"}],"twitter_card":"summary_large_image","twitter_title":"Rig\u00b4Em Right Refuge Decoy Bag | Lucky Hunter","twitter_description":"Enormous, strong and long lasting. The Rig'Em Right Refuge Decoy bag is perfect for your next hunting trip. Extra spacious and secure.","twitter_misc":{"Becs\u00fclt olvas\u00e1si id\u0151":"1 perc"},"schema":{"@context":"https:\/\/schema.org","@graph":[{"@type":"WebPage","@id":"https:\/\/staging.lucky-hunter.com\/product\/rigem-right-refuge-decoy-bag\/","url":"https:\/\/staging.lucky-hunter.com\/product\/rigem-right-refuge-decoy-bag\/","name":"Rig\u00b4Em Right Refuge Decoy Bag: NEW Optifade Design | Lucky Hunter","isPartOf":{"@id":"https:\/\/staging.lucky-hunter.com\/#website"},"primaryImageOfPage":{"@id":"https:\/\/staging.lucky-hunter.com\/product\/rigem-right-refuge-decoy-bag\/#primaryimage"},"image":{"@id":"https:\/\/staging.lucky-hunter.com\/product\/rigem-right-refuge-decoy-bag\/#primaryimage"},"thumbnailUrl":"https:\/\/staging.lucky-hunter.com\/wp-content\/uploads\/2018\/04\/PU-217.png","datePublished":"2018-04-24T07:05:56+00:00","dateModified":"2025-10-02T03:15:16+00:00","description":"Enormous, strong and long lasting. The Rig'Em Right Refuge Decoy bag is perfect for your next hunting trip. Extra spacious and secure.","breadcrumb":{"@id":"https:\/\/staging.lucky-hunter.com\/product\/rigem-right-refuge-decoy-bag\/#breadcrumb"},"inLanguage":"hu","potentialAction":[{"@type":"ReadAction","target":["https:\/\/staging.lucky-hunter.com\/product\/rigem-right-refuge-decoy-bag\/"]}]},{"@type":"ImageObject","inLanguage":"hu","@id":"https:\/\/staging.lucky-hunter.com\/product\/rigem-right-refuge-decoy-bag\/#primaryimage","url":"https:\/\/staging.lucky-hunter.com\/wp-content\/uploads\/2018\/04\/PU-217.png","contentUrl":"https:\/\/staging.lucky-hunter.com\/wp-content\/uploads\/2018\/04\/PU-217.png","width":1000,"height":1000},{"@type":"BreadcrumbList","@id":"https:\/\/staging.lucky-hunter.com\/product\/rigem-right-refuge-decoy-bag\/#breadcrumb","itemListElement":[{"@type":"ListItem","position":1,"name":"Home","item":"https:\/\/staging.lucky-hunter.com\/hu\/"},{"@type":"ListItem","position":2,"name":"Shop","item":"https:\/\/staging.lucky-hunter.com\/hu\/shop\/"},{"@type":"ListItem","position":3,"name":"Rig&#8217;Em Right &#8211; Refuge Runner Decoy Bag"}]},{"@type":"WebSite","@id":"https:\/\/staging.lucky-hunter.com\/#website","url":"https:\/\/staging.lucky-hunter.com\/","name":"Lucky-Hunter","description":"Gear Up or Give Up","potentialAction":[{"@type":"SearchAction","target":{"@type":"EntryPoint","urlTemplate":"https:\/\/staging.lucky-hunter.com\/?s={search_term_string}"},"query-input":{"@type":"PropertyValueSpecification","valueRequired":true,"valueName":"search_term_string"}}],"inLanguage":"hu"}]}},"_links":{"self":[{"href":"https:\/\/staging.lucky-hunter.com\/hu\/wp-json\/wp\/v2\/product\/20932"}],"collection":[{"href":"https:\/\/staging.lucky-hunter.com\/hu\/wp-json\/wp\/v2\/product"}],"about":[{"href":"https:\/\/staging.lucky-hunter.com\/hu\/wp-json\/wp\/v2\/types\/product"}],"wp:featuredmedia":[{"embeddable":true,"href":"https:\/\/staging.lucky-hunter.com\/hu\/wp-json\/wp\/v2\/media\/22214"}],"wp:attachment":[{"href":"https:\/\/staging.lucky-hunter.com\/hu\/wp-json\/wp\/v2\/media?parent=20932"}],"wp:term":[{"taxonomy":"product_brand","embeddable":true,"href":"https:\/\/staging.lucky-hunter.com\/hu\/wp-json\/wp\/v2\/product_brand?post=20932"},{"taxonomy":"product_cat","embeddable":true,"href":"https:\/\/staging.lucky-hunter.com\/hu\/wp-json\/wp\/v2\/product_cat?post=20932"},{"taxonomy":"product_tag","embeddable":true,"href":"https:\/\/staging.lucky-hunter.com\/hu\/wp-json\/wp\/v2\/product_tag?post=20932"}],"curies":[{"name":"wp","href":"https:\/\/api.w.org\/{rel}","templated":true}]}}