{"id":20754,"date":"2016-11-07T16:02:52","date_gmt":"2016-11-07T15:02:52","guid":{"rendered":"https:\/\/dangate.dk.prolinux4.curanetserver.dk\/produkt\/plast-bakke-til-vildt-transport\/"},"modified":"2025-10-02T03:00:07","modified_gmt":"2025-10-02T01:00:07","slug":"all-purpose-and-game-tub","status":"publish","type":"product","link":"https:\/\/staging.lucky-hunter.com\/hu\/product\/all-purpose-and-game-tub\/","title":{"rendered":"All purpose and Game Tub"},"content":{"rendered":"<h2><strong>Easy game handling<\/strong><\/h2>\n<p>This high quality game and all-purpose tub\u00a0has a sledge-like bow and built-in runners so\u00a0you can easily pull the tub over the ground.<\/p>\n<p>The\u00a0smooth surface makes the easy cleaning of the\u00a0tub possible.<\/p>\n<p>With four eyelets for ropes.<\/p>\n<p>Made of\u00a0indestructible PE Materials that makes it impact-resistant and\u00a0unbreakable.<\/p>\n<p>The material is\u00a0approved for storing food.<\/p>\n<p>Temperature-resistant +70\u00b0 C\/-70\u00b0 C.<\/p>\n<p>Measures length x width x height =\u00a090.5 x 59 x 21 cm.<\/p>\n<p>Weight about 4.8 kg.<\/p>\n<p>Colour green.<\/p>\n<p>10 year material warranty.<\/p>\n<p>Fits perfectly into the rear carrier article 560623.<\/p>\n<p>&nbsp;<\/p>\n","protected":false},"excerpt":{"rendered":"<p>This high quality game and all-purpose tub\u00a0has a sledge-like bow and built-in runners so\u00a0you can easily pull the tub over the ground. The\u00a0smooth surface makes the easy cleaning of the\u00a0tub possible.<\/p>\n","protected":false},"featured_media":20756,"template":"","meta":[],"product_brand":[9082],"product_cat":[8882],"product_tag":[9491],"yoast_head":"<!-- This site is optimized with the Yoast SEO plugin v24.3 - https:\/\/yoast.com\/wordpress\/plugins\/seo\/ -->\n<title>All purpose and Game Tub - 10 year material warranty<\/title>\n<meta name=\"description\" content=\"Plastic tray made of durable PE material approved for storing food. The tray is perfect to transport of game in the car or at the back of your ATV.\" \/>\n<meta name=\"robots\" content=\"noindex, follow, max-snippet:-1, max-image-preview:large, max-video-preview:-1\" \/>\n<meta property=\"og:locale\" content=\"hu_HU\" \/>\n<meta property=\"og:type\" content=\"article\" \/>\n<meta property=\"og:title\" content=\"All purpose and Game Tub - 10 year material warranty\" \/>\n<meta property=\"og:description\" content=\"Plastic tray made of durable PE material approved for storing food. The tray is perfect to transport of game in the car or at the back of your ATV.\" \/>\n<meta property=\"og:url\" content=\"https:\/\/staging.lucky-hunter.com\/product\/all-purpose-and-game-tub\/\" \/>\n<meta property=\"og:site_name\" content=\"Lucky-Hunter\" \/>\n<meta property=\"article:modified_time\" content=\"2025-10-02T01:00:07+00:00\" \/>\n<meta property=\"og:image\" content=\"https:\/\/staging.lucky-hunter.com\/wp-content\/uploads\/2018\/03\/690908.png\" \/>\n\t<meta property=\"og:image:width\" content=\"1000\" \/>\n\t<meta property=\"og:image:height\" content=\"1000\" \/>\n\t<meta property=\"og:image:type\" content=\"image\/png\" \/>\n<meta name=\"twitter:card\" content=\"summary_large_image\" \/>\n<meta name=\"twitter:label1\" content=\"Becs\u00fclt olvas\u00e1si id\u0151\" \/>\n\t<meta name=\"twitter:data1\" content=\"1 perc\" \/>\n<script type=\"application\/ld+json\" class=\"yoast-schema-graph\">{\"@context\":\"https:\/\/schema.org\",\"@graph\":[{\"@type\":\"WebPage\",\"@id\":\"https:\/\/staging.lucky-hunter.com\/product\/all-purpose-and-game-tub\/\",\"url\":\"https:\/\/staging.lucky-hunter.com\/product\/all-purpose-and-game-tub\/\",\"name\":\"All purpose and Game Tub - 10 year material warranty\",\"isPartOf\":{\"@id\":\"https:\/\/staging.lucky-hunter.com\/#website\"},\"primaryImageOfPage\":{\"@id\":\"https:\/\/staging.lucky-hunter.com\/product\/all-purpose-and-game-tub\/#primaryimage\"},\"image\":{\"@id\":\"https:\/\/staging.lucky-hunter.com\/product\/all-purpose-and-game-tub\/#primaryimage\"},\"thumbnailUrl\":\"https:\/\/staging.lucky-hunter.com\/wp-content\/uploads\/2018\/03\/690908.png\",\"datePublished\":\"2016-11-07T15:02:52+00:00\",\"dateModified\":\"2025-10-02T01:00:07+00:00\",\"description\":\"Plastic tray made of durable PE material approved for storing food. The tray is perfect to transport of game in the car or at the back of your ATV.\",\"breadcrumb\":{\"@id\":\"https:\/\/staging.lucky-hunter.com\/product\/all-purpose-and-game-tub\/#breadcrumb\"},\"inLanguage\":\"hu\",\"potentialAction\":[{\"@type\":\"ReadAction\",\"target\":[\"https:\/\/staging.lucky-hunter.com\/product\/all-purpose-and-game-tub\/\"]}]},{\"@type\":\"ImageObject\",\"inLanguage\":\"hu\",\"@id\":\"https:\/\/staging.lucky-hunter.com\/product\/all-purpose-and-game-tub\/#primaryimage\",\"url\":\"https:\/\/staging.lucky-hunter.com\/wp-content\/uploads\/2018\/03\/690908.png\",\"contentUrl\":\"https:\/\/staging.lucky-hunter.com\/wp-content\/uploads\/2018\/03\/690908.png\",\"width\":1000,\"height\":1000},{\"@type\":\"BreadcrumbList\",\"@id\":\"https:\/\/staging.lucky-hunter.com\/product\/all-purpose-and-game-tub\/#breadcrumb\",\"itemListElement\":[{\"@type\":\"ListItem\",\"position\":1,\"name\":\"Home\",\"item\":\"https:\/\/staging.lucky-hunter.com\/hu\/\"},{\"@type\":\"ListItem\",\"position\":2,\"name\":\"Shop\",\"item\":\"https:\/\/staging.lucky-hunter.com\/hu\/shop\/\"},{\"@type\":\"ListItem\",\"position\":3,\"name\":\"All purpose and Game Tub\"}]},{\"@type\":\"WebSite\",\"@id\":\"https:\/\/staging.lucky-hunter.com\/#website\",\"url\":\"https:\/\/staging.lucky-hunter.com\/\",\"name\":\"Lucky-Hunter\",\"description\":\"Gear Up or Give Up\",\"potentialAction\":[{\"@type\":\"SearchAction\",\"target\":{\"@type\":\"EntryPoint\",\"urlTemplate\":\"https:\/\/staging.lucky-hunter.com\/?s={search_term_string}\"},\"query-input\":{\"@type\":\"PropertyValueSpecification\",\"valueRequired\":true,\"valueName\":\"search_term_string\"}}],\"inLanguage\":\"hu\"}]}<\/script>\n<!-- \/ Yoast SEO plugin. -->","yoast_head_json":{"title":"All purpose and Game Tub - 10 year material warranty","description":"Plastic tray made of durable PE material approved for storing food. The tray is perfect to transport of game in the car or at the back of your ATV.","robots":{"index":"noindex","follow":"follow","max-snippet":"max-snippet:-1","max-image-preview":"max-image-preview:large","max-video-preview":"max-video-preview:-1"},"og_locale":"hu_HU","og_type":"article","og_title":"All purpose and Game Tub - 10 year material warranty","og_description":"Plastic tray made of durable PE material approved for storing food. The tray is perfect to transport of game in the car or at the back of your ATV.","og_url":"https:\/\/staging.lucky-hunter.com\/product\/all-purpose-and-game-tub\/","og_site_name":"Lucky-Hunter","article_modified_time":"2025-10-02T01:00:07+00:00","og_image":[{"width":1000,"height":1000,"url":"https:\/\/staging.lucky-hunter.com\/wp-content\/uploads\/2018\/03\/690908.png","type":"image\/png"}],"twitter_card":"summary_large_image","twitter_misc":{"Becs\u00fclt olvas\u00e1si id\u0151":"1 perc"},"schema":{"@context":"https:\/\/schema.org","@graph":[{"@type":"WebPage","@id":"https:\/\/staging.lucky-hunter.com\/product\/all-purpose-and-game-tub\/","url":"https:\/\/staging.lucky-hunter.com\/product\/all-purpose-and-game-tub\/","name":"All purpose and Game Tub - 10 year material warranty","isPartOf":{"@id":"https:\/\/staging.lucky-hunter.com\/#website"},"primaryImageOfPage":{"@id":"https:\/\/staging.lucky-hunter.com\/product\/all-purpose-and-game-tub\/#primaryimage"},"image":{"@id":"https:\/\/staging.lucky-hunter.com\/product\/all-purpose-and-game-tub\/#primaryimage"},"thumbnailUrl":"https:\/\/staging.lucky-hunter.com\/wp-content\/uploads\/2018\/03\/690908.png","datePublished":"2016-11-07T15:02:52+00:00","dateModified":"2025-10-02T01:00:07+00:00","description":"Plastic tray made of durable PE material approved for storing food. The tray is perfect to transport of game in the car or at the back of your ATV.","breadcrumb":{"@id":"https:\/\/staging.lucky-hunter.com\/product\/all-purpose-and-game-tub\/#breadcrumb"},"inLanguage":"hu","potentialAction":[{"@type":"ReadAction","target":["https:\/\/staging.lucky-hunter.com\/product\/all-purpose-and-game-tub\/"]}]},{"@type":"ImageObject","inLanguage":"hu","@id":"https:\/\/staging.lucky-hunter.com\/product\/all-purpose-and-game-tub\/#primaryimage","url":"https:\/\/staging.lucky-hunter.com\/wp-content\/uploads\/2018\/03\/690908.png","contentUrl":"https:\/\/staging.lucky-hunter.com\/wp-content\/uploads\/2018\/03\/690908.png","width":1000,"height":1000},{"@type":"BreadcrumbList","@id":"https:\/\/staging.lucky-hunter.com\/product\/all-purpose-and-game-tub\/#breadcrumb","itemListElement":[{"@type":"ListItem","position":1,"name":"Home","item":"https:\/\/staging.lucky-hunter.com\/hu\/"},{"@type":"ListItem","position":2,"name":"Shop","item":"https:\/\/staging.lucky-hunter.com\/hu\/shop\/"},{"@type":"ListItem","position":3,"name":"All purpose and Game Tub"}]},{"@type":"WebSite","@id":"https:\/\/staging.lucky-hunter.com\/#website","url":"https:\/\/staging.lucky-hunter.com\/","name":"Lucky-Hunter","description":"Gear Up or Give Up","potentialAction":[{"@type":"SearchAction","target":{"@type":"EntryPoint","urlTemplate":"https:\/\/staging.lucky-hunter.com\/?s={search_term_string}"},"query-input":{"@type":"PropertyValueSpecification","valueRequired":true,"valueName":"search_term_string"}}],"inLanguage":"hu"}]}},"_links":{"self":[{"href":"https:\/\/staging.lucky-hunter.com\/hu\/wp-json\/wp\/v2\/product\/20754"}],"collection":[{"href":"https:\/\/staging.lucky-hunter.com\/hu\/wp-json\/wp\/v2\/product"}],"about":[{"href":"https:\/\/staging.lucky-hunter.com\/hu\/wp-json\/wp\/v2\/types\/product"}],"wp:featuredmedia":[{"embeddable":true,"href":"https:\/\/staging.lucky-hunter.com\/hu\/wp-json\/wp\/v2\/media\/20756"}],"wp:attachment":[{"href":"https:\/\/staging.lucky-hunter.com\/hu\/wp-json\/wp\/v2\/media?parent=20754"}],"wp:term":[{"taxonomy":"product_brand","embeddable":true,"href":"https:\/\/staging.lucky-hunter.com\/hu\/wp-json\/wp\/v2\/product_brand?post=20754"},{"taxonomy":"product_cat","embeddable":true,"href":"https:\/\/staging.lucky-hunter.com\/hu\/wp-json\/wp\/v2\/product_cat?post=20754"},{"taxonomy":"product_tag","embeddable":true,"href":"https:\/\/staging.lucky-hunter.com\/hu\/wp-json\/wp\/v2\/product_tag?post=20754"}],"curies":[{"name":"wp","href":"https:\/\/api.w.org\/{rel}","templated":true}]}}