{"id":20672,"date":"2017-04-06T12:23:15","date_gmt":"2017-04-06T10:23:15","guid":{"rendered":"https:\/\/dangate.dk.prolinux4.curanetserver.dk\/dangatese\/?post_type=product&#038;p=4525"},"modified":"2025-10-02T02:27:10","modified_gmt":"2025-10-02T00:27:10","slug":"lupus-instant-bronzing-polish-for-brass-bronze-and-zinc","status":"publish","type":"product","link":"https:\/\/staging.lucky-hunter.com\/hu\/product\/lupus-instant-bronzing-polish-for-brass-bronze-and-zinc\/","title":{"rendered":"Cold Bronzing Kit &#8211; Brass, bronze and zinc"},"content":{"rendered":"<h1><strong>Lupus \u2013 instant bronzing polish for brass, bronze and zinc<\/strong><\/h1>\n<p>This German quality product from Lupus secures a spotless, deep black and resistant to abrasion treatment of your weapon.<\/p>\n<p>Our bronzing polish enables\u00a0to re-bronze spotlessly and without problems in only 5-7\u00a0minutes. It gives your weapon a beautiful new look<br \/>\nand a high rust protection.<\/p>\n<p>Color: Antique black for brass, bronze and zinc.<\/p>\n<p><strong>Warning:<\/strong><\/p>\n<ul>\n<li>Causes skin irritation.<\/li>\n<li>Causes serious eye irritation.<\/li>\n<li>Toxic to aquatic life with long lasting effects.<\/li>\n<li>Keep out of reach of children.<\/li>\n<li>Avoid release to the environment.<\/li>\n<li>Wear protective gloves\/protective clothing\/eye protection\/face protection.<\/li>\n<li>IF ON SKIN: Wash with plenty of water\/soap.<\/li>\n<li>IF IN EYES: Rinse cautiously with water for several minutes. Remove contact lenses, if present and easy to do. Continue rinsing.<\/li>\n<li>If skin irritation occurs: Get medical advice\/attention.<\/li>\n<li>If eye irritation persists: Get medical advice\/attention.<\/li>\n<li>Dispose of contents\/container to hazardous or special waste collection point.<\/li>\n<\/ul>\n","protected":false},"excerpt":{"rendered":"<p>Our bronzing polish kit from Lupus enables\u00a0to re-bronze spotlessly and without problems in only 5-7\u00a0minutes. It gives your weapon a beautiful new look\u00a0and a high rust protection.<\/p>\n","protected":false},"featured_media":20695,"template":"","meta":[],"product_brand":[3336],"product_cat":[9367],"product_tag":[],"yoast_head":"<!-- This site is optimized with the Yoast SEO plugin v24.3 - https:\/\/yoast.com\/wordpress\/plugins\/seo\/ -->\n<title>Lupus \u2013 instant bronzing polish for brass, bronze and zinc. German quality product<\/title>\n<meta name=\"description\" content=\"Our bronzing polish kit enables to re-bronze spotlessly in only 5-7 minutes. It gives your weapon a beautiful new look and a high rust protection.\" \/>\n<meta name=\"robots\" content=\"noindex, follow, max-snippet:-1, max-image-preview:large, max-video-preview:-1\" \/>\n<meta property=\"og:locale\" content=\"hu_HU\" \/>\n<meta property=\"og:type\" content=\"article\" \/>\n<meta property=\"og:title\" content=\"Lupus \u2013 instant bronzing polish for brass, bronze and zinc. German quality product\" \/>\n<meta property=\"og:description\" content=\"Our bronzing polish kit enables to re-bronze spotlessly in only 5-7 minutes. It gives your weapon a beautiful new look and a high rust protection.\" \/>\n<meta property=\"og:url\" content=\"https:\/\/staging.lucky-hunter.com\/product\/lupus-instant-bronzing-polish-for-brass-bronze-and-zinc\/\" \/>\n<meta property=\"og:site_name\" content=\"Lucky-Hunter\" \/>\n<meta property=\"article:modified_time\" content=\"2025-10-02T00:27:10+00:00\" \/>\n<meta property=\"og:image\" content=\"https:\/\/staging.lucky-hunter.com\/wp-content\/uploads\/2017\/04\/520019.png\" \/>\n\t<meta property=\"og:image:width\" content=\"1000\" \/>\n\t<meta property=\"og:image:height\" content=\"1000\" \/>\n\t<meta property=\"og:image:type\" content=\"image\/png\" \/>\n<meta name=\"twitter:card\" content=\"summary_large_image\" \/>\n<meta name=\"twitter:label1\" content=\"Becs\u00fclt olvas\u00e1si id\u0151\" \/>\n\t<meta name=\"twitter:data1\" content=\"1 perc\" \/>\n<script type=\"application\/ld+json\" class=\"yoast-schema-graph\">{\"@context\":\"https:\/\/schema.org\",\"@graph\":[{\"@type\":\"WebPage\",\"@id\":\"https:\/\/staging.lucky-hunter.com\/product\/lupus-instant-bronzing-polish-for-brass-bronze-and-zinc\/\",\"url\":\"https:\/\/staging.lucky-hunter.com\/product\/lupus-instant-bronzing-polish-for-brass-bronze-and-zinc\/\",\"name\":\"Lupus \u2013 instant bronzing polish for brass, bronze and zinc. German quality product\",\"isPartOf\":{\"@id\":\"https:\/\/staging.lucky-hunter.com\/#website\"},\"primaryImageOfPage\":{\"@id\":\"https:\/\/staging.lucky-hunter.com\/product\/lupus-instant-bronzing-polish-for-brass-bronze-and-zinc\/#primaryimage\"},\"image\":{\"@id\":\"https:\/\/staging.lucky-hunter.com\/product\/lupus-instant-bronzing-polish-for-brass-bronze-and-zinc\/#primaryimage\"},\"thumbnailUrl\":\"https:\/\/staging.lucky-hunter.com\/wp-content\/uploads\/2017\/04\/520019.png\",\"datePublished\":\"2017-04-06T10:23:15+00:00\",\"dateModified\":\"2025-10-02T00:27:10+00:00\",\"description\":\"Our bronzing polish kit enables to re-bronze spotlessly in only 5-7 minutes. It gives your weapon a beautiful new look and a high rust protection.\",\"breadcrumb\":{\"@id\":\"https:\/\/staging.lucky-hunter.com\/product\/lupus-instant-bronzing-polish-for-brass-bronze-and-zinc\/#breadcrumb\"},\"inLanguage\":\"hu\",\"potentialAction\":[{\"@type\":\"ReadAction\",\"target\":[\"https:\/\/staging.lucky-hunter.com\/product\/lupus-instant-bronzing-polish-for-brass-bronze-and-zinc\/\"]}]},{\"@type\":\"ImageObject\",\"inLanguage\":\"hu\",\"@id\":\"https:\/\/staging.lucky-hunter.com\/product\/lupus-instant-bronzing-polish-for-brass-bronze-and-zinc\/#primaryimage\",\"url\":\"https:\/\/staging.lucky-hunter.com\/wp-content\/uploads\/2017\/04\/520019.png\",\"contentUrl\":\"https:\/\/staging.lucky-hunter.com\/wp-content\/uploads\/2017\/04\/520019.png\",\"width\":1000,\"height\":1000},{\"@type\":\"BreadcrumbList\",\"@id\":\"https:\/\/staging.lucky-hunter.com\/product\/lupus-instant-bronzing-polish-for-brass-bronze-and-zinc\/#breadcrumb\",\"itemListElement\":[{\"@type\":\"ListItem\",\"position\":1,\"name\":\"Home\",\"item\":\"https:\/\/staging.lucky-hunter.com\/hu\/\"},{\"@type\":\"ListItem\",\"position\":2,\"name\":\"Shop\",\"item\":\"https:\/\/staging.lucky-hunter.com\/hu\/shop\/\"},{\"@type\":\"ListItem\",\"position\":3,\"name\":\"Cold Bronzing Kit &#8211; Brass, bronze and zinc\"}]},{\"@type\":\"WebSite\",\"@id\":\"https:\/\/staging.lucky-hunter.com\/#website\",\"url\":\"https:\/\/staging.lucky-hunter.com\/\",\"name\":\"Lucky-Hunter\",\"description\":\"Gear Up or Give Up\",\"potentialAction\":[{\"@type\":\"SearchAction\",\"target\":{\"@type\":\"EntryPoint\",\"urlTemplate\":\"https:\/\/staging.lucky-hunter.com\/?s={search_term_string}\"},\"query-input\":{\"@type\":\"PropertyValueSpecification\",\"valueRequired\":true,\"valueName\":\"search_term_string\"}}],\"inLanguage\":\"hu\"}]}<\/script>\n<!-- \/ Yoast SEO plugin. -->","yoast_head_json":{"title":"Lupus \u2013 instant bronzing polish for brass, bronze and zinc. German quality product","description":"Our bronzing polish kit enables to re-bronze spotlessly in only 5-7 minutes. It gives your weapon a beautiful new look and a high rust protection.","robots":{"index":"noindex","follow":"follow","max-snippet":"max-snippet:-1","max-image-preview":"max-image-preview:large","max-video-preview":"max-video-preview:-1"},"og_locale":"hu_HU","og_type":"article","og_title":"Lupus \u2013 instant bronzing polish for brass, bronze and zinc. German quality product","og_description":"Our bronzing polish kit enables to re-bronze spotlessly in only 5-7 minutes. It gives your weapon a beautiful new look and a high rust protection.","og_url":"https:\/\/staging.lucky-hunter.com\/product\/lupus-instant-bronzing-polish-for-brass-bronze-and-zinc\/","og_site_name":"Lucky-Hunter","article_modified_time":"2025-10-02T00:27:10+00:00","og_image":[{"width":1000,"height":1000,"url":"https:\/\/staging.lucky-hunter.com\/wp-content\/uploads\/2017\/04\/520019.png","type":"image\/png"}],"twitter_card":"summary_large_image","twitter_misc":{"Becs\u00fclt olvas\u00e1si id\u0151":"1 perc"},"schema":{"@context":"https:\/\/schema.org","@graph":[{"@type":"WebPage","@id":"https:\/\/staging.lucky-hunter.com\/product\/lupus-instant-bronzing-polish-for-brass-bronze-and-zinc\/","url":"https:\/\/staging.lucky-hunter.com\/product\/lupus-instant-bronzing-polish-for-brass-bronze-and-zinc\/","name":"Lupus \u2013 instant bronzing polish for brass, bronze and zinc. German quality product","isPartOf":{"@id":"https:\/\/staging.lucky-hunter.com\/#website"},"primaryImageOfPage":{"@id":"https:\/\/staging.lucky-hunter.com\/product\/lupus-instant-bronzing-polish-for-brass-bronze-and-zinc\/#primaryimage"},"image":{"@id":"https:\/\/staging.lucky-hunter.com\/product\/lupus-instant-bronzing-polish-for-brass-bronze-and-zinc\/#primaryimage"},"thumbnailUrl":"https:\/\/staging.lucky-hunter.com\/wp-content\/uploads\/2017\/04\/520019.png","datePublished":"2017-04-06T10:23:15+00:00","dateModified":"2025-10-02T00:27:10+00:00","description":"Our bronzing polish kit enables to re-bronze spotlessly in only 5-7 minutes. It gives your weapon a beautiful new look and a high rust protection.","breadcrumb":{"@id":"https:\/\/staging.lucky-hunter.com\/product\/lupus-instant-bronzing-polish-for-brass-bronze-and-zinc\/#breadcrumb"},"inLanguage":"hu","potentialAction":[{"@type":"ReadAction","target":["https:\/\/staging.lucky-hunter.com\/product\/lupus-instant-bronzing-polish-for-brass-bronze-and-zinc\/"]}]},{"@type":"ImageObject","inLanguage":"hu","@id":"https:\/\/staging.lucky-hunter.com\/product\/lupus-instant-bronzing-polish-for-brass-bronze-and-zinc\/#primaryimage","url":"https:\/\/staging.lucky-hunter.com\/wp-content\/uploads\/2017\/04\/520019.png","contentUrl":"https:\/\/staging.lucky-hunter.com\/wp-content\/uploads\/2017\/04\/520019.png","width":1000,"height":1000},{"@type":"BreadcrumbList","@id":"https:\/\/staging.lucky-hunter.com\/product\/lupus-instant-bronzing-polish-for-brass-bronze-and-zinc\/#breadcrumb","itemListElement":[{"@type":"ListItem","position":1,"name":"Home","item":"https:\/\/staging.lucky-hunter.com\/hu\/"},{"@type":"ListItem","position":2,"name":"Shop","item":"https:\/\/staging.lucky-hunter.com\/hu\/shop\/"},{"@type":"ListItem","position":3,"name":"Cold Bronzing Kit &#8211; Brass, bronze and zinc"}]},{"@type":"WebSite","@id":"https:\/\/staging.lucky-hunter.com\/#website","url":"https:\/\/staging.lucky-hunter.com\/","name":"Lucky-Hunter","description":"Gear Up or Give Up","potentialAction":[{"@type":"SearchAction","target":{"@type":"EntryPoint","urlTemplate":"https:\/\/staging.lucky-hunter.com\/?s={search_term_string}"},"query-input":{"@type":"PropertyValueSpecification","valueRequired":true,"valueName":"search_term_string"}}],"inLanguage":"hu"}]}},"_links":{"self":[{"href":"https:\/\/staging.lucky-hunter.com\/hu\/wp-json\/wp\/v2\/product\/20672"}],"collection":[{"href":"https:\/\/staging.lucky-hunter.com\/hu\/wp-json\/wp\/v2\/product"}],"about":[{"href":"https:\/\/staging.lucky-hunter.com\/hu\/wp-json\/wp\/v2\/types\/product"}],"wp:featuredmedia":[{"embeddable":true,"href":"https:\/\/staging.lucky-hunter.com\/hu\/wp-json\/wp\/v2\/media\/20695"}],"wp:attachment":[{"href":"https:\/\/staging.lucky-hunter.com\/hu\/wp-json\/wp\/v2\/media?parent=20672"}],"wp:term":[{"taxonomy":"product_brand","embeddable":true,"href":"https:\/\/staging.lucky-hunter.com\/hu\/wp-json\/wp\/v2\/product_brand?post=20672"},{"taxonomy":"product_cat","embeddable":true,"href":"https:\/\/staging.lucky-hunter.com\/hu\/wp-json\/wp\/v2\/product_cat?post=20672"},{"taxonomy":"product_tag","embeddable":true,"href":"https:\/\/staging.lucky-hunter.com\/hu\/wp-json\/wp\/v2\/product_tag?post=20672"}],"curies":[{"name":"wp","href":"https:\/\/api.w.org\/{rel}","templated":true}]}}