{"id":20660,"date":"2016-11-04T14:19:32","date_gmt":"2016-11-04T13:19:32","guid":{"rendered":"https:\/\/dangate.dk.prolinux4.curanetserver.dk\/altijagt\/product\/bly-og-pulver-fjerner-fra-lupus\/"},"modified":"2025-10-02T02:26:42","modified_gmt":"2025-10-02T00:26:42","slug":"lead-and-powder-remover-200-ml-lupus","status":"publish","type":"product","link":"https:\/\/staging.lucky-hunter.com\/hu\/product\/lead-and-powder-remover-200-ml-lupus\/","title":{"rendered":"Lead and Powder remover 200 ml. &#8211; Lupus"},"content":{"rendered":"<h1><strong>German Quality product from Lupus<\/strong><\/h1>\n<p>This excellent product from Lupus removes all residues, such as lead, zinc, copper, powder and oil without affecting rubber, varnish, plastics or wood.<\/p>\n<ul>\n<li>Acid-free and ammonia-free<\/li>\n<li>Contains Teflon<\/li>\n<li>Highly efficient.<\/li>\n<\/ul>\n<p><strong>Please note:<\/strong><\/p>\n<ul>\n<li>Causes serious eye irritation<\/li>\n<li>Keep out of reach of children<\/li>\n<li>Wear protective gloves\/protective clothing\/eye protection\/face protection<\/li>\n<li>IF IN EYES: Rinse cautiously with water for several minutes. Remove contact lenses, if present and easy to do. Continue rinsing<\/li>\n<li>If eye irritation persists: Get medical advice\/attention<\/li>\n<li>Dispose of contents\/container to hazardous or special waste collection point.<\/li>\n<\/ul>\n<p>&nbsp;<\/p>\n","protected":false},"excerpt":{"rendered":"<p>This excellent product from Lupus removes all residues, such as lead, zinc, copper, powder and oil without affecting rubber, varnish, plastics or wood.<\/p>\n","protected":false},"featured_media":20661,"template":"","meta":[],"product_brand":[3336],"product_cat":[9366],"product_tag":[],"yoast_head":"<!-- This site is optimized with the Yoast SEO plugin v24.3 - https:\/\/yoast.com\/wordpress\/plugins\/seo\/ -->\n<title>Lead and Powder remover 200 ml. - Lupus<\/title>\n<meta name=\"description\" content=\"This excellent product from Lupus removes all residues, such as lead, zinc, copper, powder and oil without affecting rubber, varnish, plastics or wood.\" \/>\n<meta name=\"robots\" content=\"noindex, follow, max-snippet:-1, max-image-preview:large, max-video-preview:-1\" \/>\n<meta property=\"og:locale\" content=\"hu_HU\" \/>\n<meta property=\"og:type\" content=\"article\" \/>\n<meta property=\"og:title\" content=\"Lead and Powder remover 200 ml. - Lupus\" \/>\n<meta property=\"og:description\" content=\"This excellent product from Lupus removes all residues, such as lead, zinc, copper, powder and oil without affecting rubber, varnish, plastics or wood.\" \/>\n<meta property=\"og:url\" content=\"https:\/\/staging.lucky-hunter.com\/product\/lead-and-powder-remover-200-ml-lupus\/\" \/>\n<meta property=\"og:site_name\" content=\"Lucky-Hunter\" \/>\n<meta property=\"article:modified_time\" content=\"2025-10-02T00:26:42+00:00\" \/>\n<meta property=\"og:image\" content=\"https:\/\/staging.lucky-hunter.com\/wp-content\/uploads\/2018\/02\/520014-Bly-og-pulver-fjerner-fra-Lupus-200ml.png\" \/>\n\t<meta property=\"og:image:width\" content=\"1500\" \/>\n\t<meta property=\"og:image:height\" content=\"1500\" \/>\n\t<meta property=\"og:image:type\" content=\"image\/png\" \/>\n<meta name=\"twitter:card\" content=\"summary_large_image\" \/>\n<meta name=\"twitter:label1\" content=\"Becs\u00fclt olvas\u00e1si id\u0151\" \/>\n\t<meta name=\"twitter:data1\" content=\"1 perc\" \/>\n<script type=\"application\/ld+json\" class=\"yoast-schema-graph\">{\"@context\":\"https:\/\/schema.org\",\"@graph\":[{\"@type\":\"WebPage\",\"@id\":\"https:\/\/staging.lucky-hunter.com\/product\/lead-and-powder-remover-200-ml-lupus\/\",\"url\":\"https:\/\/staging.lucky-hunter.com\/product\/lead-and-powder-remover-200-ml-lupus\/\",\"name\":\"Lead and Powder remover 200 ml. - Lupus\",\"isPartOf\":{\"@id\":\"https:\/\/staging.lucky-hunter.com\/#website\"},\"primaryImageOfPage\":{\"@id\":\"https:\/\/staging.lucky-hunter.com\/product\/lead-and-powder-remover-200-ml-lupus\/#primaryimage\"},\"image\":{\"@id\":\"https:\/\/staging.lucky-hunter.com\/product\/lead-and-powder-remover-200-ml-lupus\/#primaryimage\"},\"thumbnailUrl\":\"https:\/\/staging.lucky-hunter.com\/wp-content\/uploads\/2018\/02\/520014-Bly-og-pulver-fjerner-fra-Lupus-200ml.png\",\"datePublished\":\"2016-11-04T13:19:32+00:00\",\"dateModified\":\"2025-10-02T00:26:42+00:00\",\"description\":\"This excellent product from Lupus removes all residues, such as lead, zinc, copper, powder and oil without affecting rubber, varnish, plastics or wood.\",\"breadcrumb\":{\"@id\":\"https:\/\/staging.lucky-hunter.com\/product\/lead-and-powder-remover-200-ml-lupus\/#breadcrumb\"},\"inLanguage\":\"hu\",\"potentialAction\":[{\"@type\":\"ReadAction\",\"target\":[\"https:\/\/staging.lucky-hunter.com\/product\/lead-and-powder-remover-200-ml-lupus\/\"]}]},{\"@type\":\"ImageObject\",\"inLanguage\":\"hu\",\"@id\":\"https:\/\/staging.lucky-hunter.com\/product\/lead-and-powder-remover-200-ml-lupus\/#primaryimage\",\"url\":\"https:\/\/staging.lucky-hunter.com\/wp-content\/uploads\/2018\/02\/520014-Bly-og-pulver-fjerner-fra-Lupus-200ml.png\",\"contentUrl\":\"https:\/\/staging.lucky-hunter.com\/wp-content\/uploads\/2018\/02\/520014-Bly-og-pulver-fjerner-fra-Lupus-200ml.png\",\"width\":1500,\"height\":1500},{\"@type\":\"BreadcrumbList\",\"@id\":\"https:\/\/staging.lucky-hunter.com\/product\/lead-and-powder-remover-200-ml-lupus\/#breadcrumb\",\"itemListElement\":[{\"@type\":\"ListItem\",\"position\":1,\"name\":\"Home\",\"item\":\"https:\/\/staging.lucky-hunter.com\/hu\/\"},{\"@type\":\"ListItem\",\"position\":2,\"name\":\"Shop\",\"item\":\"https:\/\/staging.lucky-hunter.com\/hu\/shop\/\"},{\"@type\":\"ListItem\",\"position\":3,\"name\":\"Lead and Powder remover 200 ml. &#8211; Lupus\"}]},{\"@type\":\"WebSite\",\"@id\":\"https:\/\/staging.lucky-hunter.com\/#website\",\"url\":\"https:\/\/staging.lucky-hunter.com\/\",\"name\":\"Lucky-Hunter\",\"description\":\"Gear Up or Give Up\",\"potentialAction\":[{\"@type\":\"SearchAction\",\"target\":{\"@type\":\"EntryPoint\",\"urlTemplate\":\"https:\/\/staging.lucky-hunter.com\/?s={search_term_string}\"},\"query-input\":{\"@type\":\"PropertyValueSpecification\",\"valueRequired\":true,\"valueName\":\"search_term_string\"}}],\"inLanguage\":\"hu\"}]}<\/script>\n<!-- \/ Yoast SEO plugin. -->","yoast_head_json":{"title":"Lead and Powder remover 200 ml. - Lupus","description":"This excellent product from Lupus removes all residues, such as lead, zinc, copper, powder and oil without affecting rubber, varnish, plastics or wood.","robots":{"index":"noindex","follow":"follow","max-snippet":"max-snippet:-1","max-image-preview":"max-image-preview:large","max-video-preview":"max-video-preview:-1"},"og_locale":"hu_HU","og_type":"article","og_title":"Lead and Powder remover 200 ml. - Lupus","og_description":"This excellent product from Lupus removes all residues, such as lead, zinc, copper, powder and oil without affecting rubber, varnish, plastics or wood.","og_url":"https:\/\/staging.lucky-hunter.com\/product\/lead-and-powder-remover-200-ml-lupus\/","og_site_name":"Lucky-Hunter","article_modified_time":"2025-10-02T00:26:42+00:00","og_image":[{"width":1500,"height":1500,"url":"https:\/\/staging.lucky-hunter.com\/wp-content\/uploads\/2018\/02\/520014-Bly-og-pulver-fjerner-fra-Lupus-200ml.png","type":"image\/png"}],"twitter_card":"summary_large_image","twitter_misc":{"Becs\u00fclt olvas\u00e1si id\u0151":"1 perc"},"schema":{"@context":"https:\/\/schema.org","@graph":[{"@type":"WebPage","@id":"https:\/\/staging.lucky-hunter.com\/product\/lead-and-powder-remover-200-ml-lupus\/","url":"https:\/\/staging.lucky-hunter.com\/product\/lead-and-powder-remover-200-ml-lupus\/","name":"Lead and Powder remover 200 ml. - Lupus","isPartOf":{"@id":"https:\/\/staging.lucky-hunter.com\/#website"},"primaryImageOfPage":{"@id":"https:\/\/staging.lucky-hunter.com\/product\/lead-and-powder-remover-200-ml-lupus\/#primaryimage"},"image":{"@id":"https:\/\/staging.lucky-hunter.com\/product\/lead-and-powder-remover-200-ml-lupus\/#primaryimage"},"thumbnailUrl":"https:\/\/staging.lucky-hunter.com\/wp-content\/uploads\/2018\/02\/520014-Bly-og-pulver-fjerner-fra-Lupus-200ml.png","datePublished":"2016-11-04T13:19:32+00:00","dateModified":"2025-10-02T00:26:42+00:00","description":"This excellent product from Lupus removes all residues, such as lead, zinc, copper, powder and oil without affecting rubber, varnish, plastics or wood.","breadcrumb":{"@id":"https:\/\/staging.lucky-hunter.com\/product\/lead-and-powder-remover-200-ml-lupus\/#breadcrumb"},"inLanguage":"hu","potentialAction":[{"@type":"ReadAction","target":["https:\/\/staging.lucky-hunter.com\/product\/lead-and-powder-remover-200-ml-lupus\/"]}]},{"@type":"ImageObject","inLanguage":"hu","@id":"https:\/\/staging.lucky-hunter.com\/product\/lead-and-powder-remover-200-ml-lupus\/#primaryimage","url":"https:\/\/staging.lucky-hunter.com\/wp-content\/uploads\/2018\/02\/520014-Bly-og-pulver-fjerner-fra-Lupus-200ml.png","contentUrl":"https:\/\/staging.lucky-hunter.com\/wp-content\/uploads\/2018\/02\/520014-Bly-og-pulver-fjerner-fra-Lupus-200ml.png","width":1500,"height":1500},{"@type":"BreadcrumbList","@id":"https:\/\/staging.lucky-hunter.com\/product\/lead-and-powder-remover-200-ml-lupus\/#breadcrumb","itemListElement":[{"@type":"ListItem","position":1,"name":"Home","item":"https:\/\/staging.lucky-hunter.com\/hu\/"},{"@type":"ListItem","position":2,"name":"Shop","item":"https:\/\/staging.lucky-hunter.com\/hu\/shop\/"},{"@type":"ListItem","position":3,"name":"Lead and Powder remover 200 ml. &#8211; Lupus"}]},{"@type":"WebSite","@id":"https:\/\/staging.lucky-hunter.com\/#website","url":"https:\/\/staging.lucky-hunter.com\/","name":"Lucky-Hunter","description":"Gear Up or Give Up","potentialAction":[{"@type":"SearchAction","target":{"@type":"EntryPoint","urlTemplate":"https:\/\/staging.lucky-hunter.com\/?s={search_term_string}"},"query-input":{"@type":"PropertyValueSpecification","valueRequired":true,"valueName":"search_term_string"}}],"inLanguage":"hu"}]}},"_links":{"self":[{"href":"https:\/\/staging.lucky-hunter.com\/hu\/wp-json\/wp\/v2\/product\/20660"}],"collection":[{"href":"https:\/\/staging.lucky-hunter.com\/hu\/wp-json\/wp\/v2\/product"}],"about":[{"href":"https:\/\/staging.lucky-hunter.com\/hu\/wp-json\/wp\/v2\/types\/product"}],"wp:featuredmedia":[{"embeddable":true,"href":"https:\/\/staging.lucky-hunter.com\/hu\/wp-json\/wp\/v2\/media\/20661"}],"wp:attachment":[{"href":"https:\/\/staging.lucky-hunter.com\/hu\/wp-json\/wp\/v2\/media?parent=20660"}],"wp:term":[{"taxonomy":"product_brand","embeddable":true,"href":"https:\/\/staging.lucky-hunter.com\/hu\/wp-json\/wp\/v2\/product_brand?post=20660"},{"taxonomy":"product_cat","embeddable":true,"href":"https:\/\/staging.lucky-hunter.com\/hu\/wp-json\/wp\/v2\/product_cat?post=20660"},{"taxonomy":"product_tag","embeddable":true,"href":"https:\/\/staging.lucky-hunter.com\/hu\/wp-json\/wp\/v2\/product_tag?post=20660"}],"curies":[{"name":"wp","href":"https:\/\/api.w.org\/{rel}","templated":true}]}}