{"id":20643,"date":"2016-11-04T14:28:13","date_gmt":"2016-11-04T13:28:13","guid":{"rendered":"https:\/\/dangate.dk.prolinux4.curanetserver.dk\/altijagt\/product\/hundeflojte\/"},"modified":"2025-10-02T02:25:44","modified_gmt":"2025-10-02T00:25:44","slug":"dog-whistle-85-cm-quality-dog-whistle-for-your-dog-training","status":"publish","type":"product","link":"https:\/\/staging.lucky-hunter.com\/hu\/product\/dog-whistle-85-cm-quality-dog-whistle-for-your-dog-training\/","title":{"rendered":"Dog whistle &#8211; Buffalo 8,5 cm"},"content":{"rendered":"<h2><strong>Dog whistle for your dog training<\/strong><\/h2>\n<p>Exclusive 2-sided dog whistle made from indestructible buffalo horn.<\/p>\n<p>One side emits a trill, the other a sharp whistle.<\/p>\n<p>Delivered with eyelet and cotton cord.<\/p>\n<p>Colour: Black.<\/p>\n<p>Weight:\u00a00,034 kilo.<\/p>\n","protected":false},"excerpt":{"rendered":"<p>Exclusive 2-sided dog whistle made from indestructible buffalo horn. One side emits a trill, the other a sharp whistle.<\/p>\n","protected":false},"featured_media":21030,"template":"","meta":[],"product_brand":[50],"product_cat":[8082],"product_tag":[],"yoast_head":"<!-- This site is optimized with the Yoast SEO plugin v24.3 - https:\/\/yoast.com\/wordpress\/plugins\/seo\/ -->\n<title>Dog whistle 8,5 cm - Quality Dog whistle for your dog training<\/title>\n<meta name=\"description\" content=\"Exclusive 2-sided dog whistle made from indestructible buffalo horn. One side emits a trill, the other a sharp whistle.\" \/>\n<meta name=\"robots\" content=\"noindex, follow, max-snippet:-1, max-image-preview:large, max-video-preview:-1\" \/>\n<meta property=\"og:locale\" content=\"hu_HU\" \/>\n<meta property=\"og:type\" content=\"article\" \/>\n<meta property=\"og:title\" content=\"Dog whistle 8,5 cm - Quality Dog whistle for your dog training\" \/>\n<meta property=\"og:description\" content=\"Exclusive 2-sided dog whistle made from indestructible buffalo horn. One side emits a trill, the other a sharp whistle.\" \/>\n<meta property=\"og:url\" content=\"https:\/\/staging.lucky-hunter.com\/product\/dog-whistle-85-cm-quality-dog-whistle-for-your-dog-training\/\" \/>\n<meta property=\"og:site_name\" content=\"Lucky-Hunter\" \/>\n<meta property=\"article:modified_time\" content=\"2025-10-02T00:25:44+00:00\" \/>\n<meta property=\"og:image\" content=\"https:\/\/staging.lucky-hunter.com\/wp-content\/uploads\/2016\/11\/510802.png\" \/>\n\t<meta property=\"og:image:width\" content=\"1000\" \/>\n\t<meta property=\"og:image:height\" content=\"1000\" \/>\n\t<meta property=\"og:image:type\" content=\"image\/png\" \/>\n<meta name=\"twitter:card\" content=\"summary_large_image\" \/>\n<meta name=\"twitter:label1\" content=\"Becs\u00fclt olvas\u00e1si id\u0151\" \/>\n\t<meta name=\"twitter:data1\" content=\"1 perc\" \/>\n<script type=\"application\/ld+json\" class=\"yoast-schema-graph\">{\"@context\":\"https:\/\/schema.org\",\"@graph\":[{\"@type\":\"WebPage\",\"@id\":\"https:\/\/staging.lucky-hunter.com\/product\/dog-whistle-85-cm-quality-dog-whistle-for-your-dog-training\/\",\"url\":\"https:\/\/staging.lucky-hunter.com\/product\/dog-whistle-85-cm-quality-dog-whistle-for-your-dog-training\/\",\"name\":\"Dog whistle 8,5 cm - Quality Dog whistle for your dog training\",\"isPartOf\":{\"@id\":\"https:\/\/staging.lucky-hunter.com\/#website\"},\"primaryImageOfPage\":{\"@id\":\"https:\/\/staging.lucky-hunter.com\/product\/dog-whistle-85-cm-quality-dog-whistle-for-your-dog-training\/#primaryimage\"},\"image\":{\"@id\":\"https:\/\/staging.lucky-hunter.com\/product\/dog-whistle-85-cm-quality-dog-whistle-for-your-dog-training\/#primaryimage\"},\"thumbnailUrl\":\"https:\/\/staging.lucky-hunter.com\/wp-content\/uploads\/2016\/11\/510802.png\",\"datePublished\":\"2016-11-04T13:28:13+00:00\",\"dateModified\":\"2025-10-02T00:25:44+00:00\",\"description\":\"Exclusive 2-sided dog whistle made from indestructible buffalo horn. One side emits a trill, the other a sharp whistle.\",\"breadcrumb\":{\"@id\":\"https:\/\/staging.lucky-hunter.com\/product\/dog-whistle-85-cm-quality-dog-whistle-for-your-dog-training\/#breadcrumb\"},\"inLanguage\":\"hu\",\"potentialAction\":[{\"@type\":\"ReadAction\",\"target\":[\"https:\/\/staging.lucky-hunter.com\/product\/dog-whistle-85-cm-quality-dog-whistle-for-your-dog-training\/\"]}]},{\"@type\":\"ImageObject\",\"inLanguage\":\"hu\",\"@id\":\"https:\/\/staging.lucky-hunter.com\/product\/dog-whistle-85-cm-quality-dog-whistle-for-your-dog-training\/#primaryimage\",\"url\":\"https:\/\/staging.lucky-hunter.com\/wp-content\/uploads\/2016\/11\/510802.png\",\"contentUrl\":\"https:\/\/staging.lucky-hunter.com\/wp-content\/uploads\/2016\/11\/510802.png\",\"width\":1000,\"height\":1000},{\"@type\":\"BreadcrumbList\",\"@id\":\"https:\/\/staging.lucky-hunter.com\/product\/dog-whistle-85-cm-quality-dog-whistle-for-your-dog-training\/#breadcrumb\",\"itemListElement\":[{\"@type\":\"ListItem\",\"position\":1,\"name\":\"Home\",\"item\":\"https:\/\/staging.lucky-hunter.com\/hu\/\"},{\"@type\":\"ListItem\",\"position\":2,\"name\":\"Shop\",\"item\":\"https:\/\/staging.lucky-hunter.com\/hu\/shop\/\"},{\"@type\":\"ListItem\",\"position\":3,\"name\":\"Dog whistle &#8211; Buffalo 8,5 cm\"}]},{\"@type\":\"WebSite\",\"@id\":\"https:\/\/staging.lucky-hunter.com\/#website\",\"url\":\"https:\/\/staging.lucky-hunter.com\/\",\"name\":\"Lucky-Hunter\",\"description\":\"Gear Up or Give Up\",\"potentialAction\":[{\"@type\":\"SearchAction\",\"target\":{\"@type\":\"EntryPoint\",\"urlTemplate\":\"https:\/\/staging.lucky-hunter.com\/?s={search_term_string}\"},\"query-input\":{\"@type\":\"PropertyValueSpecification\",\"valueRequired\":true,\"valueName\":\"search_term_string\"}}],\"inLanguage\":\"hu\"}]}<\/script>\n<!-- \/ Yoast SEO plugin. -->","yoast_head_json":{"title":"Dog whistle 8,5 cm - Quality Dog whistle for your dog training","description":"Exclusive 2-sided dog whistle made from indestructible buffalo horn. One side emits a trill, the other a sharp whistle.","robots":{"index":"noindex","follow":"follow","max-snippet":"max-snippet:-1","max-image-preview":"max-image-preview:large","max-video-preview":"max-video-preview:-1"},"og_locale":"hu_HU","og_type":"article","og_title":"Dog whistle 8,5 cm - Quality Dog whistle for your dog training","og_description":"Exclusive 2-sided dog whistle made from indestructible buffalo horn. One side emits a trill, the other a sharp whistle.","og_url":"https:\/\/staging.lucky-hunter.com\/product\/dog-whistle-85-cm-quality-dog-whistle-for-your-dog-training\/","og_site_name":"Lucky-Hunter","article_modified_time":"2025-10-02T00:25:44+00:00","og_image":[{"width":1000,"height":1000,"url":"https:\/\/staging.lucky-hunter.com\/wp-content\/uploads\/2016\/11\/510802.png","type":"image\/png"}],"twitter_card":"summary_large_image","twitter_misc":{"Becs\u00fclt olvas\u00e1si id\u0151":"1 perc"},"schema":{"@context":"https:\/\/schema.org","@graph":[{"@type":"WebPage","@id":"https:\/\/staging.lucky-hunter.com\/product\/dog-whistle-85-cm-quality-dog-whistle-for-your-dog-training\/","url":"https:\/\/staging.lucky-hunter.com\/product\/dog-whistle-85-cm-quality-dog-whistle-for-your-dog-training\/","name":"Dog whistle 8,5 cm - Quality Dog whistle for your dog training","isPartOf":{"@id":"https:\/\/staging.lucky-hunter.com\/#website"},"primaryImageOfPage":{"@id":"https:\/\/staging.lucky-hunter.com\/product\/dog-whistle-85-cm-quality-dog-whistle-for-your-dog-training\/#primaryimage"},"image":{"@id":"https:\/\/staging.lucky-hunter.com\/product\/dog-whistle-85-cm-quality-dog-whistle-for-your-dog-training\/#primaryimage"},"thumbnailUrl":"https:\/\/staging.lucky-hunter.com\/wp-content\/uploads\/2016\/11\/510802.png","datePublished":"2016-11-04T13:28:13+00:00","dateModified":"2025-10-02T00:25:44+00:00","description":"Exclusive 2-sided dog whistle made from indestructible buffalo horn. One side emits a trill, the other a sharp whistle.","breadcrumb":{"@id":"https:\/\/staging.lucky-hunter.com\/product\/dog-whistle-85-cm-quality-dog-whistle-for-your-dog-training\/#breadcrumb"},"inLanguage":"hu","potentialAction":[{"@type":"ReadAction","target":["https:\/\/staging.lucky-hunter.com\/product\/dog-whistle-85-cm-quality-dog-whistle-for-your-dog-training\/"]}]},{"@type":"ImageObject","inLanguage":"hu","@id":"https:\/\/staging.lucky-hunter.com\/product\/dog-whistle-85-cm-quality-dog-whistle-for-your-dog-training\/#primaryimage","url":"https:\/\/staging.lucky-hunter.com\/wp-content\/uploads\/2016\/11\/510802.png","contentUrl":"https:\/\/staging.lucky-hunter.com\/wp-content\/uploads\/2016\/11\/510802.png","width":1000,"height":1000},{"@type":"BreadcrumbList","@id":"https:\/\/staging.lucky-hunter.com\/product\/dog-whistle-85-cm-quality-dog-whistle-for-your-dog-training\/#breadcrumb","itemListElement":[{"@type":"ListItem","position":1,"name":"Home","item":"https:\/\/staging.lucky-hunter.com\/hu\/"},{"@type":"ListItem","position":2,"name":"Shop","item":"https:\/\/staging.lucky-hunter.com\/hu\/shop\/"},{"@type":"ListItem","position":3,"name":"Dog whistle &#8211; Buffalo 8,5 cm"}]},{"@type":"WebSite","@id":"https:\/\/staging.lucky-hunter.com\/#website","url":"https:\/\/staging.lucky-hunter.com\/","name":"Lucky-Hunter","description":"Gear Up or Give Up","potentialAction":[{"@type":"SearchAction","target":{"@type":"EntryPoint","urlTemplate":"https:\/\/staging.lucky-hunter.com\/?s={search_term_string}"},"query-input":{"@type":"PropertyValueSpecification","valueRequired":true,"valueName":"search_term_string"}}],"inLanguage":"hu"}]}},"_links":{"self":[{"href":"https:\/\/staging.lucky-hunter.com\/hu\/wp-json\/wp\/v2\/product\/20643"}],"collection":[{"href":"https:\/\/staging.lucky-hunter.com\/hu\/wp-json\/wp\/v2\/product"}],"about":[{"href":"https:\/\/staging.lucky-hunter.com\/hu\/wp-json\/wp\/v2\/types\/product"}],"wp:featuredmedia":[{"embeddable":true,"href":"https:\/\/staging.lucky-hunter.com\/hu\/wp-json\/wp\/v2\/media\/21030"}],"wp:attachment":[{"href":"https:\/\/staging.lucky-hunter.com\/hu\/wp-json\/wp\/v2\/media?parent=20643"}],"wp:term":[{"taxonomy":"product_brand","embeddable":true,"href":"https:\/\/staging.lucky-hunter.com\/hu\/wp-json\/wp\/v2\/product_brand?post=20643"},{"taxonomy":"product_cat","embeddable":true,"href":"https:\/\/staging.lucky-hunter.com\/hu\/wp-json\/wp\/v2\/product_cat?post=20643"},{"taxonomy":"product_tag","embeddable":true,"href":"https:\/\/staging.lucky-hunter.com\/hu\/wp-json\/wp\/v2\/product_tag?post=20643"}],"curies":[{"name":"wp","href":"https:\/\/api.w.org\/{rel}","templated":true}]}}