{"id":20253,"date":"2018-01-04T08:15:21","date_gmt":"2018-01-04T07:15:21","guid":{"rendered":"https:\/\/dangate.dk\/?post_type=product&#038;p=20441"},"modified":"2025-10-02T04:06:31","modified_gmt":"2025-10-02T02:06:31","slug":"dan-thompson-pc1-call","status":"publish","type":"product","link":"https:\/\/staging.lucky-hunter.com\/hu\/product\/dan-thompson-pc1-call\/","title":{"rendered":"Dan Thompson PC1 Long Range Jackrabbit Call"},"content":{"rendered":"<h2><strong>Dan Thompson PC1 Long Range\u00a0call\u00a0&#8211; Perfect for hunting Golden Jackal<\/strong><\/h2>\n<p>A\u00a0predator call\u00a0from American manufacturer Dan Thompson with extra long range, where you can produce a rough and powerful sound of anxiety from hares and rabbits.<\/p>\n<p>This call has a range of up to 1.5 km and especially suitable for hunting\u00a0golden jackals.<\/p>\n<p>PC1 is a closed whistle and therefore extra easy to use. The call\u00a0is handmade and individually tuned by John Haslem, who currently heads the Dan Thompson Calls.<\/p>\n<p>The game call\u00a0is hand made from exquisite walnut wood, which ensures a clear and natural tone.<\/p>\n<p>Dan Thomson\u00a0game\u00a0calls are\u00a0recommended by several lure hunting\u00a0specialists including the Swedish film producer and hunter Ulf Lindroth.<\/p>\n<p>Perfect also for foxes and other predators who are lured by the sound of an anxious prey animal!<\/p>\n<p>But you do not have to be an experienced user of game\u00a0calls to use a Dan Thompson call. With\u00a0a little practice you can quickly generate a fine\u00a0harrow, and from here there is not a long way to the first fox responding to your call.<\/p>\n","protected":false},"excerpt":{"rendered":"<p>Predator Call from American Dan Thompson with extra long-range, where you can produce a rough and powerful sound of anxiety from hare and rabbit. Range of up to 1.5 km and especially suitable for hunting Golden Jackals.<\/p>\n","protected":false},"featured_media":20256,"template":"","meta":[],"product_brand":[84],"product_cat":[48],"product_tag":[9149],"yoast_head":"<!-- This site is optimized with the Yoast SEO plugin v24.3 - https:\/\/yoast.com\/wordpress\/plugins\/seo\/ -->\n<title>Dan Thompson PC1 Long Range call - Perfect for hunting Golden Jackal | Lucky Hunter<\/title>\n<meta name=\"description\" content=\"Recreate the sound of a rabbit or hare in distress. The Dan Thompson PC1 Long Range call is perfect for hunting Golden Jackals.\" \/>\n<meta name=\"robots\" content=\"noindex, follow, max-snippet:-1, max-image-preview:large, max-video-preview:-1\" \/>\n<meta property=\"og:locale\" content=\"hu_HU\" \/>\n<meta property=\"og:type\" content=\"article\" \/>\n<meta property=\"og:title\" content=\"Dan Thompson PC1 Fox Call: Game Calls | Lucky Hunter\" \/>\n<meta property=\"og:description\" content=\"Recreate the sound of a rabbit or hare in distress. The Dan Thompson PC1 fox call is perfect for fox hunting, especially in the winter.\" \/>\n<meta property=\"og:url\" content=\"https:\/\/staging.lucky-hunter.com\/product\/dan-thompson-pc1-call\/\" \/>\n<meta property=\"og:site_name\" content=\"Lucky-Hunter\" \/>\n<meta property=\"article:modified_time\" content=\"2025-10-02T02:06:31+00:00\" \/>\n<meta property=\"og:image\" content=\"https:\/\/staging.lucky-hunter.com\/wp-content\/uploads\/2018\/01\/LK-151.png\" \/>\n\t<meta property=\"og:image:width\" content=\"1000\" \/>\n\t<meta property=\"og:image:height\" content=\"1000\" \/>\n\t<meta property=\"og:image:type\" content=\"image\/png\" \/>\n<meta name=\"twitter:card\" content=\"summary_large_image\" \/>\n<meta name=\"twitter:title\" content=\"Dan Thompson PC1 Fox Call: Game Calls | Lucky Hunter\" \/>\n<meta name=\"twitter:description\" content=\"Recreate the sound of a rabbit or hare in distress. The Dan Thompson PC1 fox call is perfect for fox hunting, especially in the winter.\" \/>\n<meta name=\"twitter:label1\" content=\"Becs\u00fclt olvas\u00e1si id\u0151\" \/>\n\t<meta name=\"twitter:data1\" content=\"1 perc\" \/>\n<script type=\"application\/ld+json\" class=\"yoast-schema-graph\">{\"@context\":\"https:\/\/schema.org\",\"@graph\":[{\"@type\":\"WebPage\",\"@id\":\"https:\/\/staging.lucky-hunter.com\/product\/dan-thompson-pc1-call\/\",\"url\":\"https:\/\/staging.lucky-hunter.com\/product\/dan-thompson-pc1-call\/\",\"name\":\"Dan Thompson PC1 Long Range call - Perfect for hunting Golden Jackal | Lucky Hunter\",\"isPartOf\":{\"@id\":\"https:\/\/staging.lucky-hunter.com\/#website\"},\"primaryImageOfPage\":{\"@id\":\"https:\/\/staging.lucky-hunter.com\/product\/dan-thompson-pc1-call\/#primaryimage\"},\"image\":{\"@id\":\"https:\/\/staging.lucky-hunter.com\/product\/dan-thompson-pc1-call\/#primaryimage\"},\"thumbnailUrl\":\"https:\/\/staging.lucky-hunter.com\/wp-content\/uploads\/2018\/01\/LK-151.png\",\"datePublished\":\"2018-01-04T07:15:21+00:00\",\"dateModified\":\"2025-10-02T02:06:31+00:00\",\"description\":\"Recreate the sound of a rabbit or hare in distress. The Dan Thompson PC1 Long Range call is perfect for hunting Golden Jackals.\",\"breadcrumb\":{\"@id\":\"https:\/\/staging.lucky-hunter.com\/product\/dan-thompson-pc1-call\/#breadcrumb\"},\"inLanguage\":\"hu\",\"potentialAction\":[{\"@type\":\"ReadAction\",\"target\":[\"https:\/\/staging.lucky-hunter.com\/product\/dan-thompson-pc1-call\/\"]}]},{\"@type\":\"ImageObject\",\"inLanguage\":\"hu\",\"@id\":\"https:\/\/staging.lucky-hunter.com\/product\/dan-thompson-pc1-call\/#primaryimage\",\"url\":\"https:\/\/staging.lucky-hunter.com\/wp-content\/uploads\/2018\/01\/LK-151.png\",\"contentUrl\":\"https:\/\/staging.lucky-hunter.com\/wp-content\/uploads\/2018\/01\/LK-151.png\",\"width\":1000,\"height\":1000,\"caption\":\"Dan Thompson PC1 Long Range Jackrabbit Call\"},{\"@type\":\"BreadcrumbList\",\"@id\":\"https:\/\/staging.lucky-hunter.com\/product\/dan-thompson-pc1-call\/#breadcrumb\",\"itemListElement\":[{\"@type\":\"ListItem\",\"position\":1,\"name\":\"Home\",\"item\":\"https:\/\/staging.lucky-hunter.com\/hu\/\"},{\"@type\":\"ListItem\",\"position\":2,\"name\":\"Shop\",\"item\":\"https:\/\/staging.lucky-hunter.com\/hu\/shop\/\"},{\"@type\":\"ListItem\",\"position\":3,\"name\":\"Dan Thompson PC1 Long Range Jackrabbit Call\"}]},{\"@type\":\"WebSite\",\"@id\":\"https:\/\/staging.lucky-hunter.com\/#website\",\"url\":\"https:\/\/staging.lucky-hunter.com\/\",\"name\":\"Lucky-Hunter\",\"description\":\"Gear Up or Give Up\",\"potentialAction\":[{\"@type\":\"SearchAction\",\"target\":{\"@type\":\"EntryPoint\",\"urlTemplate\":\"https:\/\/staging.lucky-hunter.com\/?s={search_term_string}\"},\"query-input\":{\"@type\":\"PropertyValueSpecification\",\"valueRequired\":true,\"valueName\":\"search_term_string\"}}],\"inLanguage\":\"hu\"}]}<\/script>\n<!-- \/ Yoast SEO plugin. -->","yoast_head_json":{"title":"Dan Thompson PC1 Long Range call - Perfect for hunting Golden Jackal | Lucky Hunter","description":"Recreate the sound of a rabbit or hare in distress. The Dan Thompson PC1 Long Range call is perfect for hunting Golden Jackals.","robots":{"index":"noindex","follow":"follow","max-snippet":"max-snippet:-1","max-image-preview":"max-image-preview:large","max-video-preview":"max-video-preview:-1"},"og_locale":"hu_HU","og_type":"article","og_title":"Dan Thompson PC1 Fox Call: Game Calls | Lucky Hunter","og_description":"Recreate the sound of a rabbit or hare in distress. The Dan Thompson PC1 fox call is perfect for fox hunting, especially in the winter.","og_url":"https:\/\/staging.lucky-hunter.com\/product\/dan-thompson-pc1-call\/","og_site_name":"Lucky-Hunter","article_modified_time":"2025-10-02T02:06:31+00:00","og_image":[{"width":1000,"height":1000,"url":"https:\/\/staging.lucky-hunter.com\/wp-content\/uploads\/2018\/01\/LK-151.png","type":"image\/png"}],"twitter_card":"summary_large_image","twitter_title":"Dan Thompson PC1 Fox Call: Game Calls | Lucky Hunter","twitter_description":"Recreate the sound of a rabbit or hare in distress. The Dan Thompson PC1 fox call is perfect for fox hunting, especially in the winter.","twitter_misc":{"Becs\u00fclt olvas\u00e1si id\u0151":"1 perc"},"schema":{"@context":"https:\/\/schema.org","@graph":[{"@type":"WebPage","@id":"https:\/\/staging.lucky-hunter.com\/product\/dan-thompson-pc1-call\/","url":"https:\/\/staging.lucky-hunter.com\/product\/dan-thompson-pc1-call\/","name":"Dan Thompson PC1 Long Range call - Perfect for hunting Golden Jackal | Lucky Hunter","isPartOf":{"@id":"https:\/\/staging.lucky-hunter.com\/#website"},"primaryImageOfPage":{"@id":"https:\/\/staging.lucky-hunter.com\/product\/dan-thompson-pc1-call\/#primaryimage"},"image":{"@id":"https:\/\/staging.lucky-hunter.com\/product\/dan-thompson-pc1-call\/#primaryimage"},"thumbnailUrl":"https:\/\/staging.lucky-hunter.com\/wp-content\/uploads\/2018\/01\/LK-151.png","datePublished":"2018-01-04T07:15:21+00:00","dateModified":"2025-10-02T02:06:31+00:00","description":"Recreate the sound of a rabbit or hare in distress. The Dan Thompson PC1 Long Range call is perfect for hunting Golden Jackals.","breadcrumb":{"@id":"https:\/\/staging.lucky-hunter.com\/product\/dan-thompson-pc1-call\/#breadcrumb"},"inLanguage":"hu","potentialAction":[{"@type":"ReadAction","target":["https:\/\/staging.lucky-hunter.com\/product\/dan-thompson-pc1-call\/"]}]},{"@type":"ImageObject","inLanguage":"hu","@id":"https:\/\/staging.lucky-hunter.com\/product\/dan-thompson-pc1-call\/#primaryimage","url":"https:\/\/staging.lucky-hunter.com\/wp-content\/uploads\/2018\/01\/LK-151.png","contentUrl":"https:\/\/staging.lucky-hunter.com\/wp-content\/uploads\/2018\/01\/LK-151.png","width":1000,"height":1000,"caption":"Dan Thompson PC1 Long Range Jackrabbit Call"},{"@type":"BreadcrumbList","@id":"https:\/\/staging.lucky-hunter.com\/product\/dan-thompson-pc1-call\/#breadcrumb","itemListElement":[{"@type":"ListItem","position":1,"name":"Home","item":"https:\/\/staging.lucky-hunter.com\/hu\/"},{"@type":"ListItem","position":2,"name":"Shop","item":"https:\/\/staging.lucky-hunter.com\/hu\/shop\/"},{"@type":"ListItem","position":3,"name":"Dan Thompson PC1 Long Range Jackrabbit Call"}]},{"@type":"WebSite","@id":"https:\/\/staging.lucky-hunter.com\/#website","url":"https:\/\/staging.lucky-hunter.com\/","name":"Lucky-Hunter","description":"Gear Up or Give Up","potentialAction":[{"@type":"SearchAction","target":{"@type":"EntryPoint","urlTemplate":"https:\/\/staging.lucky-hunter.com\/?s={search_term_string}"},"query-input":{"@type":"PropertyValueSpecification","valueRequired":true,"valueName":"search_term_string"}}],"inLanguage":"hu"}]}},"_links":{"self":[{"href":"https:\/\/staging.lucky-hunter.com\/hu\/wp-json\/wp\/v2\/product\/20253"}],"collection":[{"href":"https:\/\/staging.lucky-hunter.com\/hu\/wp-json\/wp\/v2\/product"}],"about":[{"href":"https:\/\/staging.lucky-hunter.com\/hu\/wp-json\/wp\/v2\/types\/product"}],"wp:featuredmedia":[{"embeddable":true,"href":"https:\/\/staging.lucky-hunter.com\/hu\/wp-json\/wp\/v2\/media\/20256"}],"wp:attachment":[{"href":"https:\/\/staging.lucky-hunter.com\/hu\/wp-json\/wp\/v2\/media?parent=20253"}],"wp:term":[{"taxonomy":"product_brand","embeddable":true,"href":"https:\/\/staging.lucky-hunter.com\/hu\/wp-json\/wp\/v2\/product_brand?post=20253"},{"taxonomy":"product_cat","embeddable":true,"href":"https:\/\/staging.lucky-hunter.com\/hu\/wp-json\/wp\/v2\/product_cat?post=20253"},{"taxonomy":"product_tag","embeddable":true,"href":"https:\/\/staging.lucky-hunter.com\/hu\/wp-json\/wp\/v2\/product_tag?post=20253"}],"curies":[{"name":"wp","href":"https:\/\/api.w.org\/{rel}","templated":true}]}}