{"id":19627,"date":"2017-09-19T16:08:18","date_gmt":"2017-09-19T14:08:18","guid":{"rendered":"http:\/\/staging.lucky-hunter.com\/?post_type=product&#038;p=19627"},"modified":"2025-10-02T03:59:25","modified_gmt":"2025-10-02T01:59:25","slug":"14-universal-string-rigem-right","status":"publish","type":"product","link":"https:\/\/staging.lucky-hunter.com\/hu\/product\/14-universal-string-rigem-right\/","title":{"rendered":"Rig&#8217;Em Right 1\/4&#8243; String &#8211; Universal"},"content":{"rendered":"<h2><strong>Rig&#8217;Em Right 1\/4&#8243; String\u00a0&#8211; strong braided string that can handle most tasks<\/strong><\/h2>\n<p>This Rig&#8217;Em Right 1\/4&#8243; string is extremely suitable as a line for duck hunters. Especially if they choose to use string on their decoys.<\/p>\n<p>Superb high quality, and can also be used for camping, fishing, hiking, canoeing and other activities. It doesn&#8217;t rot, and stays strong for many years to come.<\/p>\n<p>Fantastic for many uses around the home as well as out and about. As it is so strong, you know it will not let you down, even after many uses.<\/p>\n<p>The cord does not float.<\/p>\n<p>Length approximately 45 meters.<\/p>\n","protected":false},"excerpt":{"rendered":"<p>This Rig&#8217;Em Right 1\/4 &#8220;string is extremely suitable as a line to the duck hunter who chooses to rig\u00a0the\u00a0decoys\u00a0on long lines.<\/p>\n","protected":false},"featured_media":19691,"template":"","meta":[],"product_brand":[95],"product_cat":[83],"product_tag":[9147],"yoast_head":"<!-- This site is optimized with the Yoast SEO plugin v24.3 - https:\/\/yoast.com\/wordpress\/plugins\/seo\/ -->\n<title>Rig&#039;Em Right 1\/4&quot; String - Universal | Lucky Hunter<\/title>\n<meta name=\"description\" content=\"High quality, strong string. The Rig&#039;Em Right 1\/4&quot; string is perfect for a number of applications including fishing, hunting, camping and more.\" \/>\n<meta name=\"robots\" content=\"noindex, follow, max-snippet:-1, max-image-preview:large, max-video-preview:-1\" \/>\n<meta property=\"og:locale\" content=\"hu_HU\" \/>\n<meta property=\"og:type\" content=\"article\" \/>\n<meta property=\"og:title\" content=\"Rig&#039;Em Right 1\/4&quot; String - Universal | Lucky Hunter\" \/>\n<meta property=\"og:description\" content=\"High quality, strong string. The Rig&#039;Em Right 1\/4&quot; string is perfect for a number of applications including fishing, hunting, camping and more.\" \/>\n<meta property=\"og:url\" content=\"https:\/\/staging.lucky-hunter.com\/product\/14-universal-string-rigem-right\/\" \/>\n<meta property=\"og:site_name\" content=\"Lucky-Hunter\" \/>\n<meta property=\"article:modified_time\" content=\"2025-10-02T01:59:25+00:00\" \/>\n<meta property=\"og:image\" content=\"https:\/\/staging.lucky-hunter.com\/wp-content\/uploads\/2017\/09\/LF-435.png\" \/>\n\t<meta property=\"og:image:width\" content=\"1000\" \/>\n\t<meta property=\"og:image:height\" content=\"1000\" \/>\n\t<meta property=\"og:image:type\" content=\"image\/png\" \/>\n<meta name=\"twitter:card\" content=\"summary_large_image\" \/>\n<meta name=\"twitter:title\" content=\"Rig&#039;Em Right 1\/4&quot; String - Universal | Lucky Hunter\" \/>\n<meta name=\"twitter:description\" content=\"High quality, strong string. The Rig&#039;Em Right 1\/4&quot; string is perfect for a number of applications including fishing, hunting, camping and more.\" \/>\n<meta name=\"twitter:label1\" content=\"Becs\u00fclt olvas\u00e1si id\u0151\" \/>\n\t<meta name=\"twitter:data1\" content=\"1 perc\" \/>\n<script type=\"application\/ld+json\" class=\"yoast-schema-graph\">{\"@context\":\"https:\/\/schema.org\",\"@graph\":[{\"@type\":\"WebPage\",\"@id\":\"https:\/\/staging.lucky-hunter.com\/product\/14-universal-string-rigem-right\/\",\"url\":\"https:\/\/staging.lucky-hunter.com\/product\/14-universal-string-rigem-right\/\",\"name\":\"Rig'Em Right 1\/4\\\" String - Universal | Lucky Hunter\",\"isPartOf\":{\"@id\":\"https:\/\/staging.lucky-hunter.com\/#website\"},\"primaryImageOfPage\":{\"@id\":\"https:\/\/staging.lucky-hunter.com\/product\/14-universal-string-rigem-right\/#primaryimage\"},\"image\":{\"@id\":\"https:\/\/staging.lucky-hunter.com\/product\/14-universal-string-rigem-right\/#primaryimage\"},\"thumbnailUrl\":\"https:\/\/staging.lucky-hunter.com\/wp-content\/uploads\/2017\/09\/LF-435.png\",\"datePublished\":\"2017-09-19T14:08:18+00:00\",\"dateModified\":\"2025-10-02T01:59:25+00:00\",\"description\":\"High quality, strong string. The Rig'Em Right 1\/4\\\" string is perfect for a number of applications including fishing, hunting, camping and more.\",\"breadcrumb\":{\"@id\":\"https:\/\/staging.lucky-hunter.com\/product\/14-universal-string-rigem-right\/#breadcrumb\"},\"inLanguage\":\"hu\",\"potentialAction\":[{\"@type\":\"ReadAction\",\"target\":[\"https:\/\/staging.lucky-hunter.com\/product\/14-universal-string-rigem-right\/\"]}]},{\"@type\":\"ImageObject\",\"inLanguage\":\"hu\",\"@id\":\"https:\/\/staging.lucky-hunter.com\/product\/14-universal-string-rigem-right\/#primaryimage\",\"url\":\"https:\/\/staging.lucky-hunter.com\/wp-content\/uploads\/2017\/09\/LF-435.png\",\"contentUrl\":\"https:\/\/staging.lucky-hunter.com\/wp-content\/uploads\/2017\/09\/LF-435.png\",\"width\":1000,\"height\":1000,\"caption\":\"Image of the Rig'Em Right 1\/4\\\" string\"},{\"@type\":\"BreadcrumbList\",\"@id\":\"https:\/\/staging.lucky-hunter.com\/product\/14-universal-string-rigem-right\/#breadcrumb\",\"itemListElement\":[{\"@type\":\"ListItem\",\"position\":1,\"name\":\"Home\",\"item\":\"https:\/\/staging.lucky-hunter.com\/hu\/\"},{\"@type\":\"ListItem\",\"position\":2,\"name\":\"Shop\",\"item\":\"https:\/\/staging.lucky-hunter.com\/hu\/shop\/\"},{\"@type\":\"ListItem\",\"position\":3,\"name\":\"Rig&#8217;Em Right 1\/4&#8243; String &#8211; Universal\"}]},{\"@type\":\"WebSite\",\"@id\":\"https:\/\/staging.lucky-hunter.com\/#website\",\"url\":\"https:\/\/staging.lucky-hunter.com\/\",\"name\":\"Lucky-Hunter\",\"description\":\"Gear Up or Give Up\",\"potentialAction\":[{\"@type\":\"SearchAction\",\"target\":{\"@type\":\"EntryPoint\",\"urlTemplate\":\"https:\/\/staging.lucky-hunter.com\/?s={search_term_string}\"},\"query-input\":{\"@type\":\"PropertyValueSpecification\",\"valueRequired\":true,\"valueName\":\"search_term_string\"}}],\"inLanguage\":\"hu\"}]}<\/script>\n<!-- \/ Yoast SEO plugin. -->","yoast_head_json":{"title":"Rig'Em Right 1\/4\" String - Universal | Lucky Hunter","description":"High quality, strong string. The Rig'Em Right 1\/4\" string is perfect for a number of applications including fishing, hunting, camping and more.","robots":{"index":"noindex","follow":"follow","max-snippet":"max-snippet:-1","max-image-preview":"max-image-preview:large","max-video-preview":"max-video-preview:-1"},"og_locale":"hu_HU","og_type":"article","og_title":"Rig'Em Right 1\/4\" String - Universal | Lucky Hunter","og_description":"High quality, strong string. The Rig'Em Right 1\/4\" string is perfect for a number of applications including fishing, hunting, camping and more.","og_url":"https:\/\/staging.lucky-hunter.com\/product\/14-universal-string-rigem-right\/","og_site_name":"Lucky-Hunter","article_modified_time":"2025-10-02T01:59:25+00:00","og_image":[{"width":1000,"height":1000,"url":"https:\/\/staging.lucky-hunter.com\/wp-content\/uploads\/2017\/09\/LF-435.png","type":"image\/png"}],"twitter_card":"summary_large_image","twitter_title":"Rig'Em Right 1\/4\" String - Universal | Lucky Hunter","twitter_description":"High quality, strong string. The Rig'Em Right 1\/4\" string is perfect for a number of applications including fishing, hunting, camping and more.","twitter_misc":{"Becs\u00fclt olvas\u00e1si id\u0151":"1 perc"},"schema":{"@context":"https:\/\/schema.org","@graph":[{"@type":"WebPage","@id":"https:\/\/staging.lucky-hunter.com\/product\/14-universal-string-rigem-right\/","url":"https:\/\/staging.lucky-hunter.com\/product\/14-universal-string-rigem-right\/","name":"Rig'Em Right 1\/4\" String - Universal | Lucky Hunter","isPartOf":{"@id":"https:\/\/staging.lucky-hunter.com\/#website"},"primaryImageOfPage":{"@id":"https:\/\/staging.lucky-hunter.com\/product\/14-universal-string-rigem-right\/#primaryimage"},"image":{"@id":"https:\/\/staging.lucky-hunter.com\/product\/14-universal-string-rigem-right\/#primaryimage"},"thumbnailUrl":"https:\/\/staging.lucky-hunter.com\/wp-content\/uploads\/2017\/09\/LF-435.png","datePublished":"2017-09-19T14:08:18+00:00","dateModified":"2025-10-02T01:59:25+00:00","description":"High quality, strong string. The Rig'Em Right 1\/4\" string is perfect for a number of applications including fishing, hunting, camping and more.","breadcrumb":{"@id":"https:\/\/staging.lucky-hunter.com\/product\/14-universal-string-rigem-right\/#breadcrumb"},"inLanguage":"hu","potentialAction":[{"@type":"ReadAction","target":["https:\/\/staging.lucky-hunter.com\/product\/14-universal-string-rigem-right\/"]}]},{"@type":"ImageObject","inLanguage":"hu","@id":"https:\/\/staging.lucky-hunter.com\/product\/14-universal-string-rigem-right\/#primaryimage","url":"https:\/\/staging.lucky-hunter.com\/wp-content\/uploads\/2017\/09\/LF-435.png","contentUrl":"https:\/\/staging.lucky-hunter.com\/wp-content\/uploads\/2017\/09\/LF-435.png","width":1000,"height":1000,"caption":"Image of the Rig'Em Right 1\/4\" string"},{"@type":"BreadcrumbList","@id":"https:\/\/staging.lucky-hunter.com\/product\/14-universal-string-rigem-right\/#breadcrumb","itemListElement":[{"@type":"ListItem","position":1,"name":"Home","item":"https:\/\/staging.lucky-hunter.com\/hu\/"},{"@type":"ListItem","position":2,"name":"Shop","item":"https:\/\/staging.lucky-hunter.com\/hu\/shop\/"},{"@type":"ListItem","position":3,"name":"Rig&#8217;Em Right 1\/4&#8243; String &#8211; Universal"}]},{"@type":"WebSite","@id":"https:\/\/staging.lucky-hunter.com\/#website","url":"https:\/\/staging.lucky-hunter.com\/","name":"Lucky-Hunter","description":"Gear Up or Give Up","potentialAction":[{"@type":"SearchAction","target":{"@type":"EntryPoint","urlTemplate":"https:\/\/staging.lucky-hunter.com\/?s={search_term_string}"},"query-input":{"@type":"PropertyValueSpecification","valueRequired":true,"valueName":"search_term_string"}}],"inLanguage":"hu"}]}},"_links":{"self":[{"href":"https:\/\/staging.lucky-hunter.com\/hu\/wp-json\/wp\/v2\/product\/19627"}],"collection":[{"href":"https:\/\/staging.lucky-hunter.com\/hu\/wp-json\/wp\/v2\/product"}],"about":[{"href":"https:\/\/staging.lucky-hunter.com\/hu\/wp-json\/wp\/v2\/types\/product"}],"wp:featuredmedia":[{"embeddable":true,"href":"https:\/\/staging.lucky-hunter.com\/hu\/wp-json\/wp\/v2\/media\/19691"}],"wp:attachment":[{"href":"https:\/\/staging.lucky-hunter.com\/hu\/wp-json\/wp\/v2\/media?parent=19627"}],"wp:term":[{"taxonomy":"product_brand","embeddable":true,"href":"https:\/\/staging.lucky-hunter.com\/hu\/wp-json\/wp\/v2\/product_brand?post=19627"},{"taxonomy":"product_cat","embeddable":true,"href":"https:\/\/staging.lucky-hunter.com\/hu\/wp-json\/wp\/v2\/product_cat?post=19627"},{"taxonomy":"product_tag","embeddable":true,"href":"https:\/\/staging.lucky-hunter.com\/hu\/wp-json\/wp\/v2\/product_tag?post=19627"}],"curies":[{"name":"wp","href":"https:\/\/api.w.org\/{rel}","templated":true}]}}