{"id":19485,"date":"2017-08-31T15:30:41","date_gmt":"2017-08-31T13:30:41","guid":{"rendered":"http:\/\/staging.lucky-hunter.com\/?post_type=product&#038;p=19485"},"modified":"2025-10-02T04:14:38","modified_gmt":"2025-10-02T02:14:38","slug":"zink-drake-whistle","status":"publish","type":"product","link":"https:\/\/staging.lucky-hunter.com\/hu\/product\/zink-drake-whistle\/","title":{"rendered":"Zink Drake Whistle"},"content":{"rendered":"<h2><strong><span style=\"vertical-align: inherit;\"><span style=\"vertical-align: inherit;\">Zink Drake Whistle &#8211; recreate the sound of whistling ducks<\/span><\/span><\/strong><\/h2>\n<p>This stylish whistle sounds just as good as it looks, and is capable of recreating all sounds needed to lure in &#8220;whistlers&#8221;. This includes teals, pintails and widgeons. By applying vibrations in your larynx\u00a0<span style=\"vertical-align: inherit;\"><span style=\"vertical-align: inherit;\">whilst blowing, you&#8217;ll also be able to recreate the soft\u00a0&#8220;<\/span><\/span><span style=\"vertical-align: inherit;\"><span style=\"vertical-align: inherit;\">dweeb&#8221; created by a mallard drake.<\/span><\/span><\/p>\n<p>This call is perfect for the late season, when the standard calls may be a tad too loud for constant use. Designed by Zink Calls, these drake-whistles are designed for easy use, making them ideal even for beginners. The design includes an &#8216;easy-blow-system&#8217; that&#8217;s been built into the design, making it easy to use with little effort.<\/p>\n<p><span style=\"vertical-align: inherit;\"><span style=\"vertical-align: inherit;\">The call is also designed to be extra sturdy, so it&#8217;ll survive hunting season after hunting season.<\/span><\/span><\/p>\n","protected":false},"excerpt":{"rendered":"<p><span style=\"vertical-align: inherit;\"><span style=\"vertical-align: inherit;\">A stylish drake whistle that sounds just as good as it looks.\u00a0Designed to\u00a0lure in several &#8220;whistlers&#8221; including\u00a0teals, pintails and widgeons, and also perfect for recreating the\u00a0soft\u00a0&#8220;dweeb&#8221; made by the mallard drake.<\/span><\/span><\/p>\n","protected":false},"featured_media":19534,"template":"","meta":[],"product_brand":[98],"product_cat":[88],"product_tag":[9147],"yoast_head":"<!-- This site is optimized with the Yoast SEO plugin v24.3 - https:\/\/yoast.com\/wordpress\/plugins\/seo\/ -->\n<title>Zink Drake Whistle Duck and Game Calls | Lucky Hunter<\/title>\n<meta name=\"description\" content=\"Recreate the calls you need. The Zink Drake Whistle sounds as good as it looks. You can recreate all whistling duck sounds confidently.\" \/>\n<meta name=\"robots\" content=\"noindex, follow, max-snippet:-1, max-image-preview:large, max-video-preview:-1\" \/>\n<meta property=\"og:locale\" content=\"hu_HU\" \/>\n<meta property=\"og:type\" content=\"article\" \/>\n<meta property=\"og:title\" content=\"Zink Drake Whistle Duck and Game Calls | Lucky Hunter\" \/>\n<meta property=\"og:description\" content=\"Recreate the calls you need. The Zink Drake Whistle sounds as good as it looks. You can recreate all whistling duck sounds confidently.\" \/>\n<meta property=\"og:url\" content=\"https:\/\/staging.lucky-hunter.com\/product\/zink-drake-whistle\/\" \/>\n<meta property=\"og:site_name\" content=\"Lucky-Hunter\" \/>\n<meta property=\"article:modified_time\" content=\"2025-10-02T02:14:38+00:00\" \/>\n<meta property=\"og:image\" content=\"https:\/\/staging.lucky-hunter.com\/wp-content\/uploads\/2017\/08\/LK-82.png\" \/>\n\t<meta property=\"og:image:width\" content=\"1000\" \/>\n\t<meta property=\"og:image:height\" content=\"1000\" \/>\n\t<meta property=\"og:image:type\" content=\"image\/png\" \/>\n<meta name=\"twitter:card\" content=\"summary_large_image\" \/>\n<meta name=\"twitter:title\" content=\"Zink Drake Whistle | Lucky Hunter\" \/>\n<meta name=\"twitter:description\" content=\"Recreate the calls you need. The Zink Drake Whistle sounds as good as it looks. You can recreate all whistling duck sounds confidently.\" \/>\n<meta name=\"twitter:label1\" content=\"Becs\u00fclt olvas\u00e1si id\u0151\" \/>\n\t<meta name=\"twitter:data1\" content=\"1 perc\" \/>\n<script type=\"application\/ld+json\" class=\"yoast-schema-graph\">{\"@context\":\"https:\/\/schema.org\",\"@graph\":[{\"@type\":\"WebPage\",\"@id\":\"https:\/\/staging.lucky-hunter.com\/product\/zink-drake-whistle\/\",\"url\":\"https:\/\/staging.lucky-hunter.com\/product\/zink-drake-whistle\/\",\"name\":\"Zink Drake Whistle Duck and Game Calls | Lucky Hunter\",\"isPartOf\":{\"@id\":\"https:\/\/staging.lucky-hunter.com\/#website\"},\"primaryImageOfPage\":{\"@id\":\"https:\/\/staging.lucky-hunter.com\/product\/zink-drake-whistle\/#primaryimage\"},\"image\":{\"@id\":\"https:\/\/staging.lucky-hunter.com\/product\/zink-drake-whistle\/#primaryimage\"},\"thumbnailUrl\":\"https:\/\/staging.lucky-hunter.com\/wp-content\/uploads\/2017\/08\/LK-82.png\",\"datePublished\":\"2017-08-31T13:30:41+00:00\",\"dateModified\":\"2025-10-02T02:14:38+00:00\",\"description\":\"Recreate the calls you need. The Zink Drake Whistle sounds as good as it looks. You can recreate all whistling duck sounds confidently.\",\"breadcrumb\":{\"@id\":\"https:\/\/staging.lucky-hunter.com\/product\/zink-drake-whistle\/#breadcrumb\"},\"inLanguage\":\"hu\",\"potentialAction\":[{\"@type\":\"ReadAction\",\"target\":[\"https:\/\/staging.lucky-hunter.com\/product\/zink-drake-whistle\/\"]}]},{\"@type\":\"ImageObject\",\"inLanguage\":\"hu\",\"@id\":\"https:\/\/staging.lucky-hunter.com\/product\/zink-drake-whistle\/#primaryimage\",\"url\":\"https:\/\/staging.lucky-hunter.com\/wp-content\/uploads\/2017\/08\/LK-82.png\",\"contentUrl\":\"https:\/\/staging.lucky-hunter.com\/wp-content\/uploads\/2017\/08\/LK-82.png\",\"width\":1000,\"height\":1000,\"caption\":\"Image of the Zink Drake Whistle shaped like a drake's head\"},{\"@type\":\"BreadcrumbList\",\"@id\":\"https:\/\/staging.lucky-hunter.com\/product\/zink-drake-whistle\/#breadcrumb\",\"itemListElement\":[{\"@type\":\"ListItem\",\"position\":1,\"name\":\"Home\",\"item\":\"https:\/\/staging.lucky-hunter.com\/hu\/\"},{\"@type\":\"ListItem\",\"position\":2,\"name\":\"Shop\",\"item\":\"https:\/\/staging.lucky-hunter.com\/hu\/shop\/\"},{\"@type\":\"ListItem\",\"position\":3,\"name\":\"Zink Drake Whistle\"}]},{\"@type\":\"WebSite\",\"@id\":\"https:\/\/staging.lucky-hunter.com\/#website\",\"url\":\"https:\/\/staging.lucky-hunter.com\/\",\"name\":\"Lucky-Hunter\",\"description\":\"Gear Up or Give Up\",\"potentialAction\":[{\"@type\":\"SearchAction\",\"target\":{\"@type\":\"EntryPoint\",\"urlTemplate\":\"https:\/\/staging.lucky-hunter.com\/?s={search_term_string}\"},\"query-input\":{\"@type\":\"PropertyValueSpecification\",\"valueRequired\":true,\"valueName\":\"search_term_string\"}}],\"inLanguage\":\"hu\"}]}<\/script>\n<!-- \/ Yoast SEO plugin. -->","yoast_head_json":{"title":"Zink Drake Whistle Duck and Game Calls | Lucky Hunter","description":"Recreate the calls you need. The Zink Drake Whistle sounds as good as it looks. You can recreate all whistling duck sounds confidently.","robots":{"index":"noindex","follow":"follow","max-snippet":"max-snippet:-1","max-image-preview":"max-image-preview:large","max-video-preview":"max-video-preview:-1"},"og_locale":"hu_HU","og_type":"article","og_title":"Zink Drake Whistle Duck and Game Calls | Lucky Hunter","og_description":"Recreate the calls you need. The Zink Drake Whistle sounds as good as it looks. You can recreate all whistling duck sounds confidently.","og_url":"https:\/\/staging.lucky-hunter.com\/product\/zink-drake-whistle\/","og_site_name":"Lucky-Hunter","article_modified_time":"2025-10-02T02:14:38+00:00","og_image":[{"width":1000,"height":1000,"url":"https:\/\/staging.lucky-hunter.com\/wp-content\/uploads\/2017\/08\/LK-82.png","type":"image\/png"}],"twitter_card":"summary_large_image","twitter_title":"Zink Drake Whistle | Lucky Hunter","twitter_description":"Recreate the calls you need. The Zink Drake Whistle sounds as good as it looks. You can recreate all whistling duck sounds confidently.","twitter_misc":{"Becs\u00fclt olvas\u00e1si id\u0151":"1 perc"},"schema":{"@context":"https:\/\/schema.org","@graph":[{"@type":"WebPage","@id":"https:\/\/staging.lucky-hunter.com\/product\/zink-drake-whistle\/","url":"https:\/\/staging.lucky-hunter.com\/product\/zink-drake-whistle\/","name":"Zink Drake Whistle Duck and Game Calls | Lucky Hunter","isPartOf":{"@id":"https:\/\/staging.lucky-hunter.com\/#website"},"primaryImageOfPage":{"@id":"https:\/\/staging.lucky-hunter.com\/product\/zink-drake-whistle\/#primaryimage"},"image":{"@id":"https:\/\/staging.lucky-hunter.com\/product\/zink-drake-whistle\/#primaryimage"},"thumbnailUrl":"https:\/\/staging.lucky-hunter.com\/wp-content\/uploads\/2017\/08\/LK-82.png","datePublished":"2017-08-31T13:30:41+00:00","dateModified":"2025-10-02T02:14:38+00:00","description":"Recreate the calls you need. The Zink Drake Whistle sounds as good as it looks. You can recreate all whistling duck sounds confidently.","breadcrumb":{"@id":"https:\/\/staging.lucky-hunter.com\/product\/zink-drake-whistle\/#breadcrumb"},"inLanguage":"hu","potentialAction":[{"@type":"ReadAction","target":["https:\/\/staging.lucky-hunter.com\/product\/zink-drake-whistle\/"]}]},{"@type":"ImageObject","inLanguage":"hu","@id":"https:\/\/staging.lucky-hunter.com\/product\/zink-drake-whistle\/#primaryimage","url":"https:\/\/staging.lucky-hunter.com\/wp-content\/uploads\/2017\/08\/LK-82.png","contentUrl":"https:\/\/staging.lucky-hunter.com\/wp-content\/uploads\/2017\/08\/LK-82.png","width":1000,"height":1000,"caption":"Image of the Zink Drake Whistle shaped like a drake's head"},{"@type":"BreadcrumbList","@id":"https:\/\/staging.lucky-hunter.com\/product\/zink-drake-whistle\/#breadcrumb","itemListElement":[{"@type":"ListItem","position":1,"name":"Home","item":"https:\/\/staging.lucky-hunter.com\/hu\/"},{"@type":"ListItem","position":2,"name":"Shop","item":"https:\/\/staging.lucky-hunter.com\/hu\/shop\/"},{"@type":"ListItem","position":3,"name":"Zink Drake Whistle"}]},{"@type":"WebSite","@id":"https:\/\/staging.lucky-hunter.com\/#website","url":"https:\/\/staging.lucky-hunter.com\/","name":"Lucky-Hunter","description":"Gear Up or Give Up","potentialAction":[{"@type":"SearchAction","target":{"@type":"EntryPoint","urlTemplate":"https:\/\/staging.lucky-hunter.com\/?s={search_term_string}"},"query-input":{"@type":"PropertyValueSpecification","valueRequired":true,"valueName":"search_term_string"}}],"inLanguage":"hu"}]}},"_links":{"self":[{"href":"https:\/\/staging.lucky-hunter.com\/hu\/wp-json\/wp\/v2\/product\/19485"}],"collection":[{"href":"https:\/\/staging.lucky-hunter.com\/hu\/wp-json\/wp\/v2\/product"}],"about":[{"href":"https:\/\/staging.lucky-hunter.com\/hu\/wp-json\/wp\/v2\/types\/product"}],"wp:featuredmedia":[{"embeddable":true,"href":"https:\/\/staging.lucky-hunter.com\/hu\/wp-json\/wp\/v2\/media\/19534"}],"wp:attachment":[{"href":"https:\/\/staging.lucky-hunter.com\/hu\/wp-json\/wp\/v2\/media?parent=19485"}],"wp:term":[{"taxonomy":"product_brand","embeddable":true,"href":"https:\/\/staging.lucky-hunter.com\/hu\/wp-json\/wp\/v2\/product_brand?post=19485"},{"taxonomy":"product_cat","embeddable":true,"href":"https:\/\/staging.lucky-hunter.com\/hu\/wp-json\/wp\/v2\/product_cat?post=19485"},{"taxonomy":"product_tag","embeddable":true,"href":"https:\/\/staging.lucky-hunter.com\/hu\/wp-json\/wp\/v2\/product_tag?post=19485"}],"curies":[{"name":"wp","href":"https:\/\/api.w.org\/{rel}","templated":true}]}}