{"id":19259,"date":"2017-06-26T17:06:33","date_gmt":"2017-06-26T15:06:33","guid":{"rendered":"http:\/\/staging.lucky-hunter.com\/?post_type=product&#038;p=19259"},"modified":"2025-10-02T05:15:27","modified_gmt":"2025-10-02T03:15:27","slug":"rigem-right-floater-goose-decoy-bag","status":"publish","type":"product","link":"https:\/\/staging.lucky-hunter.com\/hu\/product\/rigem-right-floater-goose-decoy-bag\/","title":{"rendered":"Rig&#8217;Em Right Floater Goose Decoy Bag"},"content":{"rendered":"<p><iframe title=\"Rig\u2019Em Right Floater Goose Decoy Bag\" width=\"1020\" height=\"574\" src=\"https:\/\/www.youtube.com\/embed\/4uyaW2--yBc?wmode=transparent&amp;rel=0&amp;feature=oembed&#038;enablejsapi=1&#038;origin=https:\/\/staging.lucky-hunter.com\" frameborder=\"0\" allow=\"accelerometer; autoplay; clipboard-write; encrypted-media; gyroscope; picture-in-picture\" allowfullscreen><\/iframe><\/p>\n<h2><strong>Rig&#8217;Em Right Floater Goose Decoy Bag &#8211; built for the demanding waterfowler<\/strong><\/h2>\n<p>This six-slot goose decoy bag is the ideal companion for the beginner or seasoned hunter alike.<\/p>\n<p>Made from super tough and strong materials, this bag will last a long time. Features adjustable, padded shoulder straps. Therefore, even after a long day&#8217;s hunt, it will be comfortable.<\/p>\n<p>The bottom of the bag is designed to easily drain. Due to this, it is ideal to take right into the action with you. There is also a floatation feature built into the bottom of the bag.Therefore, no matter where you are, the bag will stay floating.<\/p>\n<p>Bag holds six floater goose decoys, with their heads attached. Therefore, you save times on the hunt not having to assemble your decoys. For comfort, it also features a cushioned side-panel.<\/p>\n<p>Bag Dimensions 84 x 56 x 63cm (33\u201dL x 22\u201dW x 25\u201dH<br \/>\nSlot Dimension 28 x 28 x\u00a0 63cm (11\u201dL x 11\u201dW x 25\u201dH).<\/p>\n<p>&nbsp;<\/p>\n","protected":false},"excerpt":{"rendered":"<p>Rig\u2019Em Right\u2019s 6-Slot Goose Floater Decoy Bag is built for the demanding waterfowler.\u00a0Made from the toughest materials and sporting the Rig\u2019Em Right name that says it all.<\/p>\n","protected":false},"featured_media":19715,"template":"","meta":[],"product_brand":[9639],"product_cat":[9326],"product_tag":[],"yoast_head":"<!-- This site is optimized with the Yoast SEO plugin v24.3 - https:\/\/yoast.com\/wordpress\/plugins\/seo\/ -->\n<title>Rig&#039;Em Right Floater Goose Decoy Bag | Lucky Hunter<\/title>\n<meta name=\"description\" content=\"Built for the demanding waterfowler. Rig&#039;Em Right Floater Goose Decoy Bag is rugged and perfect for many seasons to come.\" \/>\n<meta name=\"robots\" content=\"noindex, follow, max-snippet:-1, max-image-preview:large, max-video-preview:-1\" \/>\n<meta property=\"og:locale\" content=\"hu_HU\" \/>\n<meta property=\"og:type\" content=\"article\" \/>\n<meta property=\"og:title\" content=\"Rig&#039;Em Right Floater Goose Decoy Bag | Lucky Hunter\" \/>\n<meta property=\"og:description\" content=\"Built for the demanding waterfowler. Rig&#039;Em Right Floater Goose Decoy Bag is rugged and perfect for many seasons to come.\" \/>\n<meta property=\"og:url\" content=\"https:\/\/staging.lucky-hunter.com\/product\/rigem-right-floater-goose-decoy-bag\/\" \/>\n<meta property=\"og:site_name\" content=\"Lucky-Hunter\" \/>\n<meta property=\"article:modified_time\" content=\"2025-10-02T03:15:27+00:00\" \/>\n<meta property=\"og:image\" content=\"https:\/\/staging.lucky-hunter.com\/wp-content\/uploads\/2017\/06\/PU-225.png\" \/>\n\t<meta property=\"og:image:width\" content=\"1000\" \/>\n\t<meta property=\"og:image:height\" content=\"1000\" \/>\n\t<meta property=\"og:image:type\" content=\"image\/png\" \/>\n<meta name=\"twitter:card\" content=\"summary_large_image\" \/>\n<meta name=\"twitter:label1\" content=\"Becs\u00fclt olvas\u00e1si id\u0151\" \/>\n\t<meta name=\"twitter:data1\" content=\"1 perc\" \/>\n<script type=\"application\/ld+json\" class=\"yoast-schema-graph\">{\"@context\":\"https:\/\/schema.org\",\"@graph\":[{\"@type\":\"WebPage\",\"@id\":\"https:\/\/staging.lucky-hunter.com\/product\/rigem-right-floater-goose-decoy-bag\/\",\"url\":\"https:\/\/staging.lucky-hunter.com\/product\/rigem-right-floater-goose-decoy-bag\/\",\"name\":\"Rig'Em Right Floater Goose Decoy Bag | Lucky Hunter\",\"isPartOf\":{\"@id\":\"https:\/\/staging.lucky-hunter.com\/#website\"},\"primaryImageOfPage\":{\"@id\":\"https:\/\/staging.lucky-hunter.com\/product\/rigem-right-floater-goose-decoy-bag\/#primaryimage\"},\"image\":{\"@id\":\"https:\/\/staging.lucky-hunter.com\/product\/rigem-right-floater-goose-decoy-bag\/#primaryimage\"},\"thumbnailUrl\":\"https:\/\/staging.lucky-hunter.com\/wp-content\/uploads\/2017\/06\/PU-225.png\",\"datePublished\":\"2017-06-26T15:06:33+00:00\",\"dateModified\":\"2025-10-02T03:15:27+00:00\",\"description\":\"Built for the demanding waterfowler. Rig'Em Right Floater Goose Decoy Bag is rugged and perfect for many seasons to come.\",\"breadcrumb\":{\"@id\":\"https:\/\/staging.lucky-hunter.com\/product\/rigem-right-floater-goose-decoy-bag\/#breadcrumb\"},\"inLanguage\":\"hu\",\"potentialAction\":[{\"@type\":\"ReadAction\",\"target\":[\"https:\/\/staging.lucky-hunter.com\/product\/rigem-right-floater-goose-decoy-bag\/\"]}]},{\"@type\":\"ImageObject\",\"inLanguage\":\"hu\",\"@id\":\"https:\/\/staging.lucky-hunter.com\/product\/rigem-right-floater-goose-decoy-bag\/#primaryimage\",\"url\":\"https:\/\/staging.lucky-hunter.com\/wp-content\/uploads\/2017\/06\/PU-225.png\",\"contentUrl\":\"https:\/\/staging.lucky-hunter.com\/wp-content\/uploads\/2017\/06\/PU-225.png\",\"width\":1000,\"height\":1000,\"caption\":\"Image of Rig'Em Right XL Floater Goose Decoy Bag\"},{\"@type\":\"BreadcrumbList\",\"@id\":\"https:\/\/staging.lucky-hunter.com\/product\/rigem-right-floater-goose-decoy-bag\/#breadcrumb\",\"itemListElement\":[{\"@type\":\"ListItem\",\"position\":1,\"name\":\"Home\",\"item\":\"https:\/\/staging.lucky-hunter.com\/hu\/\"},{\"@type\":\"ListItem\",\"position\":2,\"name\":\"Shop\",\"item\":\"https:\/\/staging.lucky-hunter.com\/hu\/shop\/\"},{\"@type\":\"ListItem\",\"position\":3,\"name\":\"Rig&#8217;Em Right Floater Goose Decoy Bag\"}]},{\"@type\":\"WebSite\",\"@id\":\"https:\/\/staging.lucky-hunter.com\/#website\",\"url\":\"https:\/\/staging.lucky-hunter.com\/\",\"name\":\"Lucky-Hunter\",\"description\":\"Gear Up or Give Up\",\"potentialAction\":[{\"@type\":\"SearchAction\",\"target\":{\"@type\":\"EntryPoint\",\"urlTemplate\":\"https:\/\/staging.lucky-hunter.com\/?s={search_term_string}\"},\"query-input\":{\"@type\":\"PropertyValueSpecification\",\"valueRequired\":true,\"valueName\":\"search_term_string\"}}],\"inLanguage\":\"hu\"}]}<\/script>\n<!-- \/ Yoast SEO plugin. -->","yoast_head_json":{"title":"Rig'Em Right Floater Goose Decoy Bag | Lucky Hunter","description":"Built for the demanding waterfowler. Rig'Em Right Floater Goose Decoy Bag is rugged and perfect for many seasons to come.","robots":{"index":"noindex","follow":"follow","max-snippet":"max-snippet:-1","max-image-preview":"max-image-preview:large","max-video-preview":"max-video-preview:-1"},"og_locale":"hu_HU","og_type":"article","og_title":"Rig'Em Right Floater Goose Decoy Bag | Lucky Hunter","og_description":"Built for the demanding waterfowler. Rig'Em Right Floater Goose Decoy Bag is rugged and perfect for many seasons to come.","og_url":"https:\/\/staging.lucky-hunter.com\/product\/rigem-right-floater-goose-decoy-bag\/","og_site_name":"Lucky-Hunter","article_modified_time":"2025-10-02T03:15:27+00:00","og_image":[{"width":1000,"height":1000,"url":"https:\/\/staging.lucky-hunter.com\/wp-content\/uploads\/2017\/06\/PU-225.png","type":"image\/png"}],"twitter_card":"summary_large_image","twitter_misc":{"Becs\u00fclt olvas\u00e1si id\u0151":"1 perc"},"schema":{"@context":"https:\/\/schema.org","@graph":[{"@type":"WebPage","@id":"https:\/\/staging.lucky-hunter.com\/product\/rigem-right-floater-goose-decoy-bag\/","url":"https:\/\/staging.lucky-hunter.com\/product\/rigem-right-floater-goose-decoy-bag\/","name":"Rig'Em Right Floater Goose Decoy Bag | Lucky Hunter","isPartOf":{"@id":"https:\/\/staging.lucky-hunter.com\/#website"},"primaryImageOfPage":{"@id":"https:\/\/staging.lucky-hunter.com\/product\/rigem-right-floater-goose-decoy-bag\/#primaryimage"},"image":{"@id":"https:\/\/staging.lucky-hunter.com\/product\/rigem-right-floater-goose-decoy-bag\/#primaryimage"},"thumbnailUrl":"https:\/\/staging.lucky-hunter.com\/wp-content\/uploads\/2017\/06\/PU-225.png","datePublished":"2017-06-26T15:06:33+00:00","dateModified":"2025-10-02T03:15:27+00:00","description":"Built for the demanding waterfowler. Rig'Em Right Floater Goose Decoy Bag is rugged and perfect for many seasons to come.","breadcrumb":{"@id":"https:\/\/staging.lucky-hunter.com\/product\/rigem-right-floater-goose-decoy-bag\/#breadcrumb"},"inLanguage":"hu","potentialAction":[{"@type":"ReadAction","target":["https:\/\/staging.lucky-hunter.com\/product\/rigem-right-floater-goose-decoy-bag\/"]}]},{"@type":"ImageObject","inLanguage":"hu","@id":"https:\/\/staging.lucky-hunter.com\/product\/rigem-right-floater-goose-decoy-bag\/#primaryimage","url":"https:\/\/staging.lucky-hunter.com\/wp-content\/uploads\/2017\/06\/PU-225.png","contentUrl":"https:\/\/staging.lucky-hunter.com\/wp-content\/uploads\/2017\/06\/PU-225.png","width":1000,"height":1000,"caption":"Image of Rig'Em Right XL Floater Goose Decoy Bag"},{"@type":"BreadcrumbList","@id":"https:\/\/staging.lucky-hunter.com\/product\/rigem-right-floater-goose-decoy-bag\/#breadcrumb","itemListElement":[{"@type":"ListItem","position":1,"name":"Home","item":"https:\/\/staging.lucky-hunter.com\/hu\/"},{"@type":"ListItem","position":2,"name":"Shop","item":"https:\/\/staging.lucky-hunter.com\/hu\/shop\/"},{"@type":"ListItem","position":3,"name":"Rig&#8217;Em Right Floater Goose Decoy Bag"}]},{"@type":"WebSite","@id":"https:\/\/staging.lucky-hunter.com\/#website","url":"https:\/\/staging.lucky-hunter.com\/","name":"Lucky-Hunter","description":"Gear Up or Give Up","potentialAction":[{"@type":"SearchAction","target":{"@type":"EntryPoint","urlTemplate":"https:\/\/staging.lucky-hunter.com\/?s={search_term_string}"},"query-input":{"@type":"PropertyValueSpecification","valueRequired":true,"valueName":"search_term_string"}}],"inLanguage":"hu"}]}},"_links":{"self":[{"href":"https:\/\/staging.lucky-hunter.com\/hu\/wp-json\/wp\/v2\/product\/19259"}],"collection":[{"href":"https:\/\/staging.lucky-hunter.com\/hu\/wp-json\/wp\/v2\/product"}],"about":[{"href":"https:\/\/staging.lucky-hunter.com\/hu\/wp-json\/wp\/v2\/types\/product"}],"wp:featuredmedia":[{"embeddable":true,"href":"https:\/\/staging.lucky-hunter.com\/hu\/wp-json\/wp\/v2\/media\/19715"}],"wp:attachment":[{"href":"https:\/\/staging.lucky-hunter.com\/hu\/wp-json\/wp\/v2\/media?parent=19259"}],"wp:term":[{"taxonomy":"product_brand","embeddable":true,"href":"https:\/\/staging.lucky-hunter.com\/hu\/wp-json\/wp\/v2\/product_brand?post=19259"},{"taxonomy":"product_cat","embeddable":true,"href":"https:\/\/staging.lucky-hunter.com\/hu\/wp-json\/wp\/v2\/product_cat?post=19259"},{"taxonomy":"product_tag","embeddable":true,"href":"https:\/\/staging.lucky-hunter.com\/hu\/wp-json\/wp\/v2\/product_tag?post=19259"}],"curies":[{"name":"wp","href":"https:\/\/api.w.org\/{rel}","templated":true}]}}