{"id":19170,"date":"2017-06-21T09:45:40","date_gmt":"2017-06-21T07:45:40","guid":{"rendered":"https:\/\/dangate.dk.linux86.wannafindserver.dk\/lucky-hunter\/?post_type=product&#038;p=19170"},"modified":"2025-10-02T03:41:25","modified_gmt":"2025-10-02T01:41:25","slug":"final-attack-quick-cover","status":"publish","type":"product","link":"https:\/\/staging.lucky-hunter.com\/hu\/product\/final-attack-quick-cover\/","title":{"rendered":"Final Attack Quick Cover &#8211; Wetland camo"},"content":{"rendered":"<h2><strong>Final Attack Quick Cover &#8211; perfect addition to your Beavertail boat\/blind<\/strong><\/h2>\n<p>Strong &amp; Light aluminum frame. Flip-open doors allow for fast action. Low-profile disappears in very little cover. Vegetation straps for easy concealment. Quickly attaches to your Final Attack Boat\/Blind.<\/p>\n<p>Camo Pattern: Karma Wetland<\/p>\n<p>Weight: 4 kg<\/p>\n<p>Size:\u00a0101 x 35,5 x 10 cm<\/p>\n<p><strong>Tips<\/strong><\/p>\n<ul>\n<li>Use mud to reduce any shine of the fabric. All of the outfitters and guides routinely do this.<\/li>\n<li>Utilise the vegetation straps to make the boat almost invisible to the birds.<\/li>\n<li>The screws on the brackets may be replaced with pins by drilling a bigger hole for the pin. This makes removing and attaching the blind easier and faster.<\/li>\n<li>Do not store the blind wet. Allow it to dry out before storing.<\/li>\n<\/ul>\n","protected":false},"excerpt":{"rendered":"<p>Strong &amp; Light aluminum frame. Flip-open doors allow for fast action. Low-profile disappears in very little cover. Vegetation straps for easy concealment. Quickly attaches to your Final Attack Boat\/Blind.<\/p>\n","protected":false},"featured_media":20600,"template":"","meta":[],"product_brand":[2443],"product_cat":[2444],"product_tag":[9147],"yoast_head":"<!-- This site is optimized with the Yoast SEO plugin v24.3 - https:\/\/yoast.com\/wordpress\/plugins\/seo\/ -->\n<title>Final Attack Quick Cover - Karma Wetland camo | Lucky Hunter<\/title>\n<meta name=\"description\" content=\"Final Attack Quick Cover is the perfect cover for your Beavertail Final Attack boat\/blind. Strong and light aluminium frame.\" \/>\n<meta name=\"robots\" content=\"noindex, follow, max-snippet:-1, max-image-preview:large, max-video-preview:-1\" \/>\n<meta property=\"og:locale\" content=\"hu_HU\" \/>\n<meta property=\"og:type\" content=\"article\" \/>\n<meta property=\"og:title\" content=\"Final Attack Quick Cover - Now in Europe! | Lucky Hunter\" \/>\n<meta property=\"og:description\" content=\"Now in Europe. Final Attack Quick Cover is the perfect cover for your Beavertail Final Attack boat\/blind. Strong and light aluminium frame.\" \/>\n<meta property=\"og:url\" content=\"https:\/\/staging.lucky-hunter.com\/product\/final-attack-quick-cover\/\" \/>\n<meta property=\"og:site_name\" content=\"Lucky-Hunter\" \/>\n<meta property=\"article:modified_time\" content=\"2025-10-02T01:41:25+00:00\" \/>\n<meta property=\"og:image\" content=\"https:\/\/staging.lucky-hunter.com\/wp-content\/uploads\/2017\/06\/JP-25-3.png\" \/>\n\t<meta property=\"og:image:width\" content=\"1000\" \/>\n\t<meta property=\"og:image:height\" content=\"1000\" \/>\n\t<meta property=\"og:image:type\" content=\"image\/png\" \/>\n<meta name=\"twitter:card\" content=\"summary_large_image\" \/>\n<meta name=\"twitter:title\" content=\"Final Attack Quick Cover - Now in Europe! | Lucky Hunter\" \/>\n<meta name=\"twitter:description\" content=\"Now in Europe. Final Attack Quick Cover is the perfect cover for your Beavertail Final Attack boat\/blind. Strong and light aluminium frame.\" \/>\n<meta name=\"twitter:label1\" content=\"Becs\u00fclt olvas\u00e1si id\u0151\" \/>\n\t<meta name=\"twitter:data1\" content=\"1 perc\" \/>\n<script type=\"application\/ld+json\" class=\"yoast-schema-graph\">{\"@context\":\"https:\/\/schema.org\",\"@graph\":[{\"@type\":\"WebPage\",\"@id\":\"https:\/\/staging.lucky-hunter.com\/product\/final-attack-quick-cover\/\",\"url\":\"https:\/\/staging.lucky-hunter.com\/product\/final-attack-quick-cover\/\",\"name\":\"Final Attack Quick Cover - Karma Wetland camo | Lucky Hunter\",\"isPartOf\":{\"@id\":\"https:\/\/staging.lucky-hunter.com\/#website\"},\"primaryImageOfPage\":{\"@id\":\"https:\/\/staging.lucky-hunter.com\/product\/final-attack-quick-cover\/#primaryimage\"},\"image\":{\"@id\":\"https:\/\/staging.lucky-hunter.com\/product\/final-attack-quick-cover\/#primaryimage\"},\"thumbnailUrl\":\"https:\/\/staging.lucky-hunter.com\/wp-content\/uploads\/2017\/06\/JP-25-3.png\",\"datePublished\":\"2017-06-21T07:45:40+00:00\",\"dateModified\":\"2025-10-02T01:41:25+00:00\",\"description\":\"Final Attack Quick Cover is the perfect cover for your Beavertail Final Attack boat\/blind. Strong and light aluminium frame.\",\"breadcrumb\":{\"@id\":\"https:\/\/staging.lucky-hunter.com\/product\/final-attack-quick-cover\/#breadcrumb\"},\"inLanguage\":\"hu\",\"potentialAction\":[{\"@type\":\"ReadAction\",\"target\":[\"https:\/\/staging.lucky-hunter.com\/product\/final-attack-quick-cover\/\"]}]},{\"@type\":\"ImageObject\",\"inLanguage\":\"hu\",\"@id\":\"https:\/\/staging.lucky-hunter.com\/product\/final-attack-quick-cover\/#primaryimage\",\"url\":\"https:\/\/staging.lucky-hunter.com\/wp-content\/uploads\/2017\/06\/JP-25-3.png\",\"contentUrl\":\"https:\/\/staging.lucky-hunter.com\/wp-content\/uploads\/2017\/06\/JP-25-3.png\",\"width\":1000,\"height\":1000,\"caption\":\"Image of the Final Attack Quick Cover\"},{\"@type\":\"BreadcrumbList\",\"@id\":\"https:\/\/staging.lucky-hunter.com\/product\/final-attack-quick-cover\/#breadcrumb\",\"itemListElement\":[{\"@type\":\"ListItem\",\"position\":1,\"name\":\"Home\",\"item\":\"https:\/\/staging.lucky-hunter.com\/hu\/\"},{\"@type\":\"ListItem\",\"position\":2,\"name\":\"Shop\",\"item\":\"https:\/\/staging.lucky-hunter.com\/hu\/shop\/\"},{\"@type\":\"ListItem\",\"position\":3,\"name\":\"Final Attack Quick Cover &#8211; Wetland camo\"}]},{\"@type\":\"WebSite\",\"@id\":\"https:\/\/staging.lucky-hunter.com\/#website\",\"url\":\"https:\/\/staging.lucky-hunter.com\/\",\"name\":\"Lucky-Hunter\",\"description\":\"Gear Up or Give Up\",\"potentialAction\":[{\"@type\":\"SearchAction\",\"target\":{\"@type\":\"EntryPoint\",\"urlTemplate\":\"https:\/\/staging.lucky-hunter.com\/?s={search_term_string}\"},\"query-input\":{\"@type\":\"PropertyValueSpecification\",\"valueRequired\":true,\"valueName\":\"search_term_string\"}}],\"inLanguage\":\"hu\"}]}<\/script>\n<!-- \/ Yoast SEO plugin. -->","yoast_head_json":{"title":"Final Attack Quick Cover - Karma Wetland camo | Lucky Hunter","description":"Final Attack Quick Cover is the perfect cover for your Beavertail Final Attack boat\/blind. Strong and light aluminium frame.","robots":{"index":"noindex","follow":"follow","max-snippet":"max-snippet:-1","max-image-preview":"max-image-preview:large","max-video-preview":"max-video-preview:-1"},"og_locale":"hu_HU","og_type":"article","og_title":"Final Attack Quick Cover - Now in Europe! | Lucky Hunter","og_description":"Now in Europe. Final Attack Quick Cover is the perfect cover for your Beavertail Final Attack boat\/blind. Strong and light aluminium frame.","og_url":"https:\/\/staging.lucky-hunter.com\/product\/final-attack-quick-cover\/","og_site_name":"Lucky-Hunter","article_modified_time":"2025-10-02T01:41:25+00:00","og_image":[{"width":1000,"height":1000,"url":"https:\/\/staging.lucky-hunter.com\/wp-content\/uploads\/2017\/06\/JP-25-3.png","type":"image\/png"}],"twitter_card":"summary_large_image","twitter_title":"Final Attack Quick Cover - Now in Europe! | Lucky Hunter","twitter_description":"Now in Europe. Final Attack Quick Cover is the perfect cover for your Beavertail Final Attack boat\/blind. Strong and light aluminium frame.","twitter_misc":{"Becs\u00fclt olvas\u00e1si id\u0151":"1 perc"},"schema":{"@context":"https:\/\/schema.org","@graph":[{"@type":"WebPage","@id":"https:\/\/staging.lucky-hunter.com\/product\/final-attack-quick-cover\/","url":"https:\/\/staging.lucky-hunter.com\/product\/final-attack-quick-cover\/","name":"Final Attack Quick Cover - Karma Wetland camo | Lucky Hunter","isPartOf":{"@id":"https:\/\/staging.lucky-hunter.com\/#website"},"primaryImageOfPage":{"@id":"https:\/\/staging.lucky-hunter.com\/product\/final-attack-quick-cover\/#primaryimage"},"image":{"@id":"https:\/\/staging.lucky-hunter.com\/product\/final-attack-quick-cover\/#primaryimage"},"thumbnailUrl":"https:\/\/staging.lucky-hunter.com\/wp-content\/uploads\/2017\/06\/JP-25-3.png","datePublished":"2017-06-21T07:45:40+00:00","dateModified":"2025-10-02T01:41:25+00:00","description":"Final Attack Quick Cover is the perfect cover for your Beavertail Final Attack boat\/blind. Strong and light aluminium frame.","breadcrumb":{"@id":"https:\/\/staging.lucky-hunter.com\/product\/final-attack-quick-cover\/#breadcrumb"},"inLanguage":"hu","potentialAction":[{"@type":"ReadAction","target":["https:\/\/staging.lucky-hunter.com\/product\/final-attack-quick-cover\/"]}]},{"@type":"ImageObject","inLanguage":"hu","@id":"https:\/\/staging.lucky-hunter.com\/product\/final-attack-quick-cover\/#primaryimage","url":"https:\/\/staging.lucky-hunter.com\/wp-content\/uploads\/2017\/06\/JP-25-3.png","contentUrl":"https:\/\/staging.lucky-hunter.com\/wp-content\/uploads\/2017\/06\/JP-25-3.png","width":1000,"height":1000,"caption":"Image of the Final Attack Quick Cover"},{"@type":"BreadcrumbList","@id":"https:\/\/staging.lucky-hunter.com\/product\/final-attack-quick-cover\/#breadcrumb","itemListElement":[{"@type":"ListItem","position":1,"name":"Home","item":"https:\/\/staging.lucky-hunter.com\/hu\/"},{"@type":"ListItem","position":2,"name":"Shop","item":"https:\/\/staging.lucky-hunter.com\/hu\/shop\/"},{"@type":"ListItem","position":3,"name":"Final Attack Quick Cover &#8211; Wetland camo"}]},{"@type":"WebSite","@id":"https:\/\/staging.lucky-hunter.com\/#website","url":"https:\/\/staging.lucky-hunter.com\/","name":"Lucky-Hunter","description":"Gear Up or Give Up","potentialAction":[{"@type":"SearchAction","target":{"@type":"EntryPoint","urlTemplate":"https:\/\/staging.lucky-hunter.com\/?s={search_term_string}"},"query-input":{"@type":"PropertyValueSpecification","valueRequired":true,"valueName":"search_term_string"}}],"inLanguage":"hu"}]}},"_links":{"self":[{"href":"https:\/\/staging.lucky-hunter.com\/hu\/wp-json\/wp\/v2\/product\/19170"}],"collection":[{"href":"https:\/\/staging.lucky-hunter.com\/hu\/wp-json\/wp\/v2\/product"}],"about":[{"href":"https:\/\/staging.lucky-hunter.com\/hu\/wp-json\/wp\/v2\/types\/product"}],"wp:featuredmedia":[{"embeddable":true,"href":"https:\/\/staging.lucky-hunter.com\/hu\/wp-json\/wp\/v2\/media\/20600"}],"wp:attachment":[{"href":"https:\/\/staging.lucky-hunter.com\/hu\/wp-json\/wp\/v2\/media?parent=19170"}],"wp:term":[{"taxonomy":"product_brand","embeddable":true,"href":"https:\/\/staging.lucky-hunter.com\/hu\/wp-json\/wp\/v2\/product_brand?post=19170"},{"taxonomy":"product_cat","embeddable":true,"href":"https:\/\/staging.lucky-hunter.com\/hu\/wp-json\/wp\/v2\/product_cat?post=19170"},{"taxonomy":"product_tag","embeddable":true,"href":"https:\/\/staging.lucky-hunter.com\/hu\/wp-json\/wp\/v2\/product_tag?post=19170"}],"curies":[{"name":"wp","href":"https:\/\/api.w.org\/{rel}","templated":true}]}}