{"id":17276,"date":"2017-04-18T16:43:40","date_gmt":"2017-04-18T14:43:40","guid":{"rendered":"https:\/\/dangate.dk.prolinux4.curanetserver.dk\/lucky-hunter\/?post_type=product&#038;p=17276"},"modified":"2025-10-02T05:15:51","modified_gmt":"2025-10-02T03:15:51","slug":"rigem-right-full-choke-floating-sheath","status":"publish","type":"product","link":"https:\/\/staging.lucky-hunter.com\/hu\/product\/rigem-right-full-choke-floating-sheath\/","title":{"rendered":"Rig&#8217;Em Right Full Choke Floating Sheath &#8211; Optifade Marsh"},"content":{"rendered":"<h2><strong>Rig&#8217;Em Right Full Choke Floating Sheath &#8211; hard wearing &amp; durable<\/strong><\/h2>\n<p>Rig\u2019Em Right\u2019s Full Choke Floating Sheath is designed and built for the demanding waterfowler. Due to the thick shell and flotation, this Sheath is the perfect match for a waterfowler.<\/p>\n<p>Super tough on gear compared to other sports, waterfowling is not for the weak of heart. Waterfowl hunting is super tough on gear compared to other sports. Therefore, Rig&#8217;Em Right has used their knowledge and high quality to create gear suited especially to the sport.<\/p>\n<p>Durable and tough, this Sheath features a thick, water-repellant outer shell, metal hardware, thick floatation, padded adjustable shoulder strap and rigid EVA tip.<\/p>\n<p>Optifade Marsh camo design and 135 cm long.<\/p>\n<div class=\"video video-fit mb\" style=\"padding-top:56.25%;\"><p><iframe width=\"1020\" height=\"574\" src=\"https:\/\/www.youtube.com\/embed\/W4oSZ64noRE?wmode=transparent&amp;rel=0&amp;feature=oembed\" frameborder=\"0\" allowfullscreen><\/iframe><\/p>\n<\/div>\n","protected":false},"excerpt":{"rendered":"<p>Rig\u2019Em Right\u2019s\u2122 Full Choke\u2122 Floating Sheath is designed and built for the demanding waterfowler.<\/p>\n","protected":false},"featured_media":26579,"template":"","meta":[],"product_brand":[9607],"product_cat":[9360],"product_tag":[],"yoast_head":"<!-- This site is optimized with the Yoast SEO plugin v24.3 - https:\/\/yoast.com\/wordpress\/plugins\/seo\/ -->\n<title>Rig&#039;Em Right Full Choke Floating Sheath | Lucky Hunter<\/title>\n<meta name=\"description\" content=\"Durable and hard wearing. Rig&#039;Em Right Full Choke Floating Sheath is the perfect choice for all waterfowlers. Take yours on the next hunt!\" \/>\n<meta name=\"robots\" content=\"noindex, follow, max-snippet:-1, max-image-preview:large, max-video-preview:-1\" \/>\n<meta property=\"og:locale\" content=\"hu_HU\" \/>\n<meta property=\"og:type\" content=\"article\" \/>\n<meta property=\"og:title\" content=\"Rig&#039;Em Right Full Choke Floating Gun Case | Lucky Hunter\" \/>\n<meta property=\"og:description\" content=\"Durable and hard wearing. Rig&#039;Em Right Full Choke Floating Gun Case is the perfect choice for all waterfowlers. Take yours on the next hunt!\" \/>\n<meta property=\"og:url\" content=\"https:\/\/staging.lucky-hunter.com\/product\/rigem-right-full-choke-floating-sheath\/\" \/>\n<meta property=\"og:site_name\" content=\"Lucky-Hunter\" \/>\n<meta property=\"article:modified_time\" content=\"2025-10-02T03:15:51+00:00\" \/>\n<meta property=\"og:image\" content=\"https:\/\/staging.lucky-hunter.com\/wp-content\/uploads\/2017\/04\/PU-235-2.png\" \/>\n\t<meta property=\"og:image:width\" content=\"1000\" \/>\n\t<meta property=\"og:image:height\" content=\"1000\" \/>\n\t<meta property=\"og:image:type\" content=\"image\/png\" \/>\n<meta name=\"twitter:card\" content=\"summary_large_image\" \/>\n<meta name=\"twitter:title\" content=\"Rig&#039;Em Right Full Choke Floating Gun Case | Lucky Hunter\" \/>\n<meta name=\"twitter:description\" content=\"Durable and hard wearing. Rig&#039;Em Right Full Choke Floating Gun Case is the perfect choice for all waterfowlers. Take yours on the next hunt!\" \/>\n<meta name=\"twitter:label1\" content=\"Becs\u00fclt olvas\u00e1si id\u0151\" \/>\n\t<meta name=\"twitter:data1\" content=\"1 perc\" \/>\n<script type=\"application\/ld+json\" class=\"yoast-schema-graph\">{\"@context\":\"https:\/\/schema.org\",\"@graph\":[{\"@type\":\"WebPage\",\"@id\":\"https:\/\/staging.lucky-hunter.com\/product\/rigem-right-full-choke-floating-sheath\/\",\"url\":\"https:\/\/staging.lucky-hunter.com\/product\/rigem-right-full-choke-floating-sheath\/\",\"name\":\"Rig'Em Right Full Choke Floating Sheath | Lucky Hunter\",\"isPartOf\":{\"@id\":\"https:\/\/staging.lucky-hunter.com\/#website\"},\"primaryImageOfPage\":{\"@id\":\"https:\/\/staging.lucky-hunter.com\/product\/rigem-right-full-choke-floating-sheath\/#primaryimage\"},\"image\":{\"@id\":\"https:\/\/staging.lucky-hunter.com\/product\/rigem-right-full-choke-floating-sheath\/#primaryimage\"},\"thumbnailUrl\":\"https:\/\/staging.lucky-hunter.com\/wp-content\/uploads\/2017\/04\/PU-235-2.png\",\"datePublished\":\"2017-04-18T14:43:40+00:00\",\"dateModified\":\"2025-10-02T03:15:51+00:00\",\"description\":\"Durable and hard wearing. Rig'Em Right Full Choke Floating Sheath is the perfect choice for all waterfowlers. Take yours on the next hunt!\",\"breadcrumb\":{\"@id\":\"https:\/\/staging.lucky-hunter.com\/product\/rigem-right-full-choke-floating-sheath\/#breadcrumb\"},\"inLanguage\":\"hu\",\"potentialAction\":[{\"@type\":\"ReadAction\",\"target\":[\"https:\/\/staging.lucky-hunter.com\/product\/rigem-right-full-choke-floating-sheath\/\"]}]},{\"@type\":\"ImageObject\",\"inLanguage\":\"hu\",\"@id\":\"https:\/\/staging.lucky-hunter.com\/product\/rigem-right-full-choke-floating-sheath\/#primaryimage\",\"url\":\"https:\/\/staging.lucky-hunter.com\/wp-content\/uploads\/2017\/04\/PU-235-2.png\",\"contentUrl\":\"https:\/\/staging.lucky-hunter.com\/wp-content\/uploads\/2017\/04\/PU-235-2.png\",\"width\":1000,\"height\":1000},{\"@type\":\"BreadcrumbList\",\"@id\":\"https:\/\/staging.lucky-hunter.com\/product\/rigem-right-full-choke-floating-sheath\/#breadcrumb\",\"itemListElement\":[{\"@type\":\"ListItem\",\"position\":1,\"name\":\"Home\",\"item\":\"https:\/\/staging.lucky-hunter.com\/hu\/\"},{\"@type\":\"ListItem\",\"position\":2,\"name\":\"Shop\",\"item\":\"https:\/\/staging.lucky-hunter.com\/hu\/shop\/\"},{\"@type\":\"ListItem\",\"position\":3,\"name\":\"Rig&#8217;Em Right Full Choke Floating Sheath &#8211; Optifade Marsh\"}]},{\"@type\":\"WebSite\",\"@id\":\"https:\/\/staging.lucky-hunter.com\/#website\",\"url\":\"https:\/\/staging.lucky-hunter.com\/\",\"name\":\"Lucky-Hunter\",\"description\":\"Gear Up or Give Up\",\"potentialAction\":[{\"@type\":\"SearchAction\",\"target\":{\"@type\":\"EntryPoint\",\"urlTemplate\":\"https:\/\/staging.lucky-hunter.com\/?s={search_term_string}\"},\"query-input\":{\"@type\":\"PropertyValueSpecification\",\"valueRequired\":true,\"valueName\":\"search_term_string\"}}],\"inLanguage\":\"hu\"}]}<\/script>\n<!-- \/ Yoast SEO plugin. -->","yoast_head_json":{"title":"Rig'Em Right Full Choke Floating Sheath | Lucky Hunter","description":"Durable and hard wearing. Rig'Em Right Full Choke Floating Sheath is the perfect choice for all waterfowlers. Take yours on the next hunt!","robots":{"index":"noindex","follow":"follow","max-snippet":"max-snippet:-1","max-image-preview":"max-image-preview:large","max-video-preview":"max-video-preview:-1"},"og_locale":"hu_HU","og_type":"article","og_title":"Rig'Em Right Full Choke Floating Gun Case | Lucky Hunter","og_description":"Durable and hard wearing. Rig'Em Right Full Choke Floating Gun Case is the perfect choice for all waterfowlers. Take yours on the next hunt!","og_url":"https:\/\/staging.lucky-hunter.com\/product\/rigem-right-full-choke-floating-sheath\/","og_site_name":"Lucky-Hunter","article_modified_time":"2025-10-02T03:15:51+00:00","og_image":[{"width":1000,"height":1000,"url":"https:\/\/staging.lucky-hunter.com\/wp-content\/uploads\/2017\/04\/PU-235-2.png","type":"image\/png"}],"twitter_card":"summary_large_image","twitter_title":"Rig'Em Right Full Choke Floating Gun Case | Lucky Hunter","twitter_description":"Durable and hard wearing. Rig'Em Right Full Choke Floating Gun Case is the perfect choice for all waterfowlers. Take yours on the next hunt!","twitter_misc":{"Becs\u00fclt olvas\u00e1si id\u0151":"1 perc"},"schema":{"@context":"https:\/\/schema.org","@graph":[{"@type":"WebPage","@id":"https:\/\/staging.lucky-hunter.com\/product\/rigem-right-full-choke-floating-sheath\/","url":"https:\/\/staging.lucky-hunter.com\/product\/rigem-right-full-choke-floating-sheath\/","name":"Rig'Em Right Full Choke Floating Sheath | Lucky Hunter","isPartOf":{"@id":"https:\/\/staging.lucky-hunter.com\/#website"},"primaryImageOfPage":{"@id":"https:\/\/staging.lucky-hunter.com\/product\/rigem-right-full-choke-floating-sheath\/#primaryimage"},"image":{"@id":"https:\/\/staging.lucky-hunter.com\/product\/rigem-right-full-choke-floating-sheath\/#primaryimage"},"thumbnailUrl":"https:\/\/staging.lucky-hunter.com\/wp-content\/uploads\/2017\/04\/PU-235-2.png","datePublished":"2017-04-18T14:43:40+00:00","dateModified":"2025-10-02T03:15:51+00:00","description":"Durable and hard wearing. Rig'Em Right Full Choke Floating Sheath is the perfect choice for all waterfowlers. Take yours on the next hunt!","breadcrumb":{"@id":"https:\/\/staging.lucky-hunter.com\/product\/rigem-right-full-choke-floating-sheath\/#breadcrumb"},"inLanguage":"hu","potentialAction":[{"@type":"ReadAction","target":["https:\/\/staging.lucky-hunter.com\/product\/rigem-right-full-choke-floating-sheath\/"]}]},{"@type":"ImageObject","inLanguage":"hu","@id":"https:\/\/staging.lucky-hunter.com\/product\/rigem-right-full-choke-floating-sheath\/#primaryimage","url":"https:\/\/staging.lucky-hunter.com\/wp-content\/uploads\/2017\/04\/PU-235-2.png","contentUrl":"https:\/\/staging.lucky-hunter.com\/wp-content\/uploads\/2017\/04\/PU-235-2.png","width":1000,"height":1000},{"@type":"BreadcrumbList","@id":"https:\/\/staging.lucky-hunter.com\/product\/rigem-right-full-choke-floating-sheath\/#breadcrumb","itemListElement":[{"@type":"ListItem","position":1,"name":"Home","item":"https:\/\/staging.lucky-hunter.com\/hu\/"},{"@type":"ListItem","position":2,"name":"Shop","item":"https:\/\/staging.lucky-hunter.com\/hu\/shop\/"},{"@type":"ListItem","position":3,"name":"Rig&#8217;Em Right Full Choke Floating Sheath &#8211; Optifade Marsh"}]},{"@type":"WebSite","@id":"https:\/\/staging.lucky-hunter.com\/#website","url":"https:\/\/staging.lucky-hunter.com\/","name":"Lucky-Hunter","description":"Gear Up or Give Up","potentialAction":[{"@type":"SearchAction","target":{"@type":"EntryPoint","urlTemplate":"https:\/\/staging.lucky-hunter.com\/?s={search_term_string}"},"query-input":{"@type":"PropertyValueSpecification","valueRequired":true,"valueName":"search_term_string"}}],"inLanguage":"hu"}]}},"_links":{"self":[{"href":"https:\/\/staging.lucky-hunter.com\/hu\/wp-json\/wp\/v2\/product\/17276"}],"collection":[{"href":"https:\/\/staging.lucky-hunter.com\/hu\/wp-json\/wp\/v2\/product"}],"about":[{"href":"https:\/\/staging.lucky-hunter.com\/hu\/wp-json\/wp\/v2\/types\/product"}],"wp:featuredmedia":[{"embeddable":true,"href":"https:\/\/staging.lucky-hunter.com\/hu\/wp-json\/wp\/v2\/media\/26579"}],"wp:attachment":[{"href":"https:\/\/staging.lucky-hunter.com\/hu\/wp-json\/wp\/v2\/media?parent=17276"}],"wp:term":[{"taxonomy":"product_brand","embeddable":true,"href":"https:\/\/staging.lucky-hunter.com\/hu\/wp-json\/wp\/v2\/product_brand?post=17276"},{"taxonomy":"product_cat","embeddable":true,"href":"https:\/\/staging.lucky-hunter.com\/hu\/wp-json\/wp\/v2\/product_cat?post=17276"},{"taxonomy":"product_tag","embeddable":true,"href":"https:\/\/staging.lucky-hunter.com\/hu\/wp-json\/wp\/v2\/product_tag?post=17276"}],"curies":[{"name":"wp","href":"https:\/\/api.w.org\/{rel}","templated":true}]}}