{"id":17238,"date":"2017-04-18T13:51:56","date_gmt":"2017-04-18T11:51:56","guid":{"rendered":"https:\/\/dangate.dk.prolinux4.curanetserver.dk\/lucky-hunter\/?post_type=product&#038;p=17238"},"modified":"2025-10-02T02:55:39","modified_gmt":"2025-10-02T00:55:39","slug":"spypoint-steel-security-box-sb400","status":"publish","type":"product","link":"https:\/\/staging.lucky-hunter.com\/hu\/product\/spypoint-steel-security-box-sb400\/","title":{"rendered":"Spypoint Steel Security Box SB400"},"content":{"rendered":"<h3><strong>Original Spypoint Steel Box for Force-20<\/strong><\/h3>\n<p>This is the original Spypoint steel box to secure your Spypoint Force-20 camera against theft. It also protects it from breakage caused by deers, bears or other animals.<\/p>\n<p>The steel box is ideal for placement, time and time again. Have you ever had the time consuming issue of having to ensure your camera fits properly into a generic protection box?<\/p>\n<p>Now, you&#8217;ll know the box fits your camera model perfectly without needing to adjust it every single time.<\/p>\n","protected":false},"excerpt":{"rendered":"<p>This is the original Spypoint steel box to secure your Spypoint Force-20 camera against theft.<\/p>\n","protected":false},"featured_media":23121,"template":"","meta":[],"product_brand":[9613],"product_cat":[8555],"product_tag":[],"yoast_head":"<!-- This site is optimized with the Yoast SEO plugin v24.3 - https:\/\/yoast.com\/wordpress\/plugins\/seo\/ -->\n<title>Spypoint Steel Security Box SB400 for Protection | Lucky Hunter<\/title>\n<meta name=\"description\" content=\"Protect your trail camera Spypoint Force-20. The Steel Box will help protect your game camera from damage and theft.\" \/>\n<meta name=\"robots\" content=\"noindex, follow, max-snippet:-1, max-image-preview:large, max-video-preview:-1\" \/>\n<meta property=\"og:locale\" content=\"hu_HU\" \/>\n<meta property=\"og:type\" content=\"article\" \/>\n<meta property=\"og:title\" content=\"Spypoint Steel Box FORCE for Protection | Lucky Hunter\" \/>\n<meta property=\"og:description\" content=\"Protect your trail cameras. The Spypoint Steel Box- Force will help protect your wildlife\/game cameras from damage and theft.\" \/>\n<meta property=\"og:url\" content=\"https:\/\/staging.lucky-hunter.com\/product\/spypoint-steel-security-box-sb400\/\" \/>\n<meta property=\"og:site_name\" content=\"Lucky-Hunter\" \/>\n<meta property=\"article:modified_time\" content=\"2025-10-02T00:55:39+00:00\" \/>\n<meta property=\"og:image\" content=\"https:\/\/staging.lucky-hunter.com\/wp-content\/uploads\/2017\/04\/680156.png\" \/>\n\t<meta property=\"og:image:width\" content=\"1000\" \/>\n\t<meta property=\"og:image:height\" content=\"1000\" \/>\n\t<meta property=\"og:image:type\" content=\"image\/png\" \/>\n<meta name=\"twitter:card\" content=\"summary_large_image\" \/>\n<meta name=\"twitter:title\" content=\"Spypoint Steel Box FORCE for Protection | Lucky Hunter\" \/>\n<meta name=\"twitter:description\" content=\"Protect your trail cameras. The Spypoint Steel Box- Force will help protect your wildlife\/game cameras from damage and theft.\" \/>\n<meta name=\"twitter:label1\" content=\"Becs\u00fclt olvas\u00e1si id\u0151\" \/>\n\t<meta name=\"twitter:data1\" content=\"1 perc\" \/>\n<script type=\"application\/ld+json\" class=\"yoast-schema-graph\">{\"@context\":\"https:\/\/schema.org\",\"@graph\":[{\"@type\":\"WebPage\",\"@id\":\"https:\/\/staging.lucky-hunter.com\/product\/spypoint-steel-security-box-sb400\/\",\"url\":\"https:\/\/staging.lucky-hunter.com\/product\/spypoint-steel-security-box-sb400\/\",\"name\":\"Spypoint Steel Security Box SB400 for Protection | Lucky Hunter\",\"isPartOf\":{\"@id\":\"https:\/\/staging.lucky-hunter.com\/#website\"},\"primaryImageOfPage\":{\"@id\":\"https:\/\/staging.lucky-hunter.com\/product\/spypoint-steel-security-box-sb400\/#primaryimage\"},\"image\":{\"@id\":\"https:\/\/staging.lucky-hunter.com\/product\/spypoint-steel-security-box-sb400\/#primaryimage\"},\"thumbnailUrl\":\"https:\/\/staging.lucky-hunter.com\/wp-content\/uploads\/2017\/04\/680156.png\",\"datePublished\":\"2017-04-18T11:51:56+00:00\",\"dateModified\":\"2025-10-02T00:55:39+00:00\",\"description\":\"Protect your trail camera Spypoint Force-20. The Steel Box will help protect your game camera from damage and theft.\",\"breadcrumb\":{\"@id\":\"https:\/\/staging.lucky-hunter.com\/product\/spypoint-steel-security-box-sb400\/#breadcrumb\"},\"inLanguage\":\"hu\",\"potentialAction\":[{\"@type\":\"ReadAction\",\"target\":[\"https:\/\/staging.lucky-hunter.com\/product\/spypoint-steel-security-box-sb400\/\"]}]},{\"@type\":\"ImageObject\",\"inLanguage\":\"hu\",\"@id\":\"https:\/\/staging.lucky-hunter.com\/product\/spypoint-steel-security-box-sb400\/#primaryimage\",\"url\":\"https:\/\/staging.lucky-hunter.com\/wp-content\/uploads\/2017\/04\/680156.png\",\"contentUrl\":\"https:\/\/staging.lucky-hunter.com\/wp-content\/uploads\/2017\/04\/680156.png\",\"width\":1000,\"height\":1000},{\"@type\":\"BreadcrumbList\",\"@id\":\"https:\/\/staging.lucky-hunter.com\/product\/spypoint-steel-security-box-sb400\/#breadcrumb\",\"itemListElement\":[{\"@type\":\"ListItem\",\"position\":1,\"name\":\"Home\",\"item\":\"https:\/\/staging.lucky-hunter.com\/hu\/\"},{\"@type\":\"ListItem\",\"position\":2,\"name\":\"Shop\",\"item\":\"https:\/\/staging.lucky-hunter.com\/hu\/shop\/\"},{\"@type\":\"ListItem\",\"position\":3,\"name\":\"Spypoint Steel Security Box SB400\"}]},{\"@type\":\"WebSite\",\"@id\":\"https:\/\/staging.lucky-hunter.com\/#website\",\"url\":\"https:\/\/staging.lucky-hunter.com\/\",\"name\":\"Lucky-Hunter\",\"description\":\"Gear Up or Give Up\",\"potentialAction\":[{\"@type\":\"SearchAction\",\"target\":{\"@type\":\"EntryPoint\",\"urlTemplate\":\"https:\/\/staging.lucky-hunter.com\/?s={search_term_string}\"},\"query-input\":{\"@type\":\"PropertyValueSpecification\",\"valueRequired\":true,\"valueName\":\"search_term_string\"}}],\"inLanguage\":\"hu\"}]}<\/script>\n<!-- \/ Yoast SEO plugin. -->","yoast_head_json":{"title":"Spypoint Steel Security Box SB400 for Protection | Lucky Hunter","description":"Protect your trail camera Spypoint Force-20. The Steel Box will help protect your game camera from damage and theft.","robots":{"index":"noindex","follow":"follow","max-snippet":"max-snippet:-1","max-image-preview":"max-image-preview:large","max-video-preview":"max-video-preview:-1"},"og_locale":"hu_HU","og_type":"article","og_title":"Spypoint Steel Box FORCE for Protection | Lucky Hunter","og_description":"Protect your trail cameras. The Spypoint Steel Box- Force will help protect your wildlife\/game cameras from damage and theft.","og_url":"https:\/\/staging.lucky-hunter.com\/product\/spypoint-steel-security-box-sb400\/","og_site_name":"Lucky-Hunter","article_modified_time":"2025-10-02T00:55:39+00:00","og_image":[{"width":1000,"height":1000,"url":"https:\/\/staging.lucky-hunter.com\/wp-content\/uploads\/2017\/04\/680156.png","type":"image\/png"}],"twitter_card":"summary_large_image","twitter_title":"Spypoint Steel Box FORCE for Protection | Lucky Hunter","twitter_description":"Protect your trail cameras. The Spypoint Steel Box- Force will help protect your wildlife\/game cameras from damage and theft.","twitter_misc":{"Becs\u00fclt olvas\u00e1si id\u0151":"1 perc"},"schema":{"@context":"https:\/\/schema.org","@graph":[{"@type":"WebPage","@id":"https:\/\/staging.lucky-hunter.com\/product\/spypoint-steel-security-box-sb400\/","url":"https:\/\/staging.lucky-hunter.com\/product\/spypoint-steel-security-box-sb400\/","name":"Spypoint Steel Security Box SB400 for Protection | Lucky Hunter","isPartOf":{"@id":"https:\/\/staging.lucky-hunter.com\/#website"},"primaryImageOfPage":{"@id":"https:\/\/staging.lucky-hunter.com\/product\/spypoint-steel-security-box-sb400\/#primaryimage"},"image":{"@id":"https:\/\/staging.lucky-hunter.com\/product\/spypoint-steel-security-box-sb400\/#primaryimage"},"thumbnailUrl":"https:\/\/staging.lucky-hunter.com\/wp-content\/uploads\/2017\/04\/680156.png","datePublished":"2017-04-18T11:51:56+00:00","dateModified":"2025-10-02T00:55:39+00:00","description":"Protect your trail camera Spypoint Force-20. The Steel Box will help protect your game camera from damage and theft.","breadcrumb":{"@id":"https:\/\/staging.lucky-hunter.com\/product\/spypoint-steel-security-box-sb400\/#breadcrumb"},"inLanguage":"hu","potentialAction":[{"@type":"ReadAction","target":["https:\/\/staging.lucky-hunter.com\/product\/spypoint-steel-security-box-sb400\/"]}]},{"@type":"ImageObject","inLanguage":"hu","@id":"https:\/\/staging.lucky-hunter.com\/product\/spypoint-steel-security-box-sb400\/#primaryimage","url":"https:\/\/staging.lucky-hunter.com\/wp-content\/uploads\/2017\/04\/680156.png","contentUrl":"https:\/\/staging.lucky-hunter.com\/wp-content\/uploads\/2017\/04\/680156.png","width":1000,"height":1000},{"@type":"BreadcrumbList","@id":"https:\/\/staging.lucky-hunter.com\/product\/spypoint-steel-security-box-sb400\/#breadcrumb","itemListElement":[{"@type":"ListItem","position":1,"name":"Home","item":"https:\/\/staging.lucky-hunter.com\/hu\/"},{"@type":"ListItem","position":2,"name":"Shop","item":"https:\/\/staging.lucky-hunter.com\/hu\/shop\/"},{"@type":"ListItem","position":3,"name":"Spypoint Steel Security Box SB400"}]},{"@type":"WebSite","@id":"https:\/\/staging.lucky-hunter.com\/#website","url":"https:\/\/staging.lucky-hunter.com\/","name":"Lucky-Hunter","description":"Gear Up or Give Up","potentialAction":[{"@type":"SearchAction","target":{"@type":"EntryPoint","urlTemplate":"https:\/\/staging.lucky-hunter.com\/?s={search_term_string}"},"query-input":{"@type":"PropertyValueSpecification","valueRequired":true,"valueName":"search_term_string"}}],"inLanguage":"hu"}]}},"_links":{"self":[{"href":"https:\/\/staging.lucky-hunter.com\/hu\/wp-json\/wp\/v2\/product\/17238"}],"collection":[{"href":"https:\/\/staging.lucky-hunter.com\/hu\/wp-json\/wp\/v2\/product"}],"about":[{"href":"https:\/\/staging.lucky-hunter.com\/hu\/wp-json\/wp\/v2\/types\/product"}],"wp:featuredmedia":[{"embeddable":true,"href":"https:\/\/staging.lucky-hunter.com\/hu\/wp-json\/wp\/v2\/media\/23121"}],"wp:attachment":[{"href":"https:\/\/staging.lucky-hunter.com\/hu\/wp-json\/wp\/v2\/media?parent=17238"}],"wp:term":[{"taxonomy":"product_brand","embeddable":true,"href":"https:\/\/staging.lucky-hunter.com\/hu\/wp-json\/wp\/v2\/product_brand?post=17238"},{"taxonomy":"product_cat","embeddable":true,"href":"https:\/\/staging.lucky-hunter.com\/hu\/wp-json\/wp\/v2\/product_cat?post=17238"},{"taxonomy":"product_tag","embeddable":true,"href":"https:\/\/staging.lucky-hunter.com\/hu\/wp-json\/wp\/v2\/product_tag?post=17238"}],"curies":[{"name":"wp","href":"https:\/\/api.w.org\/{rel}","templated":true}]}}