{"id":16849,"date":"2017-04-11T16:52:53","date_gmt":"2017-04-11T14:52:53","guid":{"rendered":"https:\/\/dangate.dk.prolinux4.curanetserver.dk\/lucky-hunter\/?post_type=product&#038;p=16849"},"modified":"2025-10-02T02:29:30","modified_gmt":"2025-10-02T00:29:30","slug":"molygold-arma-m1-oil","status":"publish","type":"product","link":"https:\/\/staging.lucky-hunter.com\/hu\/product\/molygold-arma-m1-oil\/","title":{"rendered":"Molygold ARMA M1 Oil"},"content":{"rendered":"<h2><strong>Molygold ARMA M1 Oil &#8211; protect your weapons from the elements<\/strong><\/h2>\n<p>100 ml cleaning oil made in Germany.<\/p>\n<p>Effective cleaning and maintenance of all types of firearms. Keeps your weapons looking like the day you got them. Therefore, this will help protect from the elements when you&#8217;re out hunting. The can is nice and easy to use to apply a fine coating to your weapons.<\/p>\n<p>ARMA M1 from Molygold prevents the formation of moisture. This will help to prolong the life of your firearm, as moisture can lead to rust if not dealt with effectively.<\/p>\n<p>Anti-corrosion coating.<\/p>\n<p>Supplied as a spray can with fine dosing.<\/p>\n","protected":false},"excerpt":{"rendered":"<p>100 ml cleaning oil in German quality. Effective cleaning and maintenance of all types of firearms. ARMA M1 from Molygold prevents the formation of moisture<\/p>\n","protected":false},"featured_media":25555,"template":"","meta":[],"product_brand":[50],"product_cat":[9106],"product_tag":[],"yoast_head":"<!-- This site is optimized with the Yoast SEO plugin v24.3 - https:\/\/yoast.com\/wordpress\/plugins\/seo\/ -->\n<title>Molygold ARMA M1 Oil - Anti-Corrosion Coating | Lucky Hunter<\/title>\n<meta name=\"description\" content=\"Prevent corrosion and moisture. Molygold ARMA M1 Oil, made in Germany, is perfect for protecting your firearms from the elements.\" \/>\n<meta name=\"robots\" content=\"noindex, follow, max-snippet:-1, max-image-preview:large, max-video-preview:-1\" \/>\n<meta property=\"og:locale\" content=\"hu_HU\" \/>\n<meta property=\"og:type\" content=\"article\" \/>\n<meta property=\"og:title\" content=\"Molygold ARMA M1 Oil - Anti-Corrosion Coating | Lucky Hunter\" \/>\n<meta property=\"og:description\" content=\"Prevent corrosion and moisture. Molygold ARMA M1 Oil, made in Germany, is perfect for protecting your firearms from the elements.\" \/>\n<meta property=\"og:url\" content=\"https:\/\/staging.lucky-hunter.com\/product\/molygold-arma-m1-oil\/\" \/>\n<meta property=\"og:site_name\" content=\"Lucky-Hunter\" \/>\n<meta property=\"article:modified_time\" content=\"2025-10-02T00:29:30+00:00\" \/>\n<meta property=\"og:image\" content=\"https:\/\/staging.lucky-hunter.com\/wp-content\/uploads\/2017\/04\/520090.png\" \/>\n\t<meta property=\"og:image:width\" content=\"1000\" \/>\n\t<meta property=\"og:image:height\" content=\"1000\" \/>\n\t<meta property=\"og:image:type\" content=\"image\/png\" \/>\n<meta name=\"twitter:card\" content=\"summary_large_image\" \/>\n<meta name=\"twitter:title\" content=\"Molygold ARMA M1 Oil - Anti-Corrosion Coating | Lucky Hunter\" \/>\n<meta name=\"twitter:description\" content=\"Prevent corrosion and moisture. Molygold ARMA M1 Oil, made in Germany, is perfect for protecting your firearms from the elements.\" \/>\n<meta name=\"twitter:label1\" content=\"Becs\u00fclt olvas\u00e1si id\u0151\" \/>\n\t<meta name=\"twitter:data1\" content=\"1 perc\" \/>\n<script type=\"application\/ld+json\" class=\"yoast-schema-graph\">{\"@context\":\"https:\/\/schema.org\",\"@graph\":[{\"@type\":\"WebPage\",\"@id\":\"https:\/\/staging.lucky-hunter.com\/product\/molygold-arma-m1-oil\/\",\"url\":\"https:\/\/staging.lucky-hunter.com\/product\/molygold-arma-m1-oil\/\",\"name\":\"Molygold ARMA M1 Oil - Anti-Corrosion Coating | Lucky Hunter\",\"isPartOf\":{\"@id\":\"https:\/\/staging.lucky-hunter.com\/#website\"},\"primaryImageOfPage\":{\"@id\":\"https:\/\/staging.lucky-hunter.com\/product\/molygold-arma-m1-oil\/#primaryimage\"},\"image\":{\"@id\":\"https:\/\/staging.lucky-hunter.com\/product\/molygold-arma-m1-oil\/#primaryimage\"},\"thumbnailUrl\":\"https:\/\/staging.lucky-hunter.com\/wp-content\/uploads\/2017\/04\/520090.png\",\"datePublished\":\"2017-04-11T14:52:53+00:00\",\"dateModified\":\"2025-10-02T00:29:30+00:00\",\"description\":\"Prevent corrosion and moisture. Molygold ARMA M1 Oil, made in Germany, is perfect for protecting your firearms from the elements.\",\"breadcrumb\":{\"@id\":\"https:\/\/staging.lucky-hunter.com\/product\/molygold-arma-m1-oil\/#breadcrumb\"},\"inLanguage\":\"hu\",\"potentialAction\":[{\"@type\":\"ReadAction\",\"target\":[\"https:\/\/staging.lucky-hunter.com\/product\/molygold-arma-m1-oil\/\"]}]},{\"@type\":\"ImageObject\",\"inLanguage\":\"hu\",\"@id\":\"https:\/\/staging.lucky-hunter.com\/product\/molygold-arma-m1-oil\/#primaryimage\",\"url\":\"https:\/\/staging.lucky-hunter.com\/wp-content\/uploads\/2017\/04\/520090.png\",\"contentUrl\":\"https:\/\/staging.lucky-hunter.com\/wp-content\/uploads\/2017\/04\/520090.png\",\"width\":1000,\"height\":1000},{\"@type\":\"BreadcrumbList\",\"@id\":\"https:\/\/staging.lucky-hunter.com\/product\/molygold-arma-m1-oil\/#breadcrumb\",\"itemListElement\":[{\"@type\":\"ListItem\",\"position\":1,\"name\":\"Home\",\"item\":\"https:\/\/staging.lucky-hunter.com\/hu\/\"},{\"@type\":\"ListItem\",\"position\":2,\"name\":\"Shop\",\"item\":\"https:\/\/staging.lucky-hunter.com\/hu\/shop\/\"},{\"@type\":\"ListItem\",\"position\":3,\"name\":\"Molygold ARMA M1 Oil\"}]},{\"@type\":\"WebSite\",\"@id\":\"https:\/\/staging.lucky-hunter.com\/#website\",\"url\":\"https:\/\/staging.lucky-hunter.com\/\",\"name\":\"Lucky-Hunter\",\"description\":\"Gear Up or Give Up\",\"potentialAction\":[{\"@type\":\"SearchAction\",\"target\":{\"@type\":\"EntryPoint\",\"urlTemplate\":\"https:\/\/staging.lucky-hunter.com\/?s={search_term_string}\"},\"query-input\":{\"@type\":\"PropertyValueSpecification\",\"valueRequired\":true,\"valueName\":\"search_term_string\"}}],\"inLanguage\":\"hu\"}]}<\/script>\n<!-- \/ Yoast SEO plugin. -->","yoast_head_json":{"title":"Molygold ARMA M1 Oil - Anti-Corrosion Coating | Lucky Hunter","description":"Prevent corrosion and moisture. Molygold ARMA M1 Oil, made in Germany, is perfect for protecting your firearms from the elements.","robots":{"index":"noindex","follow":"follow","max-snippet":"max-snippet:-1","max-image-preview":"max-image-preview:large","max-video-preview":"max-video-preview:-1"},"og_locale":"hu_HU","og_type":"article","og_title":"Molygold ARMA M1 Oil - Anti-Corrosion Coating | Lucky Hunter","og_description":"Prevent corrosion and moisture. Molygold ARMA M1 Oil, made in Germany, is perfect for protecting your firearms from the elements.","og_url":"https:\/\/staging.lucky-hunter.com\/product\/molygold-arma-m1-oil\/","og_site_name":"Lucky-Hunter","article_modified_time":"2025-10-02T00:29:30+00:00","og_image":[{"width":1000,"height":1000,"url":"https:\/\/staging.lucky-hunter.com\/wp-content\/uploads\/2017\/04\/520090.png","type":"image\/png"}],"twitter_card":"summary_large_image","twitter_title":"Molygold ARMA M1 Oil - Anti-Corrosion Coating | Lucky Hunter","twitter_description":"Prevent corrosion and moisture. Molygold ARMA M1 Oil, made in Germany, is perfect for protecting your firearms from the elements.","twitter_misc":{"Becs\u00fclt olvas\u00e1si id\u0151":"1 perc"},"schema":{"@context":"https:\/\/schema.org","@graph":[{"@type":"WebPage","@id":"https:\/\/staging.lucky-hunter.com\/product\/molygold-arma-m1-oil\/","url":"https:\/\/staging.lucky-hunter.com\/product\/molygold-arma-m1-oil\/","name":"Molygold ARMA M1 Oil - Anti-Corrosion Coating | Lucky Hunter","isPartOf":{"@id":"https:\/\/staging.lucky-hunter.com\/#website"},"primaryImageOfPage":{"@id":"https:\/\/staging.lucky-hunter.com\/product\/molygold-arma-m1-oil\/#primaryimage"},"image":{"@id":"https:\/\/staging.lucky-hunter.com\/product\/molygold-arma-m1-oil\/#primaryimage"},"thumbnailUrl":"https:\/\/staging.lucky-hunter.com\/wp-content\/uploads\/2017\/04\/520090.png","datePublished":"2017-04-11T14:52:53+00:00","dateModified":"2025-10-02T00:29:30+00:00","description":"Prevent corrosion and moisture. Molygold ARMA M1 Oil, made in Germany, is perfect for protecting your firearms from the elements.","breadcrumb":{"@id":"https:\/\/staging.lucky-hunter.com\/product\/molygold-arma-m1-oil\/#breadcrumb"},"inLanguage":"hu","potentialAction":[{"@type":"ReadAction","target":["https:\/\/staging.lucky-hunter.com\/product\/molygold-arma-m1-oil\/"]}]},{"@type":"ImageObject","inLanguage":"hu","@id":"https:\/\/staging.lucky-hunter.com\/product\/molygold-arma-m1-oil\/#primaryimage","url":"https:\/\/staging.lucky-hunter.com\/wp-content\/uploads\/2017\/04\/520090.png","contentUrl":"https:\/\/staging.lucky-hunter.com\/wp-content\/uploads\/2017\/04\/520090.png","width":1000,"height":1000},{"@type":"BreadcrumbList","@id":"https:\/\/staging.lucky-hunter.com\/product\/molygold-arma-m1-oil\/#breadcrumb","itemListElement":[{"@type":"ListItem","position":1,"name":"Home","item":"https:\/\/staging.lucky-hunter.com\/hu\/"},{"@type":"ListItem","position":2,"name":"Shop","item":"https:\/\/staging.lucky-hunter.com\/hu\/shop\/"},{"@type":"ListItem","position":3,"name":"Molygold ARMA M1 Oil"}]},{"@type":"WebSite","@id":"https:\/\/staging.lucky-hunter.com\/#website","url":"https:\/\/staging.lucky-hunter.com\/","name":"Lucky-Hunter","description":"Gear Up or Give Up","potentialAction":[{"@type":"SearchAction","target":{"@type":"EntryPoint","urlTemplate":"https:\/\/staging.lucky-hunter.com\/?s={search_term_string}"},"query-input":{"@type":"PropertyValueSpecification","valueRequired":true,"valueName":"search_term_string"}}],"inLanguage":"hu"}]}},"_links":{"self":[{"href":"https:\/\/staging.lucky-hunter.com\/hu\/wp-json\/wp\/v2\/product\/16849"}],"collection":[{"href":"https:\/\/staging.lucky-hunter.com\/hu\/wp-json\/wp\/v2\/product"}],"about":[{"href":"https:\/\/staging.lucky-hunter.com\/hu\/wp-json\/wp\/v2\/types\/product"}],"wp:featuredmedia":[{"embeddable":true,"href":"https:\/\/staging.lucky-hunter.com\/hu\/wp-json\/wp\/v2\/media\/25555"}],"wp:attachment":[{"href":"https:\/\/staging.lucky-hunter.com\/hu\/wp-json\/wp\/v2\/media?parent=16849"}],"wp:term":[{"taxonomy":"product_brand","embeddable":true,"href":"https:\/\/staging.lucky-hunter.com\/hu\/wp-json\/wp\/v2\/product_brand?post=16849"},{"taxonomy":"product_cat","embeddable":true,"href":"https:\/\/staging.lucky-hunter.com\/hu\/wp-json\/wp\/v2\/product_cat?post=16849"},{"taxonomy":"product_tag","embeddable":true,"href":"https:\/\/staging.lucky-hunter.com\/hu\/wp-json\/wp\/v2\/product_tag?post=16849"}],"curies":[{"name":"wp","href":"https:\/\/api.w.org\/{rel}","templated":true}]}}