{"id":16557,"date":"2017-04-10T16:44:29","date_gmt":"2017-04-10T14:44:29","guid":{"rendered":"https:\/\/dangate.dk.prolinux4.curanetserver.dk\/lucky-hunter\/?post_type=product&#038;p=16557"},"modified":"2025-10-02T02:24:21","modified_gmt":"2025-10-02T00:24:21","slug":"weisskirchen-fox-barking-call","status":"publish","type":"product","link":"https:\/\/staging.lucky-hunter.com\/hu\/product\/weisskirchen-fox-barking-call\/","title":{"rendered":"Fox Barking Game Call &#8211; Weisskirchen"},"content":{"rendered":"<h2><strong>Weisskirchen Universal Fox Barking Call<\/strong><\/h2>\n<p>Highly effective game call for this summer&#8217;s hunt on young foxes. The sound of the call mimics the female barking to the puppies when she brings preys home.<\/p>\n<p>The fox barking call is also suitable for hunting adult foxes in the mating period and the kits period during the winter.<\/p>\n<p>The game call is made of cherry wood and has a very authentic sound.<\/p>\n<p>&nbsp;<\/p>\n","protected":false},"excerpt":{"rendered":"<p>Highly effective game call for this summer&#8217;s hunt on young foxes because the sound mimics the female barking to the kits when she brings the prey home.<\/p>\n","protected":false},"featured_media":26607,"template":"","meta":[],"product_brand":[57],"product_cat":[48],"product_tag":[9149],"yoast_head":"<!-- This site is optimized with the Yoast SEO plugin v24.3 - https:\/\/yoast.com\/wordpress\/plugins\/seo\/ -->\n<title>Weisskirchen Fox Barking Call | Lucky Hunter<\/title>\n<meta name=\"description\" content=\"Mimic the sound of the fox. The Weisskirchen Fox Barking Call mimics the sound of the female barking to her kits when she returns with a kill.\" \/>\n<meta name=\"robots\" content=\"noindex, follow, max-snippet:-1, max-image-preview:large, max-video-preview:-1\" \/>\n<meta property=\"og:locale\" content=\"hu_HU\" \/>\n<meta property=\"og:type\" content=\"article\" \/>\n<meta property=\"og:title\" content=\"Weisskirchen Universal Fox Barking Call | Lucky Hunter\" \/>\n<meta property=\"og:description\" content=\"Mimic the sound of the fox. The Weisskirchen Universal Fox Barking Call mimics the sound of the female barking to her kits when she returns with a kill.\" \/>\n<meta property=\"og:url\" content=\"https:\/\/staging.lucky-hunter.com\/product\/weisskirchen-fox-barking-call\/\" \/>\n<meta property=\"og:site_name\" content=\"Lucky-Hunter\" \/>\n<meta property=\"article:modified_time\" content=\"2025-10-02T00:24:21+00:00\" \/>\n<meta property=\"og:image\" content=\"https:\/\/staging.lucky-hunter.com\/wp-content\/uploads\/2017\/04\/510522.png.webp\" \/>\n\t<meta property=\"og:image:width\" content=\"1000\" \/>\n\t<meta property=\"og:image:height\" content=\"1000\" \/>\n\t<meta property=\"og:image:type\" content=\"image\/webp\" \/>\n<meta name=\"twitter:card\" content=\"summary_large_image\" \/>\n<meta name=\"twitter:title\" content=\"Weisskirchen Universal Fox Barking Call | Lucky Hunter\" \/>\n<meta name=\"twitter:description\" content=\"Mimic the sound of the fox. The Weisskirchen Universal Fox Barking Call mimics the sound of the female barking to her kits when she returns with a kill.\" \/>\n<meta name=\"twitter:label1\" content=\"Becs\u00fclt olvas\u00e1si id\u0151\" \/>\n\t<meta name=\"twitter:data1\" content=\"1 perc\" \/>\n<script type=\"application\/ld+json\" class=\"yoast-schema-graph\">{\"@context\":\"https:\/\/schema.org\",\"@graph\":[{\"@type\":\"WebPage\",\"@id\":\"https:\/\/staging.lucky-hunter.com\/product\/weisskirchen-fox-barking-call\/\",\"url\":\"https:\/\/staging.lucky-hunter.com\/product\/weisskirchen-fox-barking-call\/\",\"name\":\"Weisskirchen Fox Barking Call | Lucky Hunter\",\"isPartOf\":{\"@id\":\"https:\/\/staging.lucky-hunter.com\/#website\"},\"primaryImageOfPage\":{\"@id\":\"https:\/\/staging.lucky-hunter.com\/product\/weisskirchen-fox-barking-call\/#primaryimage\"},\"image\":{\"@id\":\"https:\/\/staging.lucky-hunter.com\/product\/weisskirchen-fox-barking-call\/#primaryimage\"},\"thumbnailUrl\":\"https:\/\/staging.lucky-hunter.com\/wp-content\/uploads\/2017\/04\/510522.png.webp\",\"datePublished\":\"2017-04-10T14:44:29+00:00\",\"dateModified\":\"2025-10-02T00:24:21+00:00\",\"description\":\"Mimic the sound of the fox. The Weisskirchen Fox Barking Call mimics the sound of the female barking to her kits when she returns with a kill.\",\"breadcrumb\":{\"@id\":\"https:\/\/staging.lucky-hunter.com\/product\/weisskirchen-fox-barking-call\/#breadcrumb\"},\"inLanguage\":\"hu\",\"potentialAction\":[{\"@type\":\"ReadAction\",\"target\":[\"https:\/\/staging.lucky-hunter.com\/product\/weisskirchen-fox-barking-call\/\"]}]},{\"@type\":\"ImageObject\",\"inLanguage\":\"hu\",\"@id\":\"https:\/\/staging.lucky-hunter.com\/product\/weisskirchen-fox-barking-call\/#primaryimage\",\"url\":\"https:\/\/staging.lucky-hunter.com\/wp-content\/uploads\/2017\/04\/510522.png.webp\",\"contentUrl\":\"https:\/\/staging.lucky-hunter.com\/wp-content\/uploads\/2017\/04\/510522.png.webp\",\"width\":1000,\"height\":1000},{\"@type\":\"BreadcrumbList\",\"@id\":\"https:\/\/staging.lucky-hunter.com\/product\/weisskirchen-fox-barking-call\/#breadcrumb\",\"itemListElement\":[{\"@type\":\"ListItem\",\"position\":1,\"name\":\"Home\",\"item\":\"https:\/\/staging.lucky-hunter.com\/hu\/\"},{\"@type\":\"ListItem\",\"position\":2,\"name\":\"Shop\",\"item\":\"https:\/\/staging.lucky-hunter.com\/hu\/shop\/\"},{\"@type\":\"ListItem\",\"position\":3,\"name\":\"Fox Barking Game Call &#8211; Weisskirchen\"}]},{\"@type\":\"WebSite\",\"@id\":\"https:\/\/staging.lucky-hunter.com\/#website\",\"url\":\"https:\/\/staging.lucky-hunter.com\/\",\"name\":\"Lucky-Hunter\",\"description\":\"Gear Up or Give Up\",\"potentialAction\":[{\"@type\":\"SearchAction\",\"target\":{\"@type\":\"EntryPoint\",\"urlTemplate\":\"https:\/\/staging.lucky-hunter.com\/?s={search_term_string}\"},\"query-input\":{\"@type\":\"PropertyValueSpecification\",\"valueRequired\":true,\"valueName\":\"search_term_string\"}}],\"inLanguage\":\"hu\"}]}<\/script>\n<!-- \/ Yoast SEO plugin. -->","yoast_head_json":{"title":"Weisskirchen Fox Barking Call | Lucky Hunter","description":"Mimic the sound of the fox. The Weisskirchen Fox Barking Call mimics the sound of the female barking to her kits when she returns with a kill.","robots":{"index":"noindex","follow":"follow","max-snippet":"max-snippet:-1","max-image-preview":"max-image-preview:large","max-video-preview":"max-video-preview:-1"},"og_locale":"hu_HU","og_type":"article","og_title":"Weisskirchen Universal Fox Barking Call | Lucky Hunter","og_description":"Mimic the sound of the fox. The Weisskirchen Universal Fox Barking Call mimics the sound of the female barking to her kits when she returns with a kill.","og_url":"https:\/\/staging.lucky-hunter.com\/product\/weisskirchen-fox-barking-call\/","og_site_name":"Lucky-Hunter","article_modified_time":"2025-10-02T00:24:21+00:00","og_image":[{"width":1000,"height":1000,"url":"https:\/\/staging.lucky-hunter.com\/wp-content\/uploads\/2017\/04\/510522.png.webp","type":"image\/webp"}],"twitter_card":"summary_large_image","twitter_title":"Weisskirchen Universal Fox Barking Call | Lucky Hunter","twitter_description":"Mimic the sound of the fox. The Weisskirchen Universal Fox Barking Call mimics the sound of the female barking to her kits when she returns with a kill.","twitter_misc":{"Becs\u00fclt olvas\u00e1si id\u0151":"1 perc"},"schema":{"@context":"https:\/\/schema.org","@graph":[{"@type":"WebPage","@id":"https:\/\/staging.lucky-hunter.com\/product\/weisskirchen-fox-barking-call\/","url":"https:\/\/staging.lucky-hunter.com\/product\/weisskirchen-fox-barking-call\/","name":"Weisskirchen Fox Barking Call | Lucky Hunter","isPartOf":{"@id":"https:\/\/staging.lucky-hunter.com\/#website"},"primaryImageOfPage":{"@id":"https:\/\/staging.lucky-hunter.com\/product\/weisskirchen-fox-barking-call\/#primaryimage"},"image":{"@id":"https:\/\/staging.lucky-hunter.com\/product\/weisskirchen-fox-barking-call\/#primaryimage"},"thumbnailUrl":"https:\/\/staging.lucky-hunter.com\/wp-content\/uploads\/2017\/04\/510522.png.webp","datePublished":"2017-04-10T14:44:29+00:00","dateModified":"2025-10-02T00:24:21+00:00","description":"Mimic the sound of the fox. The Weisskirchen Fox Barking Call mimics the sound of the female barking to her kits when she returns with a kill.","breadcrumb":{"@id":"https:\/\/staging.lucky-hunter.com\/product\/weisskirchen-fox-barking-call\/#breadcrumb"},"inLanguage":"hu","potentialAction":[{"@type":"ReadAction","target":["https:\/\/staging.lucky-hunter.com\/product\/weisskirchen-fox-barking-call\/"]}]},{"@type":"ImageObject","inLanguage":"hu","@id":"https:\/\/staging.lucky-hunter.com\/product\/weisskirchen-fox-barking-call\/#primaryimage","url":"https:\/\/staging.lucky-hunter.com\/wp-content\/uploads\/2017\/04\/510522.png.webp","contentUrl":"https:\/\/staging.lucky-hunter.com\/wp-content\/uploads\/2017\/04\/510522.png.webp","width":1000,"height":1000},{"@type":"BreadcrumbList","@id":"https:\/\/staging.lucky-hunter.com\/product\/weisskirchen-fox-barking-call\/#breadcrumb","itemListElement":[{"@type":"ListItem","position":1,"name":"Home","item":"https:\/\/staging.lucky-hunter.com\/hu\/"},{"@type":"ListItem","position":2,"name":"Shop","item":"https:\/\/staging.lucky-hunter.com\/hu\/shop\/"},{"@type":"ListItem","position":3,"name":"Fox Barking Game Call &#8211; Weisskirchen"}]},{"@type":"WebSite","@id":"https:\/\/staging.lucky-hunter.com\/#website","url":"https:\/\/staging.lucky-hunter.com\/","name":"Lucky-Hunter","description":"Gear Up or Give Up","potentialAction":[{"@type":"SearchAction","target":{"@type":"EntryPoint","urlTemplate":"https:\/\/staging.lucky-hunter.com\/?s={search_term_string}"},"query-input":{"@type":"PropertyValueSpecification","valueRequired":true,"valueName":"search_term_string"}}],"inLanguage":"hu"}]}},"_links":{"self":[{"href":"https:\/\/staging.lucky-hunter.com\/hu\/wp-json\/wp\/v2\/product\/16557"}],"collection":[{"href":"https:\/\/staging.lucky-hunter.com\/hu\/wp-json\/wp\/v2\/product"}],"about":[{"href":"https:\/\/staging.lucky-hunter.com\/hu\/wp-json\/wp\/v2\/types\/product"}],"wp:featuredmedia":[{"embeddable":true,"href":"https:\/\/staging.lucky-hunter.com\/hu\/wp-json\/wp\/v2\/media\/26607"}],"wp:attachment":[{"href":"https:\/\/staging.lucky-hunter.com\/hu\/wp-json\/wp\/v2\/media?parent=16557"}],"wp:term":[{"taxonomy":"product_brand","embeddable":true,"href":"https:\/\/staging.lucky-hunter.com\/hu\/wp-json\/wp\/v2\/product_brand?post=16557"},{"taxonomy":"product_cat","embeddable":true,"href":"https:\/\/staging.lucky-hunter.com\/hu\/wp-json\/wp\/v2\/product_cat?post=16557"},{"taxonomy":"product_tag","embeddable":true,"href":"https:\/\/staging.lucky-hunter.com\/hu\/wp-json\/wp\/v2\/product_tag?post=16557"}],"curies":[{"name":"wp","href":"https:\/\/api.w.org\/{rel}","templated":true}]}}