{"id":16436,"date":"2017-04-06T16:50:53","date_gmt":"2017-04-06T14:50:53","guid":{"rendered":"https:\/\/dangate.dk.prolinux4.curanetserver.dk\/lucky-hunter\/?post_type=product&#038;p=16436"},"modified":"2025-10-02T03:54:41","modified_gmt":"2025-10-02T01:54:41","slug":"avian-x-floater-canada-goose","status":"publish","type":"product","link":"https:\/\/staging.lucky-hunter.com\/hu\/product\/avian-x-floater-canada-goose\/","title":{"rendered":"Avian-X Floater Canada Goose"},"content":{"rendered":"<p><iframe title=\"Avian-X Floater Canada Goose | Decoys for hunting on water\" width=\"1020\" height=\"574\" src=\"https:\/\/www.youtube.com\/embed\/fsZVBbUQvLU?wmode=transparent&amp;rel=0&amp;list=PLnzljXc1Q7kYyjmGF_vrzPHQMsaCe_ulZ\" frameborder=\"0\" allow=\"accelerometer; autoplay; clipboard-write; encrypted-media; gyroscope; picture-in-picture\" allowfullscreen><\/iframe><\/p>\n<h2>Avian-X Floater Canada Goose &#8211; unique quality decoys<\/h2>\n<p>Four floating Canada goose decoys from the topflight series. Designed by legendary waterfowler Fred Zink and World Champion decoy carver, Rick Johannsen.<\/p>\n<p>The decoys are exact replicas of the real thing. Highlighted by intricate paint schemes, the bodies mimic Canada geese from the tips of the beak to their tail feathers. Due to their natural postures and anatomically perfect bodies, they are likely to draw in the real thing.<\/p>\n<p>The decoys are made of a soft and flexible plastic and the advantage is, among other things, that the decoys can be used without the risk of cracking also in freezing temperatures.<\/p>\n<p>Factory-connected heads that won\u2019t pop off in the field. Weighted keels provide lifelike motion on the water.<\/p>\n<p>Painted with a dull and ultra adherent paint which won&#8217;t peel off makes the bodies perfect. Featuring flock on the heads, the decoys look super realistic. Due to this, the decoys are likely to draw in the live birds more often.<\/p>\n<p>The floating decoys from Avian-X are absolutely fantastic on the water and swim naturally even in weak wind conditions. This is due to the fantastic, lifelike construction and top quality build.<\/p>\n<p><strong>Sold in packs of 4:<\/strong><\/p>\n<ul>\n<li>1 Sentry Caller<\/li>\n<li>2 Sentry<\/li>\n<li>1 Swimmer.<\/li>\n<\/ul>\n","protected":false},"excerpt":{"rendered":"<p>4 floating Canada goose decoys from the topflight series designed by legendary waterfowler Fred Zink and World Champion decoy carver, Rick Johannsen.<\/p>\n","protected":false},"featured_media":26259,"template":"","meta":[],"product_brand":[110],"product_cat":[8022],"product_tag":[],"yoast_head":"<!-- This site is optimized with the Yoast SEO plugin v24.3 - https:\/\/yoast.com\/wordpress\/plugins\/seo\/ -->\n<title>Avian-X Floater Canada Goose High Quality Decoys | Lucky Hunter<\/title>\n<meta name=\"description\" content=\"Floating Canada goose decoys from Avian-X. Avian-X Floater Canada Goose is the perfect addition to your decoy flock. Make your next hunt the best!\" \/>\n<meta name=\"robots\" content=\"noindex, follow, max-snippet:-1, max-image-preview:large, max-video-preview:-1\" \/>\n<meta property=\"og:locale\" content=\"hu_HU\" \/>\n<meta property=\"og:type\" content=\"article\" \/>\n<meta property=\"og:title\" content=\"Avian-X Floater Canada Goose High Quality Decoys | Lucky Hunter\" \/>\n<meta property=\"og:description\" content=\"Floating Canada goose decoys from Avian-X. Avian-X Floater Canada Goose is the perfect addition to your decoy flock. Make your next hunt the best!\" \/>\n<meta property=\"og:url\" content=\"https:\/\/staging.lucky-hunter.com\/product\/avian-x-floater-canada-goose\/\" \/>\n<meta property=\"og:site_name\" content=\"Lucky-Hunter\" \/>\n<meta property=\"article:modified_time\" content=\"2025-10-02T01:54:41+00:00\" \/>\n<meta property=\"og:image\" content=\"https:\/\/staging.lucky-hunter.com\/wp-content\/uploads\/2017\/04\/LF-315-1.png.webp\" \/>\n\t<meta property=\"og:image:width\" content=\"1000\" \/>\n\t<meta property=\"og:image:height\" content=\"1000\" \/>\n\t<meta property=\"og:image:type\" content=\"image\/webp\" \/>\n<meta name=\"twitter:card\" content=\"summary_large_image\" \/>\n<meta name=\"twitter:title\" content=\"Avian-X Floater Canada Goose High Quality Decoys | Lucky Hunter\" \/>\n<meta name=\"twitter:description\" content=\"Floating Canada goose decoys from Avian-X. Avian-X Floater Canada Goose is the perfect addition to your decoy flock. Make your next hunt the best!\" \/>\n<meta name=\"twitter:label1\" content=\"Becs\u00fclt olvas\u00e1si id\u0151\" \/>\n\t<meta name=\"twitter:data1\" content=\"1 perc\" \/>\n<script type=\"application\/ld+json\" class=\"yoast-schema-graph\">{\"@context\":\"https:\/\/schema.org\",\"@graph\":[{\"@type\":\"WebPage\",\"@id\":\"https:\/\/staging.lucky-hunter.com\/product\/avian-x-floater-canada-goose\/\",\"url\":\"https:\/\/staging.lucky-hunter.com\/product\/avian-x-floater-canada-goose\/\",\"name\":\"Avian-X Floater Canada Goose High Quality Decoys | Lucky Hunter\",\"isPartOf\":{\"@id\":\"https:\/\/staging.lucky-hunter.com\/#website\"},\"primaryImageOfPage\":{\"@id\":\"https:\/\/staging.lucky-hunter.com\/product\/avian-x-floater-canada-goose\/#primaryimage\"},\"image\":{\"@id\":\"https:\/\/staging.lucky-hunter.com\/product\/avian-x-floater-canada-goose\/#primaryimage\"},\"thumbnailUrl\":\"https:\/\/staging.lucky-hunter.com\/wp-content\/uploads\/2017\/04\/LF-315-1.png.webp\",\"datePublished\":\"2017-04-06T14:50:53+00:00\",\"dateModified\":\"2025-10-02T01:54:41+00:00\",\"description\":\"Floating Canada goose decoys from Avian-X. Avian-X Floater Canada Goose is the perfect addition to your decoy flock. Make your next hunt the best!\",\"breadcrumb\":{\"@id\":\"https:\/\/staging.lucky-hunter.com\/product\/avian-x-floater-canada-goose\/#breadcrumb\"},\"inLanguage\":\"hu\",\"potentialAction\":[{\"@type\":\"ReadAction\",\"target\":[\"https:\/\/staging.lucky-hunter.com\/product\/avian-x-floater-canada-goose\/\"]}]},{\"@type\":\"ImageObject\",\"inLanguage\":\"hu\",\"@id\":\"https:\/\/staging.lucky-hunter.com\/product\/avian-x-floater-canada-goose\/#primaryimage\",\"url\":\"https:\/\/staging.lucky-hunter.com\/wp-content\/uploads\/2017\/04\/LF-315-1.png.webp\",\"contentUrl\":\"https:\/\/staging.lucky-hunter.com\/wp-content\/uploads\/2017\/04\/LF-315-1.png.webp\",\"width\":1000,\"height\":1000},{\"@type\":\"BreadcrumbList\",\"@id\":\"https:\/\/staging.lucky-hunter.com\/product\/avian-x-floater-canada-goose\/#breadcrumb\",\"itemListElement\":[{\"@type\":\"ListItem\",\"position\":1,\"name\":\"Home\",\"item\":\"https:\/\/staging.lucky-hunter.com\/hu\/\"},{\"@type\":\"ListItem\",\"position\":2,\"name\":\"Shop\",\"item\":\"https:\/\/staging.lucky-hunter.com\/hu\/shop\/\"},{\"@type\":\"ListItem\",\"position\":3,\"name\":\"Avian-X Floater Canada Goose\"}]},{\"@type\":\"WebSite\",\"@id\":\"https:\/\/staging.lucky-hunter.com\/#website\",\"url\":\"https:\/\/staging.lucky-hunter.com\/\",\"name\":\"Lucky-Hunter\",\"description\":\"Gear Up or Give Up\",\"potentialAction\":[{\"@type\":\"SearchAction\",\"target\":{\"@type\":\"EntryPoint\",\"urlTemplate\":\"https:\/\/staging.lucky-hunter.com\/?s={search_term_string}\"},\"query-input\":{\"@type\":\"PropertyValueSpecification\",\"valueRequired\":true,\"valueName\":\"search_term_string\"}}],\"inLanguage\":\"hu\"}]}<\/script>\n<!-- \/ Yoast SEO plugin. -->","yoast_head_json":{"title":"Avian-X Floater Canada Goose High Quality Decoys | Lucky Hunter","description":"Floating Canada goose decoys from Avian-X. Avian-X Floater Canada Goose is the perfect addition to your decoy flock. Make your next hunt the best!","robots":{"index":"noindex","follow":"follow","max-snippet":"max-snippet:-1","max-image-preview":"max-image-preview:large","max-video-preview":"max-video-preview:-1"},"og_locale":"hu_HU","og_type":"article","og_title":"Avian-X Floater Canada Goose High Quality Decoys | Lucky Hunter","og_description":"Floating Canada goose decoys from Avian-X. Avian-X Floater Canada Goose is the perfect addition to your decoy flock. Make your next hunt the best!","og_url":"https:\/\/staging.lucky-hunter.com\/product\/avian-x-floater-canada-goose\/","og_site_name":"Lucky-Hunter","article_modified_time":"2025-10-02T01:54:41+00:00","og_image":[{"width":1000,"height":1000,"url":"https:\/\/staging.lucky-hunter.com\/wp-content\/uploads\/2017\/04\/LF-315-1.png.webp","type":"image\/webp"}],"twitter_card":"summary_large_image","twitter_title":"Avian-X Floater Canada Goose High Quality Decoys | Lucky Hunter","twitter_description":"Floating Canada goose decoys from Avian-X. Avian-X Floater Canada Goose is the perfect addition to your decoy flock. Make your next hunt the best!","twitter_misc":{"Becs\u00fclt olvas\u00e1si id\u0151":"1 perc"},"schema":{"@context":"https:\/\/schema.org","@graph":[{"@type":"WebPage","@id":"https:\/\/staging.lucky-hunter.com\/product\/avian-x-floater-canada-goose\/","url":"https:\/\/staging.lucky-hunter.com\/product\/avian-x-floater-canada-goose\/","name":"Avian-X Floater Canada Goose High Quality Decoys | Lucky Hunter","isPartOf":{"@id":"https:\/\/staging.lucky-hunter.com\/#website"},"primaryImageOfPage":{"@id":"https:\/\/staging.lucky-hunter.com\/product\/avian-x-floater-canada-goose\/#primaryimage"},"image":{"@id":"https:\/\/staging.lucky-hunter.com\/product\/avian-x-floater-canada-goose\/#primaryimage"},"thumbnailUrl":"https:\/\/staging.lucky-hunter.com\/wp-content\/uploads\/2017\/04\/LF-315-1.png.webp","datePublished":"2017-04-06T14:50:53+00:00","dateModified":"2025-10-02T01:54:41+00:00","description":"Floating Canada goose decoys from Avian-X. Avian-X Floater Canada Goose is the perfect addition to your decoy flock. Make your next hunt the best!","breadcrumb":{"@id":"https:\/\/staging.lucky-hunter.com\/product\/avian-x-floater-canada-goose\/#breadcrumb"},"inLanguage":"hu","potentialAction":[{"@type":"ReadAction","target":["https:\/\/staging.lucky-hunter.com\/product\/avian-x-floater-canada-goose\/"]}]},{"@type":"ImageObject","inLanguage":"hu","@id":"https:\/\/staging.lucky-hunter.com\/product\/avian-x-floater-canada-goose\/#primaryimage","url":"https:\/\/staging.lucky-hunter.com\/wp-content\/uploads\/2017\/04\/LF-315-1.png.webp","contentUrl":"https:\/\/staging.lucky-hunter.com\/wp-content\/uploads\/2017\/04\/LF-315-1.png.webp","width":1000,"height":1000},{"@type":"BreadcrumbList","@id":"https:\/\/staging.lucky-hunter.com\/product\/avian-x-floater-canada-goose\/#breadcrumb","itemListElement":[{"@type":"ListItem","position":1,"name":"Home","item":"https:\/\/staging.lucky-hunter.com\/hu\/"},{"@type":"ListItem","position":2,"name":"Shop","item":"https:\/\/staging.lucky-hunter.com\/hu\/shop\/"},{"@type":"ListItem","position":3,"name":"Avian-X Floater Canada Goose"}]},{"@type":"WebSite","@id":"https:\/\/staging.lucky-hunter.com\/#website","url":"https:\/\/staging.lucky-hunter.com\/","name":"Lucky-Hunter","description":"Gear Up or Give Up","potentialAction":[{"@type":"SearchAction","target":{"@type":"EntryPoint","urlTemplate":"https:\/\/staging.lucky-hunter.com\/?s={search_term_string}"},"query-input":{"@type":"PropertyValueSpecification","valueRequired":true,"valueName":"search_term_string"}}],"inLanguage":"hu"}]}},"_links":{"self":[{"href":"https:\/\/staging.lucky-hunter.com\/hu\/wp-json\/wp\/v2\/product\/16436"}],"collection":[{"href":"https:\/\/staging.lucky-hunter.com\/hu\/wp-json\/wp\/v2\/product"}],"about":[{"href":"https:\/\/staging.lucky-hunter.com\/hu\/wp-json\/wp\/v2\/types\/product"}],"wp:featuredmedia":[{"embeddable":true,"href":"https:\/\/staging.lucky-hunter.com\/hu\/wp-json\/wp\/v2\/media\/26259"}],"wp:attachment":[{"href":"https:\/\/staging.lucky-hunter.com\/hu\/wp-json\/wp\/v2\/media?parent=16436"}],"wp:term":[{"taxonomy":"product_brand","embeddable":true,"href":"https:\/\/staging.lucky-hunter.com\/hu\/wp-json\/wp\/v2\/product_brand?post=16436"},{"taxonomy":"product_cat","embeddable":true,"href":"https:\/\/staging.lucky-hunter.com\/hu\/wp-json\/wp\/v2\/product_cat?post=16436"},{"taxonomy":"product_tag","embeddable":true,"href":"https:\/\/staging.lucky-hunter.com\/hu\/wp-json\/wp\/v2\/product_tag?post=16436"}],"curies":[{"name":"wp","href":"https:\/\/api.w.org\/{rel}","templated":true}]}}