{"id":15575,"date":"2017-03-13T17:33:12","date_gmt":"2017-03-13T16:33:12","guid":{"rendered":"https:\/\/dangate.dk.prolinux4.curanetserver.dk\/lucky-hunter\/produkt\/avian-x-pibeand-europaeisk\/"},"modified":"2025-10-02T03:56:04","modified_gmt":"2025-10-02T01:56:04","slug":"avian-x-wigeon-european","status":"publish","type":"product","link":"https:\/\/staging.lucky-hunter.com\/hu\/product\/avian-x-wigeon-european\/","title":{"rendered":"Avian-X Wigeon (European)"},"content":{"rendered":"<div class=\"video video-fit mb\" style=\"padding-top:56.25%;\"><p><iframe width=\"1020\" height=\"574\" src=\"https:\/\/www.youtube.com\/embed\/XZEnZ3JFDiU?wmode=transparent&amp;rel=0&amp;feature=oembed\" frameborder=\"0\" allowfullscreen><\/iframe><\/p>\n<\/div>\n<div class=\"container section-title-container\" ><h2 class=\"section-title section-title-normal\"><b><\/b><span class=\"section-title-main\" >Unmatched decoys from avian-X<\/span><b><\/b><\/h2><\/div>\n<p>American Avian-X sets new standards for design of decoys, so your duck hunting becomes an even greater experience.<\/p>\n<div class=\"container section-title-container\" ><h3 class=\"section-title section-title-normal\"><b><\/b><span class=\"section-title-main\" >Sold in packs of 6 decoys<\/span><b><\/b><\/h3><\/div>\n\t<div class=\"img has-hover x md-x lg-x y md-y lg-y\" id=\"image_1176331294\">\n\t\t\t\t\t\t\t\t<div class=\"img-inner dark\" >\n\t\t\t<img decoding=\"async\" width=\"1600\" height=\"600\" src=\"https:\/\/staging.lucky-hunter.com\/wp-content\/uploads\/2019\/03\/LF-335-avian-x-decoy-display.png\" class=\"attachment-large size-large\" alt=\"\" srcset=\"https:\/\/staging.lucky-hunter.com\/wp-content\/uploads\/2019\/03\/LF-335-avian-x-decoy-display.png 1600w, https:\/\/staging.lucky-hunter.com\/wp-content\/uploads\/2019\/03\/LF-335-avian-x-decoy-display-768x288.png 768w, https:\/\/staging.lucky-hunter.com\/wp-content\/uploads\/2019\/03\/LF-335-avian-x-decoy-display-300x113.png 300w, https:\/\/staging.lucky-hunter.com\/wp-content\/uploads\/2019\/03\/LF-335-avian-x-decoy-display-1536x576.png 1536w, https:\/\/staging.lucky-hunter.com\/wp-content\/uploads\/2019\/03\/LF-335-avian-x-decoy-display-1000x375.png 1000w\" sizes=\"(max-width: 1600px) 100vw, 1600px\" \/>\t\t\t\t\t\t\n\t\t\t\t\t<\/div>\n\t\t\t\t\t\t\t\t\n<style>\n#image_1176331294 {\n  width: 100%;\n}\n<\/style>\n\t<\/div>\n\t\n<div class=\"row\"  id=\"row-413299772\">\n\n\t<div id=\"col-1636339624\" class=\"col medium-4 small-12 large-4\"  >\n\t\t\t\t<div class=\"col-inner\"  >\n\t\t\t\n\t\t\t\n<p style=\"text-align: center;\">2x Drakes head low<\/p>\n\t\t<\/div>\n\t\t\t\t\t<\/div>\n\n\t\n\n\t<div id=\"col-392004511\" class=\"col medium-4 small-12 large-4\"  >\n\t\t\t\t<div class=\"col-inner\"  >\n\t\t\t\n\t\t\t\n<p style=\"text-align: center;\">2x Drakes head up<\/p>\n\t\t<\/div>\n\t\t\t\t\t<\/div>\n\n\t\n\n\t<div id=\"col-1911085957\" class=\"col medium-4 small-12 large-4\"  >\n\t\t\t\t<div class=\"col-inner\"  >\n\t\t\t\n\t\t\t\n<p style=\"text-align: center;\">2x Hens head up<\/p>\n\t\t<\/div>\n\t\t\t\t\t<\/div>\n\n\t\n<\/div>\n<p>The decoys have a specially-designed weighted keel. Even at low wind conditions, these will swim naturally due to this special weighted technology. These will even perform well under low wind conditions.<\/p>\n<p>The decoys are oversized for extra visibility. Measure from chest to tail is about 36.83 cm.<\/p>\n<p>Avian-X decoys are made of a softer plastic material, which ensures that the paint does not crack and lasts for years.<\/p>\n<p>Created by World Champion decoy carver, Rick Johannsen and his team.<\/p>\n","protected":false},"excerpt":{"rendered":"<p>New for the autumn duck hunting season. American Avian-X sets new standards for the design of decoys so your duck hunting becomes an even greater experience.<\/p>\n","protected":false},"featured_media":22456,"template":"","meta":[],"product_brand":[110],"product_cat":[8026],"product_tag":[9147],"yoast_head":"<!-- This site is optimized with the Yoast SEO plugin v24.3 - https:\/\/yoast.com\/wordpress\/plugins\/seo\/ -->\n<title>Avian-X Wigeon (European) High Quality Decoys | Lucky Hunter<\/title>\n<meta name=\"description\" content=\"Oversized for visibility. Avian-X Wigeon (European) decoys are perfect for those autumn duck hunts. In the high quality you would expect from Avian-X.\" \/>\n<meta name=\"robots\" content=\"noindex, follow, max-snippet:-1, max-image-preview:large, max-video-preview:-1\" \/>\n<meta property=\"og:locale\" content=\"hu_HU\" \/>\n<meta property=\"og:type\" content=\"article\" \/>\n<meta property=\"og:title\" content=\"Avian-X Widgeon (European) High Quality Decoys | Lucky Hunter\" \/>\n<meta property=\"og:description\" content=\"Oversized for visibility. Avian-X Widgeon (European) decoys are perfect for those autumn duck hunts. In the high quality you would expect from Avian-X.\" \/>\n<meta property=\"og:url\" content=\"https:\/\/staging.lucky-hunter.com\/it\/product\/avian-x-wigeon-european\/\" \/>\n<meta property=\"og:site_name\" content=\"Lucky-Hunter\" \/>\n<meta property=\"article:modified_time\" content=\"2025-10-02T01:56:04+00:00\" \/>\n<meta property=\"og:image\" content=\"https:\/\/staging.lucky-hunter.com\/wp-content\/uploads\/2017\/03\/LF-335-thumbnail.png\" \/>\n\t<meta property=\"og:image:width\" content=\"1000\" \/>\n\t<meta property=\"og:image:height\" content=\"1000\" \/>\n\t<meta property=\"og:image:type\" content=\"image\/png\" \/>\n<meta name=\"twitter:card\" content=\"summary_large_image\" \/>\n<meta name=\"twitter:title\" content=\"Avian-X Widgeon (European) High Quality Decoys | Lucky Hunter\" \/>\n<meta name=\"twitter:description\" content=\"Oversized for visibility. Avian-X Widgeon (European) decoys are perfect for those autumn duck hunts. In the high quality you would expect from Avian-X.\" \/>\n<meta name=\"twitter:label1\" content=\"Becs\u00fclt olvas\u00e1si id\u0151\" \/>\n\t<meta name=\"twitter:data1\" content=\"1 perc\" \/>\n<script type=\"application\/ld+json\" class=\"yoast-schema-graph\">{\"@context\":\"https:\/\/schema.org\",\"@graph\":[{\"@type\":\"WebPage\",\"@id\":\"https:\/\/staging.lucky-hunter.com\/it\/product\/avian-x-wigeon-european\/\",\"url\":\"https:\/\/staging.lucky-hunter.com\/it\/product\/avian-x-wigeon-european\/\",\"name\":\"Avian-X Wigeon (European) High Quality Decoys | Lucky Hunter\",\"isPartOf\":{\"@id\":\"https:\/\/staging.lucky-hunter.com\/#website\"},\"primaryImageOfPage\":{\"@id\":\"https:\/\/staging.lucky-hunter.com\/it\/product\/avian-x-wigeon-european\/#primaryimage\"},\"image\":{\"@id\":\"https:\/\/staging.lucky-hunter.com\/it\/product\/avian-x-wigeon-european\/#primaryimage\"},\"thumbnailUrl\":\"https:\/\/staging.lucky-hunter.com\/wp-content\/uploads\/2017\/03\/LF-335-thumbnail.png\",\"datePublished\":\"2017-03-13T16:33:12+00:00\",\"dateModified\":\"2025-10-02T01:56:04+00:00\",\"description\":\"Oversized for visibility. Avian-X Wigeon (European) decoys are perfect for those autumn duck hunts. In the high quality you would expect from Avian-X.\",\"breadcrumb\":{\"@id\":\"https:\/\/staging.lucky-hunter.com\/it\/product\/avian-x-wigeon-european\/#breadcrumb\"},\"inLanguage\":\"hu\",\"potentialAction\":[{\"@type\":\"ReadAction\",\"target\":[\"https:\/\/staging.lucky-hunter.com\/it\/product\/avian-x-wigeon-european\/\"]}]},{\"@type\":\"ImageObject\",\"inLanguage\":\"hu\",\"@id\":\"https:\/\/staging.lucky-hunter.com\/it\/product\/avian-x-wigeon-european\/#primaryimage\",\"url\":\"https:\/\/staging.lucky-hunter.com\/wp-content\/uploads\/2017\/03\/LF-335-thumbnail.png\",\"contentUrl\":\"https:\/\/staging.lucky-hunter.com\/wp-content\/uploads\/2017\/03\/LF-335-thumbnail.png\",\"width\":1000,\"height\":1000,\"caption\":\"Avian-X Widgeon (European) - widgeon duck decoys for your next wildfowling trip\"},{\"@type\":\"BreadcrumbList\",\"@id\":\"https:\/\/staging.lucky-hunter.com\/it\/product\/avian-x-wigeon-european\/#breadcrumb\",\"itemListElement\":[{\"@type\":\"ListItem\",\"position\":1,\"name\":\"Home\",\"item\":\"https:\/\/staging.lucky-hunter.com\/hu\/\"},{\"@type\":\"ListItem\",\"position\":2,\"name\":\"Shop\",\"item\":\"https:\/\/staging.lucky-hunter.com\/hu\/shop\/\"},{\"@type\":\"ListItem\",\"position\":3,\"name\":\"Avian-X Wigeon (European)\"}]},{\"@type\":\"WebSite\",\"@id\":\"https:\/\/staging.lucky-hunter.com\/#website\",\"url\":\"https:\/\/staging.lucky-hunter.com\/\",\"name\":\"Lucky-Hunter\",\"description\":\"Gear Up or Give Up\",\"potentialAction\":[{\"@type\":\"SearchAction\",\"target\":{\"@type\":\"EntryPoint\",\"urlTemplate\":\"https:\/\/staging.lucky-hunter.com\/?s={search_term_string}\"},\"query-input\":{\"@type\":\"PropertyValueSpecification\",\"valueRequired\":true,\"valueName\":\"search_term_string\"}}],\"inLanguage\":\"hu\"}]}<\/script>\n<!-- \/ Yoast SEO plugin. -->","yoast_head_json":{"title":"Avian-X Wigeon (European) High Quality Decoys | Lucky Hunter","description":"Oversized for visibility. Avian-X Wigeon (European) decoys are perfect for those autumn duck hunts. In the high quality you would expect from Avian-X.","robots":{"index":"noindex","follow":"follow","max-snippet":"max-snippet:-1","max-image-preview":"max-image-preview:large","max-video-preview":"max-video-preview:-1"},"og_locale":"hu_HU","og_type":"article","og_title":"Avian-X Widgeon (European) High Quality Decoys | Lucky Hunter","og_description":"Oversized for visibility. Avian-X Widgeon (European) decoys are perfect for those autumn duck hunts. In the high quality you would expect from Avian-X.","og_url":"https:\/\/staging.lucky-hunter.com\/it\/product\/avian-x-wigeon-european\/","og_site_name":"Lucky-Hunter","article_modified_time":"2025-10-02T01:56:04+00:00","og_image":[{"width":1000,"height":1000,"url":"https:\/\/staging.lucky-hunter.com\/wp-content\/uploads\/2017\/03\/LF-335-thumbnail.png","type":"image\/png"}],"twitter_card":"summary_large_image","twitter_title":"Avian-X Widgeon (European) High Quality Decoys | Lucky Hunter","twitter_description":"Oversized for visibility. Avian-X Widgeon (European) decoys are perfect for those autumn duck hunts. In the high quality you would expect from Avian-X.","twitter_misc":{"Becs\u00fclt olvas\u00e1si id\u0151":"1 perc"},"schema":{"@context":"https:\/\/schema.org","@graph":[{"@type":"WebPage","@id":"https:\/\/staging.lucky-hunter.com\/it\/product\/avian-x-wigeon-european\/","url":"https:\/\/staging.lucky-hunter.com\/it\/product\/avian-x-wigeon-european\/","name":"Avian-X Wigeon (European) High Quality Decoys | Lucky Hunter","isPartOf":{"@id":"https:\/\/staging.lucky-hunter.com\/#website"},"primaryImageOfPage":{"@id":"https:\/\/staging.lucky-hunter.com\/it\/product\/avian-x-wigeon-european\/#primaryimage"},"image":{"@id":"https:\/\/staging.lucky-hunter.com\/it\/product\/avian-x-wigeon-european\/#primaryimage"},"thumbnailUrl":"https:\/\/staging.lucky-hunter.com\/wp-content\/uploads\/2017\/03\/LF-335-thumbnail.png","datePublished":"2017-03-13T16:33:12+00:00","dateModified":"2025-10-02T01:56:04+00:00","description":"Oversized for visibility. Avian-X Wigeon (European) decoys are perfect for those autumn duck hunts. In the high quality you would expect from Avian-X.","breadcrumb":{"@id":"https:\/\/staging.lucky-hunter.com\/it\/product\/avian-x-wigeon-european\/#breadcrumb"},"inLanguage":"hu","potentialAction":[{"@type":"ReadAction","target":["https:\/\/staging.lucky-hunter.com\/it\/product\/avian-x-wigeon-european\/"]}]},{"@type":"ImageObject","inLanguage":"hu","@id":"https:\/\/staging.lucky-hunter.com\/it\/product\/avian-x-wigeon-european\/#primaryimage","url":"https:\/\/staging.lucky-hunter.com\/wp-content\/uploads\/2017\/03\/LF-335-thumbnail.png","contentUrl":"https:\/\/staging.lucky-hunter.com\/wp-content\/uploads\/2017\/03\/LF-335-thumbnail.png","width":1000,"height":1000,"caption":"Avian-X Widgeon (European) - widgeon duck decoys for your next wildfowling trip"},{"@type":"BreadcrumbList","@id":"https:\/\/staging.lucky-hunter.com\/it\/product\/avian-x-wigeon-european\/#breadcrumb","itemListElement":[{"@type":"ListItem","position":1,"name":"Home","item":"https:\/\/staging.lucky-hunter.com\/hu\/"},{"@type":"ListItem","position":2,"name":"Shop","item":"https:\/\/staging.lucky-hunter.com\/hu\/shop\/"},{"@type":"ListItem","position":3,"name":"Avian-X Wigeon (European)"}]},{"@type":"WebSite","@id":"https:\/\/staging.lucky-hunter.com\/#website","url":"https:\/\/staging.lucky-hunter.com\/","name":"Lucky-Hunter","description":"Gear Up or Give Up","potentialAction":[{"@type":"SearchAction","target":{"@type":"EntryPoint","urlTemplate":"https:\/\/staging.lucky-hunter.com\/?s={search_term_string}"},"query-input":{"@type":"PropertyValueSpecification","valueRequired":true,"valueName":"search_term_string"}}],"inLanguage":"hu"}]}},"_links":{"self":[{"href":"https:\/\/staging.lucky-hunter.com\/hu\/wp-json\/wp\/v2\/product\/15575"}],"collection":[{"href":"https:\/\/staging.lucky-hunter.com\/hu\/wp-json\/wp\/v2\/product"}],"about":[{"href":"https:\/\/staging.lucky-hunter.com\/hu\/wp-json\/wp\/v2\/types\/product"}],"wp:featuredmedia":[{"embeddable":true,"href":"https:\/\/staging.lucky-hunter.com\/hu\/wp-json\/wp\/v2\/media\/22456"}],"wp:attachment":[{"href":"https:\/\/staging.lucky-hunter.com\/hu\/wp-json\/wp\/v2\/media?parent=15575"}],"wp:term":[{"taxonomy":"product_brand","embeddable":true,"href":"https:\/\/staging.lucky-hunter.com\/hu\/wp-json\/wp\/v2\/product_brand?post=15575"},{"taxonomy":"product_cat","embeddable":true,"href":"https:\/\/staging.lucky-hunter.com\/hu\/wp-json\/wp\/v2\/product_cat?post=15575"},{"taxonomy":"product_tag","embeddable":true,"href":"https:\/\/staging.lucky-hunter.com\/hu\/wp-json\/wp\/v2\/product_tag?post=15575"}],"curies":[{"name":"wp","href":"https:\/\/api.w.org\/{rel}","templated":true}]}}