{"id":15570,"date":"2017-03-13T17:15:22","date_gmt":"2017-03-13T16:15:22","guid":{"rendered":"https:\/\/dangate.dk.prolinux4.curanetserver.dk\/lucky-hunter\/produkt\/avian-x-graaaender-early-season\/"},"modified":"2025-10-02T03:54:23","modified_gmt":"2025-10-02T01:54:23","slug":"early-season-avian-x-mallards","status":"publish","type":"product","link":"https:\/\/staging.lucky-hunter.com\/hu\/product\/early-season-avian-x-mallards\/","title":{"rendered":"Avian-X Topflight Mallards Early Season Series"},"content":{"rendered":"<p><iframe title=\"Closer Look: Avian-X Early Season\" width=\"1020\" height=\"574\" src=\"https:\/\/www.youtube.com\/embed\/L7nSyZ_Enno?wmode=transparent&amp;rel=0&amp;feature=oembed&#038;enablejsapi=1&#038;origin=https:\/\/staging.lucky-hunter.com\" frameborder=\"0\" allow=\"accelerometer; autoplay; clipboard-write; encrypted-media; gyroscope; picture-in-picture\" allowfullscreen><\/iframe><\/p>\n<h2><strong>Early Season Avian-X Mallards &#8211; decoys so good your friends will envy you!<\/strong><\/h2>\n<p>American Avian-X sets new standards for the design of decoys so your duck hunting becomes an even greater experience.<\/p>\n<p>From the new Early Season series, these are a set of 6 floating mallards where the green colouring of the drake is not yet fully developed.<\/p>\n<p><strong>Sold in packs with 6:<\/strong><\/p>\n<ul>\n<li>Hen feeder x1<\/li>\n<li>Drake feeder x1<\/li>\n<li>Drake swimmer x2<\/li>\n<li>Hen swimmer x1<\/li>\n<li>Drake head up x1<\/li>\n<\/ul>\n<p>The decoys have a specially-designed weighted keel. Even at low wind conditions, these will swim naturally due to this special weighted technology. These will even perform well under low wind conditions.<\/p>\n<p>The decoys are oversized for extra visibility. Measure from chest to tail is about 36.83 cm.<\/p>\n<p>Made of a softer material, these Avian-X decoys are designed so the paint will not crack and they will last for years. Therefore, you can continue to grow your decoy flock year after year.<\/p>\n<p>Created by World Champion decoy carver, Rick Johannsen and his team.<\/p>\n<p>&nbsp;<\/p>\n","protected":false},"excerpt":{"rendered":"<p>From the new Avian-X Early Season series here are a set of 6 floating mallards where the drakes green color is not fully colored.<\/p>\n","protected":false},"featured_media":19340,"template":"","meta":[],"product_brand":[110],"product_cat":[8024],"product_tag":[9147],"yoast_head":"<!-- This site is optimized with the Yoast SEO plugin v24.3 - https:\/\/yoast.com\/wordpress\/plugins\/seo\/ -->\n<title>Early Season Avian-X Mallards - Get the Upper Hand | Lucky Hunter<\/title>\n<meta name=\"description\" content=\"Start your hunting early! Early Season Avian-X Mallards are perfect to get the upper hand on your hunting friends. High quality, long lasting decoys.\" \/>\n<meta name=\"robots\" content=\"noindex, follow, max-snippet:-1, max-image-preview:large, max-video-preview:-1\" \/>\n<meta property=\"og:locale\" content=\"hu_HU\" \/>\n<meta property=\"og:type\" content=\"article\" \/>\n<meta property=\"og:title\" content=\"Early Season Avian-X Mallards - Get the Upper Hand | Lucky Hunter\" \/>\n<meta property=\"og:description\" content=\"Start your hunting early! Early Season Avian-X Mallards are perfect to get the upper hand on your hunting friends. High quality, long lasting decoys.\" \/>\n<meta property=\"og:url\" content=\"https:\/\/staging.lucky-hunter.com\/product\/early-season-avian-x-mallards\/\" \/>\n<meta property=\"og:site_name\" content=\"Lucky-Hunter\" \/>\n<meta property=\"article:modified_time\" content=\"2025-10-02T01:54:23+00:00\" \/>\n<meta property=\"og:image\" content=\"https:\/\/staging.lucky-hunter.com\/wp-content\/uploads\/2017\/03\/lf-307-1.png\" \/>\n\t<meta property=\"og:image:width\" content=\"1000\" \/>\n\t<meta property=\"og:image:height\" content=\"1000\" \/>\n\t<meta property=\"og:image:type\" content=\"image\/png\" \/>\n<meta name=\"twitter:card\" content=\"summary_large_image\" \/>\n<meta name=\"twitter:title\" content=\"Early Season Avian-X Mallards - Get the Upper Hand | Lucky Hunter\" \/>\n<meta name=\"twitter:description\" content=\"Start your hunting early! Early Season Avian-X Mallards are perfect to get the upper hand on your hunting friends. High quality, long lasting decoys.\" \/>\n<meta name=\"twitter:label1\" content=\"Becs\u00fclt olvas\u00e1si id\u0151\" \/>\n\t<meta name=\"twitter:data1\" content=\"1 perc\" \/>\n<script type=\"application\/ld+json\" class=\"yoast-schema-graph\">{\"@context\":\"https:\/\/schema.org\",\"@graph\":[{\"@type\":\"WebPage\",\"@id\":\"https:\/\/staging.lucky-hunter.com\/product\/early-season-avian-x-mallards\/\",\"url\":\"https:\/\/staging.lucky-hunter.com\/product\/early-season-avian-x-mallards\/\",\"name\":\"Early Season Avian-X Mallards - Get the Upper Hand | Lucky Hunter\",\"isPartOf\":{\"@id\":\"https:\/\/staging.lucky-hunter.com\/#website\"},\"primaryImageOfPage\":{\"@id\":\"https:\/\/staging.lucky-hunter.com\/product\/early-season-avian-x-mallards\/#primaryimage\"},\"image\":{\"@id\":\"https:\/\/staging.lucky-hunter.com\/product\/early-season-avian-x-mallards\/#primaryimage\"},\"thumbnailUrl\":\"https:\/\/staging.lucky-hunter.com\/wp-content\/uploads\/2017\/03\/lf-307-1.png\",\"datePublished\":\"2017-03-13T16:15:22+00:00\",\"dateModified\":\"2025-10-02T01:54:23+00:00\",\"description\":\"Start your hunting early! Early Season Avian-X Mallards are perfect to get the upper hand on your hunting friends. High quality, long lasting decoys.\",\"breadcrumb\":{\"@id\":\"https:\/\/staging.lucky-hunter.com\/product\/early-season-avian-x-mallards\/#breadcrumb\"},\"inLanguage\":\"hu\",\"potentialAction\":[{\"@type\":\"ReadAction\",\"target\":[\"https:\/\/staging.lucky-hunter.com\/product\/early-season-avian-x-mallards\/\"]}]},{\"@type\":\"ImageObject\",\"inLanguage\":\"hu\",\"@id\":\"https:\/\/staging.lucky-hunter.com\/product\/early-season-avian-x-mallards\/#primaryimage\",\"url\":\"https:\/\/staging.lucky-hunter.com\/wp-content\/uploads\/2017\/03\/lf-307-1.png\",\"contentUrl\":\"https:\/\/staging.lucky-hunter.com\/wp-content\/uploads\/2017\/03\/lf-307-1.png\",\"width\":1000,\"height\":1000,\"caption\":\"Image of the Early Season Avian-X Mallards\"},{\"@type\":\"BreadcrumbList\",\"@id\":\"https:\/\/staging.lucky-hunter.com\/product\/early-season-avian-x-mallards\/#breadcrumb\",\"itemListElement\":[{\"@type\":\"ListItem\",\"position\":1,\"name\":\"Home\",\"item\":\"https:\/\/staging.lucky-hunter.com\/hu\/\"},{\"@type\":\"ListItem\",\"position\":2,\"name\":\"Shop\",\"item\":\"https:\/\/staging.lucky-hunter.com\/hu\/shop\/\"},{\"@type\":\"ListItem\",\"position\":3,\"name\":\"Avian-X Topflight Mallards Early Season Series\"}]},{\"@type\":\"WebSite\",\"@id\":\"https:\/\/staging.lucky-hunter.com\/#website\",\"url\":\"https:\/\/staging.lucky-hunter.com\/\",\"name\":\"Lucky-Hunter\",\"description\":\"Gear Up or Give Up\",\"potentialAction\":[{\"@type\":\"SearchAction\",\"target\":{\"@type\":\"EntryPoint\",\"urlTemplate\":\"https:\/\/staging.lucky-hunter.com\/?s={search_term_string}\"},\"query-input\":{\"@type\":\"PropertyValueSpecification\",\"valueRequired\":true,\"valueName\":\"search_term_string\"}}],\"inLanguage\":\"hu\"}]}<\/script>\n<!-- \/ Yoast SEO plugin. -->","yoast_head_json":{"title":"Early Season Avian-X Mallards - Get the Upper Hand | Lucky Hunter","description":"Start your hunting early! Early Season Avian-X Mallards are perfect to get the upper hand on your hunting friends. High quality, long lasting decoys.","robots":{"index":"noindex","follow":"follow","max-snippet":"max-snippet:-1","max-image-preview":"max-image-preview:large","max-video-preview":"max-video-preview:-1"},"og_locale":"hu_HU","og_type":"article","og_title":"Early Season Avian-X Mallards - Get the Upper Hand | Lucky Hunter","og_description":"Start your hunting early! Early Season Avian-X Mallards are perfect to get the upper hand on your hunting friends. High quality, long lasting decoys.","og_url":"https:\/\/staging.lucky-hunter.com\/product\/early-season-avian-x-mallards\/","og_site_name":"Lucky-Hunter","article_modified_time":"2025-10-02T01:54:23+00:00","og_image":[{"width":1000,"height":1000,"url":"https:\/\/staging.lucky-hunter.com\/wp-content\/uploads\/2017\/03\/lf-307-1.png","type":"image\/png"}],"twitter_card":"summary_large_image","twitter_title":"Early Season Avian-X Mallards - Get the Upper Hand | Lucky Hunter","twitter_description":"Start your hunting early! Early Season Avian-X Mallards are perfect to get the upper hand on your hunting friends. High quality, long lasting decoys.","twitter_misc":{"Becs\u00fclt olvas\u00e1si id\u0151":"1 perc"},"schema":{"@context":"https:\/\/schema.org","@graph":[{"@type":"WebPage","@id":"https:\/\/staging.lucky-hunter.com\/product\/early-season-avian-x-mallards\/","url":"https:\/\/staging.lucky-hunter.com\/product\/early-season-avian-x-mallards\/","name":"Early Season Avian-X Mallards - Get the Upper Hand | Lucky Hunter","isPartOf":{"@id":"https:\/\/staging.lucky-hunter.com\/#website"},"primaryImageOfPage":{"@id":"https:\/\/staging.lucky-hunter.com\/product\/early-season-avian-x-mallards\/#primaryimage"},"image":{"@id":"https:\/\/staging.lucky-hunter.com\/product\/early-season-avian-x-mallards\/#primaryimage"},"thumbnailUrl":"https:\/\/staging.lucky-hunter.com\/wp-content\/uploads\/2017\/03\/lf-307-1.png","datePublished":"2017-03-13T16:15:22+00:00","dateModified":"2025-10-02T01:54:23+00:00","description":"Start your hunting early! Early Season Avian-X Mallards are perfect to get the upper hand on your hunting friends. High quality, long lasting decoys.","breadcrumb":{"@id":"https:\/\/staging.lucky-hunter.com\/product\/early-season-avian-x-mallards\/#breadcrumb"},"inLanguage":"hu","potentialAction":[{"@type":"ReadAction","target":["https:\/\/staging.lucky-hunter.com\/product\/early-season-avian-x-mallards\/"]}]},{"@type":"ImageObject","inLanguage":"hu","@id":"https:\/\/staging.lucky-hunter.com\/product\/early-season-avian-x-mallards\/#primaryimage","url":"https:\/\/staging.lucky-hunter.com\/wp-content\/uploads\/2017\/03\/lf-307-1.png","contentUrl":"https:\/\/staging.lucky-hunter.com\/wp-content\/uploads\/2017\/03\/lf-307-1.png","width":1000,"height":1000,"caption":"Image of the Early Season Avian-X Mallards"},{"@type":"BreadcrumbList","@id":"https:\/\/staging.lucky-hunter.com\/product\/early-season-avian-x-mallards\/#breadcrumb","itemListElement":[{"@type":"ListItem","position":1,"name":"Home","item":"https:\/\/staging.lucky-hunter.com\/hu\/"},{"@type":"ListItem","position":2,"name":"Shop","item":"https:\/\/staging.lucky-hunter.com\/hu\/shop\/"},{"@type":"ListItem","position":3,"name":"Avian-X Topflight Mallards Early Season Series"}]},{"@type":"WebSite","@id":"https:\/\/staging.lucky-hunter.com\/#website","url":"https:\/\/staging.lucky-hunter.com\/","name":"Lucky-Hunter","description":"Gear Up or Give Up","potentialAction":[{"@type":"SearchAction","target":{"@type":"EntryPoint","urlTemplate":"https:\/\/staging.lucky-hunter.com\/?s={search_term_string}"},"query-input":{"@type":"PropertyValueSpecification","valueRequired":true,"valueName":"search_term_string"}}],"inLanguage":"hu"}]}},"_links":{"self":[{"href":"https:\/\/staging.lucky-hunter.com\/hu\/wp-json\/wp\/v2\/product\/15570"}],"collection":[{"href":"https:\/\/staging.lucky-hunter.com\/hu\/wp-json\/wp\/v2\/product"}],"about":[{"href":"https:\/\/staging.lucky-hunter.com\/hu\/wp-json\/wp\/v2\/types\/product"}],"wp:featuredmedia":[{"embeddable":true,"href":"https:\/\/staging.lucky-hunter.com\/hu\/wp-json\/wp\/v2\/media\/19340"}],"wp:attachment":[{"href":"https:\/\/staging.lucky-hunter.com\/hu\/wp-json\/wp\/v2\/media?parent=15570"}],"wp:term":[{"taxonomy":"product_brand","embeddable":true,"href":"https:\/\/staging.lucky-hunter.com\/hu\/wp-json\/wp\/v2\/product_brand?post=15570"},{"taxonomy":"product_cat","embeddable":true,"href":"https:\/\/staging.lucky-hunter.com\/hu\/wp-json\/wp\/v2\/product_cat?post=15570"},{"taxonomy":"product_tag","embeddable":true,"href":"https:\/\/staging.lucky-hunter.com\/hu\/wp-json\/wp\/v2\/product_tag?post=15570"}],"curies":[{"name":"wp","href":"https:\/\/api.w.org\/{rel}","templated":true}]}}