{"id":1551369,"date":"2025-09-30T14:54:43","date_gmt":"2025-09-30T12:54:43","guid":{"rendered":"https:\/\/staging.lucky-hunter.com\/?post_type=product&#038;p=1551369"},"modified":"2025-10-02T06:46:18","modified_gmt":"2025-10-02T04:46:18","slug":"marten-attractant-gel-250ml-tin-eurohunt","status":"publish","type":"product","link":"https:\/\/staging.lucky-hunter.com\/hu\/product\/marten-attractant-gel-250ml-tin-eurohunt\/","title":{"rendered":"Marten attractant gel 250ml tin &#8211; Eurohunt"},"content":{"rendered":"<h2><strong>Specially developed attractant for martens, foxes and small rodents<\/strong><\/h2>\n<div>It is recommended to combine the attractant (a portion the size of a plum) with suitable food.<\/div>\n<div><\/div>\n<div>The attractant is ready to use and a pair of gloves are included to shape the gel into a plum-sized portion.<\/div>\n<div><\/div>\n<div>It is an attractant and not a marten poison &#8211; it therefore contains no toxic ingredients.<\/div>\n<div><\/div>\n<div>Made in Germany and meets German quality standards.<\/div>\n<div><\/div>\n<div>Contains anethole which can cause allergic reactions on contact with the skin.<\/div>\n<div><\/div>\n<div>Supplied in a practical tin of 250 grams.<\/div>\n","protected":false},"excerpt":{"rendered":"<p>Specially developed attractant for martens, foxes and small rodents. It is recommended to combine the attractant with suitable food.<\/p>\n","protected":false},"featured_media":1551375,"template":"","meta":[],"product_brand":[50],"product_cat":[8681],"product_tag":[],"yoast_head":"<!-- This site is optimized with the Yoast SEO plugin v24.3 - https:\/\/yoast.com\/wordpress\/plugins\/seo\/ -->\n<title>Marten attractant gel 250ml tin - Eurohunt - Lucky-Hunter<\/title>\n<meta name=\"description\" content=\"Specially developed attractant for martens, foxes and small rodents. It is recommended to combine the attractant with suitable food.\" \/>\n<meta name=\"robots\" content=\"noindex, follow, max-snippet:-1, max-image-preview:large, max-video-preview:-1\" \/>\n<meta property=\"og:locale\" content=\"hu_HU\" \/>\n<meta property=\"og:type\" content=\"article\" \/>\n<meta property=\"og:title\" content=\"Marten attractant gel 250ml tin - Eurohunt - Lucky-Hunter\" \/>\n<meta property=\"og:description\" content=\"Specially developed attractant for martens, foxes and small rodents. It is recommended to combine the attractant with suitable food.\" \/>\n<meta property=\"og:url\" content=\"https:\/\/staging.lucky-hunter.com\/product\/marten-attractant-gel-250ml-tin-eurohunt\/\" \/>\n<meta property=\"og:site_name\" content=\"Lucky-Hunter\" \/>\n<meta property=\"article:modified_time\" content=\"2025-10-02T04:46:18+00:00\" \/>\n<meta property=\"og:image\" content=\"https:\/\/staging.lucky-hunter.com\/wp-content\/uploads\/2025\/09\/590298-removebg-e1759236871911.png\" \/>\n\t<meta property=\"og:image:width\" content=\"1000\" \/>\n\t<meta property=\"og:image:height\" content=\"1000\" \/>\n\t<meta property=\"og:image:type\" content=\"image\/png\" \/>\n<meta name=\"twitter:card\" content=\"summary_large_image\" \/>\n<meta name=\"twitter:label1\" content=\"Becs\u00fclt olvas\u00e1si id\u0151\" \/>\n\t<meta name=\"twitter:data1\" content=\"1 perc\" \/>\n<script type=\"application\/ld+json\" class=\"yoast-schema-graph\">{\"@context\":\"https:\/\/schema.org\",\"@graph\":[{\"@type\":\"WebPage\",\"@id\":\"https:\/\/staging.lucky-hunter.com\/product\/marten-attractant-gel-250ml-tin-eurohunt\/\",\"url\":\"https:\/\/staging.lucky-hunter.com\/product\/marten-attractant-gel-250ml-tin-eurohunt\/\",\"name\":\"Marten attractant gel 250ml tin - Eurohunt - Lucky-Hunter\",\"isPartOf\":{\"@id\":\"https:\/\/staging.lucky-hunter.com\/#website\"},\"primaryImageOfPage\":{\"@id\":\"https:\/\/staging.lucky-hunter.com\/product\/marten-attractant-gel-250ml-tin-eurohunt\/#primaryimage\"},\"image\":{\"@id\":\"https:\/\/staging.lucky-hunter.com\/product\/marten-attractant-gel-250ml-tin-eurohunt\/#primaryimage\"},\"thumbnailUrl\":\"https:\/\/staging.lucky-hunter.com\/wp-content\/uploads\/2025\/09\/590298-removebg-e1759236871911.png\",\"datePublished\":\"2025-09-30T12:54:43+00:00\",\"dateModified\":\"2025-10-02T04:46:18+00:00\",\"description\":\"Specially developed attractant for martens, foxes and small rodents. It is recommended to combine the attractant with suitable food.\",\"breadcrumb\":{\"@id\":\"https:\/\/staging.lucky-hunter.com\/product\/marten-attractant-gel-250ml-tin-eurohunt\/#breadcrumb\"},\"inLanguage\":\"hu\",\"potentialAction\":[{\"@type\":\"ReadAction\",\"target\":[\"https:\/\/staging.lucky-hunter.com\/product\/marten-attractant-gel-250ml-tin-eurohunt\/\"]}]},{\"@type\":\"ImageObject\",\"inLanguage\":\"hu\",\"@id\":\"https:\/\/staging.lucky-hunter.com\/product\/marten-attractant-gel-250ml-tin-eurohunt\/#primaryimage\",\"url\":\"https:\/\/staging.lucky-hunter.com\/wp-content\/uploads\/2025\/09\/590298-removebg-e1759236871911.png\",\"contentUrl\":\"https:\/\/staging.lucky-hunter.com\/wp-content\/uploads\/2025\/09\/590298-removebg-e1759236871911.png\",\"width\":1000,\"height\":1000},{\"@type\":\"BreadcrumbList\",\"@id\":\"https:\/\/staging.lucky-hunter.com\/product\/marten-attractant-gel-250ml-tin-eurohunt\/#breadcrumb\",\"itemListElement\":[{\"@type\":\"ListItem\",\"position\":1,\"name\":\"Home\",\"item\":\"https:\/\/staging.lucky-hunter.com\/hu\/\"},{\"@type\":\"ListItem\",\"position\":2,\"name\":\"Shop\",\"item\":\"https:\/\/staging.lucky-hunter.com\/hu\/shop\/\"},{\"@type\":\"ListItem\",\"position\":3,\"name\":\"Marten attractant gel 250ml tin &#8211; Eurohunt\"}]},{\"@type\":\"WebSite\",\"@id\":\"https:\/\/staging.lucky-hunter.com\/#website\",\"url\":\"https:\/\/staging.lucky-hunter.com\/\",\"name\":\"Lucky-Hunter\",\"description\":\"Gear Up or Give Up\",\"potentialAction\":[{\"@type\":\"SearchAction\",\"target\":{\"@type\":\"EntryPoint\",\"urlTemplate\":\"https:\/\/staging.lucky-hunter.com\/?s={search_term_string}\"},\"query-input\":{\"@type\":\"PropertyValueSpecification\",\"valueRequired\":true,\"valueName\":\"search_term_string\"}}],\"inLanguage\":\"hu\"}]}<\/script>\n<!-- \/ Yoast SEO plugin. -->","yoast_head_json":{"title":"Marten attractant gel 250ml tin - Eurohunt - Lucky-Hunter","description":"Specially developed attractant for martens, foxes and small rodents. It is recommended to combine the attractant with suitable food.","robots":{"index":"noindex","follow":"follow","max-snippet":"max-snippet:-1","max-image-preview":"max-image-preview:large","max-video-preview":"max-video-preview:-1"},"og_locale":"hu_HU","og_type":"article","og_title":"Marten attractant gel 250ml tin - Eurohunt - Lucky-Hunter","og_description":"Specially developed attractant for martens, foxes and small rodents. It is recommended to combine the attractant with suitable food.","og_url":"https:\/\/staging.lucky-hunter.com\/product\/marten-attractant-gel-250ml-tin-eurohunt\/","og_site_name":"Lucky-Hunter","article_modified_time":"2025-10-02T04:46:18+00:00","og_image":[{"width":1000,"height":1000,"url":"https:\/\/staging.lucky-hunter.com\/wp-content\/uploads\/2025\/09\/590298-removebg-e1759236871911.png","type":"image\/png"}],"twitter_card":"summary_large_image","twitter_misc":{"Becs\u00fclt olvas\u00e1si id\u0151":"1 perc"},"schema":{"@context":"https:\/\/schema.org","@graph":[{"@type":"WebPage","@id":"https:\/\/staging.lucky-hunter.com\/product\/marten-attractant-gel-250ml-tin-eurohunt\/","url":"https:\/\/staging.lucky-hunter.com\/product\/marten-attractant-gel-250ml-tin-eurohunt\/","name":"Marten attractant gel 250ml tin - Eurohunt - Lucky-Hunter","isPartOf":{"@id":"https:\/\/staging.lucky-hunter.com\/#website"},"primaryImageOfPage":{"@id":"https:\/\/staging.lucky-hunter.com\/product\/marten-attractant-gel-250ml-tin-eurohunt\/#primaryimage"},"image":{"@id":"https:\/\/staging.lucky-hunter.com\/product\/marten-attractant-gel-250ml-tin-eurohunt\/#primaryimage"},"thumbnailUrl":"https:\/\/staging.lucky-hunter.com\/wp-content\/uploads\/2025\/09\/590298-removebg-e1759236871911.png","datePublished":"2025-09-30T12:54:43+00:00","dateModified":"2025-10-02T04:46:18+00:00","description":"Specially developed attractant for martens, foxes and small rodents. It is recommended to combine the attractant with suitable food.","breadcrumb":{"@id":"https:\/\/staging.lucky-hunter.com\/product\/marten-attractant-gel-250ml-tin-eurohunt\/#breadcrumb"},"inLanguage":"hu","potentialAction":[{"@type":"ReadAction","target":["https:\/\/staging.lucky-hunter.com\/product\/marten-attractant-gel-250ml-tin-eurohunt\/"]}]},{"@type":"ImageObject","inLanguage":"hu","@id":"https:\/\/staging.lucky-hunter.com\/product\/marten-attractant-gel-250ml-tin-eurohunt\/#primaryimage","url":"https:\/\/staging.lucky-hunter.com\/wp-content\/uploads\/2025\/09\/590298-removebg-e1759236871911.png","contentUrl":"https:\/\/staging.lucky-hunter.com\/wp-content\/uploads\/2025\/09\/590298-removebg-e1759236871911.png","width":1000,"height":1000},{"@type":"BreadcrumbList","@id":"https:\/\/staging.lucky-hunter.com\/product\/marten-attractant-gel-250ml-tin-eurohunt\/#breadcrumb","itemListElement":[{"@type":"ListItem","position":1,"name":"Home","item":"https:\/\/staging.lucky-hunter.com\/hu\/"},{"@type":"ListItem","position":2,"name":"Shop","item":"https:\/\/staging.lucky-hunter.com\/hu\/shop\/"},{"@type":"ListItem","position":3,"name":"Marten attractant gel 250ml tin &#8211; Eurohunt"}]},{"@type":"WebSite","@id":"https:\/\/staging.lucky-hunter.com\/#website","url":"https:\/\/staging.lucky-hunter.com\/","name":"Lucky-Hunter","description":"Gear Up or Give Up","potentialAction":[{"@type":"SearchAction","target":{"@type":"EntryPoint","urlTemplate":"https:\/\/staging.lucky-hunter.com\/?s={search_term_string}"},"query-input":{"@type":"PropertyValueSpecification","valueRequired":true,"valueName":"search_term_string"}}],"inLanguage":"hu"}]}},"_links":{"self":[{"href":"https:\/\/staging.lucky-hunter.com\/hu\/wp-json\/wp\/v2\/product\/1551369"}],"collection":[{"href":"https:\/\/staging.lucky-hunter.com\/hu\/wp-json\/wp\/v2\/product"}],"about":[{"href":"https:\/\/staging.lucky-hunter.com\/hu\/wp-json\/wp\/v2\/types\/product"}],"wp:featuredmedia":[{"embeddable":true,"href":"https:\/\/staging.lucky-hunter.com\/hu\/wp-json\/wp\/v2\/media\/1551375"}],"wp:attachment":[{"href":"https:\/\/staging.lucky-hunter.com\/hu\/wp-json\/wp\/v2\/media?parent=1551369"}],"wp:term":[{"taxonomy":"product_brand","embeddable":true,"href":"https:\/\/staging.lucky-hunter.com\/hu\/wp-json\/wp\/v2\/product_brand?post=1551369"},{"taxonomy":"product_cat","embeddable":true,"href":"https:\/\/staging.lucky-hunter.com\/hu\/wp-json\/wp\/v2\/product_cat?post=1551369"},{"taxonomy":"product_tag","embeddable":true,"href":"https:\/\/staging.lucky-hunter.com\/hu\/wp-json\/wp\/v2\/product_tag?post=1551369"}],"curies":[{"name":"wp","href":"https:\/\/api.w.org\/{rel}","templated":true}]}}