{"id":15402,"date":"2017-03-02T15:44:14","date_gmt":"2017-03-02T14:44:14","guid":{"rendered":"https:\/\/dangate.dk.prolinux4.curanetserver.dk\/lucky-hunter\/produkt\/magnum-decoy-line-92-meter\/"},"modified":"2025-10-02T03:59:19","modified_gmt":"2025-10-02T01:59:19","slug":"rigem-right-magnum-decoy-line","status":"publish","type":"product","link":"https:\/\/staging.lucky-hunter.com\/hu\/product\/rigem-right-magnum-decoy-line\/","title":{"rendered":"Rig&#8217;Em Right Magnum Decoy Line &#8211; 92 meters"},"content":{"rendered":"<h2><strong>Rig&#8217;Em Right Magnum Decoy Line &#8211; perfect for longline rigging<\/strong><\/h2>\n<p>The magnum string is extremely suitable as a main decoy string.This is perfect for longline rigging of waterfowl decoys.<\/p>\n<p>No worries about breaking through your gloves- this string is lightweight yet super strong.<\/p>\n<p>Other hunters like to work with strong cord when rigging the decoys individually, and this string is of course also usable.<\/p>\n<p>As this line is strong and long lasting, you will have no worries of your decoy line breaking. Cheaper models of decoy rigging line may break at the wrong moment.<\/p>\n<p>Please note this string does not float.<\/p>\n<p>The coil contains about 92 meters (330 feet).<\/p>\n","protected":false},"excerpt":{"rendered":"<p>The magnum string is extremely suitable as a main string to the hunters who choose to rig their duck decoys on longlines.\u00a0Other hunters like to work with strong cord when rigging the decoys individually, and this string is of course also usable.<\/p>\n","protected":false},"featured_media":17838,"template":"","meta":[],"product_brand":[9577],"product_cat":[8741],"product_tag":[9461],"yoast_head":"<!-- This site is optimized with the Yoast SEO plugin v24.3 - https:\/\/yoast.com\/wordpress\/plugins\/seo\/ -->\n<title>Rig&#039;Em Right Magnum Decoy Line - Super Strong | Lucky Hunter<\/title>\n<meta name=\"description\" content=\"Perfect or riggingdecoys on longlines. Rig&#039;Em Right Magnum Decoy Line is the perfect option for those who rig their decoys themselves.\" \/>\n<meta name=\"robots\" content=\"noindex, follow, max-snippet:-1, max-image-preview:large, max-video-preview:-1\" \/>\n<meta property=\"og:locale\" content=\"hu_HU\" \/>\n<meta property=\"og:type\" content=\"article\" \/>\n<meta property=\"og:title\" content=\"Rig&#039;Em Right Magnum Decoy Line - Super Strong | Lucky Hunter\" \/>\n<meta property=\"og:description\" content=\"Perfect or riggingdecoys on longlines. Rig&#039;Em Right Magnum Decoy Line is the perfect option for those who rig their decoys themselves.\" \/>\n<meta property=\"og:url\" content=\"https:\/\/staging.lucky-hunter.com\/product\/rigem-right-magnum-decoy-line\/\" \/>\n<meta property=\"og:site_name\" content=\"Lucky-Hunter\" \/>\n<meta property=\"article:modified_time\" content=\"2025-10-02T01:59:19+00:00\" \/>\n<meta property=\"og:image\" content=\"https:\/\/staging.lucky-hunter.com\/wp-content\/uploads\/2016\/11\/lf-415.png\" \/>\n\t<meta property=\"og:image:width\" content=\"1000\" \/>\n\t<meta property=\"og:image:height\" content=\"1000\" \/>\n\t<meta property=\"og:image:type\" content=\"image\/png\" \/>\n<meta name=\"twitter:card\" content=\"summary_large_image\" \/>\n<meta name=\"twitter:title\" content=\"Rig&#039;Em Right Magnum Decoy Line - Super Strong | Lucky Hunter\" \/>\n<meta name=\"twitter:description\" content=\"Perfect or riggingdecoys on longlines. Rig&#039;Em Right Magnum Decoy Line is the perfect option for those who rig their decoys themselves.\" \/>\n<meta name=\"twitter:label1\" content=\"Becs\u00fclt olvas\u00e1si id\u0151\" \/>\n\t<meta name=\"twitter:data1\" content=\"1 perc\" \/>\n<script type=\"application\/ld+json\" class=\"yoast-schema-graph\">{\"@context\":\"https:\/\/schema.org\",\"@graph\":[{\"@type\":\"WebPage\",\"@id\":\"https:\/\/staging.lucky-hunter.com\/product\/rigem-right-magnum-decoy-line\/\",\"url\":\"https:\/\/staging.lucky-hunter.com\/product\/rigem-right-magnum-decoy-line\/\",\"name\":\"Rig'Em Right Magnum Decoy Line - Super Strong | Lucky Hunter\",\"isPartOf\":{\"@id\":\"https:\/\/staging.lucky-hunter.com\/#website\"},\"primaryImageOfPage\":{\"@id\":\"https:\/\/staging.lucky-hunter.com\/product\/rigem-right-magnum-decoy-line\/#primaryimage\"},\"image\":{\"@id\":\"https:\/\/staging.lucky-hunter.com\/product\/rigem-right-magnum-decoy-line\/#primaryimage\"},\"thumbnailUrl\":\"https:\/\/staging.lucky-hunter.com\/wp-content\/uploads\/2016\/11\/lf-415.png\",\"datePublished\":\"2017-03-02T14:44:14+00:00\",\"dateModified\":\"2025-10-02T01:59:19+00:00\",\"description\":\"Perfect or riggingdecoys on longlines. Rig'Em Right Magnum Decoy Line is the perfect option for those who rig their decoys themselves.\",\"breadcrumb\":{\"@id\":\"https:\/\/staging.lucky-hunter.com\/product\/rigem-right-magnum-decoy-line\/#breadcrumb\"},\"inLanguage\":\"hu\",\"potentialAction\":[{\"@type\":\"ReadAction\",\"target\":[\"https:\/\/staging.lucky-hunter.com\/product\/rigem-right-magnum-decoy-line\/\"]}]},{\"@type\":\"ImageObject\",\"inLanguage\":\"hu\",\"@id\":\"https:\/\/staging.lucky-hunter.com\/product\/rigem-right-magnum-decoy-line\/#primaryimage\",\"url\":\"https:\/\/staging.lucky-hunter.com\/wp-content\/uploads\/2016\/11\/lf-415.png\",\"contentUrl\":\"https:\/\/staging.lucky-hunter.com\/wp-content\/uploads\/2016\/11\/lf-415.png\",\"width\":1000,\"height\":1000,\"caption\":\"Image of the Rig'Em Right Magnum Decoy Line\"},{\"@type\":\"BreadcrumbList\",\"@id\":\"https:\/\/staging.lucky-hunter.com\/product\/rigem-right-magnum-decoy-line\/#breadcrumb\",\"itemListElement\":[{\"@type\":\"ListItem\",\"position\":1,\"name\":\"Home\",\"item\":\"https:\/\/staging.lucky-hunter.com\/hu\/\"},{\"@type\":\"ListItem\",\"position\":2,\"name\":\"Shop\",\"item\":\"https:\/\/staging.lucky-hunter.com\/hu\/shop\/\"},{\"@type\":\"ListItem\",\"position\":3,\"name\":\"Rig&#8217;Em Right Magnum Decoy Line &#8211; 92 meters\"}]},{\"@type\":\"WebSite\",\"@id\":\"https:\/\/staging.lucky-hunter.com\/#website\",\"url\":\"https:\/\/staging.lucky-hunter.com\/\",\"name\":\"Lucky-Hunter\",\"description\":\"Gear Up or Give Up\",\"potentialAction\":[{\"@type\":\"SearchAction\",\"target\":{\"@type\":\"EntryPoint\",\"urlTemplate\":\"https:\/\/staging.lucky-hunter.com\/?s={search_term_string}\"},\"query-input\":{\"@type\":\"PropertyValueSpecification\",\"valueRequired\":true,\"valueName\":\"search_term_string\"}}],\"inLanguage\":\"hu\"}]}<\/script>\n<!-- \/ Yoast SEO plugin. -->","yoast_head_json":{"title":"Rig'Em Right Magnum Decoy Line - Super Strong | Lucky Hunter","description":"Perfect or riggingdecoys on longlines. Rig'Em Right Magnum Decoy Line is the perfect option for those who rig their decoys themselves.","robots":{"index":"noindex","follow":"follow","max-snippet":"max-snippet:-1","max-image-preview":"max-image-preview:large","max-video-preview":"max-video-preview:-1"},"og_locale":"hu_HU","og_type":"article","og_title":"Rig'Em Right Magnum Decoy Line - Super Strong | Lucky Hunter","og_description":"Perfect or riggingdecoys on longlines. Rig'Em Right Magnum Decoy Line is the perfect option for those who rig their decoys themselves.","og_url":"https:\/\/staging.lucky-hunter.com\/product\/rigem-right-magnum-decoy-line\/","og_site_name":"Lucky-Hunter","article_modified_time":"2025-10-02T01:59:19+00:00","og_image":[{"width":1000,"height":1000,"url":"https:\/\/staging.lucky-hunter.com\/wp-content\/uploads\/2016\/11\/lf-415.png","type":"image\/png"}],"twitter_card":"summary_large_image","twitter_title":"Rig'Em Right Magnum Decoy Line - Super Strong | Lucky Hunter","twitter_description":"Perfect or riggingdecoys on longlines. Rig'Em Right Magnum Decoy Line is the perfect option for those who rig their decoys themselves.","twitter_misc":{"Becs\u00fclt olvas\u00e1si id\u0151":"1 perc"},"schema":{"@context":"https:\/\/schema.org","@graph":[{"@type":"WebPage","@id":"https:\/\/staging.lucky-hunter.com\/product\/rigem-right-magnum-decoy-line\/","url":"https:\/\/staging.lucky-hunter.com\/product\/rigem-right-magnum-decoy-line\/","name":"Rig'Em Right Magnum Decoy Line - Super Strong | Lucky Hunter","isPartOf":{"@id":"https:\/\/staging.lucky-hunter.com\/#website"},"primaryImageOfPage":{"@id":"https:\/\/staging.lucky-hunter.com\/product\/rigem-right-magnum-decoy-line\/#primaryimage"},"image":{"@id":"https:\/\/staging.lucky-hunter.com\/product\/rigem-right-magnum-decoy-line\/#primaryimage"},"thumbnailUrl":"https:\/\/staging.lucky-hunter.com\/wp-content\/uploads\/2016\/11\/lf-415.png","datePublished":"2017-03-02T14:44:14+00:00","dateModified":"2025-10-02T01:59:19+00:00","description":"Perfect or riggingdecoys on longlines. Rig'Em Right Magnum Decoy Line is the perfect option for those who rig their decoys themselves.","breadcrumb":{"@id":"https:\/\/staging.lucky-hunter.com\/product\/rigem-right-magnum-decoy-line\/#breadcrumb"},"inLanguage":"hu","potentialAction":[{"@type":"ReadAction","target":["https:\/\/staging.lucky-hunter.com\/product\/rigem-right-magnum-decoy-line\/"]}]},{"@type":"ImageObject","inLanguage":"hu","@id":"https:\/\/staging.lucky-hunter.com\/product\/rigem-right-magnum-decoy-line\/#primaryimage","url":"https:\/\/staging.lucky-hunter.com\/wp-content\/uploads\/2016\/11\/lf-415.png","contentUrl":"https:\/\/staging.lucky-hunter.com\/wp-content\/uploads\/2016\/11\/lf-415.png","width":1000,"height":1000,"caption":"Image of the Rig'Em Right Magnum Decoy Line"},{"@type":"BreadcrumbList","@id":"https:\/\/staging.lucky-hunter.com\/product\/rigem-right-magnum-decoy-line\/#breadcrumb","itemListElement":[{"@type":"ListItem","position":1,"name":"Home","item":"https:\/\/staging.lucky-hunter.com\/hu\/"},{"@type":"ListItem","position":2,"name":"Shop","item":"https:\/\/staging.lucky-hunter.com\/hu\/shop\/"},{"@type":"ListItem","position":3,"name":"Rig&#8217;Em Right Magnum Decoy Line &#8211; 92 meters"}]},{"@type":"WebSite","@id":"https:\/\/staging.lucky-hunter.com\/#website","url":"https:\/\/staging.lucky-hunter.com\/","name":"Lucky-Hunter","description":"Gear Up or Give Up","potentialAction":[{"@type":"SearchAction","target":{"@type":"EntryPoint","urlTemplate":"https:\/\/staging.lucky-hunter.com\/?s={search_term_string}"},"query-input":{"@type":"PropertyValueSpecification","valueRequired":true,"valueName":"search_term_string"}}],"inLanguage":"hu"}]}},"_links":{"self":[{"href":"https:\/\/staging.lucky-hunter.com\/hu\/wp-json\/wp\/v2\/product\/15402"}],"collection":[{"href":"https:\/\/staging.lucky-hunter.com\/hu\/wp-json\/wp\/v2\/product"}],"about":[{"href":"https:\/\/staging.lucky-hunter.com\/hu\/wp-json\/wp\/v2\/types\/product"}],"wp:featuredmedia":[{"embeddable":true,"href":"https:\/\/staging.lucky-hunter.com\/hu\/wp-json\/wp\/v2\/media\/17838"}],"wp:attachment":[{"href":"https:\/\/staging.lucky-hunter.com\/hu\/wp-json\/wp\/v2\/media?parent=15402"}],"wp:term":[{"taxonomy":"product_brand","embeddable":true,"href":"https:\/\/staging.lucky-hunter.com\/hu\/wp-json\/wp\/v2\/product_brand?post=15402"},{"taxonomy":"product_cat","embeddable":true,"href":"https:\/\/staging.lucky-hunter.com\/hu\/wp-json\/wp\/v2\/product_cat?post=15402"},{"taxonomy":"product_tag","embeddable":true,"href":"https:\/\/staging.lucky-hunter.com\/hu\/wp-json\/wp\/v2\/product_tag?post=15402"}],"curies":[{"name":"wp","href":"https:\/\/api.w.org\/{rel}","templated":true}]}}