{"id":15311,"date":"2017-02-28T14:39:10","date_gmt":"2017-02-28T13:39:10","guid":{"rendered":"https:\/\/dangate.dk.prolinux4.curanetserver.dk\/lucky-hunter\/produkt\/mr-heater-little-buddy-gasovn\/"},"modified":"2025-10-02T02:34:16","modified_gmt":"2025-10-02T00:34:16","slug":"portable-gas-heater-from-mr-heater","status":"publish","type":"product","link":"https:\/\/staging.lucky-hunter.com\/hu\/product\/portable-gas-heater-from-mr-heater\/","title":{"rendered":"Little Buddy gas heater"},"content":{"rendered":"<h1><strong>Portable gas heater\u00a0from Mr. Heater<\/strong><\/h1>\n<p>Little Buddy is easy to take anywhere, and the gas heater can easily heat the caravan, the hunting lodge, cold rooms in your\u00a0house, the boat, the shed, around the garden table on the terrace etc.<\/p>\n<p>The heater is easy to operate and the safety is\u00a0without a question.<\/p>\n<p>Mr. Heater is CE marked and has a safety sensor, so the heater automatically turns off if the oxygen content in the room drops. The oven also turn off\u00a0if it overturns.<\/p>\n<p>The heater is powered by butane or propane gas, and it is powerful enough to heat up to 9 m3 of space.<\/p>\n","protected":false},"excerpt":{"rendered":"<p>Portable gas stove model Little Buddy. The heater is powered by butane or propane gas, and it is powerful enough to heat up to 9 m3 of space.<\/p>\n","protected":false},"featured_media":19703,"template":"","meta":[],"product_brand":[9082],"product_cat":[9388],"product_tag":[9491],"yoast_head":"<!-- This site is optimized with the Yoast SEO plugin v24.3 - https:\/\/yoast.com\/wordpress\/plugins\/seo\/ -->\n<title>Portable gas heater from Mr. Heater - American top brand<\/title>\n<meta name=\"description\" content=\"Portable gas stove model Little Buddy. The heater is powered by butane or propane gas, and it is powerful enough to heat up to 9 m3 of space.\" \/>\n<meta name=\"robots\" content=\"noindex, follow, max-snippet:-1, max-image-preview:large, max-video-preview:-1\" \/>\n<meta property=\"og:locale\" content=\"hu_HU\" \/>\n<meta property=\"og:type\" content=\"article\" \/>\n<meta property=\"og:title\" content=\"Portable gas heater from Mr. Heater - American top brand\" \/>\n<meta property=\"og:description\" content=\"Portable gas stove model Little Buddy. The heater is powered by butane or propane gas, and it is powerful enough to heat up to 9 m3 of space.\" \/>\n<meta property=\"og:url\" content=\"https:\/\/staging.lucky-hunter.com\/product\/portable-gas-heater-from-mr-heater\/\" \/>\n<meta property=\"og:site_name\" content=\"Lucky-Hunter\" \/>\n<meta property=\"article:modified_time\" content=\"2025-10-02T00:34:16+00:00\" \/>\n<meta property=\"og:image\" content=\"https:\/\/staging.lucky-hunter.com\/wp-content\/uploads\/2017\/02\/560661.png\" \/>\n\t<meta property=\"og:image:width\" content=\"1000\" \/>\n\t<meta property=\"og:image:height\" content=\"1000\" \/>\n\t<meta property=\"og:image:type\" content=\"image\/png\" \/>\n<meta name=\"twitter:card\" content=\"summary_large_image\" \/>\n<meta name=\"twitter:label1\" content=\"Becs\u00fclt olvas\u00e1si id\u0151\" \/>\n\t<meta name=\"twitter:data1\" content=\"1 perc\" \/>\n<script type=\"application\/ld+json\" class=\"yoast-schema-graph\">{\"@context\":\"https:\/\/schema.org\",\"@graph\":[{\"@type\":\"WebPage\",\"@id\":\"https:\/\/staging.lucky-hunter.com\/product\/portable-gas-heater-from-mr-heater\/\",\"url\":\"https:\/\/staging.lucky-hunter.com\/product\/portable-gas-heater-from-mr-heater\/\",\"name\":\"Portable gas heater from Mr. Heater - American top brand\",\"isPartOf\":{\"@id\":\"https:\/\/staging.lucky-hunter.com\/#website\"},\"primaryImageOfPage\":{\"@id\":\"https:\/\/staging.lucky-hunter.com\/product\/portable-gas-heater-from-mr-heater\/#primaryimage\"},\"image\":{\"@id\":\"https:\/\/staging.lucky-hunter.com\/product\/portable-gas-heater-from-mr-heater\/#primaryimage\"},\"thumbnailUrl\":\"https:\/\/staging.lucky-hunter.com\/wp-content\/uploads\/2017\/02\/560661.png\",\"datePublished\":\"2017-02-28T13:39:10+00:00\",\"dateModified\":\"2025-10-02T00:34:16+00:00\",\"description\":\"Portable gas stove model Little Buddy. The heater is powered by butane or propane gas, and it is powerful enough to heat up to 9 m3 of space.\",\"breadcrumb\":{\"@id\":\"https:\/\/staging.lucky-hunter.com\/product\/portable-gas-heater-from-mr-heater\/#breadcrumb\"},\"inLanguage\":\"hu\",\"potentialAction\":[{\"@type\":\"ReadAction\",\"target\":[\"https:\/\/staging.lucky-hunter.com\/product\/portable-gas-heater-from-mr-heater\/\"]}]},{\"@type\":\"ImageObject\",\"inLanguage\":\"hu\",\"@id\":\"https:\/\/staging.lucky-hunter.com\/product\/portable-gas-heater-from-mr-heater\/#primaryimage\",\"url\":\"https:\/\/staging.lucky-hunter.com\/wp-content\/uploads\/2017\/02\/560661.png\",\"contentUrl\":\"https:\/\/staging.lucky-hunter.com\/wp-content\/uploads\/2017\/02\/560661.png\",\"width\":1000,\"height\":1000},{\"@type\":\"BreadcrumbList\",\"@id\":\"https:\/\/staging.lucky-hunter.com\/product\/portable-gas-heater-from-mr-heater\/#breadcrumb\",\"itemListElement\":[{\"@type\":\"ListItem\",\"position\":1,\"name\":\"Home\",\"item\":\"https:\/\/staging.lucky-hunter.com\/hu\/\"},{\"@type\":\"ListItem\",\"position\":2,\"name\":\"Shop\",\"item\":\"https:\/\/staging.lucky-hunter.com\/hu\/shop\/\"},{\"@type\":\"ListItem\",\"position\":3,\"name\":\"Little Buddy gas heater\"}]},{\"@type\":\"WebSite\",\"@id\":\"https:\/\/staging.lucky-hunter.com\/#website\",\"url\":\"https:\/\/staging.lucky-hunter.com\/\",\"name\":\"Lucky-Hunter\",\"description\":\"Gear Up or Give Up\",\"potentialAction\":[{\"@type\":\"SearchAction\",\"target\":{\"@type\":\"EntryPoint\",\"urlTemplate\":\"https:\/\/staging.lucky-hunter.com\/?s={search_term_string}\"},\"query-input\":{\"@type\":\"PropertyValueSpecification\",\"valueRequired\":true,\"valueName\":\"search_term_string\"}}],\"inLanguage\":\"hu\"}]}<\/script>\n<!-- \/ Yoast SEO plugin. -->","yoast_head_json":{"title":"Portable gas heater from Mr. Heater - American top brand","description":"Portable gas stove model Little Buddy. The heater is powered by butane or propane gas, and it is powerful enough to heat up to 9 m3 of space.","robots":{"index":"noindex","follow":"follow","max-snippet":"max-snippet:-1","max-image-preview":"max-image-preview:large","max-video-preview":"max-video-preview:-1"},"og_locale":"hu_HU","og_type":"article","og_title":"Portable gas heater from Mr. Heater - American top brand","og_description":"Portable gas stove model Little Buddy. The heater is powered by butane or propane gas, and it is powerful enough to heat up to 9 m3 of space.","og_url":"https:\/\/staging.lucky-hunter.com\/product\/portable-gas-heater-from-mr-heater\/","og_site_name":"Lucky-Hunter","article_modified_time":"2025-10-02T00:34:16+00:00","og_image":[{"width":1000,"height":1000,"url":"https:\/\/staging.lucky-hunter.com\/wp-content\/uploads\/2017\/02\/560661.png","type":"image\/png"}],"twitter_card":"summary_large_image","twitter_misc":{"Becs\u00fclt olvas\u00e1si id\u0151":"1 perc"},"schema":{"@context":"https:\/\/schema.org","@graph":[{"@type":"WebPage","@id":"https:\/\/staging.lucky-hunter.com\/product\/portable-gas-heater-from-mr-heater\/","url":"https:\/\/staging.lucky-hunter.com\/product\/portable-gas-heater-from-mr-heater\/","name":"Portable gas heater from Mr. Heater - American top brand","isPartOf":{"@id":"https:\/\/staging.lucky-hunter.com\/#website"},"primaryImageOfPage":{"@id":"https:\/\/staging.lucky-hunter.com\/product\/portable-gas-heater-from-mr-heater\/#primaryimage"},"image":{"@id":"https:\/\/staging.lucky-hunter.com\/product\/portable-gas-heater-from-mr-heater\/#primaryimage"},"thumbnailUrl":"https:\/\/staging.lucky-hunter.com\/wp-content\/uploads\/2017\/02\/560661.png","datePublished":"2017-02-28T13:39:10+00:00","dateModified":"2025-10-02T00:34:16+00:00","description":"Portable gas stove model Little Buddy. The heater is powered by butane or propane gas, and it is powerful enough to heat up to 9 m3 of space.","breadcrumb":{"@id":"https:\/\/staging.lucky-hunter.com\/product\/portable-gas-heater-from-mr-heater\/#breadcrumb"},"inLanguage":"hu","potentialAction":[{"@type":"ReadAction","target":["https:\/\/staging.lucky-hunter.com\/product\/portable-gas-heater-from-mr-heater\/"]}]},{"@type":"ImageObject","inLanguage":"hu","@id":"https:\/\/staging.lucky-hunter.com\/product\/portable-gas-heater-from-mr-heater\/#primaryimage","url":"https:\/\/staging.lucky-hunter.com\/wp-content\/uploads\/2017\/02\/560661.png","contentUrl":"https:\/\/staging.lucky-hunter.com\/wp-content\/uploads\/2017\/02\/560661.png","width":1000,"height":1000},{"@type":"BreadcrumbList","@id":"https:\/\/staging.lucky-hunter.com\/product\/portable-gas-heater-from-mr-heater\/#breadcrumb","itemListElement":[{"@type":"ListItem","position":1,"name":"Home","item":"https:\/\/staging.lucky-hunter.com\/hu\/"},{"@type":"ListItem","position":2,"name":"Shop","item":"https:\/\/staging.lucky-hunter.com\/hu\/shop\/"},{"@type":"ListItem","position":3,"name":"Little Buddy gas heater"}]},{"@type":"WebSite","@id":"https:\/\/staging.lucky-hunter.com\/#website","url":"https:\/\/staging.lucky-hunter.com\/","name":"Lucky-Hunter","description":"Gear Up or Give Up","potentialAction":[{"@type":"SearchAction","target":{"@type":"EntryPoint","urlTemplate":"https:\/\/staging.lucky-hunter.com\/?s={search_term_string}"},"query-input":{"@type":"PropertyValueSpecification","valueRequired":true,"valueName":"search_term_string"}}],"inLanguage":"hu"}]}},"_links":{"self":[{"href":"https:\/\/staging.lucky-hunter.com\/hu\/wp-json\/wp\/v2\/product\/15311"}],"collection":[{"href":"https:\/\/staging.lucky-hunter.com\/hu\/wp-json\/wp\/v2\/product"}],"about":[{"href":"https:\/\/staging.lucky-hunter.com\/hu\/wp-json\/wp\/v2\/types\/product"}],"wp:featuredmedia":[{"embeddable":true,"href":"https:\/\/staging.lucky-hunter.com\/hu\/wp-json\/wp\/v2\/media\/19703"}],"wp:attachment":[{"href":"https:\/\/staging.lucky-hunter.com\/hu\/wp-json\/wp\/v2\/media?parent=15311"}],"wp:term":[{"taxonomy":"product_brand","embeddable":true,"href":"https:\/\/staging.lucky-hunter.com\/hu\/wp-json\/wp\/v2\/product_brand?post=15311"},{"taxonomy":"product_cat","embeddable":true,"href":"https:\/\/staging.lucky-hunter.com\/hu\/wp-json\/wp\/v2\/product_cat?post=15311"},{"taxonomy":"product_tag","embeddable":true,"href":"https:\/\/staging.lucky-hunter.com\/hu\/wp-json\/wp\/v2\/product_tag?post=15311"}],"curies":[{"name":"wp","href":"https:\/\/api.w.org\/{rel}","templated":true}]}}