{"id":150818,"date":"2024-05-29T12:49:55","date_gmt":"2024-05-29T10:49:55","guid":{"rendered":"https:\/\/staging.lucky-hunter.com\/?post_type=product&#038;p=150818"},"modified":"2025-10-01T06:55:20","modified_gmt":"2025-10-01T04:55:20","slug":"higdon-silhouette-decoy-motion-stakes-12-pcs","status":"publish","type":"product","link":"https:\/\/staging.lucky-hunter.com\/hu\/product\/higdon-silhouette-decoy-motion-stakes-12-pcs\/","title":{"rendered":"Silhouette Decoy Motion Stakes &#8211; 12 pcs"},"content":{"rendered":"<div class=\"video video-fit mb\" style=\"padding-top:56.25%;\"><p><iframe title=\"Higdon FLATS Motion Silhouette Stakes Small\" width=\"1020\" height=\"574\" src=\"https:\/\/www.youtube.com\/embed\/QTkx_w8JvXU?wmode=transparent&amp;rel=0&amp;feature=oembed\" frameborder=\"0\" allow=\"accelerometer; autoplay; clipboard-write; encrypted-media; gyroscope; picture-in-picture; web-share\" referrerpolicy=\"strict-origin-when-cross-origin\" allowfullscreen><\/iframe><\/p>\n<\/div>\n<h2><strong>Changing the way hunters use Silhouette decoys<\/strong><\/h2>\n<p>This motion stake pack by Higdon Outdoors allows silhouette decoys to pivot 145 degrees even in the slightest wind without spinning all the way around.<\/p>\n<p>Imitates the lifelike motion of active ducks and geese.<\/p>\n<p>The Higdon FLATS Motion Silhouette Stakes are Heavy Duty and works with most silhouette decoy brands.<\/p>\n<p>Stake handles for easy placement.<\/p>\n<p>Foot-stomp design so you can press the stake into the ground even in light frost or drought.<\/p>\n<p>12 pcs in a pack.<\/p>\n<p>&nbsp;<\/p>\n","protected":false},"excerpt":{"rendered":"<p>This motion stake pack by Higdon Outdoors allows silhouette decoys to pivot 145 degrees even in the slightest wind.<\/p>\n","protected":false},"featured_media":150830,"template":"","meta":[],"product_brand":[9591],"product_cat":[8800],"product_tag":[],"yoast_head":"<!-- This site is optimized with the Yoast SEO plugin v24.3 - https:\/\/yoast.com\/wordpress\/plugins\/seo\/ -->\n<title>Higdon Silhouette Decoy Motion Stakes 12 pcs<\/title>\n<meta name=\"description\" content=\"This motion stake pack by Higdon Outdoors allows silhouette decoys to pivot 145 degrees even in the slightest wind without spinning all the way around.\" \/>\n<meta name=\"robots\" content=\"noindex, follow, max-snippet:-1, max-image-preview:large, max-video-preview:-1\" \/>\n<meta property=\"og:locale\" content=\"hu_HU\" \/>\n<meta property=\"og:type\" content=\"article\" \/>\n<meta property=\"og:title\" content=\"Higdon Silhouette Decoy Motion Stakes 12 pcs\" \/>\n<meta property=\"og:description\" content=\"This motion stake pack by Higdon Outdoors allows silhouette decoys to pivot 145 degrees even in the slightest wind without spinning all the way around.\" \/>\n<meta property=\"og:url\" content=\"https:\/\/staging.lucky-hunter.com\/product\/higdon-silhouette-decoy-motion-stakes-12-pcs\/\" \/>\n<meta property=\"og:site_name\" content=\"Lucky-Hunter\" \/>\n<meta property=\"article:modified_time\" content=\"2025-10-01T04:55:20+00:00\" \/>\n<meta property=\"og:image\" content=\"https:\/\/staging.lucky-hunter.com\/wp-content\/uploads\/2024\/05\/LF-482__1_-removebg.png\" \/>\n\t<meta property=\"og:image:width\" content=\"1800\" \/>\n\t<meta property=\"og:image:height\" content=\"1800\" \/>\n\t<meta property=\"og:image:type\" content=\"image\/png\" \/>\n<meta name=\"twitter:card\" content=\"summary_large_image\" \/>\n<meta name=\"twitter:label1\" content=\"Becs\u00fclt olvas\u00e1si id\u0151\" \/>\n\t<meta name=\"twitter:data1\" content=\"1 perc\" \/>\n<script type=\"application\/ld+json\" class=\"yoast-schema-graph\">{\"@context\":\"https:\/\/schema.org\",\"@graph\":[{\"@type\":\"WebPage\",\"@id\":\"https:\/\/staging.lucky-hunter.com\/product\/higdon-silhouette-decoy-motion-stakes-12-pcs\/\",\"url\":\"https:\/\/staging.lucky-hunter.com\/product\/higdon-silhouette-decoy-motion-stakes-12-pcs\/\",\"name\":\"Higdon Silhouette Decoy Motion Stakes 12 pcs\",\"isPartOf\":{\"@id\":\"https:\/\/staging.lucky-hunter.com\/#website\"},\"primaryImageOfPage\":{\"@id\":\"https:\/\/staging.lucky-hunter.com\/product\/higdon-silhouette-decoy-motion-stakes-12-pcs\/#primaryimage\"},\"image\":{\"@id\":\"https:\/\/staging.lucky-hunter.com\/product\/higdon-silhouette-decoy-motion-stakes-12-pcs\/#primaryimage\"},\"thumbnailUrl\":\"https:\/\/staging.lucky-hunter.com\/wp-content\/uploads\/2024\/05\/LF-482__1_-removebg.png\",\"datePublished\":\"2024-05-29T10:49:55+00:00\",\"dateModified\":\"2025-10-01T04:55:20+00:00\",\"description\":\"This motion stake pack by Higdon Outdoors allows silhouette decoys to pivot 145 degrees even in the slightest wind without spinning all the way around.\",\"breadcrumb\":{\"@id\":\"https:\/\/staging.lucky-hunter.com\/product\/higdon-silhouette-decoy-motion-stakes-12-pcs\/#breadcrumb\"},\"inLanguage\":\"hu\",\"potentialAction\":[{\"@type\":\"ReadAction\",\"target\":[\"https:\/\/staging.lucky-hunter.com\/product\/higdon-silhouette-decoy-motion-stakes-12-pcs\/\"]}]},{\"@type\":\"ImageObject\",\"inLanguage\":\"hu\",\"@id\":\"https:\/\/staging.lucky-hunter.com\/product\/higdon-silhouette-decoy-motion-stakes-12-pcs\/#primaryimage\",\"url\":\"https:\/\/staging.lucky-hunter.com\/wp-content\/uploads\/2024\/05\/LF-482__1_-removebg.png\",\"contentUrl\":\"https:\/\/staging.lucky-hunter.com\/wp-content\/uploads\/2024\/05\/LF-482__1_-removebg.png\",\"width\":1800,\"height\":1800},{\"@type\":\"BreadcrumbList\",\"@id\":\"https:\/\/staging.lucky-hunter.com\/product\/higdon-silhouette-decoy-motion-stakes-12-pcs\/#breadcrumb\",\"itemListElement\":[{\"@type\":\"ListItem\",\"position\":1,\"name\":\"Home\",\"item\":\"https:\/\/staging.lucky-hunter.com\/hu\/\"},{\"@type\":\"ListItem\",\"position\":2,\"name\":\"Shop\",\"item\":\"https:\/\/staging.lucky-hunter.com\/hu\/shop\/\"},{\"@type\":\"ListItem\",\"position\":3,\"name\":\"Silhouette Decoy Motion Stakes &#8211; 12 pcs\"}]},{\"@type\":\"WebSite\",\"@id\":\"https:\/\/staging.lucky-hunter.com\/#website\",\"url\":\"https:\/\/staging.lucky-hunter.com\/\",\"name\":\"Lucky-Hunter\",\"description\":\"Gear Up or Give Up\",\"potentialAction\":[{\"@type\":\"SearchAction\",\"target\":{\"@type\":\"EntryPoint\",\"urlTemplate\":\"https:\/\/staging.lucky-hunter.com\/?s={search_term_string}\"},\"query-input\":{\"@type\":\"PropertyValueSpecification\",\"valueRequired\":true,\"valueName\":\"search_term_string\"}}],\"inLanguage\":\"hu\"}]}<\/script>\n<!-- \/ Yoast SEO plugin. -->","yoast_head_json":{"title":"Higdon Silhouette Decoy Motion Stakes 12 pcs","description":"This motion stake pack by Higdon Outdoors allows silhouette decoys to pivot 145 degrees even in the slightest wind without spinning all the way around.","robots":{"index":"noindex","follow":"follow","max-snippet":"max-snippet:-1","max-image-preview":"max-image-preview:large","max-video-preview":"max-video-preview:-1"},"og_locale":"hu_HU","og_type":"article","og_title":"Higdon Silhouette Decoy Motion Stakes 12 pcs","og_description":"This motion stake pack by Higdon Outdoors allows silhouette decoys to pivot 145 degrees even in the slightest wind without spinning all the way around.","og_url":"https:\/\/staging.lucky-hunter.com\/product\/higdon-silhouette-decoy-motion-stakes-12-pcs\/","og_site_name":"Lucky-Hunter","article_modified_time":"2025-10-01T04:55:20+00:00","og_image":[{"width":1800,"height":1800,"url":"https:\/\/staging.lucky-hunter.com\/wp-content\/uploads\/2024\/05\/LF-482__1_-removebg.png","type":"image\/png"}],"twitter_card":"summary_large_image","twitter_misc":{"Becs\u00fclt olvas\u00e1si id\u0151":"1 perc"},"schema":{"@context":"https:\/\/schema.org","@graph":[{"@type":"WebPage","@id":"https:\/\/staging.lucky-hunter.com\/product\/higdon-silhouette-decoy-motion-stakes-12-pcs\/","url":"https:\/\/staging.lucky-hunter.com\/product\/higdon-silhouette-decoy-motion-stakes-12-pcs\/","name":"Higdon Silhouette Decoy Motion Stakes 12 pcs","isPartOf":{"@id":"https:\/\/staging.lucky-hunter.com\/#website"},"primaryImageOfPage":{"@id":"https:\/\/staging.lucky-hunter.com\/product\/higdon-silhouette-decoy-motion-stakes-12-pcs\/#primaryimage"},"image":{"@id":"https:\/\/staging.lucky-hunter.com\/product\/higdon-silhouette-decoy-motion-stakes-12-pcs\/#primaryimage"},"thumbnailUrl":"https:\/\/staging.lucky-hunter.com\/wp-content\/uploads\/2024\/05\/LF-482__1_-removebg.png","datePublished":"2024-05-29T10:49:55+00:00","dateModified":"2025-10-01T04:55:20+00:00","description":"This motion stake pack by Higdon Outdoors allows silhouette decoys to pivot 145 degrees even in the slightest wind without spinning all the way around.","breadcrumb":{"@id":"https:\/\/staging.lucky-hunter.com\/product\/higdon-silhouette-decoy-motion-stakes-12-pcs\/#breadcrumb"},"inLanguage":"hu","potentialAction":[{"@type":"ReadAction","target":["https:\/\/staging.lucky-hunter.com\/product\/higdon-silhouette-decoy-motion-stakes-12-pcs\/"]}]},{"@type":"ImageObject","inLanguage":"hu","@id":"https:\/\/staging.lucky-hunter.com\/product\/higdon-silhouette-decoy-motion-stakes-12-pcs\/#primaryimage","url":"https:\/\/staging.lucky-hunter.com\/wp-content\/uploads\/2024\/05\/LF-482__1_-removebg.png","contentUrl":"https:\/\/staging.lucky-hunter.com\/wp-content\/uploads\/2024\/05\/LF-482__1_-removebg.png","width":1800,"height":1800},{"@type":"BreadcrumbList","@id":"https:\/\/staging.lucky-hunter.com\/product\/higdon-silhouette-decoy-motion-stakes-12-pcs\/#breadcrumb","itemListElement":[{"@type":"ListItem","position":1,"name":"Home","item":"https:\/\/staging.lucky-hunter.com\/hu\/"},{"@type":"ListItem","position":2,"name":"Shop","item":"https:\/\/staging.lucky-hunter.com\/hu\/shop\/"},{"@type":"ListItem","position":3,"name":"Silhouette Decoy Motion Stakes &#8211; 12 pcs"}]},{"@type":"WebSite","@id":"https:\/\/staging.lucky-hunter.com\/#website","url":"https:\/\/staging.lucky-hunter.com\/","name":"Lucky-Hunter","description":"Gear Up or Give Up","potentialAction":[{"@type":"SearchAction","target":{"@type":"EntryPoint","urlTemplate":"https:\/\/staging.lucky-hunter.com\/?s={search_term_string}"},"query-input":{"@type":"PropertyValueSpecification","valueRequired":true,"valueName":"search_term_string"}}],"inLanguage":"hu"}]}},"_links":{"self":[{"href":"https:\/\/staging.lucky-hunter.com\/hu\/wp-json\/wp\/v2\/product\/150818"}],"collection":[{"href":"https:\/\/staging.lucky-hunter.com\/hu\/wp-json\/wp\/v2\/product"}],"about":[{"href":"https:\/\/staging.lucky-hunter.com\/hu\/wp-json\/wp\/v2\/types\/product"}],"wp:featuredmedia":[{"embeddable":true,"href":"https:\/\/staging.lucky-hunter.com\/hu\/wp-json\/wp\/v2\/media\/150830"}],"wp:attachment":[{"href":"https:\/\/staging.lucky-hunter.com\/hu\/wp-json\/wp\/v2\/media?parent=150818"}],"wp:term":[{"taxonomy":"product_brand","embeddable":true,"href":"https:\/\/staging.lucky-hunter.com\/hu\/wp-json\/wp\/v2\/product_brand?post=150818"},{"taxonomy":"product_cat","embeddable":true,"href":"https:\/\/staging.lucky-hunter.com\/hu\/wp-json\/wp\/v2\/product_cat?post=150818"},{"taxonomy":"product_tag","embeddable":true,"href":"https:\/\/staging.lucky-hunter.com\/hu\/wp-json\/wp\/v2\/product_tag?post=150818"}],"curies":[{"name":"wp","href":"https:\/\/api.w.org\/{rel}","templated":true}]}}