{"id":150776,"date":"2024-05-29T12:42:57","date_gmt":"2024-05-29T10:42:57","guid":{"rendered":"https:\/\/staging.lucky-hunter.com\/?post_type=product&#038;p=150776"},"modified":"2025-10-01T06:55:15","modified_gmt":"2025-10-01T04:55:15","slug":"movement-module-the-persuader-for-higdon-clone-decoy","status":"publish","type":"product","link":"https:\/\/staging.lucky-hunter.com\/hu\/product\/movement-module-the-persuader-for-higdon-clone-decoy\/","title":{"rendered":"Movement module for Higdon Clone decoy"},"content":{"rendered":"<p><iframe title=\"The Persuader by Clone Decoys\" width=\"1020\" height=\"574\" src=\"https:\/\/www.youtube.com\/embed\/QeTwDbMgN-U?wmode=transparent&amp;rel=0&amp;feature=oembed&#038;enablejsapi=1&#038;origin=https:\/\/staging.lucky-hunter.com\" frameborder=\"0\" allow=\"accelerometer; autoplay; clipboard-write; encrypted-media; gyroscope; picture-in-picture; web-share\" referrerpolicy=\"strict-origin-when-cross-origin\" allowfullscreen><\/iframe><\/p>\n<h2><strong>Accessory that make your Higdon Clone decoy &#8220;flying&#8221;<\/strong><\/h2>\n<div>The Persuader is a clever movement system designed to make your Higdon Clone decoy mimic a goose trying to find an open spot to land.<\/div>\n<div><\/div>\n<div>The persuader can be used for all Higdon Clone Decoys or other wind-activated decoys (eg Sillosock flappers).<\/div>\n<div><\/div>\n<div>Powered by 12 volt DC battery (not included).<\/div>\n<div><\/div>\n<div>Higdon Clone decoy not included.<\/div>\n","protected":false},"excerpt":{"rendered":"<p>The Persuader is a clever movement system designed to make your Higdon Clone decoy.<\/p>\n","protected":false},"featured_media":150795,"template":"","meta":[],"product_brand":[9553],"product_cat":[8323],"product_tag":[],"yoast_head":"<!-- This site is optimized with the Yoast SEO plugin v24.3 - https:\/\/yoast.com\/wordpress\/plugins\/seo\/ -->\n<title>Movement module The Persuader for Higdon Clone decoy<\/title>\n<meta name=\"description\" content=\"The Persuader is a clever movement system designed to make your Higdon Clone decoy mimic a goose trying to find an open spot to land.\" \/>\n<meta name=\"robots\" content=\"noindex, follow, max-snippet:-1, max-image-preview:large, max-video-preview:-1\" \/>\n<meta property=\"og:locale\" content=\"hu_HU\" \/>\n<meta property=\"og:type\" content=\"article\" \/>\n<meta property=\"og:title\" content=\"Movement module The Persuader for Higdon Clone decoy\" \/>\n<meta property=\"og:description\" content=\"The Persuader is a clever movement system designed to make your Higdon Clone decoy mimic a goose trying to find an open spot to land.\" \/>\n<meta property=\"og:url\" content=\"https:\/\/staging.lucky-hunter.com\/product\/movement-module-the-persuader-for-higdon-clone-decoy\/\" \/>\n<meta property=\"og:site_name\" content=\"Lucky-Hunter\" \/>\n<meta property=\"article:modified_time\" content=\"2025-10-01T04:55:15+00:00\" \/>\n<meta property=\"og:image\" content=\"https:\/\/staging.lucky-hunter.com\/wp-content\/uploads\/2024\/05\/LF-841-removebg.png\" \/>\n\t<meta property=\"og:image:width\" content=\"1000\" \/>\n\t<meta property=\"og:image:height\" content=\"849\" \/>\n\t<meta property=\"og:image:type\" content=\"image\/png\" \/>\n<meta name=\"twitter:card\" content=\"summary_large_image\" \/>\n<meta name=\"twitter:label1\" content=\"Becs\u00fclt olvas\u00e1si id\u0151\" \/>\n\t<meta name=\"twitter:data1\" content=\"1 perc\" \/>\n<script type=\"application\/ld+json\" class=\"yoast-schema-graph\">{\"@context\":\"https:\/\/schema.org\",\"@graph\":[{\"@type\":\"WebPage\",\"@id\":\"https:\/\/staging.lucky-hunter.com\/product\/movement-module-the-persuader-for-higdon-clone-decoy\/\",\"url\":\"https:\/\/staging.lucky-hunter.com\/product\/movement-module-the-persuader-for-higdon-clone-decoy\/\",\"name\":\"Movement module The Persuader for Higdon Clone decoy\",\"isPartOf\":{\"@id\":\"https:\/\/staging.lucky-hunter.com\/#website\"},\"primaryImageOfPage\":{\"@id\":\"https:\/\/staging.lucky-hunter.com\/product\/movement-module-the-persuader-for-higdon-clone-decoy\/#primaryimage\"},\"image\":{\"@id\":\"https:\/\/staging.lucky-hunter.com\/product\/movement-module-the-persuader-for-higdon-clone-decoy\/#primaryimage\"},\"thumbnailUrl\":\"https:\/\/staging.lucky-hunter.com\/wp-content\/uploads\/2024\/05\/LF-841-removebg.png\",\"datePublished\":\"2024-05-29T10:42:57+00:00\",\"dateModified\":\"2025-10-01T04:55:15+00:00\",\"description\":\"The Persuader is a clever movement system designed to make your Higdon Clone decoy mimic a goose trying to find an open spot to land.\",\"breadcrumb\":{\"@id\":\"https:\/\/staging.lucky-hunter.com\/product\/movement-module-the-persuader-for-higdon-clone-decoy\/#breadcrumb\"},\"inLanguage\":\"hu\",\"potentialAction\":[{\"@type\":\"ReadAction\",\"target\":[\"https:\/\/staging.lucky-hunter.com\/product\/movement-module-the-persuader-for-higdon-clone-decoy\/\"]}]},{\"@type\":\"ImageObject\",\"inLanguage\":\"hu\",\"@id\":\"https:\/\/staging.lucky-hunter.com\/product\/movement-module-the-persuader-for-higdon-clone-decoy\/#primaryimage\",\"url\":\"https:\/\/staging.lucky-hunter.com\/wp-content\/uploads\/2024\/05\/LF-841-removebg.png\",\"contentUrl\":\"https:\/\/staging.lucky-hunter.com\/wp-content\/uploads\/2024\/05\/LF-841-removebg.png\",\"width\":1000,\"height\":849},{\"@type\":\"BreadcrumbList\",\"@id\":\"https:\/\/staging.lucky-hunter.com\/product\/movement-module-the-persuader-for-higdon-clone-decoy\/#breadcrumb\",\"itemListElement\":[{\"@type\":\"ListItem\",\"position\":1,\"name\":\"Home\",\"item\":\"https:\/\/staging.lucky-hunter.com\/hu\/\"},{\"@type\":\"ListItem\",\"position\":2,\"name\":\"Shop\",\"item\":\"https:\/\/staging.lucky-hunter.com\/hu\/shop\/\"},{\"@type\":\"ListItem\",\"position\":3,\"name\":\"Movement module for Higdon Clone decoy\"}]},{\"@type\":\"WebSite\",\"@id\":\"https:\/\/staging.lucky-hunter.com\/#website\",\"url\":\"https:\/\/staging.lucky-hunter.com\/\",\"name\":\"Lucky-Hunter\",\"description\":\"Gear Up or Give Up\",\"potentialAction\":[{\"@type\":\"SearchAction\",\"target\":{\"@type\":\"EntryPoint\",\"urlTemplate\":\"https:\/\/staging.lucky-hunter.com\/?s={search_term_string}\"},\"query-input\":{\"@type\":\"PropertyValueSpecification\",\"valueRequired\":true,\"valueName\":\"search_term_string\"}}],\"inLanguage\":\"hu\"}]}<\/script>\n<!-- \/ Yoast SEO plugin. -->","yoast_head_json":{"title":"Movement module The Persuader for Higdon Clone decoy","description":"The Persuader is a clever movement system designed to make your Higdon Clone decoy mimic a goose trying to find an open spot to land.","robots":{"index":"noindex","follow":"follow","max-snippet":"max-snippet:-1","max-image-preview":"max-image-preview:large","max-video-preview":"max-video-preview:-1"},"og_locale":"hu_HU","og_type":"article","og_title":"Movement module The Persuader for Higdon Clone decoy","og_description":"The Persuader is a clever movement system designed to make your Higdon Clone decoy mimic a goose trying to find an open spot to land.","og_url":"https:\/\/staging.lucky-hunter.com\/product\/movement-module-the-persuader-for-higdon-clone-decoy\/","og_site_name":"Lucky-Hunter","article_modified_time":"2025-10-01T04:55:15+00:00","og_image":[{"width":1000,"height":849,"url":"https:\/\/staging.lucky-hunter.com\/wp-content\/uploads\/2024\/05\/LF-841-removebg.png","type":"image\/png"}],"twitter_card":"summary_large_image","twitter_misc":{"Becs\u00fclt olvas\u00e1si id\u0151":"1 perc"},"schema":{"@context":"https:\/\/schema.org","@graph":[{"@type":"WebPage","@id":"https:\/\/staging.lucky-hunter.com\/product\/movement-module-the-persuader-for-higdon-clone-decoy\/","url":"https:\/\/staging.lucky-hunter.com\/product\/movement-module-the-persuader-for-higdon-clone-decoy\/","name":"Movement module The Persuader for Higdon Clone decoy","isPartOf":{"@id":"https:\/\/staging.lucky-hunter.com\/#website"},"primaryImageOfPage":{"@id":"https:\/\/staging.lucky-hunter.com\/product\/movement-module-the-persuader-for-higdon-clone-decoy\/#primaryimage"},"image":{"@id":"https:\/\/staging.lucky-hunter.com\/product\/movement-module-the-persuader-for-higdon-clone-decoy\/#primaryimage"},"thumbnailUrl":"https:\/\/staging.lucky-hunter.com\/wp-content\/uploads\/2024\/05\/LF-841-removebg.png","datePublished":"2024-05-29T10:42:57+00:00","dateModified":"2025-10-01T04:55:15+00:00","description":"The Persuader is a clever movement system designed to make your Higdon Clone decoy mimic a goose trying to find an open spot to land.","breadcrumb":{"@id":"https:\/\/staging.lucky-hunter.com\/product\/movement-module-the-persuader-for-higdon-clone-decoy\/#breadcrumb"},"inLanguage":"hu","potentialAction":[{"@type":"ReadAction","target":["https:\/\/staging.lucky-hunter.com\/product\/movement-module-the-persuader-for-higdon-clone-decoy\/"]}]},{"@type":"ImageObject","inLanguage":"hu","@id":"https:\/\/staging.lucky-hunter.com\/product\/movement-module-the-persuader-for-higdon-clone-decoy\/#primaryimage","url":"https:\/\/staging.lucky-hunter.com\/wp-content\/uploads\/2024\/05\/LF-841-removebg.png","contentUrl":"https:\/\/staging.lucky-hunter.com\/wp-content\/uploads\/2024\/05\/LF-841-removebg.png","width":1000,"height":849},{"@type":"BreadcrumbList","@id":"https:\/\/staging.lucky-hunter.com\/product\/movement-module-the-persuader-for-higdon-clone-decoy\/#breadcrumb","itemListElement":[{"@type":"ListItem","position":1,"name":"Home","item":"https:\/\/staging.lucky-hunter.com\/hu\/"},{"@type":"ListItem","position":2,"name":"Shop","item":"https:\/\/staging.lucky-hunter.com\/hu\/shop\/"},{"@type":"ListItem","position":3,"name":"Movement module for Higdon Clone decoy"}]},{"@type":"WebSite","@id":"https:\/\/staging.lucky-hunter.com\/#website","url":"https:\/\/staging.lucky-hunter.com\/","name":"Lucky-Hunter","description":"Gear Up or Give Up","potentialAction":[{"@type":"SearchAction","target":{"@type":"EntryPoint","urlTemplate":"https:\/\/staging.lucky-hunter.com\/?s={search_term_string}"},"query-input":{"@type":"PropertyValueSpecification","valueRequired":true,"valueName":"search_term_string"}}],"inLanguage":"hu"}]}},"_links":{"self":[{"href":"https:\/\/staging.lucky-hunter.com\/hu\/wp-json\/wp\/v2\/product\/150776"}],"collection":[{"href":"https:\/\/staging.lucky-hunter.com\/hu\/wp-json\/wp\/v2\/product"}],"about":[{"href":"https:\/\/staging.lucky-hunter.com\/hu\/wp-json\/wp\/v2\/types\/product"}],"wp:featuredmedia":[{"embeddable":true,"href":"https:\/\/staging.lucky-hunter.com\/hu\/wp-json\/wp\/v2\/media\/150795"}],"wp:attachment":[{"href":"https:\/\/staging.lucky-hunter.com\/hu\/wp-json\/wp\/v2\/media?parent=150776"}],"wp:term":[{"taxonomy":"product_brand","embeddable":true,"href":"https:\/\/staging.lucky-hunter.com\/hu\/wp-json\/wp\/v2\/product_brand?post=150776"},{"taxonomy":"product_cat","embeddable":true,"href":"https:\/\/staging.lucky-hunter.com\/hu\/wp-json\/wp\/v2\/product_cat?post=150776"},{"taxonomy":"product_tag","embeddable":true,"href":"https:\/\/staging.lucky-hunter.com\/hu\/wp-json\/wp\/v2\/product_tag?post=150776"}],"curies":[{"name":"wp","href":"https:\/\/api.w.org\/{rel}","templated":true}]}}