{"id":147302,"date":"2024-05-23T10:01:29","date_gmt":"2024-05-23T08:01:29","guid":{"rendered":"https:\/\/staging.lucky-hunter.com\/?post_type=product&#038;p=147302"},"modified":"2025-10-02T06:47:21","modified_gmt":"2025-10-02T04:47:21","slug":"bolyguard-usb-cable-to-game-camera-sg880-and-bg584","status":"publish","type":"product","link":"https:\/\/staging.lucky-hunter.com\/hu\/product\/bolyguard-usb-cable-to-game-camera-sg880-and-bg584\/","title":{"rendered":"USB cable &#8211; Bolyguard SG880 and BG584"},"content":{"rendered":"<h2><strong>Easy connection of your Bolyguard game camera to computer and power bank<\/strong><\/h2>\n<div>This type of cable is included in the package when you buy a Bolyguard MG984 camera or a Bolyguard power bank, but if you lose it, you can buy a new one here.<\/div>\n<div><\/div>\n<div>Fits Bolyguard model SG880 and BG584.<\/div>\n<div><\/div>\n<div>The cable is used to connect the camera to your computer, so you can view the images the camera has recorded or change settings via the BMC setup program.<\/div>\n<div><\/div>\n<div>It is also this cable that is used to connect the camera to the Bolyguard Power bank (item number JK-624K).<\/div>\n","protected":false},"excerpt":{"rendered":"<p>Original USB cable to connect your Bolyguard game camera to computer or to Bolyguard Power Bank with solar cell.<\/p>\n","protected":false},"featured_media":147281,"template":"","meta":[],"product_brand":[9623],"product_cat":[8890],"product_tag":[],"yoast_head":"<!-- This site is optimized with the Yoast SEO plugin v24.3 - https:\/\/yoast.com\/wordpress\/plugins\/seo\/ -->\n<title>Bolyguard USB Cable to game camera SG880 and BG584<\/title>\n<meta name=\"description\" content=\"Original USB cable to connect your Bolyguard game camera to computer or to Bolyguard Power Bank with solar cell.\" \/>\n<meta name=\"robots\" content=\"noindex, follow, max-snippet:-1, max-image-preview:large, max-video-preview:-1\" \/>\n<meta property=\"og:locale\" content=\"hu_HU\" \/>\n<meta property=\"og:type\" content=\"article\" \/>\n<meta property=\"og:title\" content=\"Bolyguard Cable to External 6 Volt Battery | Lucky Hunter\" \/>\n<meta property=\"og:description\" content=\"Prolong the battery life of your camera. With a Bolyguard cable to 6 volt battery, you can be sure to keep an extra amount of power on your camera.\" \/>\n<meta property=\"og:url\" content=\"https:\/\/staging.lucky-hunter.com\/product\/bolyguard-usb-cable-to-game-camera-sg880-and-bg584\/\" \/>\n<meta property=\"og:site_name\" content=\"Lucky-Hunter\" \/>\n<meta property=\"article:modified_time\" content=\"2025-10-02T04:47:21+00:00\" \/>\n<meta property=\"og:image\" content=\"https:\/\/staging.lucky-hunter.com\/wp-content\/uploads\/2024\/05\/JK-514-removebg-preview.png\" \/>\n\t<meta property=\"og:image:width\" content=\"433\" \/>\n\t<meta property=\"og:image:height\" content=\"577\" \/>\n\t<meta property=\"og:image:type\" content=\"image\/png\" \/>\n<meta name=\"twitter:card\" content=\"summary_large_image\" \/>\n<meta name=\"twitter:title\" content=\"Bolyguard Cable to External 6 Volt Battery | Lucky Hunter\" \/>\n<meta name=\"twitter:description\" content=\"Prolong the battery life of your camera. With a Bolyguard cable to 6 volt battery, you can be sure to keep an extra amount of power on your camera.\" \/>\n<meta name=\"twitter:label1\" content=\"Becs\u00fclt olvas\u00e1si id\u0151\" \/>\n\t<meta name=\"twitter:data1\" content=\"1 perc\" \/>\n<script type=\"application\/ld+json\" class=\"yoast-schema-graph\">{\"@context\":\"https:\/\/schema.org\",\"@graph\":[{\"@type\":\"WebPage\",\"@id\":\"https:\/\/staging.lucky-hunter.com\/product\/bolyguard-usb-cable-to-game-camera-sg880-and-bg584\/\",\"url\":\"https:\/\/staging.lucky-hunter.com\/product\/bolyguard-usb-cable-to-game-camera-sg880-and-bg584\/\",\"name\":\"Bolyguard USB Cable to game camera SG880 and BG584\",\"isPartOf\":{\"@id\":\"https:\/\/staging.lucky-hunter.com\/#website\"},\"primaryImageOfPage\":{\"@id\":\"https:\/\/staging.lucky-hunter.com\/product\/bolyguard-usb-cable-to-game-camera-sg880-and-bg584\/#primaryimage\"},\"image\":{\"@id\":\"https:\/\/staging.lucky-hunter.com\/product\/bolyguard-usb-cable-to-game-camera-sg880-and-bg584\/#primaryimage\"},\"thumbnailUrl\":\"https:\/\/staging.lucky-hunter.com\/wp-content\/uploads\/2024\/05\/JK-514-removebg-preview.png\",\"datePublished\":\"2024-05-23T08:01:29+00:00\",\"dateModified\":\"2025-10-02T04:47:21+00:00\",\"description\":\"Original USB cable to connect your Bolyguard game camera to computer or to Bolyguard Power Bank with solar cell.\",\"breadcrumb\":{\"@id\":\"https:\/\/staging.lucky-hunter.com\/product\/bolyguard-usb-cable-to-game-camera-sg880-and-bg584\/#breadcrumb\"},\"inLanguage\":\"hu\",\"potentialAction\":[{\"@type\":\"ReadAction\",\"target\":[\"https:\/\/staging.lucky-hunter.com\/product\/bolyguard-usb-cable-to-game-camera-sg880-and-bg584\/\"]}]},{\"@type\":\"ImageObject\",\"inLanguage\":\"hu\",\"@id\":\"https:\/\/staging.lucky-hunter.com\/product\/bolyguard-usb-cable-to-game-camera-sg880-and-bg584\/#primaryimage\",\"url\":\"https:\/\/staging.lucky-hunter.com\/wp-content\/uploads\/2024\/05\/JK-514-removebg-preview.png\",\"contentUrl\":\"https:\/\/staging.lucky-hunter.com\/wp-content\/uploads\/2024\/05\/JK-514-removebg-preview.png\",\"width\":433,\"height\":577},{\"@type\":\"BreadcrumbList\",\"@id\":\"https:\/\/staging.lucky-hunter.com\/product\/bolyguard-usb-cable-to-game-camera-sg880-and-bg584\/#breadcrumb\",\"itemListElement\":[{\"@type\":\"ListItem\",\"position\":1,\"name\":\"Home\",\"item\":\"https:\/\/staging.lucky-hunter.com\/hu\/\"},{\"@type\":\"ListItem\",\"position\":2,\"name\":\"Shop\",\"item\":\"https:\/\/staging.lucky-hunter.com\/hu\/shop\/\"},{\"@type\":\"ListItem\",\"position\":3,\"name\":\"USB cable &#8211; Bolyguard SG880 and BG584\"}]},{\"@type\":\"WebSite\",\"@id\":\"https:\/\/staging.lucky-hunter.com\/#website\",\"url\":\"https:\/\/staging.lucky-hunter.com\/\",\"name\":\"Lucky-Hunter\",\"description\":\"Gear Up or Give Up\",\"potentialAction\":[{\"@type\":\"SearchAction\",\"target\":{\"@type\":\"EntryPoint\",\"urlTemplate\":\"https:\/\/staging.lucky-hunter.com\/?s={search_term_string}\"},\"query-input\":{\"@type\":\"PropertyValueSpecification\",\"valueRequired\":true,\"valueName\":\"search_term_string\"}}],\"inLanguage\":\"hu\"}]}<\/script>\n<!-- \/ Yoast SEO plugin. -->","yoast_head_json":{"title":"Bolyguard USB Cable to game camera SG880 and BG584","description":"Original USB cable to connect your Bolyguard game camera to computer or to Bolyguard Power Bank with solar cell.","robots":{"index":"noindex","follow":"follow","max-snippet":"max-snippet:-1","max-image-preview":"max-image-preview:large","max-video-preview":"max-video-preview:-1"},"og_locale":"hu_HU","og_type":"article","og_title":"Bolyguard Cable to External 6 Volt Battery | Lucky Hunter","og_description":"Prolong the battery life of your camera. With a Bolyguard cable to 6 volt battery, you can be sure to keep an extra amount of power on your camera.","og_url":"https:\/\/staging.lucky-hunter.com\/product\/bolyguard-usb-cable-to-game-camera-sg880-and-bg584\/","og_site_name":"Lucky-Hunter","article_modified_time":"2025-10-02T04:47:21+00:00","og_image":[{"width":433,"height":577,"url":"https:\/\/staging.lucky-hunter.com\/wp-content\/uploads\/2024\/05\/JK-514-removebg-preview.png","type":"image\/png"}],"twitter_card":"summary_large_image","twitter_title":"Bolyguard Cable to External 6 Volt Battery | Lucky Hunter","twitter_description":"Prolong the battery life of your camera. With a Bolyguard cable to 6 volt battery, you can be sure to keep an extra amount of power on your camera.","twitter_misc":{"Becs\u00fclt olvas\u00e1si id\u0151":"1 perc"},"schema":{"@context":"https:\/\/schema.org","@graph":[{"@type":"WebPage","@id":"https:\/\/staging.lucky-hunter.com\/product\/bolyguard-usb-cable-to-game-camera-sg880-and-bg584\/","url":"https:\/\/staging.lucky-hunter.com\/product\/bolyguard-usb-cable-to-game-camera-sg880-and-bg584\/","name":"Bolyguard USB Cable to game camera SG880 and BG584","isPartOf":{"@id":"https:\/\/staging.lucky-hunter.com\/#website"},"primaryImageOfPage":{"@id":"https:\/\/staging.lucky-hunter.com\/product\/bolyguard-usb-cable-to-game-camera-sg880-and-bg584\/#primaryimage"},"image":{"@id":"https:\/\/staging.lucky-hunter.com\/product\/bolyguard-usb-cable-to-game-camera-sg880-and-bg584\/#primaryimage"},"thumbnailUrl":"https:\/\/staging.lucky-hunter.com\/wp-content\/uploads\/2024\/05\/JK-514-removebg-preview.png","datePublished":"2024-05-23T08:01:29+00:00","dateModified":"2025-10-02T04:47:21+00:00","description":"Original USB cable to connect your Bolyguard game camera to computer or to Bolyguard Power Bank with solar cell.","breadcrumb":{"@id":"https:\/\/staging.lucky-hunter.com\/product\/bolyguard-usb-cable-to-game-camera-sg880-and-bg584\/#breadcrumb"},"inLanguage":"hu","potentialAction":[{"@type":"ReadAction","target":["https:\/\/staging.lucky-hunter.com\/product\/bolyguard-usb-cable-to-game-camera-sg880-and-bg584\/"]}]},{"@type":"ImageObject","inLanguage":"hu","@id":"https:\/\/staging.lucky-hunter.com\/product\/bolyguard-usb-cable-to-game-camera-sg880-and-bg584\/#primaryimage","url":"https:\/\/staging.lucky-hunter.com\/wp-content\/uploads\/2024\/05\/JK-514-removebg-preview.png","contentUrl":"https:\/\/staging.lucky-hunter.com\/wp-content\/uploads\/2024\/05\/JK-514-removebg-preview.png","width":433,"height":577},{"@type":"BreadcrumbList","@id":"https:\/\/staging.lucky-hunter.com\/product\/bolyguard-usb-cable-to-game-camera-sg880-and-bg584\/#breadcrumb","itemListElement":[{"@type":"ListItem","position":1,"name":"Home","item":"https:\/\/staging.lucky-hunter.com\/hu\/"},{"@type":"ListItem","position":2,"name":"Shop","item":"https:\/\/staging.lucky-hunter.com\/hu\/shop\/"},{"@type":"ListItem","position":3,"name":"USB cable &#8211; Bolyguard SG880 and BG584"}]},{"@type":"WebSite","@id":"https:\/\/staging.lucky-hunter.com\/#website","url":"https:\/\/staging.lucky-hunter.com\/","name":"Lucky-Hunter","description":"Gear Up or Give Up","potentialAction":[{"@type":"SearchAction","target":{"@type":"EntryPoint","urlTemplate":"https:\/\/staging.lucky-hunter.com\/?s={search_term_string}"},"query-input":{"@type":"PropertyValueSpecification","valueRequired":true,"valueName":"search_term_string"}}],"inLanguage":"hu"}]}},"_links":{"self":[{"href":"https:\/\/staging.lucky-hunter.com\/hu\/wp-json\/wp\/v2\/product\/147302"}],"collection":[{"href":"https:\/\/staging.lucky-hunter.com\/hu\/wp-json\/wp\/v2\/product"}],"about":[{"href":"https:\/\/staging.lucky-hunter.com\/hu\/wp-json\/wp\/v2\/types\/product"}],"wp:featuredmedia":[{"embeddable":true,"href":"https:\/\/staging.lucky-hunter.com\/hu\/wp-json\/wp\/v2\/media\/147281"}],"wp:attachment":[{"href":"https:\/\/staging.lucky-hunter.com\/hu\/wp-json\/wp\/v2\/media?parent=147302"}],"wp:term":[{"taxonomy":"product_brand","embeddable":true,"href":"https:\/\/staging.lucky-hunter.com\/hu\/wp-json\/wp\/v2\/product_brand?post=147302"},{"taxonomy":"product_cat","embeddable":true,"href":"https:\/\/staging.lucky-hunter.com\/hu\/wp-json\/wp\/v2\/product_cat?post=147302"},{"taxonomy":"product_tag","embeddable":true,"href":"https:\/\/staging.lucky-hunter.com\/hu\/wp-json\/wp\/v2\/product_tag?post=147302"}],"curies":[{"name":"wp","href":"https:\/\/api.w.org\/{rel}","templated":true}]}}